{"id":2452,"date":"2024-01-05T11:42:21","date_gmt":"2024-01-05T10:42:21","guid":{"rendered":"https:\/\/gamesfactory.fr\/besancon\/?page_id=2452"},"modified":"2026-02-25T15:18:59","modified_gmt":"2026-02-25T14:18:59","slug":"tarifs","status":"publish","type":"page","link":"https:\/\/gamesfactory.fr\/besancon\/tarifs\/","title":{"rendered":"Tarifs"},"content":{"rendered":"\t\t<div data-elementor-type=\"wp-page\" data-elementor-id=\"2452\" class=\"elementor elementor-2452\">\n\t\t\t\t\t\t<section class=\"elementor-section elementor-top-section elementor-element elementor-element-b1b04d4 elementor-section-boxed elementor-section-height-default elementor-section-height-default\" data-id=\"b1b04d4\" data-element_type=\"section\">\n\t\t\t\t\t\t<div class=\"elementor-container elementor-column-gap-default\">\n\t\t\t\t\t<div class=\"elementor-column elementor-col-100 elementor-top-column elementor-element elementor-element-68b4429\" data-id=\"68b4429\" data-element_type=\"column\">\n\t\t\t<div class=\"elementor-widget-wrap elementor-element-populated\">\n\t\t\t\t\t\t<div class=\"elementor-element elementor-element-692d373 elementor-widget elementor-widget-spacer\" data-id=\"692d373\" data-element_type=\"widget\" data-widget_type=\"spacer.default\">\n\t\t\t\t<div class=\"elementor-widget-container\">\n\t\t\t\t\t\t\t<div class=\"elementor-spacer\">\n\t\t\t<div class=\"elementor-spacer-inner\"><\/div>\n\t\t<\/div>\n\t\t\t\t\t\t<\/div>\n\t\t\t\t<\/div>\n\t\t\t\t\t<\/div>\n\t\t<\/div>\n\t\t\t\t\t<\/div>\n\t\t<\/section>\n\t\t\t\t<section class=\"elementor-section elementor-top-section elementor-element elementor-element-9ad782a elementor-section-boxed elementor-section-height-default elementor-section-height-default\" data-id=\"9ad782a\" data-element_type=\"section\">\n\t\t\t\t\t\t<div class=\"elementor-container elementor-column-gap-default\">\n\t\t\t\t\t<div class=\"elementor-column elementor-col-100 elementor-top-column elementor-element elementor-element-d74e87d\" data-id=\"d74e87d\" data-element_type=\"column\">\n\t\t\t<div class=\"elementor-widget-wrap elementor-element-populated\">\n\t\t\t\t\t\t<div class=\"elementor-element elementor-element-462323c elementor-widget elementor-widget-heading\" data-id=\"462323c\" data-element_type=\"widget\" data-widget_type=\"heading.default\">\n\t\t\t\t<div class=\"elementor-widget-container\">\n\t\t\t\t\t<h2 class=\"elementor-heading-title elementor-size-xl\">NOS TARIFS<\/h2>\t\t\t\t<\/div>\n\t\t\t\t<\/div>\n\t\t\t\t<div class=\"elementor-element elementor-element-342db64 elementor-widget elementor-widget-text-editor\" data-id=\"342db64\" data-element_type=\"widget\" data-widget_type=\"text-editor.default\">\n\t\t\t\t<div class=\"elementor-widget-container\">\n\t\t\t\t\t\t\t\t\t<p>Trouvez la formule ou l&#8217;activit\u00e9 qui vous convient !<\/p>\t\t\t\t\t\t\t\t<\/div>\n\t\t\t\t<\/div>\n\t\t\t\t\t<\/div>\n\t\t<\/div>\n\t\t\t\t\t<\/div>\n\t\t<\/section>\n\t\t\t\t<section class=\"elementor-section elementor-top-section elementor-element elementor-element-bf311e9 elementor-section-boxed elementor-section-height-default elementor-section-height-default\" data-id=\"bf311e9\" data-element_type=\"section\">\n\t\t\t\t\t\t<div class=\"elementor-container elementor-column-gap-default\">\n\t\t\t\t\t<div class=\"elementor-column elementor-col-100 elementor-top-column elementor-element elementor-element-6c687e1\" data-id=\"6c687e1\" data-element_type=\"column\">\n\t\t\t<div class=\"elementor-widget-wrap elementor-element-populated\">\n\t\t\t\t\t\t<div class=\"elementor-element elementor-element-daa007e elementor-widget elementor-widget-image\" data-id=\"daa007e\" data-element_type=\"widget\" data-widget_type=\"image.default\">\n\t\t\t\t<div class=\"elementor-widget-container\">\n\t\t\t\t\t\t\t\t\t\t\t\t\t\t\t<img fetchpriority=\"high\" decoding=\"async\" width=\"1807\" height=\"1185\" src=\"https:\/\/gamesfactory.fr\/besancon\/wp-content\/uploads\/sites\/5\/2026\/01\/GF-BESANCON-TARIFS-Bowling-WEB.jpg\" class=\"attachment-full size-full wp-image-3295\" alt=\"\" srcset=\"https:\/\/gamesfactory.fr\/besancon\/wp-content\/uploads\/sites\/5\/2026\/01\/GF-BESANCON-TARIFS-Bowling-WEB.jpg 1807w, https:\/\/gamesfactory.fr\/besancon\/wp-content\/uploads\/sites\/5\/2026\/01\/GF-BESANCON-TARIFS-Bowling-WEB-300x197.jpg 300w, https:\/\/gamesfactory.fr\/besancon\/wp-content\/uploads\/sites\/5\/2026\/01\/GF-BESANCON-TARIFS-Bowling-WEB-1024x672.jpg 1024w, https:\/\/gamesfactory.fr\/besancon\/wp-content\/uploads\/sites\/5\/2026\/01\/GF-BESANCON-TARIFS-Bowling-WEB-768x504.jpg 768w, https:\/\/gamesfactory.fr\/besancon\/wp-content\/uploads\/sites\/5\/2026\/01\/GF-BESANCON-TARIFS-Bowling-WEB-1536x1007.jpg 1536w\" sizes=\"(max-width: 1807px) 100vw, 1807px\" \/>\t\t\t\t\t\t\t\t\t\t\t\t\t\t\t<\/div>\n\t\t\t\t<\/div>\n\t\t\t\t<div class=\"elementor-element elementor-element-291ac5c elementor-widget elementor-widget-image\" data-id=\"291ac5c\" data-element_type=\"widget\" data-widget_type=\"image.default\">\n\t\t\t\t<div class=\"elementor-widget-container\">\n\t\t\t\t\t\t\t\t\t\t\t\t\t\t\t<img decoding=\"async\" width=\"1807\" height=\"1187\" src=\"https:\/\/gamesfactory.fr\/besancon\/wp-content\/uploads\/sites\/5\/2026\/01\/GF-BESANCON-TARIFS-Prison-Island-WEB.jpg\" class=\"attachment-full size-full wp-image-3300\" alt=\"\" srcset=\"https:\/\/gamesfactory.fr\/besancon\/wp-content\/uploads\/sites\/5\/2026\/01\/GF-BESANCON-TARIFS-Prison-Island-WEB.jpg 1807w, https:\/\/gamesfactory.fr\/besancon\/wp-content\/uploads\/sites\/5\/2026\/01\/GF-BESANCON-TARIFS-Prison-Island-WEB-300x197.jpg 300w, https:\/\/gamesfactory.fr\/besancon\/wp-content\/uploads\/sites\/5\/2026\/01\/GF-BESANCON-TARIFS-Prison-Island-WEB-1024x673.jpg 1024w, https:\/\/gamesfactory.fr\/besancon\/wp-content\/uploads\/sites\/5\/2026\/01\/GF-BESANCON-TARIFS-Prison-Island-WEB-768x504.jpg 768w, https:\/\/gamesfactory.fr\/besancon\/wp-content\/uploads\/sites\/5\/2026\/01\/GF-BESANCON-TARIFS-Prison-Island-WEB-1536x1009.jpg 1536w\" sizes=\"(max-width: 1807px) 100vw, 1807px\" \/>\t\t\t\t\t\t\t\t\t\t\t\t\t\t\t<\/div>\n\t\t\t\t<\/div>\n\t\t\t\t\t<\/div>\n\t\t<\/div>\n\t\t\t\t\t<\/div>\n\t\t<\/section>\n\t\t\t\t<section class=\"elementor-section elementor-top-section elementor-element elementor-element-cc48c5c elementor-section-boxed elementor-section-height-default elementor-section-height-default\" data-id=\"cc48c5c\" data-element_type=\"section\">\n\t\t\t\t\t\t<div class=\"elementor-container elementor-column-gap-default\">\n\t\t\t\t\t<div class=\"elementor-column elementor-col-100 elementor-top-column elementor-element elementor-element-68eca00\" data-id=\"68eca00\" data-element_type=\"column\">\n\t\t\t<div class=\"elementor-widget-wrap elementor-element-populated\">\n\t\t\t\t\t\t<div class=\"elementor-element elementor-element-0e4d709 elementor-hidden-tablet elementor-hidden-mobile elementor-widget elementor-widget-image\" data-id=\"0e4d709\" data-element_type=\"widget\" data-widget_type=\"image.default\">\n\t\t\t\t<div class=\"elementor-widget-container\">\n\t\t\t\t\t\t\t\t\t\t\t\t\t\t\t<img decoding=\"async\" width=\"2551\" height=\"694\" src=\"https:\/\/gamesfactory.fr\/besancon\/wp-content\/uploads\/sites\/5\/2026\/02\/GF-BESANCON-TARIFS-KARTING-WEB.jpg\" class=\"attachment-full size-full wp-image-3462\" alt=\"\" srcset=\"https:\/\/gamesfactory.fr\/besancon\/wp-content\/uploads\/sites\/5\/2026\/02\/GF-BESANCON-TARIFS-KARTING-WEB.jpg 2551w, https:\/\/gamesfactory.fr\/besancon\/wp-content\/uploads\/sites\/5\/2026\/02\/GF-BESANCON-TARIFS-KARTING-WEB-300x82.jpg 300w, https:\/\/gamesfactory.fr\/besancon\/wp-content\/uploads\/sites\/5\/2026\/02\/GF-BESANCON-TARIFS-KARTING-WEB-1024x279.jpg 1024w, https:\/\/gamesfactory.fr\/besancon\/wp-content\/uploads\/sites\/5\/2026\/02\/GF-BESANCON-TARIFS-KARTING-WEB-768x209.jpg 768w, https:\/\/gamesfactory.fr\/besancon\/wp-content\/uploads\/sites\/5\/2026\/02\/GF-BESANCON-TARIFS-KARTING-WEB-1536x418.jpg 1536w, https:\/\/gamesfactory.fr\/besancon\/wp-content\/uploads\/sites\/5\/2026\/02\/GF-BESANCON-TARIFS-KARTING-WEB-2048x557.jpg 2048w\" sizes=\"(max-width: 2551px) 100vw, 2551px\" \/>\t\t\t\t\t\t\t\t\t\t\t\t\t\t\t<\/div>\n\t\t\t\t<\/div>\n\t\t\t\t<div class=\"elementor-element elementor-element-ce1ef09 elementor-hidden-desktop elementor-widget elementor-widget-image\" data-id=\"ce1ef09\" data-element_type=\"widget\" data-widget_type=\"image.default\">\n\t\t\t\t<div class=\"elementor-widget-container\">\n\t\t\t\t\t\t\t\t\t\t\t\t\t\t\t<img loading=\"lazy\" decoding=\"async\" width=\"927\" height=\"694\" src=\"https:\/\/gamesfactory.fr\/besancon\/wp-content\/uploads\/sites\/5\/2026\/02\/GF-BESANCON-TARIFS-KARTING-WEB-1.jpg\" class=\"attachment-full size-full wp-image-3463\" alt=\"\" srcset=\"https:\/\/gamesfactory.fr\/besancon\/wp-content\/uploads\/sites\/5\/2026\/02\/GF-BESANCON-TARIFS-KARTING-WEB-1.jpg 927w, https:\/\/gamesfactory.fr\/besancon\/wp-content\/uploads\/sites\/5\/2026\/02\/GF-BESANCON-TARIFS-KARTING-WEB-1-300x225.jpg 300w, https:\/\/gamesfactory.fr\/besancon\/wp-content\/uploads\/sites\/5\/2026\/02\/GF-BESANCON-TARIFS-KARTING-WEB-1-768x575.jpg 768w\" sizes=\"(max-width: 927px) 100vw, 927px\" \/>\t\t\t\t\t\t\t\t\t\t\t\t\t\t\t<\/div>\n\t\t\t\t<\/div>\n\t\t\t\t<div class=\"elementor-element elementor-element-7ac93fc elementor-hidden-desktop elementor-widget elementor-widget-image\" data-id=\"7ac93fc\" data-element_type=\"widget\" data-widget_type=\"image.default\">\n\t\t\t\t<div class=\"elementor-widget-container\">\n\t\t\t\t\t\t\t\t\t\t\t\t\t\t\t<img loading=\"lazy\" decoding=\"async\" width=\"696\" height=\"694\" src=\"https:\/\/gamesfactory.fr\/besancon\/wp-content\/uploads\/sites\/5\/2026\/02\/GF-BESANCON-TARIFS-KARTING-WEB-2.jpg\" class=\"attachment-full size-full wp-image-3464\" alt=\"\" srcset=\"https:\/\/gamesfactory.fr\/besancon\/wp-content\/uploads\/sites\/5\/2026\/02\/GF-BESANCON-TARIFS-KARTING-WEB-2.jpg 696w, https:\/\/gamesfactory.fr\/besancon\/wp-content\/uploads\/sites\/5\/2026\/02\/GF-BESANCON-TARIFS-KARTING-WEB-2-300x300.jpg 300w, https:\/\/gamesfactory.fr\/besancon\/wp-content\/uploads\/sites\/5\/2026\/02\/GF-BESANCON-TARIFS-KARTING-WEB-2-150x150.jpg 150w\" sizes=\"(max-width: 696px) 100vw, 696px\" \/>\t\t\t\t\t\t\t\t\t\t\t\t\t\t\t<\/div>\n\t\t\t\t<\/div>\n\t\t\t\t<div class=\"elementor-element elementor-element-c9b792f elementor-hidden-desktop elementor-widget elementor-widget-image\" data-id=\"c9b792f\" data-element_type=\"widget\" data-widget_type=\"image.default\">\n\t\t\t\t<div class=\"elementor-widget-container\">\n\t\t\t\t\t\t\t\t\t\t\t\t\t\t\t<img loading=\"lazy\" decoding=\"async\" width=\"926\" height=\"694\" src=\"https:\/\/gamesfactory.fr\/besancon\/wp-content\/uploads\/sites\/5\/2026\/02\/GF-BESANCON-TARIFS-KARTING-WEB-3.jpg\" class=\"attachment-full size-full wp-image-3465\" alt=\"\" srcset=\"https:\/\/gamesfactory.fr\/besancon\/wp-content\/uploads\/sites\/5\/2026\/02\/GF-BESANCON-TARIFS-KARTING-WEB-3.jpg 926w, https:\/\/gamesfactory.fr\/besancon\/wp-content\/uploads\/sites\/5\/2026\/02\/GF-BESANCON-TARIFS-KARTING-WEB-3-300x225.jpg 300w, https:\/\/gamesfactory.fr\/besancon\/wp-content\/uploads\/sites\/5\/2026\/02\/GF-BESANCON-TARIFS-KARTING-WEB-3-768x576.jpg 768w\" sizes=\"(max-width: 926px) 100vw, 926px\" \/>\t\t\t\t\t\t\t\t\t\t\t\t\t\t\t<\/div>\n\t\t\t\t<\/div>\n\t\t\t\t<div class=\"elementor-element elementor-element-5df0bce elementor-widget elementor-widget-text-editor\" data-id=\"5df0bce\" data-element_type=\"widget\" data-widget_type=\"text-editor.default\">\n\t\t\t\t<div class=\"elementor-widget-container\">\n\t\t\t\t\t\t\t\t\t<p><strong>Cagoule obligatoire non fournie<\/strong> : en vente sur place \u00e0 2\u20ac<\/p>\t\t\t\t\t\t\t\t<\/div>\n\t\t\t\t<\/div>\n\t\t\t\t\t<\/div>\n\t\t<\/div>\n\t\t\t\t\t<\/div>\n\t\t<\/section>\n\t\t\t\t<section class=\"elementor-section elementor-top-section elementor-element elementor-element-4a5917f elementor-section-boxed elementor-section-height-default elementor-section-height-default\" data-id=\"4a5917f\" data-element_type=\"section\">\n\t\t\t\t\t\t<div class=\"elementor-container elementor-column-gap-default\">\n\t\t\t\t\t<div class=\"elementor-column elementor-col-100 elementor-top-column elementor-element elementor-element-a1dd16a\" data-id=\"a1dd16a\" data-element_type=\"column\">\n\t\t\t<div class=\"elementor-widget-wrap elementor-element-populated\">\n\t\t\t\t\t\t<div class=\"elementor-element elementor-element-4195c43 elementor-button-info elementor-align-justify elementor-widget elementor-widget-button\" data-id=\"4195c43\" data-element_type=\"widget\" data-widget_type=\"button.default\">\n\t\t\t\t<div class=\"elementor-widget-container\">\n\t\t\t\t\t\t\t\t\t<div class=\"elementor-button-wrapper\">\n\t\t\t\t\t<a class=\"elementor-button elementor-button-link elementor-size-md\" href=\"https:\/\/gamesfactory.fr\/wp-content\/uploads\/2026\/01\/GF-A4-Carte-fidelite-Site-Web-JPG.jpg\">\n\t\t\t\t\t\t<span class=\"elementor-button-content-wrapper\">\n\t\t\t\t\t\t\t\t\t<span class=\"elementor-button-text\">CARTE FID\u00c9LIT\u00c9<\/span>\n\t\t\t\t\t<\/span>\n\t\t\t\t\t<\/a>\n\t\t\t\t<\/div>\n\t\t\t\t\t\t\t\t<\/div>\n\t\t\t\t<\/div>\n\t\t\t\t\t<\/div>\n\t\t<\/div>\n\t\t\t\t\t<\/div>\n\t\t<\/section>\n\t\t\t\t<\/div>\n\t\t","protected":false},"excerpt":{"rendered":"<p>NOS TARIFS Trouvez la formule ou l&#8217;activit\u00e9 qui vous convient ! Cagoule obligatoire non fournie : en vente sur place \u00e0 2\u20ac CARTE FID\u00c9LIT\u00c9<\/p>\n","protected":false},"author":2,"featured_media":0,"parent":0,"menu_order":0,"comment_status":"closed","ping_status":"closed","template":"","meta":{"inline_featured_image":false,"site-sidebar-layout":"no-sidebar","site-content-layout":"page-builder","ast-site-content-layout":"full-width-container","site-content-style":"default","site-sidebar-style":"default","ast-global-header-display":"","ast-banner-title-visibility":"","ast-main-header-display":"","ast-hfb-above-header-display":"","ast-hfb-below-header-display":"","ast-hfb-mobile-header-display":"","site-post-title":"disabled","ast-breadcrumbs-content":"","ast-featured-img":"disabled","footer-sml-layout":"","theme-transparent-header-meta":"","adv-header-id-meta":"","stick-header-meta":"","header-above-stick-meta":"","header-main-stick-meta":"","header-below-stick-meta":"","astra-migrate-meta-layouts":"set","ast-page-background-enabled":"default","ast-page-background-meta":{"desktop":{"background-color":"","background-image":"","background-repeat":"repeat","background-position":"center center","background-size":"auto","background-attachment":"scroll","background-type":"","background-media":"","overlay-type":"","overlay-color":"","overlay-opacity":"","overlay-gradient":""},"tablet":{"background-color":"","background-image":"","background-repeat":"repeat","background-position":"center center","background-size":"auto","background-attachment":"scroll","background-type":"","background-media":"","overlay-type":"","overlay-color":"","overlay-opacity":"","overlay-gradient":""},"mobile":{"background-color":"","background-image":"","background-repeat":"repeat","background-position":"center center","background-size":"auto","background-attachment":"scroll","background-type":"","background-media":"","overlay-type":"","overlay-color":"","overlay-opacity":"","overlay-gradient":""}},"ast-content-background-meta":{"desktop":{"background-color":"var(--ast-global-color-5)","background-image":"","background-repeat":"repeat","background-position":"center center","background-size":"auto","background-attachment":"scroll","background-type":"","background-media":"","overlay-type":"","overlay-color":"","overlay-opacity":"","overlay-gradient":""},"tablet":{"background-color":"var(--ast-global-color-5)","background-image":"","background-repeat":"repeat","background-position":"center center","background-size":"auto","background-attachment":"scroll","background-type":"","background-media":"","overlay-type":"","overlay-color":"","overlay-opacity":"","overlay-gradient":""},"mobile":{"background-color":"var(--ast-global-color-5)","background-image":"","background-repeat":"repeat","background-position":"center center","background-size":"auto","background-attachment":"scroll","background-type":"","background-media":"","overlay-type":"","overlay-color":"","overlay-opacity":"","overlay-gradient":""}},"footnotes":""},"class_list":["post-2452","page","type-page","status-publish","hentry"],"yoast_head":"<!-- This site is optimized with the Yoast SEO plugin v24.6 - https:\/\/yoast.com\/wordpress\/plugins\/seo\/ -->\n<title>Tarifs - Games Factory Besan\u00e7on<\/title>\n<meta name=\"robots\" content=\"index, follow, max-snippet:-1, max-image-preview:large, max-video-preview:-1\" \/>\n<link rel=\"canonical\" href=\"https:\/\/gamesfactory.fr\/besancon\/tarifs\/\" \/>\n<meta property=\"og:locale\" content=\"fr_FR\" \/>\n<meta property=\"og:type\" content=\"article\" \/>\n<meta property=\"og:title\" content=\"Tarifs - Games Factory Besan\u00e7on\" \/>\n<meta property=\"og:description\" content=\"NOS TARIFS Trouvez la formule ou l&#8217;activit\u00e9 qui vous convient ! Cagoule obligatoire non fournie : en vente sur place \u00e0 2\u20ac CARTE FID\u00c9LIT\u00c9\" \/>\n<meta property=\"og:url\" content=\"https:\/\/gamesfactory.fr\/besancon\/tarifs\/\" \/>\n<meta property=\"og:site_name\" content=\"Games Factory Besan\u00e7on\" \/>\n<meta property=\"article:modified_time\" content=\"2026-02-25T14:18:59+00:00\" \/>\n<meta property=\"og:image\" content=\"https:\/\/gamesfactory.fr\/besancon\/wp-content\/uploads\/sites\/5\/2026\/01\/GF-BESANCON-TARIFS-Bowling-WEB.jpg\" \/>\n\t<meta property=\"og:image:width\" content=\"1807\" \/>\n\t<meta property=\"og:image:height\" content=\"1185\" \/>\n\t<meta property=\"og:image:type\" content=\"image\/jpeg\" \/>\n<meta name=\"twitter:card\" content=\"summary_large_image\" \/>\n<meta name=\"twitter:label1\" content=\"Dur\u00e9e de lecture estim\u00e9e\" \/>\n\t<meta name=\"twitter:data1\" content=\"2 minutes\" \/>\n<script type=\"application\/ld+json\" class=\"yoast-schema-graph\">{\"@context\":\"https:\/\/schema.org\",\"@graph\":[{\"@type\":\"WebPage\",\"@id\":\"https:\/\/gamesfactory.fr\/besancon\/tarifs\/\",\"url\":\"https:\/\/gamesfactory.fr\/besancon\/tarifs\/\",\"name\":\"Tarifs - Games Factory Besan\u00e7on\",\"isPartOf\":{\"@id\":\"https:\/\/gamesfactory.fr\/besancon\/#website\"},\"primaryImageOfPage\":{\"@id\":\"https:\/\/gamesfactory.fr\/besancon\/tarifs\/#primaryimage\"},\"image\":{\"@id\":\"https:\/\/gamesfactory.fr\/besancon\/tarifs\/#primaryimage\"},\"thumbnailUrl\":\"https:\/\/gamesfactory.fr\/besancon\/wp-content\/uploads\/sites\/5\/2026\/01\/GF-BESANCON-TARIFS-Bowling-WEB.jpg\",\"datePublished\":\"2024-01-05T10:42:21+00:00\",\"dateModified\":\"2026-02-25T14:18:59+00:00\",\"breadcrumb\":{\"@id\":\"https:\/\/gamesfactory.fr\/besancon\/tarifs\/#breadcrumb\"},\"inLanguage\":\"fr-FR\",\"potentialAction\":[{\"@type\":\"ReadAction\",\"target\":[\"https:\/\/gamesfactory.fr\/besancon\/tarifs\/\"]}]},{\"@type\":\"ImageObject\",\"inLanguage\":\"fr-FR\",\"@id\":\"https:\/\/gamesfactory.fr\/besancon\/tarifs\/#primaryimage\",\"url\":\"https:\/\/gamesfactory.fr\/besancon\/wp-content\/uploads\/sites\/5\/2026\/01\/GF-BESANCON-TARIFS-Bowling-WEB.jpg\",\"contentUrl\":\"https:\/\/gamesfactory.fr\/besancon\/wp-content\/uploads\/sites\/5\/2026\/01\/GF-BESANCON-TARIFS-Bowling-WEB.jpg\",\"width\":1807,\"height\":1185},{\"@type\":\"BreadcrumbList\",\"@id\":\"https:\/\/gamesfactory.fr\/besancon\/tarifs\/#breadcrumb\",\"itemListElement\":[{\"@type\":\"ListItem\",\"position\":1,\"name\":\"Accueil\",\"item\":\"https:\/\/gamesfactory.fr\/besancon\/\"},{\"@type\":\"ListItem\",\"position\":2,\"name\":\"Tarifs\"}]},{\"@type\":\"WebSite\",\"@id\":\"https:\/\/gamesfactory.fr\/besancon\/#website\",\"url\":\"https:\/\/gamesfactory.fr\/besancon\/\",\"name\":\"Games Factory Besan\u00e7on\",\"description\":\"Votre complexe de loisirs \u00e0 Besan\u00e7on\",\"potentialAction\":[{\"@type\":\"SearchAction\",\"target\":{\"@type\":\"EntryPoint\",\"urlTemplate\":\"https:\/\/gamesfactory.fr\/besancon\/?s={search_term_string}\"},\"query-input\":{\"@type\":\"PropertyValueSpecification\",\"valueRequired\":true,\"valueName\":\"search_term_string\"}}],\"inLanguage\":\"fr-FR\"}]}<\/script>\n<!-- \/ Yoast SEO plugin. -->","yoast_head_json":{"title":"Tarifs - Games Factory Besan\u00e7on","robots":{"index":"index","follow":"follow","max-snippet":"max-snippet:-1","max-image-preview":"max-image-preview:large","max-video-preview":"max-video-preview:-1"},"canonical":"https:\/\/gamesfactory.fr\/besancon\/tarifs\/","og_locale":"fr_FR","og_type":"article","og_title":"Tarifs - Games Factory Besan\u00e7on","og_description":"NOS TARIFS Trouvez la formule ou l&#8217;activit\u00e9 qui vous convient ! Cagoule obligatoire non fournie : en vente sur place \u00e0 2\u20ac CARTE FID\u00c9LIT\u00c9","og_url":"https:\/\/gamesfactory.fr\/besancon\/tarifs\/","og_site_name":"Games Factory Besan\u00e7on","article_modified_time":"2026-02-25T14:18:59+00:00","og_image":[{"width":1807,"height":1185,"url":"https:\/\/gamesfactory.fr\/besancon\/wp-content\/uploads\/sites\/5\/2026\/01\/GF-BESANCON-TARIFS-Bowling-WEB.jpg","type":"image\/jpeg"}],"twitter_card":"summary_large_image","twitter_misc":{"Dur\u00e9e de lecture estim\u00e9e":"2 minutes"},"schema":{"@context":"https:\/\/schema.org","@graph":[{"@type":"WebPage","@id":"https:\/\/gamesfactory.fr\/besancon\/tarifs\/","url":"https:\/\/gamesfactory.fr\/besancon\/tarifs\/","name":"Tarifs - Games Factory Besan\u00e7on","isPartOf":{"@id":"https:\/\/gamesfactory.fr\/besancon\/#website"},"primaryImageOfPage":{"@id":"https:\/\/gamesfactory.fr\/besancon\/tarifs\/#primaryimage"},"image":{"@id":"https:\/\/gamesfactory.fr\/besancon\/tarifs\/#primaryimage"},"thumbnailUrl":"https:\/\/gamesfactory.fr\/besancon\/wp-content\/uploads\/sites\/5\/2026\/01\/GF-BESANCON-TARIFS-Bowling-WEB.jpg","datePublished":"2024-01-05T10:42:21+00:00","dateModified":"2026-02-25T14:18:59+00:00","breadcrumb":{"@id":"https:\/\/gamesfactory.fr\/besancon\/tarifs\/#breadcrumb"},"inLanguage":"fr-FR","potentialAction":[{"@type":"ReadAction","target":["https:\/\/gamesfactory.fr\/besancon\/tarifs\/"]}]},{"@type":"ImageObject","inLanguage":"fr-FR","@id":"https:\/\/gamesfactory.fr\/besancon\/tarifs\/#primaryimage","url":"https:\/\/gamesfactory.fr\/besancon\/wp-content\/uploads\/sites\/5\/2026\/01\/GF-BESANCON-TARIFS-Bowling-WEB.jpg","contentUrl":"https:\/\/gamesfactory.fr\/besancon\/wp-content\/uploads\/sites\/5\/2026\/01\/GF-BESANCON-TARIFS-Bowling-WEB.jpg","width":1807,"height":1185},{"@type":"BreadcrumbList","@id":"https:\/\/gamesfactory.fr\/besancon\/tarifs\/#breadcrumb","itemListElement":[{"@type":"ListItem","position":1,"name":"Accueil","item":"https:\/\/gamesfactory.fr\/besancon\/"},{"@type":"ListItem","position":2,"name":"Tarifs"}]},{"@type":"WebSite","@id":"https:\/\/gamesfactory.fr\/besancon\/#website","url":"https:\/\/gamesfactory.fr\/besancon\/","name":"Games Factory Besan\u00e7on","description":"Votre complexe de loisirs \u00e0 Besan\u00e7on","potentialAction":[{"@type":"SearchAction","target":{"@type":"EntryPoint","urlTemplate":"https:\/\/gamesfactory.fr\/besancon\/?s={search_term_string}"},"query-input":{"@type":"PropertyValueSpecification","valueRequired":true,"valueName":"search_term_string"}}],"inLanguage":"fr-FR"}]}},"_links":{"self":[{"href":"https:\/\/gamesfactory.fr\/besancon\/wp-json\/wp\/v2\/pages\/2452","targetHints":{"allow":["GET"]}}],"collection":[{"href":"https:\/\/gamesfactory.fr\/besancon\/wp-json\/wp\/v2\/pages"}],"about":[{"href":"https:\/\/gamesfactory.fr\/besancon\/wp-json\/wp\/v2\/types\/page"}],"author":[{"embeddable":true,"href":"https:\/\/gamesfactory.fr\/besancon\/wp-json\/wp\/v2\/users\/2"}],"replies":[{"embeddable":true,"href":"https:\/\/gamesfactory.fr\/besancon\/wp-json\/wp\/v2\/comments?post=2452"}],"version-history":[{"count":73,"href":"https:\/\/gamesfactory.fr\/besancon\/wp-json\/wp\/v2\/pages\/2452\/revisions"}],"predecessor-version":[{"id":3468,"href":"https:\/\/gamesfactory.fr\/besancon\/wp-json\/wp\/v2\/pages\/2452\/revisions\/3468"}],"wp:attachment":[{"href":"https:\/\/gamesfactory.fr\/besancon\/wp-json\/wp\/v2\/media?parent=2452"}],"curies":[{"name":"wp","href":"https:\/\/api.w.org\/{rel}","templated":true}]}}