{"id":73,"date":"2020-09-03T15:49:02","date_gmt":"2020-09-03T13:49:02","guid":{"rendered":"https:\/\/gamesfactory.fr\/besancon\/?page_id=73"},"modified":"2026-01-20T15:59:23","modified_gmt":"2026-01-20T14:59:23","slug":"bowling","status":"publish","type":"page","link":"https:\/\/gamesfactory.fr\/besancon\/bowling\/","title":{"rendered":"Bowling"},"content":{"rendered":"\t\t<div data-elementor-type=\"wp-page\" data-elementor-id=\"73\" class=\"elementor elementor-73\">\n\t\t\t\t\t\t<section class=\"elementor-section elementor-top-section elementor-element elementor-element-639942ab elementor-section-full_width elementor-section-height-default elementor-section-height-default\" data-id=\"639942ab\" data-element_type=\"section\">\n\t\t\t\t\t\t<div class=\"elementor-container elementor-column-gap-default\">\n\t\t\t\t\t<div class=\"elementor-column elementor-col-100 elementor-top-column elementor-element elementor-element-3063c722\" data-id=\"3063c722\" data-element_type=\"column\">\n\t\t\t<div class=\"elementor-widget-wrap elementor-element-populated\">\n\t\t\t\t\t\t<section class=\"elementor-section elementor-inner-section elementor-element elementor-element-7ad4f0cc elementor-section-full_width elementor-reverse-mobile elementor-section-height-default elementor-section-height-default\" data-id=\"7ad4f0cc\" data-element_type=\"section\">\n\t\t\t\t\t\t<div class=\"elementor-container elementor-column-gap-default\">\n\t\t\t\t\t<div class=\"elementor-column elementor-col-50 elementor-inner-column elementor-element elementor-element-3db72372\" data-id=\"3db72372\" data-element_type=\"column\">\n\t\t\t<div class=\"elementor-widget-wrap elementor-element-populated\">\n\t\t\t\t\t\t<div class=\"elementor-element elementor-element-1f2ebc4e elementor-widget elementor-widget-ucaddon_block_rouge_titre\" data-id=\"1f2ebc4e\" data-element_type=\"widget\" data-widget_type=\"ucaddon_block_rouge_titre.default\">\n\t\t\t\t<div class=\"elementor-widget-container\">\n\t\t\t\t\t\n<!-- start Block titre -->\n\t\t<link id='uc_ac_assets_file_block_titre_css_1681-css' href='https:\/\/gamesfactory.fr\/besancon\/wp-content\/uploads\/sites\/5\/ac_assets\/custom\/block-titre.css' type='text\/css' rel='stylesheet' >\n\n\n<div class=\"block-titre\">\n\n  <div class=\"content\">\n    <h2 class=\"titre\">12 pistes de bowling<\/h2>\n    <h3 class=\"sous-titre\">\u00e9quip\u00e9es de bumpers et boules l\u00e9g\u00e8res pour les enfants.<\/h3>\n    \n        \n        \n  <\/div>\t\n\n<\/div>\n<!-- end Block titre -->\t\t\t\t<\/div>\n\t\t\t\t<\/div>\n\t\t\t\t\t<\/div>\n\t\t<\/div>\n\t\t\t\t<div class=\"elementor-column elementor-col-50 elementor-inner-column elementor-element elementor-element-3b6a4f9d\" data-id=\"3b6a4f9d\" data-element_type=\"column\">\n\t\t\t<div class=\"elementor-widget-wrap elementor-element-populated\">\n\t\t\t\t\t\t<div class=\"elementor-element elementor-element-6487ffc elementor-widget elementor-widget-ucaddon_block_image\" data-id=\"6487ffc\" data-element_type=\"widget\" data-widget_type=\"ucaddon_block_image.default\">\n\t\t\t\t<div class=\"elementor-widget-container\">\n\t\t\t\t\t\n<!-- start Block image -->\n\t\t<link id='uc_ac_assets_file_block_image_css_912-css' href='https:\/\/gamesfactory.fr\/besancon\/wp-content\/uploads\/sites\/5\/ac_assets\/custom\/block-image.css' type='text\/css' rel='stylesheet' >\n\n\n<div class=\"block-image\">\n  <div class=\"bg\" style=\"background-image: url('https:\/\/gamesfactory.fr\/besancon\/wp-content\/uploads\/sites\/5\/2023\/04\/Sans-titre-2023-04-28T165120.370.png'); \"><\/div>\n<\/div>\n<!-- end Block image -->\t\t\t\t<\/div>\n\t\t\t\t<\/div>\n\t\t\t\t\t<\/div>\n\t\t<\/div>\n\t\t\t\t\t<\/div>\n\t\t<\/section>\n\t\t\t\t<section class=\"elementor-section elementor-inner-section elementor-element elementor-element-66dda0b elementor-section-full_width elementor-reverse-tablet elementor-reverse-mobile elementor-section-height-default elementor-section-height-default\" data-id=\"66dda0b\" data-element_type=\"section\">\n\t\t\t\t\t\t<div class=\"elementor-container elementor-column-gap-default\">\n\t\t\t\t\t<div class=\"elementor-column elementor-col-50 elementor-inner-column elementor-element elementor-element-ae2a0bb\" data-id=\"ae2a0bb\" data-element_type=\"column\">\n\t\t\t<div class=\"elementor-widget-wrap elementor-element-populated\">\n\t\t\t\t\t\t<div class=\"elementor-element elementor-element-3e5ed21c elementor-widget elementor-widget-ucaddon_block_image\" data-id=\"3e5ed21c\" data-element_type=\"widget\" data-widget_type=\"ucaddon_block_image.default\">\n\t\t\t\t<div class=\"elementor-widget-container\">\n\t\t\t\t\t\n<!-- start Block image -->\n\n\n<div class=\"block-image\">\n  <div class=\"bg\" style=\"background-image: url('https:\/\/gamesfactory.fr\/besancon\/wp-content\/uploads\/sites\/5\/2023\/04\/Sans-titre-2023-04-28T165008.333.png'); \"><\/div>\n<\/div>\n<!-- end Block image -->\t\t\t\t<\/div>\n\t\t\t\t<\/div>\n\t\t\t\t<div class=\"elementor-element elementor-element-5a169048 elementor-widget elementor-widget-ucaddon_block_image\" data-id=\"5a169048\" data-element_type=\"widget\" data-widget_type=\"ucaddon_block_image.default\">\n\t\t\t\t<div class=\"elementor-widget-container\">\n\t\t\t\t\t\n<!-- start Block image -->\n\n\n<div class=\"block-image\">\n  <div class=\"bg\" style=\"background-image: url('https:\/\/gamesfactory.fr\/besancon\/wp-content\/uploads\/sites\/5\/2020\/09\/gf-bowling.jpg'); \"><\/div>\n<\/div>\n<!-- end Block image -->\t\t\t\t<\/div>\n\t\t\t\t<\/div>\n\t\t\t\t\t<\/div>\n\t\t<\/div>\n\t\t\t\t<div class=\"elementor-column elementor-col-50 elementor-inner-column elementor-element elementor-element-611f816b\" data-id=\"611f816b\" data-element_type=\"column\">\n\t\t\t<div class=\"elementor-widget-wrap elementor-element-populated\">\n\t\t\t\t\t\t<div class=\"elementor-element elementor-element-50953277 elementor-widget elementor-widget-ucaddon_block_text_titre\" data-id=\"50953277\" data-element_type=\"widget\" data-widget_type=\"ucaddon_block_text_titre.default\">\n\t\t\t\t<div class=\"elementor-widget-container\">\n\t\t\t\t\t\n<!-- start Block text -->\n\t\t<link id='uc_ac_assets_file_block_text_css_925-css' href='https:\/\/gamesfactory.fr\/besancon\/wp-content\/uploads\/sites\/5\/ac_assets\/custom\/block-text.css' type='text\/css' rel='stylesheet' >\n\n\n<div class=\"block-text-titre\">\n  <h2 class=\"titre\">12 pistes<\/h2>\n  <h3 class=\"sous-titre\">De bowling<\/h3>\n  <p class=\"description\"><p>Venez vous mesurer contre vos amis dans un complexe de loisirs de plus de 5000 m\u00b2.<\/p><\/p>\n<\/div>\n<!-- end Block text -->\t\t\t\t<\/div>\n\t\t\t\t<\/div>\n\t\t\t\t<section class=\"elementor-section elementor-inner-section elementor-element elementor-element-28ed6c0 elementor-section-boxed elementor-section-height-default elementor-section-height-default\" data-id=\"28ed6c0\" data-element_type=\"section\">\n\t\t\t\t\t\t<div class=\"elementor-container elementor-column-gap-default\">\n\t\t\t\t\t<div class=\"elementor-column elementor-col-50 elementor-inner-column elementor-element elementor-element-f9f5d8a\" data-id=\"f9f5d8a\" data-element_type=\"column\">\n\t\t\t<div class=\"elementor-widget-wrap elementor-element-populated\">\n\t\t\t\t\t\t<div class=\"elementor-element elementor-element-e93d9c7 elementor-align-justify elementor-widget elementor-widget-button\" data-id=\"e93d9c7\" data-element_type=\"widget\" data-widget_type=\"button.default\">\n\t\t\t\t<div class=\"elementor-widget-container\">\n\t\t\t\t\t\t\t\t\t<div class=\"elementor-button-wrapper\">\n\t\t\t\t\t<a class=\"elementor-button elementor-button-link elementor-size-md\" href=\"https:\/\/gamesfactory.fr\/besancon\/reservations\/\">\n\t\t\t\t\t\t<span class=\"elementor-button-content-wrapper\">\n\t\t\t\t\t\t\t\t\t<span class=\"elementor-button-text\">R\u00e9servation<\/span>\n\t\t\t\t\t<\/span>\n\t\t\t\t\t<\/a>\n\t\t\t\t<\/div>\n\t\t\t\t\t\t\t\t<\/div>\n\t\t\t\t<\/div>\n\t\t\t\t\t<\/div>\n\t\t<\/div>\n\t\t\t\t<div class=\"elementor-column elementor-col-50 elementor-inner-column elementor-element elementor-element-c86439b\" data-id=\"c86439b\" data-element_type=\"column\">\n\t\t\t<div class=\"elementor-widget-wrap elementor-element-populated\">\n\t\t\t\t\t\t<div class=\"elementor-element elementor-element-401fd0c elementor-align-justify elementor-widget elementor-widget-button\" data-id=\"401fd0c\" data-element_type=\"widget\" data-widget_type=\"button.default\">\n\t\t\t\t<div class=\"elementor-widget-container\">\n\t\t\t\t\t\t\t\t\t<div class=\"elementor-button-wrapper\">\n\t\t\t\t\t<a class=\"elementor-button elementor-button-link elementor-size-md\" href=\"https:\/\/gamesfactory.fr\/besancon\/tarifs\/\">\n\t\t\t\t\t\t<span class=\"elementor-button-content-wrapper\">\n\t\t\t\t\t\t\t\t\t<span class=\"elementor-button-text\">nos tarifs<\/span>\n\t\t\t\t\t<\/span>\n\t\t\t\t\t<\/a>\n\t\t\t\t<\/div>\n\t\t\t\t\t\t\t\t<\/div>\n\t\t\t\t<\/div>\n\t\t\t\t\t<\/div>\n\t\t<\/div>\n\t\t\t\t\t<\/div>\n\t\t<\/section>\n\t\t\t\t<div class=\"elementor-element elementor-element-997b65b elementor-widget elementor-widget-ucaddon_block_rouge_titre\" data-id=\"997b65b\" data-element_type=\"widget\" data-widget_type=\"ucaddon_block_rouge_titre.default\">\n\t\t\t\t<div class=\"elementor-widget-container\">\n\t\t\t\t\t\n<!-- start Block titre -->\n\n\n<div class=\"block-titre\">\n\n  <div class=\"content\">\n    <h2 class=\"titre\">Pour la m\u00eame personne, toute l'ann\u00e9e hors veille de jours f\u00e9ri\u00e9s <\/h2>\n    <h3 class=\"sous-titre\">Tous les dimanches de 19h \u00e0 00h<br> 2 parties achet\u00e9es<br> = <br>1 Partie offerte<\/h3>\n    \n        \n        \n  <\/div>\t\n\n<\/div>\n<!-- end Block titre -->\t\t\t\t<\/div>\n\t\t\t\t<\/div>\n\t\t\t\t<div class=\"elementor-element elementor-element-74ca8370 elementor-widget elementor-widget-ucaddon_block_text_titre\" data-id=\"74ca8370\" data-element_type=\"widget\" data-widget_type=\"ucaddon_block_text_titre.default\">\n\t\t\t\t<div class=\"elementor-widget-container\">\n\t\t\t\t\t\n<!-- start Block text -->\n\n\n<div class=\"block-text-titre\">\n  <h2 class=\"titre\">Pour joueurs<\/h2>\n  <h3 class=\"sous-titre\">D\u00e9butants ou confirm\u00e9s<\/h3>\n  <p class=\"description\"><p>Des parties de bowling \u00e9quitables! Gr\u00e2ce \u00e0 la possibilit\u00e9 d\u2019activer des \u00abbumpers\u00bb, les parties des PMR et des enfants sont facilit\u00e9es!<\/p><\/p>\n<\/div>\n<!-- end Block text -->\t\t\t\t<\/div>\n\t\t\t\t<\/div>\n\t\t\t\t<div class=\"elementor-element elementor-element-5dbc232 elementor-button-info elementor-align-justify elementor-widget elementor-widget-button\" data-id=\"5dbc232\" data-element_type=\"widget\" data-widget_type=\"button.default\">\n\t\t\t\t<div class=\"elementor-widget-container\">\n\t\t\t\t\t\t\t\t\t<div class=\"elementor-button-wrapper\">\n\t\t\t\t\t<a class=\"elementor-button elementor-button-link elementor-size-md\" href=\"https:\/\/gamesfactory.fr\/wp-content\/uploads\/2026\/01\/GF-A4-Carte-fidelite-Site-Web-JPG.jpg\">\n\t\t\t\t\t\t<span class=\"elementor-button-content-wrapper\">\n\t\t\t\t\t\t\t\t\t<span class=\"elementor-button-text\">CARTE DE FID\u00c9LIT\u00c9<\/span>\n\t\t\t\t\t<\/span>\n\t\t\t\t\t<\/a>\n\t\t\t\t<\/div>\n\t\t\t\t\t\t\t\t<\/div>\n\t\t\t\t<\/div>\n\t\t\t\t\t<\/div>\n\t\t<\/div>\n\t\t\t\t\t<\/div>\n\t\t<\/section>\n\t\t\t\t<section class=\"elementor-section elementor-inner-section elementor-element elementor-element-1bf47d04 elementor-section-full_width elementor-section-height-default elementor-section-height-default\" data-id=\"1bf47d04\" data-element_type=\"section\">\n\t\t\t\t\t\t<div class=\"elementor-container elementor-column-gap-default\">\n\t\t\t\t\t<div class=\"elementor-column elementor-col-50 elementor-inner-column elementor-element elementor-element-1f2cc9aa\" data-id=\"1f2cc9aa\" data-element_type=\"column\">\n\t\t\t<div class=\"elementor-widget-wrap elementor-element-populated\">\n\t\t\t\t\t\t<div class=\"elementor-element elementor-element-521e75ee elementor-widget elementor-widget-ucaddon_block_rouge_titre\" data-id=\"521e75ee\" data-element_type=\"widget\" data-widget_type=\"ucaddon_block_rouge_titre.default\">\n\t\t\t\t<div class=\"elementor-widget-container\">\n\t\t\t\t\t\n<!-- start Block titre -->\n\n\n<div class=\"block-titre\">\n\n  <div class=\"content\">\n    <h2 class=\"titre\">Venez organiser<\/h2>\n    <h3 class=\"sous-titre\">L'anniversaire de votre enfant<\/h3>\n    \n          <a href=\"https:\/\/gamesfactory.fr\/besancon\/anniversaire\/\" class=\"lien\"><\/a>\n        \n          <div class=\"bg\" style=\"background-image: url('https:\/\/gamesfactory.fr\/besancon\/wp-content\/uploads\/sites\/5\/2020\/11\/bowling-2.jpg'); \"><\/div>\n        \n  <\/div>\t\n\n<\/div>\n<!-- end Block titre -->\t\t\t\t<\/div>\n\t\t\t\t<\/div>\n\t\t\t\t\t<\/div>\n\t\t<\/div>\n\t\t\t\t<div class=\"elementor-column elementor-col-50 elementor-inner-column elementor-element elementor-element-51c4343a\" data-id=\"51c4343a\" data-element_type=\"column\">\n\t\t\t<div class=\"elementor-widget-wrap elementor-element-populated\">\n\t\t\t\t\t\t<div class=\"elementor-element elementor-element-599ab8f6 elementor-widget elementor-widget-ucaddon_block_rouge_titre\" data-id=\"599ab8f6\" data-element_type=\"widget\" data-widget_type=\"ucaddon_block_rouge_titre.default\">\n\t\t\t\t<div class=\"elementor-widget-container\">\n\t\t\t\t\t\n<!-- start Block titre -->\n\n\n<div class=\"block-titre\">\n\n  <div class=\"content\">\n    <h2 class=\"titre\">Offrez un bon cadeau \u00e0 vos proche<\/h2>\n    <h3 class=\"sous-titre\">Vente en ligne<\/h3>\n    \n          <a href=\"\/boutique-en-ligne\" class=\"lien\"><\/a>\n        \n          <div class=\"bg\" style=\"background-image: url('https:\/\/gamesfactory.fr\/besancon\/wp-content\/uploads\/sites\/5\/2020\/11\/Image1.png'); \"><\/div>\n        \n  <\/div>\t\n\n<\/div>\n<!-- end Block titre -->\t\t\t\t<\/div>\n\t\t\t\t<\/div>\n\t\t\t\t\t<\/div>\n\t\t<\/div>\n\t\t\t\t\t<\/div>\n\t\t<\/section>\n\t\t\t\t<section class=\"elementor-section elementor-inner-section elementor-element elementor-element-117be1e1 elementor-section-full_width elementor-section-height-default elementor-section-height-default\" data-id=\"117be1e1\" data-element_type=\"section\">\n\t\t\t\t\t\t<div class=\"elementor-container elementor-column-gap-default\">\n\t\t\t\t\t<div class=\"elementor-column elementor-col-100 elementor-inner-column elementor-element elementor-element-55d19de1\" data-id=\"55d19de1\" data-element_type=\"column\">\n\t\t\t<div class=\"elementor-widget-wrap elementor-element-populated\">\n\t\t\t\t\t\t<div class=\"elementor-element elementor-element-61c3641 elementor-widget elementor-widget-ucaddon_block_rouge_titre\" data-id=\"61c3641\" data-element_type=\"widget\" data-widget_type=\"ucaddon_block_rouge_titre.default\">\n\t\t\t\t<div class=\"elementor-widget-container\">\n\t\t\t\t\t\n<!-- start Block titre -->\n\n\n<div class=\"block-titre\">\n\n  <div class=\"content\">\n    <h2 class=\"titre\"><\/h2>\n    <h3 class=\"sous-titre\">Location de chaussures comprise <\/h3>\n    \n        \n          <div class=\"bg\" style=\"background-image: url('https:\/\/gamesfactory.fr\/besancon\/wp-content\/uploads\/sites\/5\/2023\/12\/Image-flou-pour-bowling.png'); \"><\/div>\n        \n  <\/div>\t\n\n<\/div>\n<!-- end Block titre -->\t\t\t\t<\/div>\n\t\t\t\t<\/div>\n\t\t\t\t\t<\/div>\n\t\t<\/div>\n\t\t\t\t\t<\/div>\n\t\t<\/section>\n\t\t\t\t\t<\/div>\n\t\t<\/div>\n\t\t\t\t\t<\/div>\n\t\t<\/section>\n\t\t\t\t<section class=\"elementor-section elementor-top-section elementor-element elementor-element-6a14745 elementor-section-boxed elementor-section-height-default elementor-section-height-default\" data-id=\"6a14745\" data-element_type=\"section\">\n\t\t\t\t\t\t<div class=\"elementor-container elementor-column-gap-default\">\n\t\t\t\t\t<div class=\"elementor-column elementor-col-100 elementor-top-column elementor-element elementor-element-2d5394f\" data-id=\"2d5394f\" data-element_type=\"column\">\n\t\t\t<div class=\"elementor-widget-wrap elementor-element-populated\">\n\t\t\t\t\t\t<div class=\"elementor-element elementor-element-aba9056 elementor-widget elementor-widget-spacer\" data-id=\"aba9056\" data-element_type=\"widget\" data-widget_type=\"spacer.default\">\n\t\t\t\t<div class=\"elementor-widget-container\">\n\t\t\t\t\t\t\t<div class=\"elementor-spacer\">\n\t\t\t<div class=\"elementor-spacer-inner\"><\/div>\n\t\t<\/div>\n\t\t\t\t\t\t<\/div>\n\t\t\t\t<\/div>\n\t\t\t\t\t<\/div>\n\t\t<\/div>\n\t\t\t\t\t<\/div>\n\t\t<\/section>\n\t\t\t\t<\/div>\n\t\t","protected":false},"excerpt":{"rendered":"<p>12 pistes de bowling \u00e9quip\u00e9es de bumpers et boules l\u00e9g\u00e8res pour les enfants. 12 pistes De bowling Venez vous mesurer contre vos amis dans un complexe de loisirs de plus de 5000 m\u00b2. R\u00e9servation nos tarifs Pour la m\u00eame personne, toute l&#8217;ann\u00e9e hors veille de jours f\u00e9ri\u00e9s Tous les dimanches de 19h \u00e0 00h 2 [&hellip;]<\/p>\n","protected":false},"author":1,"featured_media":0,"parent":0,"menu_order":0,"comment_status":"closed","ping_status":"closed","template":"","meta":{"inline_featured_image":false,"site-sidebar-layout":"no-sidebar","site-content-layout":"page-builder","ast-site-content-layout":"","site-content-style":"default","site-sidebar-style":"default","ast-global-header-display":"","ast-banner-title-visibility":"","ast-main-header-display":"","ast-hfb-above-header-display":"","ast-hfb-below-header-display":"","ast-hfb-mobile-header-display":"","site-post-title":"disabled","ast-breadcrumbs-content":"","ast-featured-img":"disabled","footer-sml-layout":"","theme-transparent-header-meta":"default","adv-header-id-meta":"","stick-header-meta":"","header-above-stick-meta":"","header-main-stick-meta":"","header-below-stick-meta":"","astra-migrate-meta-layouts":"default","ast-page-background-enabled":"default","ast-page-background-meta":{"desktop":{"background-color":"","background-image":"","background-repeat":"repeat","background-position":"center center","background-size":"auto","background-attachment":"scroll","background-type":"","background-media":"","overlay-type":"","overlay-color":"","overlay-opacity":"","overlay-gradient":""},"tablet":{"background-color":"","background-image":"","background-repeat":"repeat","background-position":"center center","background-size":"auto","background-attachment":"scroll","background-type":"","background-media":"","overlay-type":"","overlay-color":"","overlay-opacity":"","overlay-gradient":""},"mobile":{"background-color":"","background-image":"","background-repeat":"repeat","background-position":"center center","background-size":"auto","background-attachment":"scroll","background-type":"","background-media":"","overlay-type":"","overlay-color":"","overlay-opacity":"","overlay-gradient":""}},"ast-content-background-meta":{"desktop":{"background-color":"var(--ast-global-color-5)","background-image":"","background-repeat":"repeat","background-position":"center center","background-size":"auto","background-attachment":"scroll","background-type":"","background-media":"","overlay-type":"","overlay-color":"","overlay-opacity":"","overlay-gradient":""},"tablet":{"background-color":"var(--ast-global-color-5)","background-image":"","background-repeat":"repeat","background-position":"center center","background-size":"auto","background-attachment":"scroll","background-type":"","background-media":"","overlay-type":"","overlay-color":"","overlay-opacity":"","overlay-gradient":""},"mobile":{"background-color":"var(--ast-global-color-5)","background-image":"","background-repeat":"repeat","background-position":"center center","background-size":"auto","background-attachment":"scroll","background-type":"","background-media":"","overlay-type":"","overlay-color":"","overlay-opacity":"","overlay-gradient":""}},"footnotes":""},"class_list":["post-73","page","type-page","status-publish","hentry"],"yoast_head":"<!-- This site is optimized with the Yoast SEO plugin v24.6 - https:\/\/yoast.com\/wordpress\/plugins\/seo\/ -->\n<title>Bowling - Games Factory Besan\u00e7on<\/title>\n<meta name=\"robots\" content=\"index, follow, max-snippet:-1, max-image-preview:large, max-video-preview:-1\" \/>\n<link rel=\"canonical\" href=\"https:\/\/gamesfactory.fr\/besancon\/bowling\/\" \/>\n<meta property=\"og:locale\" content=\"fr_FR\" \/>\n<meta property=\"og:type\" content=\"article\" \/>\n<meta property=\"og:title\" content=\"Bowling - Games Factory Besan\u00e7on\" \/>\n<meta property=\"og:description\" content=\"12 pistes de bowling \u00e9quip\u00e9es de bumpers et boules l\u00e9g\u00e8res pour les enfants. 12 pistes De bowling Venez vous mesurer contre vos amis dans un complexe de loisirs de plus de 5000 m\u00b2. R\u00e9servation nos tarifs Pour la m\u00eame personne, toute l&#8217;ann\u00e9e hors veille de jours f\u00e9ri\u00e9s Tous les dimanches de 19h \u00e0 00h 2 [&hellip;]\" \/>\n<meta property=\"og:url\" content=\"https:\/\/gamesfactory.fr\/besancon\/bowling\/\" \/>\n<meta property=\"og:site_name\" content=\"Games Factory Besan\u00e7on\" \/>\n<meta property=\"article:modified_time\" content=\"2026-01-20T14:59:23+00:00\" \/>\n<meta name=\"twitter:card\" content=\"summary_large_image\" \/>\n<meta name=\"twitter:label1\" content=\"Dur\u00e9e de lecture estim\u00e9e\" \/>\n\t<meta name=\"twitter:data1\" content=\"1 minute\" \/>\n<script type=\"application\/ld+json\" class=\"yoast-schema-graph\">{\"@context\":\"https:\/\/schema.org\",\"@graph\":[{\"@type\":\"WebPage\",\"@id\":\"https:\/\/gamesfactory.fr\/besancon\/bowling\/\",\"url\":\"https:\/\/gamesfactory.fr\/besancon\/bowling\/\",\"name\":\"Bowling - Games Factory Besan\u00e7on\",\"isPartOf\":{\"@id\":\"https:\/\/gamesfactory.fr\/besancon\/#website\"},\"datePublished\":\"2020-09-03T13:49:02+00:00\",\"dateModified\":\"2026-01-20T14:59:23+00:00\",\"breadcrumb\":{\"@id\":\"https:\/\/gamesfactory.fr\/besancon\/bowling\/#breadcrumb\"},\"inLanguage\":\"fr-FR\",\"potentialAction\":[{\"@type\":\"ReadAction\",\"target\":[\"https:\/\/gamesfactory.fr\/besancon\/bowling\/\"]}]},{\"@type\":\"BreadcrumbList\",\"@id\":\"https:\/\/gamesfactory.fr\/besancon\/bowling\/#breadcrumb\",\"itemListElement\":[{\"@type\":\"ListItem\",\"position\":1,\"name\":\"Accueil\",\"item\":\"https:\/\/gamesfactory.fr\/besancon\/\"},{\"@type\":\"ListItem\",\"position\":2,\"name\":\"Bowling\"}]},{\"@type\":\"WebSite\",\"@id\":\"https:\/\/gamesfactory.fr\/besancon\/#website\",\"url\":\"https:\/\/gamesfactory.fr\/besancon\/\",\"name\":\"Games Factory Besan\u00e7on\",\"description\":\"Votre complexe de loisirs \u00e0 Besan\u00e7on\",\"potentialAction\":[{\"@type\":\"SearchAction\",\"target\":{\"@type\":\"EntryPoint\",\"urlTemplate\":\"https:\/\/gamesfactory.fr\/besancon\/?s={search_term_string}\"},\"query-input\":{\"@type\":\"PropertyValueSpecification\",\"valueRequired\":true,\"valueName\":\"search_term_string\"}}],\"inLanguage\":\"fr-FR\"}]}<\/script>\n<!-- \/ Yoast SEO plugin. -->","yoast_head_json":{"title":"Bowling - Games Factory Besan\u00e7on","robots":{"index":"index","follow":"follow","max-snippet":"max-snippet:-1","max-image-preview":"max-image-preview:large","max-video-preview":"max-video-preview:-1"},"canonical":"https:\/\/gamesfactory.fr\/besancon\/bowling\/","og_locale":"fr_FR","og_type":"article","og_title":"Bowling - Games Factory Besan\u00e7on","og_description":"12 pistes de bowling \u00e9quip\u00e9es de bumpers et boules l\u00e9g\u00e8res pour les enfants. 12 pistes De bowling Venez vous mesurer contre vos amis dans un complexe de loisirs de plus de 5000 m\u00b2. R\u00e9servation nos tarifs Pour la m\u00eame personne, toute l&#8217;ann\u00e9e hors veille de jours f\u00e9ri\u00e9s Tous les dimanches de 19h \u00e0 00h 2 [&hellip;]","og_url":"https:\/\/gamesfactory.fr\/besancon\/bowling\/","og_site_name":"Games Factory Besan\u00e7on","article_modified_time":"2026-01-20T14:59:23+00:00","twitter_card":"summary_large_image","twitter_misc":{"Dur\u00e9e de lecture estim\u00e9e":"1 minute"},"schema":{"@context":"https:\/\/schema.org","@graph":[{"@type":"WebPage","@id":"https:\/\/gamesfactory.fr\/besancon\/bowling\/","url":"https:\/\/gamesfactory.fr\/besancon\/bowling\/","name":"Bowling - Games Factory Besan\u00e7on","isPartOf":{"@id":"https:\/\/gamesfactory.fr\/besancon\/#website"},"datePublished":"2020-09-03T13:49:02+00:00","dateModified":"2026-01-20T14:59:23+00:00","breadcrumb":{"@id":"https:\/\/gamesfactory.fr\/besancon\/bowling\/#breadcrumb"},"inLanguage":"fr-FR","potentialAction":[{"@type":"ReadAction","target":["https:\/\/gamesfactory.fr\/besancon\/bowling\/"]}]},{"@type":"BreadcrumbList","@id":"https:\/\/gamesfactory.fr\/besancon\/bowling\/#breadcrumb","itemListElement":[{"@type":"ListItem","position":1,"name":"Accueil","item":"https:\/\/gamesfactory.fr\/besancon\/"},{"@type":"ListItem","position":2,"name":"Bowling"}]},{"@type":"WebSite","@id":"https:\/\/gamesfactory.fr\/besancon\/#website","url":"https:\/\/gamesfactory.fr\/besancon\/","name":"Games Factory Besan\u00e7on","description":"Votre complexe de loisirs \u00e0 Besan\u00e7on","potentialAction":[{"@type":"SearchAction","target":{"@type":"EntryPoint","urlTemplate":"https:\/\/gamesfactory.fr\/besancon\/?s={search_term_string}"},"query-input":{"@type":"PropertyValueSpecification","valueRequired":true,"valueName":"search_term_string"}}],"inLanguage":"fr-FR"}]}},"_links":{"self":[{"href":"https:\/\/gamesfactory.fr\/besancon\/wp-json\/wp\/v2\/pages\/73","targetHints":{"allow":["GET"]}}],"collection":[{"href":"https:\/\/gamesfactory.fr\/besancon\/wp-json\/wp\/v2\/pages"}],"about":[{"href":"https:\/\/gamesfactory.fr\/besancon\/wp-json\/wp\/v2\/types\/page"}],"author":[{"embeddable":true,"href":"https:\/\/gamesfactory.fr\/besancon\/wp-json\/wp\/v2\/users\/1"}],"replies":[{"embeddable":true,"href":"https:\/\/gamesfactory.fr\/besancon\/wp-json\/wp\/v2\/comments?post=73"}],"version-history":[{"count":135,"href":"https:\/\/gamesfactory.fr\/besancon\/wp-json\/wp\/v2\/pages\/73\/revisions"}],"predecessor-version":[{"id":3356,"href":"https:\/\/gamesfactory.fr\/besancon\/wp-json\/wp\/v2\/pages\/73\/revisions\/3356"}],"wp:attachment":[{"href":"https:\/\/gamesfactory.fr\/besancon\/wp-json\/wp\/v2\/media?parent=73"}],"curies":[{"name":"wp","href":"https:\/\/api.w.org\/{rel}","templated":true}]}}