{"id":75,"date":"2020-09-03T15:49:28","date_gmt":"2020-09-03T13:49:28","guid":{"rendered":"https:\/\/gamesfactory.fr\/besancon\/?page_id=75"},"modified":"2026-01-09T11:58:47","modified_gmt":"2026-01-09T10:58:47","slug":"vr-realite-virtuelle","status":"publish","type":"page","link":"https:\/\/gamesfactory.fr\/besancon\/vr-realite-virtuelle\/","title":{"rendered":"VR R\u00e9alit\u00e9 virtuelle"},"content":{"rendered":"\t\t<div data-elementor-type=\"wp-page\" data-elementor-id=\"75\" class=\"elementor elementor-75\">\n\t\t\t\t\t\t<section class=\"elementor-section elementor-top-section elementor-element elementor-element-79e53a7e elementor-section-full_width elementor-section-height-default elementor-section-height-default\" data-id=\"79e53a7e\" data-element_type=\"section\">\n\t\t\t\t\t\t<div class=\"elementor-container elementor-column-gap-default\">\n\t\t\t\t\t<div class=\"elementor-column elementor-col-100 elementor-top-column elementor-element elementor-element-28a6d733\" data-id=\"28a6d733\" data-element_type=\"column\">\n\t\t\t<div class=\"elementor-widget-wrap elementor-element-populated\">\n\t\t\t\t\t\t<section class=\"elementor-section elementor-inner-section elementor-element elementor-element-19fbbafb elementor-section-full_width elementor-reverse-mobile elementor-section-height-default elementor-section-height-default\" data-id=\"19fbbafb\" data-element_type=\"section\">\n\t\t\t\t\t\t<div class=\"elementor-container elementor-column-gap-default\">\n\t\t\t\t\t<div class=\"elementor-column elementor-col-50 elementor-inner-column elementor-element elementor-element-c5ed49f\" data-id=\"c5ed49f\" data-element_type=\"column\">\n\t\t\t<div class=\"elementor-widget-wrap elementor-element-populated\">\n\t\t\t\t\t\t<div class=\"elementor-element elementor-element-1ceac89 elementor-widget elementor-widget-ucaddon_block_rouge_titre\" data-id=\"1ceac89\" data-element_type=\"widget\" data-widget_type=\"ucaddon_block_rouge_titre.default\">\n\t\t\t\t<div class=\"elementor-widget-container\">\n\t\t\t\t\t\n<!-- start Block titre -->\n\t\t<link id='uc_ac_assets_file_block_titre_css_1681-css' href='https:\/\/gamesfactory.fr\/besancon\/wp-content\/uploads\/sites\/5\/ac_assets\/custom\/block-titre.css' type='text\/css' rel='stylesheet' >\n\n\n<div class=\"block-titre\">\n\n  <div class=\"content\">\n    <h2 class=\"titre\">Pr\u00eat pour<\/h2>\n    <h3 class=\"sous-titre\">Une immersion dans le futur ?<\/h3>\n    \n        \n        \n  <\/div>\t\n\n<\/div>\n<!-- end Block titre -->\t\t\t\t<\/div>\n\t\t\t\t<\/div>\n\t\t\t\t\t<\/div>\n\t\t<\/div>\n\t\t\t\t<div class=\"elementor-column elementor-col-50 elementor-inner-column elementor-element elementor-element-589a6e05\" data-id=\"589a6e05\" data-element_type=\"column\">\n\t\t\t<div class=\"elementor-widget-wrap elementor-element-populated\">\n\t\t\t\t\t\t<div class=\"elementor-element elementor-element-79cffc4 elementor-widget elementor-widget-ucaddon_block_image\" data-id=\"79cffc4\" data-element_type=\"widget\" data-widget_type=\"ucaddon_block_image.default\">\n\t\t\t\t<div class=\"elementor-widget-container\">\n\t\t\t\t\t\n<!-- start Block image -->\n\t\t<link id='uc_ac_assets_file_block_image_css_912-css' href='https:\/\/gamesfactory.fr\/besancon\/wp-content\/uploads\/sites\/5\/ac_assets\/custom\/block-image.css' type='text\/css' rel='stylesheet' >\n\n\n<div class=\"block-image\">\n  <div class=\"bg\" style=\"background-image: url('https:\/\/gamesfactory.fr\/besancon\/wp-content\/uploads\/sites\/5\/2023\/04\/Sans-titre-2023-04-28T164921.808.png'); \"><\/div>\n<\/div>\n<!-- end Block image -->\t\t\t\t<\/div>\n\t\t\t\t<\/div>\n\t\t\t\t\t<\/div>\n\t\t<\/div>\n\t\t\t\t\t<\/div>\n\t\t<\/section>\n\t\t\t\t<section class=\"elementor-section elementor-inner-section elementor-element elementor-element-288aa7b6 elementor-section-full_width elementor-reverse-tablet elementor-reverse-mobile elementor-section-height-default elementor-section-height-default\" data-id=\"288aa7b6\" data-element_type=\"section\">\n\t\t\t\t\t\t<div class=\"elementor-container elementor-column-gap-default\">\n\t\t\t\t\t<div class=\"elementor-column elementor-col-50 elementor-inner-column elementor-element elementor-element-10e344ba\" data-id=\"10e344ba\" data-element_type=\"column\">\n\t\t\t<div class=\"elementor-widget-wrap elementor-element-populated\">\n\t\t\t\t\t\t<div class=\"elementor-element elementor-element-15846db1 elementor-widget elementor-widget-video\" data-id=\"15846db1\" data-element_type=\"widget\" data-settings=\"{&quot;show_image_overlay&quot;:&quot;yes&quot;,&quot;image_overlay&quot;:{&quot;url&quot;:&quot;https:\\\/\\\/gamesfactory.fr\\\/besancon\\\/wp-content\\\/uploads\\\/sites\\\/5\\\/2020\\\/09\\\/realite-virtuelle-gf.jpg&quot;,&quot;id&quot;:&quot;144&quot;,&quot;size&quot;:&quot;&quot;},&quot;video_type&quot;:&quot;hosted&quot;,&quot;controls&quot;:&quot;yes&quot;}\" data-widget_type=\"video.default\">\n\t\t\t\t<div class=\"elementor-widget-container\">\n\t\t\t\t\t\t\t<div class=\"e-hosted-video elementor-wrapper elementor-open-inline\">\n\t\t\t\t\t<video class=\"elementor-video\" src=\"https:\/\/gamesfactory.fr\/besancon\/wp-content\/uploads\/sites\/5\/2020\/11\/2020-08-courte-video-VR-GF-besnacon-version40secondes.mp4\" controls=\"\" preload=\"metadata\" controlsList=\"nodownload\"><\/video>\n\t\t\t\t\t\t<div class=\"elementor-custom-embed-image-overlay\" style=\"background-image: url(https:\/\/gamesfactory.fr\/besancon\/wp-content\/uploads\/sites\/5\/2020\/09\/realite-virtuelle-gf.jpg);\">\n\t\t\t\t\t\t\t\t\t\t\t\t\t\t\t\t<div class=\"elementor-custom-embed-play\" role=\"button\" aria-label=\"Lire la vid\u00e9o\" tabindex=\"0\">\n\t\t\t\t\t\t\t<i aria-hidden=\"true\" class=\"eicon-play\"><\/i>\t\t\t\t\t\t<\/div>\n\t\t\t\t\t\t\t\t\t<\/div>\n\t\t\t\t\t<\/div>\n\t\t\t\t\t\t<\/div>\n\t\t\t\t<\/div>\n\t\t\t\t<div class=\"elementor-element elementor-element-4f1e4fab elementor-widget elementor-widget-ucaddon_block_text_titre\" data-id=\"4f1e4fab\" data-element_type=\"widget\" data-widget_type=\"ucaddon_block_text_titre.default\">\n\t\t\t\t<div class=\"elementor-widget-container\">\n\t\t\t\t\t\n<!-- start Block text -->\n\t\t<link id='uc_ac_assets_file_block_text_css_925-css' href='https:\/\/gamesfactory.fr\/besancon\/wp-content\/uploads\/sites\/5\/ac_assets\/custom\/block-text.css' type='text\/css' rel='stylesheet' >\n\n\n<div class=\"block-text-titre\">\n  <h2 class=\"titre\">L\u2019exp\u00e9rience dure 15 min<\/h2>\n  <h3 class=\"sous-titre\">Votre mission ?<\/h3>\n  <p class=\"description\"><p>L\u2019heure est grave ! Notre vaisseau spatial est attaqu\u00e9 par des zombies !<\/p><p>Constituez votre \u00e9quipe (de 1 \u00e0 6 joueurs) parmi vos plus fid\u00e8les comp\u00e8res et partez \u00e0 votre tour sauver l\u2019avenir du monde !<br \/>Attention, le temps vous est compt\u00e9 !<br \/>Ne vous faites pas pi\u00e9ger, vous \u00eates le dernier espoir de l\u2019humanit\u00e9 !<\/p><\/p>\n<\/div>\n<!-- end Block text -->\t\t\t\t<\/div>\n\t\t\t\t<\/div>\n\t\t\t\t\t<\/div>\n\t\t<\/div>\n\t\t\t\t<div class=\"elementor-column elementor-col-50 elementor-inner-column elementor-element elementor-element-4c863c22\" data-id=\"4c863c22\" data-element_type=\"column\">\n\t\t\t<div class=\"elementor-widget-wrap elementor-element-populated\">\n\t\t\t\t\t\t<div class=\"elementor-element elementor-element-53c37c1f elementor-widget elementor-widget-ucaddon_block_text_titre\" data-id=\"53c37c1f\" data-element_type=\"widget\" data-widget_type=\"ucaddon_block_text_titre.default\">\n\t\t\t\t<div class=\"elementor-widget-container\">\n\t\t\t\t\t\n<!-- start Block text -->\n\n\n<div class=\"block-text-titre\">\n  <h2 class=\"titre\">La r\u00e9alit\u00e9 virtuelle<\/h2>\n  <h3 class=\"sous-titre\">Qu'est-ce que la vr ?<\/h3>\n  <p class=\"description\"><p>Un casque de VR sur la t\u00eate, un pistolet dans les mains et c'est parti... \u00c7a, c\u2019est pour l\u2019\u00e9quipement\u2026<\/p><p><br \/>Et c\u2019est surtout une v\u00e9ritable immersion en r\u00e9alit\u00e9 virtuelle collaborative ! Une exp\u00e9rience unique !<br \/>Ne jouez plus seul mais en coop\u00e9ration avec vos amis.<br \/>V\u00e9ritable jeu d\u2019\u00e9quipe, vous devrez faire preuve d\u2019ing\u00e9niosit\u00e9, d\u2019agilit\u00e9 et d\u2019inventivit\u00e9 pour combattre les zombies !<\/p><\/p>\n<\/div>\n<!-- end Block text -->\t\t\t\t<\/div>\n\t\t\t\t<\/div>\n\t\t\t\t<div class=\"elementor-element elementor-element-be0552f elementor-widget elementor-widget-heading\" data-id=\"be0552f\" data-element_type=\"widget\" data-widget_type=\"heading.default\">\n\t\t\t\t<div class=\"elementor-widget-container\">\n\t\t\t\t\t<h2 class=\"elementor-heading-title elementor-size-default\">Attention, restez attentif ! D\u2019autres scenarios vont progressivement \u00eatre ajout\u00e9s au cours de l\u2019ann\u00e9e\u2026.<\/h2>\t\t\t\t<\/div>\n\t\t\t\t<\/div>\n\t\t\t\t<section class=\"elementor-section elementor-inner-section elementor-element elementor-element-06b90f2 elementor-section-boxed elementor-section-height-default elementor-section-height-default\" data-id=\"06b90f2\" data-element_type=\"section\">\n\t\t\t\t\t\t<div class=\"elementor-container elementor-column-gap-default\">\n\t\t\t\t\t<div class=\"elementor-column elementor-col-50 elementor-inner-column elementor-element elementor-element-401de85\" data-id=\"401de85\" data-element_type=\"column\">\n\t\t\t<div class=\"elementor-widget-wrap elementor-element-populated\">\n\t\t\t\t\t\t<div class=\"elementor-element elementor-element-796da67 elementor-align-justify elementor-widget elementor-widget-button\" data-id=\"796da67\" data-element_type=\"widget\" data-widget_type=\"button.default\">\n\t\t\t\t<div class=\"elementor-widget-container\">\n\t\t\t\t\t\t\t\t\t<div class=\"elementor-button-wrapper\">\n\t\t\t\t\t<a class=\"elementor-button elementor-button-link elementor-size-md\" href=\"https:\/\/gamesfactory.fr\/besancon\/reservations\/\">\n\t\t\t\t\t\t<span class=\"elementor-button-content-wrapper\">\n\t\t\t\t\t\t\t\t\t<span class=\"elementor-button-text\">R\u00e9servation<\/span>\n\t\t\t\t\t<\/span>\n\t\t\t\t\t<\/a>\n\t\t\t\t<\/div>\n\t\t\t\t\t\t\t\t<\/div>\n\t\t\t\t<\/div>\n\t\t\t\t\t<\/div>\n\t\t<\/div>\n\t\t\t\t<div class=\"elementor-column elementor-col-50 elementor-inner-column elementor-element elementor-element-d4189bd\" data-id=\"d4189bd\" data-element_type=\"column\">\n\t\t\t<div class=\"elementor-widget-wrap elementor-element-populated\">\n\t\t\t\t\t\t<div class=\"elementor-element elementor-element-579ed9f elementor-align-justify elementor-widget elementor-widget-button\" data-id=\"579ed9f\" data-element_type=\"widget\" data-widget_type=\"button.default\">\n\t\t\t\t<div class=\"elementor-widget-container\">\n\t\t\t\t\t\t\t\t\t<div class=\"elementor-button-wrapper\">\n\t\t\t\t\t<a class=\"elementor-button elementor-button-link elementor-size-md\" href=\"https:\/\/gamesfactory.fr\/besancon\/tarifs\/\">\n\t\t\t\t\t\t<span class=\"elementor-button-content-wrapper\">\n\t\t\t\t\t\t\t\t\t<span class=\"elementor-button-text\">nos tarifs<\/span>\n\t\t\t\t\t<\/span>\n\t\t\t\t\t<\/a>\n\t\t\t\t<\/div>\n\t\t\t\t\t\t\t\t<\/div>\n\t\t\t\t<\/div>\n\t\t\t\t\t<\/div>\n\t\t<\/div>\n\t\t\t\t\t<\/div>\n\t\t<\/section>\n\t\t\t\t\t<\/div>\n\t\t<\/div>\n\t\t\t\t\t<\/div>\n\t\t<\/section>\n\t\t\t\t<div class=\"elementor-element elementor-element-29aebd3d elementor-widget elementor-widget-ucaddon_block_text_titre\" data-id=\"29aebd3d\" data-element_type=\"widget\" data-widget_type=\"ucaddon_block_text_titre.default\">\n\t\t\t\t<div class=\"elementor-widget-container\">\n\t\t\t\t\t\n<!-- start Block text -->\n\n\n<div class=\"block-text-titre\">\n  <h2 class=\"titre\">Contrairement \u00e0 d\u2019autres exp\u00e9riences VR<\/h2>\n  <h3 class=\"sous-titre\">EST-CE QUE CETTE EXP\u00c9RIENCE DONNE MAL AU C\u0152UR ?<\/h3>\n  <p class=\"description\"><p>Celle-ci a \u00e9t\u00e9 d\u00e9velopp\u00e9e sp\u00e9cialement pour vous \u00e9viter toute g\u00eane. Que ce soit naus\u00e9e ou maux de t\u00eate gr\u00e2ce \u00e0 la qualit\u00e9 du casque et de l\u2019\u00e9quipement et la libert\u00e9 de mouvement des joueurs.<\/p><\/p>\n<\/div>\n<!-- end Block text -->\t\t\t\t<\/div>\n\t\t\t\t<\/div>\n\t\t\t\t<div class=\"elementor-element elementor-element-af84539 elementor-button-info elementor-align-justify elementor-widget elementor-widget-button\" data-id=\"af84539\" data-element_type=\"widget\" data-widget_type=\"button.default\">\n\t\t\t\t<div class=\"elementor-widget-container\">\n\t\t\t\t\t\t\t\t\t<div class=\"elementor-button-wrapper\">\n\t\t\t\t\t<a class=\"elementor-button elementor-button-link elementor-size-md\" href=\"https:\/\/gamesfactory.fr\/wp-content\/uploads\/2026\/01\/GF-A4-Carte-fidelite-Site-Web-JPG.jpg\">\n\t\t\t\t\t\t<span class=\"elementor-button-content-wrapper\">\n\t\t\t\t\t\t\t\t\t<span class=\"elementor-button-text\">CARTE DE FID\u00c9LIT\u00c9<\/span>\n\t\t\t\t\t<\/span>\n\t\t\t\t\t<\/a>\n\t\t\t\t<\/div>\n\t\t\t\t\t\t\t\t<\/div>\n\t\t\t\t<\/div>\n\t\t\t\t<section class=\"elementor-section elementor-inner-section elementor-element elementor-element-6be1a328 elementor-section-full_width elementor-reverse-tablet elementor-reverse-mobile elementor-section-height-default elementor-section-height-default\" data-id=\"6be1a328\" data-element_type=\"section\">\n\t\t\t\t\t\t<div class=\"elementor-container elementor-column-gap-default\">\n\t\t\t\t\t<div class=\"elementor-column elementor-col-50 elementor-inner-column elementor-element elementor-element-6e8a0a5c\" data-id=\"6e8a0a5c\" data-element_type=\"column\">\n\t\t\t<div class=\"elementor-widget-wrap elementor-element-populated\">\n\t\t\t\t\t\t<div class=\"elementor-element elementor-element-299dfca9 elementor-widget elementor-widget-ucaddon_block_text_titre\" data-id=\"299dfca9\" data-element_type=\"widget\" data-widget_type=\"ucaddon_block_text_titre.default\">\n\t\t\t\t<div class=\"elementor-widget-container\">\n\t\t\t\t\t\n<!-- start Block text -->\n\n\n<div class=\"block-text-titre\">\n  <h2 class=\"titre\">L\u2019aventure est jouable de 1 \u00e0 6 personnes.*<\/h2>\n  <h3 class=\"sous-titre\">Qui peux participer ?<\/h3>\n  <p class=\"description\"><p>L\u2019immersion virtuelle a ainsi \u00e9t\u00e9 pens\u00e9e et con\u00e7ue avec soin par les d\u00e9veloppeurs du jeu afin de garantir une exp\u00e9rience qui soit \u00e0 la fois longue, amusante mais surtout ouverte \u00e0 tous !<br \/>Tout le monde peut participer \u00e0 la mission et tenter \u00e0 son tour de lib\u00e9rer le vaisseau des attaques ! L\u2019exp\u00e9rience est cependant d\u00e9conseill\u00e9e au moins\u00a0<strong>de 12 ans<\/strong>\u00a0et\u00a0<strong>interdite aux moins de 10 ans.<\/strong><br \/>Vous pouvez \u00e9galement jouer seul, mais pour plus d\u2019adr\u00e9naline et de fun, nous vous conseillons des \u00e9quipes de 6 personnes.<br \/>L\u2019exp\u00e9rience est \u00e9galement id\u00e9ale pour les enterrements de vie de gar\u00e7on\/jeune fille.<\/p><\/p>\n<\/div>\n<!-- end Block text -->\t\t\t\t<\/div>\n\t\t\t\t<\/div>\n\t\t\t\t<div class=\"elementor-element elementor-element-f99961b elementor-widget elementor-widget-text-editor\" data-id=\"f99961b\" data-element_type=\"widget\" data-widget_type=\"text-editor.default\">\n\t\t\t\t<div class=\"elementor-widget-container\">\n\t\t\t\t\t\t\t\t\t<p><strong>*Vous pouvez \u00eatre amen\u00e9 \u00e0 \u00eatre m\u00e9lang\u00e9 avec d&#8217;autres groupes.<\/strong><\/p>\t\t\t\t\t\t\t\t<\/div>\n\t\t\t\t<\/div>\n\t\t\t\t\t<\/div>\n\t\t<\/div>\n\t\t\t\t<div class=\"elementor-column elementor-col-50 elementor-inner-column elementor-element elementor-element-f9d3cb9\" data-id=\"f9d3cb9\" data-element_type=\"column\">\n\t\t\t<div class=\"elementor-widget-wrap elementor-element-populated\">\n\t\t\t\t\t\t<div class=\"elementor-element elementor-element-487e2f3a elementor-widget elementor-widget-ucaddon_block_rouge_titre\" data-id=\"487e2f3a\" data-element_type=\"widget\" data-widget_type=\"ucaddon_block_rouge_titre.default\">\n\t\t\t\t<div class=\"elementor-widget-container\">\n\t\t\t\t\t\n<!-- start Block titre -->\n\n\n<div class=\"block-titre\">\n\n  <div class=\"content\">\n    <h2 class=\"titre\">Commandez vos tickets VR<\/h2>\n    <h3 class=\"sous-titre\">Offrez un bon cadeau \u00e0 vos proches<\/h3>\n    \n          <a href=\"\/boutique-en-ligne\" class=\"lien\"><\/a>\n        \n          <div class=\"bg\" style=\"background-image: url('https:\/\/gamesfactory.fr\/besancon\/wp-content\/uploads\/sites\/5\/2020\/11\/Image1.png'); \"><\/div>\n        \n  <\/div>\t\n\n<\/div>\n<!-- end Block titre -->\t\t\t\t<\/div>\n\t\t\t\t<\/div>\n\t\t\t\t\t<\/div>\n\t\t<\/div>\n\t\t\t\t\t<\/div>\n\t\t<\/section>\n\t\t\t\t\t<\/div>\n\t\t<\/div>\n\t\t\t\t\t<\/div>\n\t\t<\/section>\n\t\t\t\t<\/div>\n\t\t","protected":false},"excerpt":{"rendered":"<p>Pr\u00eat pour Une immersion dans le futur ? https:\/\/gamesfactory.fr\/besancon\/wp-content\/uploads\/sites\/5\/2020\/11\/2020-08-courte-video-VR-GF-besnacon-version40secondes.mp4 L\u2019exp\u00e9rience dure 15 min Votre mission ? L\u2019heure est grave ! Notre vaisseau spatial est attaqu\u00e9 par des zombies ! Constituez votre \u00e9quipe (de 1 \u00e0 6 joueurs) parmi vos plus fid\u00e8les comp\u00e8res et partez \u00e0 votre tour sauver l\u2019avenir du monde !Attention, le temps vous [&hellip;]<\/p>\n","protected":false},"author":1,"featured_media":0,"parent":0,"menu_order":0,"comment_status":"closed","ping_status":"closed","template":"","meta":{"inline_featured_image":false,"site-sidebar-layout":"no-sidebar","site-content-layout":"page-builder","ast-site-content-layout":"","site-content-style":"default","site-sidebar-style":"default","ast-global-header-display":"","ast-banner-title-visibility":"","ast-main-header-display":"","ast-hfb-above-header-display":"","ast-hfb-below-header-display":"","ast-hfb-mobile-header-display":"","site-post-title":"disabled","ast-breadcrumbs-content":"","ast-featured-img":"disabled","footer-sml-layout":"","theme-transparent-header-meta":"default","adv-header-id-meta":"","stick-header-meta":"","header-above-stick-meta":"","header-main-stick-meta":"","header-below-stick-meta":"","astra-migrate-meta-layouts":"default","ast-page-background-enabled":"default","ast-page-background-meta":{"desktop":{"background-color":"","background-image":"","background-repeat":"repeat","background-position":"center center","background-size":"auto","background-attachment":"scroll","background-type":"","background-media":"","overlay-type":"","overlay-color":"","overlay-opacity":"","overlay-gradient":""},"tablet":{"background-color":"","background-image":"","background-repeat":"repeat","background-position":"center center","background-size":"auto","background-attachment":"scroll","background-type":"","background-media":"","overlay-type":"","overlay-color":"","overlay-opacity":"","overlay-gradient":""},"mobile":{"background-color":"","background-image":"","background-repeat":"repeat","background-position":"center center","background-size":"auto","background-attachment":"scroll","background-type":"","background-media":"","overlay-type":"","overlay-color":"","overlay-opacity":"","overlay-gradient":""}},"ast-content-background-meta":{"desktop":{"background-color":"var(--ast-global-color-5)","background-image":"","background-repeat":"repeat","background-position":"center center","background-size":"auto","background-attachment":"scroll","background-type":"","background-media":"","overlay-type":"","overlay-color":"","overlay-opacity":"","overlay-gradient":""},"tablet":{"background-color":"var(--ast-global-color-5)","background-image":"","background-repeat":"repeat","background-position":"center center","background-size":"auto","background-attachment":"scroll","background-type":"","background-media":"","overlay-type":"","overlay-color":"","overlay-opacity":"","overlay-gradient":""},"mobile":{"background-color":"var(--ast-global-color-5)","background-image":"","background-repeat":"repeat","background-position":"center center","background-size":"auto","background-attachment":"scroll","background-type":"","background-media":"","overlay-type":"","overlay-color":"","overlay-opacity":"","overlay-gradient":""}},"footnotes":""},"class_list":["post-75","page","type-page","status-publish","hentry"],"yoast_head":"<!-- This site is optimized with the Yoast SEO plugin v24.6 - https:\/\/yoast.com\/wordpress\/plugins\/seo\/ -->\n<title>VR R\u00e9alit\u00e9 virtuelle - Games Factory Besan\u00e7on<\/title>\n<meta name=\"robots\" content=\"index, follow, max-snippet:-1, max-image-preview:large, max-video-preview:-1\" \/>\n<link rel=\"canonical\" href=\"https:\/\/gamesfactory.fr\/besancon\/vr-realite-virtuelle\/\" \/>\n<meta property=\"og:locale\" content=\"fr_FR\" \/>\n<meta property=\"og:type\" content=\"article\" \/>\n<meta property=\"og:title\" content=\"VR R\u00e9alit\u00e9 virtuelle - Games Factory Besan\u00e7on\" \/>\n<meta property=\"og:description\" content=\"Pr\u00eat pour Une immersion dans le futur ? https:\/\/gamesfactory.fr\/besancon\/wp-content\/uploads\/sites\/5\/2020\/11\/2020-08-courte-video-VR-GF-besnacon-version40secondes.mp4 L\u2019exp\u00e9rience dure 15 min Votre mission ? L\u2019heure est grave ! Notre vaisseau spatial est attaqu\u00e9 par des zombies ! Constituez votre \u00e9quipe (de 1 \u00e0 6 joueurs) parmi vos plus fid\u00e8les comp\u00e8res et partez \u00e0 votre tour sauver l\u2019avenir du monde !Attention, le temps vous [&hellip;]\" \/>\n<meta property=\"og:url\" content=\"https:\/\/gamesfactory.fr\/besancon\/vr-realite-virtuelle\/\" \/>\n<meta property=\"og:site_name\" content=\"Games Factory Besan\u00e7on\" \/>\n<meta property=\"article:modified_time\" content=\"2026-01-09T10:58:47+00:00\" \/>\n<meta name=\"twitter:card\" content=\"summary_large_image\" \/>\n<meta name=\"twitter:label1\" content=\"Dur\u00e9e de lecture estim\u00e9e\" \/>\n\t<meta name=\"twitter:data1\" content=\"2 minutes\" \/>\n<script type=\"application\/ld+json\" class=\"yoast-schema-graph\">{\"@context\":\"https:\/\/schema.org\",\"@graph\":[{\"@type\":\"WebPage\",\"@id\":\"https:\/\/gamesfactory.fr\/besancon\/vr-realite-virtuelle\/\",\"url\":\"https:\/\/gamesfactory.fr\/besancon\/vr-realite-virtuelle\/\",\"name\":\"VR R\u00e9alit\u00e9 virtuelle - Games Factory Besan\u00e7on\",\"isPartOf\":{\"@id\":\"https:\/\/gamesfactory.fr\/besancon\/#website\"},\"datePublished\":\"2020-09-03T13:49:28+00:00\",\"dateModified\":\"2026-01-09T10:58:47+00:00\",\"breadcrumb\":{\"@id\":\"https:\/\/gamesfactory.fr\/besancon\/vr-realite-virtuelle\/#breadcrumb\"},\"inLanguage\":\"fr-FR\",\"potentialAction\":[{\"@type\":\"ReadAction\",\"target\":[\"https:\/\/gamesfactory.fr\/besancon\/vr-realite-virtuelle\/\"]}]},{\"@type\":\"BreadcrumbList\",\"@id\":\"https:\/\/gamesfactory.fr\/besancon\/vr-realite-virtuelle\/#breadcrumb\",\"itemListElement\":[{\"@type\":\"ListItem\",\"position\":1,\"name\":\"Accueil\",\"item\":\"https:\/\/gamesfactory.fr\/besancon\/\"},{\"@type\":\"ListItem\",\"position\":2,\"name\":\"VR R\u00e9alit\u00e9 virtuelle\"}]},{\"@type\":\"WebSite\",\"@id\":\"https:\/\/gamesfactory.fr\/besancon\/#website\",\"url\":\"https:\/\/gamesfactory.fr\/besancon\/\",\"name\":\"Games Factory Besan\u00e7on\",\"description\":\"Votre complexe de loisirs \u00e0 Besan\u00e7on\",\"potentialAction\":[{\"@type\":\"SearchAction\",\"target\":{\"@type\":\"EntryPoint\",\"urlTemplate\":\"https:\/\/gamesfactory.fr\/besancon\/?s={search_term_string}\"},\"query-input\":{\"@type\":\"PropertyValueSpecification\",\"valueRequired\":true,\"valueName\":\"search_term_string\"}}],\"inLanguage\":\"fr-FR\"}]}<\/script>\n<!-- \/ Yoast SEO plugin. -->","yoast_head_json":{"title":"VR R\u00e9alit\u00e9 virtuelle - Games Factory Besan\u00e7on","robots":{"index":"index","follow":"follow","max-snippet":"max-snippet:-1","max-image-preview":"max-image-preview:large","max-video-preview":"max-video-preview:-1"},"canonical":"https:\/\/gamesfactory.fr\/besancon\/vr-realite-virtuelle\/","og_locale":"fr_FR","og_type":"article","og_title":"VR R\u00e9alit\u00e9 virtuelle - Games Factory Besan\u00e7on","og_description":"Pr\u00eat pour Une immersion dans le futur ? https:\/\/gamesfactory.fr\/besancon\/wp-content\/uploads\/sites\/5\/2020\/11\/2020-08-courte-video-VR-GF-besnacon-version40secondes.mp4 L\u2019exp\u00e9rience dure 15 min Votre mission ? L\u2019heure est grave ! Notre vaisseau spatial est attaqu\u00e9 par des zombies ! Constituez votre \u00e9quipe (de 1 \u00e0 6 joueurs) parmi vos plus fid\u00e8les comp\u00e8res et partez \u00e0 votre tour sauver l\u2019avenir du monde !Attention, le temps vous [&hellip;]","og_url":"https:\/\/gamesfactory.fr\/besancon\/vr-realite-virtuelle\/","og_site_name":"Games Factory Besan\u00e7on","article_modified_time":"2026-01-09T10:58:47+00:00","twitter_card":"summary_large_image","twitter_misc":{"Dur\u00e9e de lecture estim\u00e9e":"2 minutes"},"schema":{"@context":"https:\/\/schema.org","@graph":[{"@type":"WebPage","@id":"https:\/\/gamesfactory.fr\/besancon\/vr-realite-virtuelle\/","url":"https:\/\/gamesfactory.fr\/besancon\/vr-realite-virtuelle\/","name":"VR R\u00e9alit\u00e9 virtuelle - Games Factory Besan\u00e7on","isPartOf":{"@id":"https:\/\/gamesfactory.fr\/besancon\/#website"},"datePublished":"2020-09-03T13:49:28+00:00","dateModified":"2026-01-09T10:58:47+00:00","breadcrumb":{"@id":"https:\/\/gamesfactory.fr\/besancon\/vr-realite-virtuelle\/#breadcrumb"},"inLanguage":"fr-FR","potentialAction":[{"@type":"ReadAction","target":["https:\/\/gamesfactory.fr\/besancon\/vr-realite-virtuelle\/"]}]},{"@type":"BreadcrumbList","@id":"https:\/\/gamesfactory.fr\/besancon\/vr-realite-virtuelle\/#breadcrumb","itemListElement":[{"@type":"ListItem","position":1,"name":"Accueil","item":"https:\/\/gamesfactory.fr\/besancon\/"},{"@type":"ListItem","position":2,"name":"VR R\u00e9alit\u00e9 virtuelle"}]},{"@type":"WebSite","@id":"https:\/\/gamesfactory.fr\/besancon\/#website","url":"https:\/\/gamesfactory.fr\/besancon\/","name":"Games Factory Besan\u00e7on","description":"Votre complexe de loisirs \u00e0 Besan\u00e7on","potentialAction":[{"@type":"SearchAction","target":{"@type":"EntryPoint","urlTemplate":"https:\/\/gamesfactory.fr\/besancon\/?s={search_term_string}"},"query-input":{"@type":"PropertyValueSpecification","valueRequired":true,"valueName":"search_term_string"}}],"inLanguage":"fr-FR"}]}},"_links":{"self":[{"href":"https:\/\/gamesfactory.fr\/besancon\/wp-json\/wp\/v2\/pages\/75","targetHints":{"allow":["GET"]}}],"collection":[{"href":"https:\/\/gamesfactory.fr\/besancon\/wp-json\/wp\/v2\/pages"}],"about":[{"href":"https:\/\/gamesfactory.fr\/besancon\/wp-json\/wp\/v2\/types\/page"}],"author":[{"embeddable":true,"href":"https:\/\/gamesfactory.fr\/besancon\/wp-json\/wp\/v2\/users\/1"}],"replies":[{"embeddable":true,"href":"https:\/\/gamesfactory.fr\/besancon\/wp-json\/wp\/v2\/comments?post=75"}],"version-history":[{"count":115,"href":"https:\/\/gamesfactory.fr\/besancon\/wp-json\/wp\/v2\/pages\/75\/revisions"}],"predecessor-version":[{"id":3327,"href":"https:\/\/gamesfactory.fr\/besancon\/wp-json\/wp\/v2\/pages\/75\/revisions\/3327"}],"wp:attachment":[{"href":"https:\/\/gamesfactory.fr\/besancon\/wp-json\/wp\/v2\/media?parent=75"}],"curies":[{"name":"wp","href":"https:\/\/api.w.org\/{rel}","templated":true}]}}