{"id":1193,"date":"2023-03-20T09:28:02","date_gmt":"2023-03-20T08:28:02","guid":{"rendered":"https:\/\/gamesfactory.fr\/chalon\/?page_id=1193"},"modified":"2025-05-21T09:57:10","modified_gmt":"2025-05-21T07:57:10","slug":"karaoke-box","status":"publish","type":"page","link":"https:\/\/gamesfactory.fr\/chalon\/karaoke-box\/","title":{"rendered":"Karaok\u00e9 Box"},"content":{"rendered":"\t\t<div data-elementor-type=\"wp-page\" data-elementor-id=\"1193\" class=\"elementor elementor-1193\">\n\t\t\t\t\t\t<section class=\"elementor-section elementor-top-section elementor-element elementor-element-ae9e516 elementor-section-boxed elementor-section-height-default elementor-section-height-default\" data-id=\"ae9e516\" data-element_type=\"section\">\n\t\t\t\t\t\t<div class=\"elementor-container elementor-column-gap-default\">\n\t\t\t\t\t<div class=\"elementor-column elementor-col-100 elementor-top-column elementor-element elementor-element-68c3c0d\" data-id=\"68c3c0d\" data-element_type=\"column\">\n\t\t\t<div class=\"elementor-widget-wrap elementor-element-populated\">\n\t\t\t\t\t\t<div class=\"elementor-element elementor-element-0043ec7 elementor-widget elementor-widget-spacer\" data-id=\"0043ec7\" data-element_type=\"widget\" data-widget_type=\"spacer.default\">\n\t\t\t\t<div class=\"elementor-widget-container\">\n\t\t\t\t\t\t\t<div class=\"elementor-spacer\">\n\t\t\t<div class=\"elementor-spacer-inner\"><\/div>\n\t\t<\/div>\n\t\t\t\t\t\t<\/div>\n\t\t\t\t<\/div>\n\t\t\t\t<div class=\"elementor-element elementor-element-ce2e2e6 elementor-widget elementor-widget-spacer\" data-id=\"ce2e2e6\" data-element_type=\"widget\" data-widget_type=\"spacer.default\">\n\t\t\t\t<div class=\"elementor-widget-container\">\n\t\t\t\t\t\t\t<div class=\"elementor-spacer\">\n\t\t\t<div class=\"elementor-spacer-inner\"><\/div>\n\t\t<\/div>\n\t\t\t\t\t\t<\/div>\n\t\t\t\t<\/div>\n\t\t\t\t\t<\/div>\n\t\t<\/div>\n\t\t\t\t\t<\/div>\n\t\t<\/section>\n\t\t\t\t<section class=\"elementor-section elementor-top-section elementor-element elementor-element-4d4417a elementor-section-boxed elementor-section-height-default elementor-section-height-default\" data-id=\"4d4417a\" data-element_type=\"section\">\n\t\t\t\t\t\t<div class=\"elementor-container elementor-column-gap-default\">\n\t\t\t\t\t<div class=\"elementor-column elementor-col-50 elementor-top-column elementor-element elementor-element-183c1c8\" data-id=\"183c1c8\" data-element_type=\"column\">\n\t\t\t<div class=\"elementor-widget-wrap elementor-element-populated\">\n\t\t\t\t\t\t<div class=\"elementor-element elementor-element-797fee5 elementor-widget elementor-widget-ucaddon_block_rouge_titre\" data-id=\"797fee5\" data-element_type=\"widget\" data-widget_type=\"ucaddon_block_rouge_titre.default\">\n\t\t\t\t<div class=\"elementor-widget-container\">\n\t\t\t\t\t\n<!-- start Block titre -->\n\t\t<link id='uc_ac_assets_file_block_titre_css_1681-css' href='https:\/\/gamesfactory.fr\/chalon\/wp-content\/uploads\/sites\/4\/ac_assets\/custom\/block-titre.css' type='text\/css' rel='stylesheet' >\n\n\n<div class=\"block-titre\">\n\n  <div class=\"content\">\n    <h2 class=\"titre\">Pr\u00eat pour<\/h2>\n    <h3 class=\"sous-titre\">Une immersion musicale ?<\/h3>\n    \n        \n        \n  <\/div>\t\n\n<\/div>\n<!-- end Block titre -->\t\t\t\t<\/div>\n\t\t\t\t<\/div>\n\t\t\t\t\t<\/div>\n\t\t<\/div>\n\t\t\t\t<div class=\"elementor-column elementor-col-50 elementor-top-column elementor-element elementor-element-e9d34d1\" data-id=\"e9d34d1\" data-element_type=\"column\">\n\t\t\t<div class=\"elementor-widget-wrap elementor-element-populated\">\n\t\t\t\t\t\t<div class=\"elementor-element elementor-element-2da04b7 elementor-widget elementor-widget-image\" data-id=\"2da04b7\" data-element_type=\"widget\" data-widget_type=\"image.default\">\n\t\t\t\t<div class=\"elementor-widget-container\">\n\t\t\t\t\t\t\t\t\t\t\t\t\t\t\t<img fetchpriority=\"high\" decoding=\"async\" width=\"768\" height=\"576\" src=\"https:\/\/gamesfactory.fr\/chalon\/wp-content\/uploads\/sites\/4\/2023\/04\/karaoke-768x576.png\" class=\"attachment-medium_large size-medium_large wp-image-1553\" alt=\"\" srcset=\"https:\/\/gamesfactory.fr\/chalon\/wp-content\/uploads\/sites\/4\/2023\/04\/karaoke-768x576.png 768w, https:\/\/gamesfactory.fr\/chalon\/wp-content\/uploads\/sites\/4\/2023\/04\/karaoke-300x225.png 300w, https:\/\/gamesfactory.fr\/chalon\/wp-content\/uploads\/sites\/4\/2023\/04\/karaoke.png 800w\" sizes=\"(max-width: 768px) 100vw, 768px\" \/>\t\t\t\t\t\t\t\t\t\t\t\t\t\t\t<\/div>\n\t\t\t\t<\/div>\n\t\t\t\t\t<\/div>\n\t\t<\/div>\n\t\t\t\t\t<\/div>\n\t\t<\/section>\n\t\t\t\t<section class=\"elementor-section elementor-top-section elementor-element elementor-element-8285c0d elementor-section-boxed elementor-section-height-default elementor-section-height-default\" data-id=\"8285c0d\" data-element_type=\"section\">\n\t\t\t\t\t\t<div class=\"elementor-container elementor-column-gap-default\">\n\t\t\t\t\t<div class=\"elementor-column elementor-col-50 elementor-top-column elementor-element elementor-element-aaae53b\" data-id=\"aaae53b\" data-element_type=\"column\" data-settings=\"{&quot;background_background&quot;:&quot;classic&quot;}\">\n\t\t\t<div class=\"elementor-widget-wrap elementor-element-populated\">\n\t\t\t\t\t\t<div class=\"elementor-element elementor-element-e837869 elementor-widget elementor-widget-spacer\" data-id=\"e837869\" data-element_type=\"widget\" data-widget_type=\"spacer.default\">\n\t\t\t\t<div class=\"elementor-widget-container\">\n\t\t\t\t\t\t\t<div class=\"elementor-spacer\">\n\t\t\t<div class=\"elementor-spacer-inner\"><\/div>\n\t\t<\/div>\n\t\t\t\t\t\t<\/div>\n\t\t\t\t<\/div>\n\t\t\t\t\t<\/div>\n\t\t<\/div>\n\t\t\t\t<div class=\"elementor-column elementor-col-50 elementor-top-column elementor-element elementor-element-e7b3d80\" data-id=\"e7b3d80\" data-element_type=\"column\">\n\t\t\t<div class=\"elementor-widget-wrap elementor-element-populated\">\n\t\t\t\t\t\t<div class=\"elementor-element elementor-element-2935cd0 elementor-widget elementor-widget-ucaddon_block_text_titre\" data-id=\"2935cd0\" data-element_type=\"widget\" data-widget_type=\"ucaddon_block_text_titre.default\">\n\t\t\t\t<div class=\"elementor-widget-container\">\n\t\t\t\t\t\n<!-- start Block text -->\n\t\t<link id='uc_ac_assets_file_block_text_css_925-css' href='https:\/\/gamesfactory.fr\/chalon\/wp-content\/uploads\/sites\/4\/ac_assets\/custom\/block-text.css' type='text\/css' rel='stylesheet' >\n\n\n<div class=\"block-text-titre\">\n  <h2 class=\"titre\">Que les <\/h2>\n  <h3 class=\"sous-titre\">auditions commencent !<\/h3>\n  <p class=\"description\"><p class=\"font_7\"><span class=\"color_11\">Nous vous proposons une <\/span><span class=\"color_11\">salle priv\u00e9e de <strong>Karaok\u00e9<\/strong> \u00e0 louer, de 4 \u00e0 12 personnes.<\/span><\/p><p class=\"font_7\"><span class=\"color_11\">Entre amis, en famille ou m\u00eame dans un cadre team building; ces box sont id\u00e9als pour passer un bon moment de rigolade. N'ayez pas peur de pousser la chansonnette car les salles sont totalement insonoris\u00e9es.\u00a0<\/span><\/p><\/p>\n<\/div>\n<!-- end Block text -->\t\t\t\t<\/div>\n\t\t\t\t<\/div>\n\t\t\t\t<section class=\"elementor-section elementor-inner-section elementor-element elementor-element-569a356 elementor-section-boxed elementor-section-height-default elementor-section-height-default\" data-id=\"569a356\" data-element_type=\"section\">\n\t\t\t\t\t\t<div class=\"elementor-container elementor-column-gap-default\">\n\t\t\t\t\t<div class=\"elementor-column elementor-col-50 elementor-inner-column elementor-element elementor-element-b15a3de\" data-id=\"b15a3de\" data-element_type=\"column\">\n\t\t\t<div class=\"elementor-widget-wrap elementor-element-populated\">\n\t\t\t\t\t\t<div class=\"elementor-element elementor-element-6a2a5e8 elementor-align-justify elementor-widget elementor-widget-button\" data-id=\"6a2a5e8\" data-element_type=\"widget\" data-widget_type=\"button.default\">\n\t\t\t\t<div class=\"elementor-widget-container\">\n\t\t\t\t\t\t\t\t\t<div class=\"elementor-button-wrapper\">\n\t\t\t\t\t<a class=\"elementor-button elementor-button-link elementor-size-md\" href=\"https:\/\/gamesfactory.fr\/chalon\/reservations\/\">\n\t\t\t\t\t\t<span class=\"elementor-button-content-wrapper\">\n\t\t\t\t\t\t\t\t\t<span class=\"elementor-button-text\">R\u00e9servation<\/span>\n\t\t\t\t\t<\/span>\n\t\t\t\t\t<\/a>\n\t\t\t\t<\/div>\n\t\t\t\t\t\t\t\t<\/div>\n\t\t\t\t<\/div>\n\t\t\t\t\t<\/div>\n\t\t<\/div>\n\t\t\t\t<div class=\"elementor-column elementor-col-50 elementor-inner-column elementor-element elementor-element-7ef9b92\" data-id=\"7ef9b92\" data-element_type=\"column\">\n\t\t\t<div class=\"elementor-widget-wrap elementor-element-populated\">\n\t\t\t\t\t\t<div class=\"elementor-element elementor-element-fc94606 elementor-align-justify elementor-widget elementor-widget-button\" data-id=\"fc94606\" data-element_type=\"widget\" data-widget_type=\"button.default\">\n\t\t\t\t<div class=\"elementor-widget-container\">\n\t\t\t\t\t\t\t\t\t<div class=\"elementor-button-wrapper\">\n\t\t\t\t\t<a class=\"elementor-button elementor-button-link elementor-size-md\" href=\"https:\/\/gamesfactory.fr\/chalon\/tarifs\/\">\n\t\t\t\t\t\t<span class=\"elementor-button-content-wrapper\">\n\t\t\t\t\t\t\t\t\t<span class=\"elementor-button-text\">nos tarifs<\/span>\n\t\t\t\t\t<\/span>\n\t\t\t\t\t<\/a>\n\t\t\t\t<\/div>\n\t\t\t\t\t\t\t\t<\/div>\n\t\t\t\t<\/div>\n\t\t\t\t\t<\/div>\n\t\t<\/div>\n\t\t\t\t\t<\/div>\n\t\t<\/section>\n\t\t\t\t\t<\/div>\n\t\t<\/div>\n\t\t\t\t\t<\/div>\n\t\t<\/section>\n\t\t\t\t<section class=\"elementor-section elementor-top-section elementor-element elementor-element-7221cf7 elementor-section-boxed elementor-section-height-default elementor-section-height-default\" data-id=\"7221cf7\" data-element_type=\"section\">\n\t\t\t\t\t\t<div class=\"elementor-container elementor-column-gap-default\">\n\t\t\t\t\t<div class=\"elementor-column elementor-col-100 elementor-top-column elementor-element elementor-element-beaa075\" data-id=\"beaa075\" data-element_type=\"column\">\n\t\t\t<div class=\"elementor-widget-wrap elementor-element-populated\">\n\t\t\t\t\t\t<div class=\"elementor-element elementor-element-cc8c693 elementor-widget elementor-widget-spacer\" data-id=\"cc8c693\" data-element_type=\"widget\" data-widget_type=\"spacer.default\">\n\t\t\t\t<div class=\"elementor-widget-container\">\n\t\t\t\t\t\t\t<div class=\"elementor-spacer\">\n\t\t\t<div class=\"elementor-spacer-inner\"><\/div>\n\t\t<\/div>\n\t\t\t\t\t\t<\/div>\n\t\t\t\t<\/div>\n\t\t\t\t\t<\/div>\n\t\t<\/div>\n\t\t\t\t\t<\/div>\n\t\t<\/section>\n\t\t\t\t<\/div>\n\t\t","protected":false},"excerpt":{"rendered":"<p>Pr\u00eat pour Une immersion musicale ? Que les auditions commencent ! Nous vous proposons une salle priv\u00e9e de Karaok\u00e9 \u00e0 [&hellip;]<\/p>\n","protected":false},"author":2,"featured_media":0,"parent":0,"menu_order":0,"comment_status":"closed","ping_status":"closed","template":"","meta":{"inline_featured_image":false,"site-sidebar-layout":"no-sidebar","site-content-layout":"page-builder","ast-site-content-layout":"","site-content-style":"default","site-sidebar-style":"default","ast-global-header-display":"","ast-banner-title-visibility":"","ast-main-header-display":"","ast-hfb-above-header-display":"","ast-hfb-below-header-display":"","ast-hfb-mobile-header-display":"","site-post-title":"disabled","ast-breadcrumbs-content":"","ast-featured-img":"disabled","footer-sml-layout":"","theme-transparent-header-meta":"","adv-header-id-meta":"","stick-header-meta":"","header-above-stick-meta":"","header-main-stick-meta":"","header-below-stick-meta":"","astra-migrate-meta-layouts":"default","ast-page-background-enabled":"default","ast-page-background-meta":{"desktop":{"background-color":"","background-image":"","background-repeat":"repeat","background-position":"center center","background-size":"auto","background-attachment":"scroll","background-type":"","background-media":"","overlay-type":"","overlay-color":"","overlay-opacity":"","overlay-gradient":""},"tablet":{"background-color":"","background-image":"","background-repeat":"repeat","background-position":"center center","background-size":"auto","background-attachment":"scroll","background-type":"","background-media":"","overlay-type":"","overlay-color":"","overlay-opacity":"","overlay-gradient":""},"mobile":{"background-color":"","background-image":"","background-repeat":"repeat","background-position":"center center","background-size":"auto","background-attachment":"scroll","background-type":"","background-media":"","overlay-type":"","overlay-color":"","overlay-opacity":"","overlay-gradient":""}},"ast-content-background-meta":{"desktop":{"background-color":"var(--ast-global-color-5)","background-image":"","background-repeat":"repeat","background-position":"center center","background-size":"auto","background-attachment":"scroll","background-type":"","background-media":"","overlay-type":"","overlay-color":"","overlay-opacity":"","overlay-gradient":""},"tablet":{"background-color":"var(--ast-global-color-5)","background-image":"","background-repeat":"repeat","background-position":"center center","background-size":"auto","background-attachment":"scroll","background-type":"","background-media":"","overlay-type":"","overlay-color":"","overlay-opacity":"","overlay-gradient":""},"mobile":{"background-color":"var(--ast-global-color-5)","background-image":"","background-repeat":"repeat","background-position":"center center","background-size":"auto","background-attachment":"scroll","background-type":"","background-media":"","overlay-type":"","overlay-color":"","overlay-opacity":"","overlay-gradient":""}},"footnotes":""},"class_list":["post-1193","page","type-page","status-publish","hentry"],"yoast_head":"<!-- This site is optimized with the Yoast SEO plugin v24.6 - https:\/\/yoast.com\/wordpress\/plugins\/seo\/ -->\n<title>Karaok\u00e9 Box - Games Factory Chalon<\/title>\n<meta name=\"robots\" content=\"index, follow, max-snippet:-1, max-image-preview:large, max-video-preview:-1\" \/>\n<link rel=\"canonical\" href=\"https:\/\/gamesfactory.fr\/chalon\/karaoke-box\/\" \/>\n<meta property=\"og:locale\" content=\"fr_FR\" \/>\n<meta property=\"og:type\" content=\"article\" \/>\n<meta property=\"og:title\" content=\"Karaok\u00e9 Box - Games Factory Chalon\" \/>\n<meta property=\"og:description\" content=\"Pr\u00eat pour Une immersion musicale ? Que les auditions commencent ! Nous vous proposons une salle priv\u00e9e de Karaok\u00e9 \u00e0 [&hellip;]\" \/>\n<meta property=\"og:url\" content=\"https:\/\/gamesfactory.fr\/chalon\/karaoke-box\/\" \/>\n<meta property=\"og:site_name\" content=\"Games Factory Chalon\" \/>\n<meta property=\"article:modified_time\" content=\"2025-05-21T07:57:10+00:00\" \/>\n<meta property=\"og:image\" content=\"https:\/\/gamesfactory.fr\/chalon\/wp-content\/uploads\/sites\/4\/2023\/04\/karaoke.png\" \/>\n\t<meta property=\"og:image:width\" content=\"800\" \/>\n\t<meta property=\"og:image:height\" content=\"600\" \/>\n\t<meta property=\"og:image:type\" content=\"image\/png\" \/>\n<meta name=\"twitter:card\" content=\"summary_large_image\" \/>\n<meta name=\"twitter:label1\" content=\"Dur\u00e9e de lecture estim\u00e9e\" \/>\n\t<meta name=\"twitter:data1\" content=\"1 minute\" \/>\n<script type=\"application\/ld+json\" class=\"yoast-schema-graph\">{\"@context\":\"https:\/\/schema.org\",\"@graph\":[{\"@type\":\"WebPage\",\"@id\":\"https:\/\/gamesfactory.fr\/chalon\/karaoke-box\/\",\"url\":\"https:\/\/gamesfactory.fr\/chalon\/karaoke-box\/\",\"name\":\"Karaok\u00e9 Box - Games Factory Chalon\",\"isPartOf\":{\"@id\":\"https:\/\/gamesfactory.fr\/chalon\/#website\"},\"primaryImageOfPage\":{\"@id\":\"https:\/\/gamesfactory.fr\/chalon\/karaoke-box\/#primaryimage\"},\"image\":{\"@id\":\"https:\/\/gamesfactory.fr\/chalon\/karaoke-box\/#primaryimage\"},\"thumbnailUrl\":\"https:\/\/gamesfactory.fr\/chalon\/wp-content\/uploads\/sites\/4\/2023\/04\/karaoke-768x576.png\",\"datePublished\":\"2023-03-20T08:28:02+00:00\",\"dateModified\":\"2025-05-21T07:57:10+00:00\",\"breadcrumb\":{\"@id\":\"https:\/\/gamesfactory.fr\/chalon\/karaoke-box\/#breadcrumb\"},\"inLanguage\":\"fr-FR\",\"potentialAction\":[{\"@type\":\"ReadAction\",\"target\":[\"https:\/\/gamesfactory.fr\/chalon\/karaoke-box\/\"]}]},{\"@type\":\"ImageObject\",\"inLanguage\":\"fr-FR\",\"@id\":\"https:\/\/gamesfactory.fr\/chalon\/karaoke-box\/#primaryimage\",\"url\":\"https:\/\/gamesfactory.fr\/chalon\/wp-content\/uploads\/sites\/4\/2023\/04\/karaoke.png\",\"contentUrl\":\"https:\/\/gamesfactory.fr\/chalon\/wp-content\/uploads\/sites\/4\/2023\/04\/karaoke.png\",\"width\":800,\"height\":600},{\"@type\":\"BreadcrumbList\",\"@id\":\"https:\/\/gamesfactory.fr\/chalon\/karaoke-box\/#breadcrumb\",\"itemListElement\":[{\"@type\":\"ListItem\",\"position\":1,\"name\":\"Accueil\",\"item\":\"https:\/\/gamesfactory.fr\/chalon\/\"},{\"@type\":\"ListItem\",\"position\":2,\"name\":\"Karaok\u00e9 Box\"}]},{\"@type\":\"WebSite\",\"@id\":\"https:\/\/gamesfactory.fr\/chalon\/#website\",\"url\":\"https:\/\/gamesfactory.fr\/chalon\/\",\"name\":\"Games Factory Chalon\",\"description\":\"Votre complexe de loisirs \u00e0 Chalon\",\"potentialAction\":[{\"@type\":\"SearchAction\",\"target\":{\"@type\":\"EntryPoint\",\"urlTemplate\":\"https:\/\/gamesfactory.fr\/chalon\/?s={search_term_string}\"},\"query-input\":{\"@type\":\"PropertyValueSpecification\",\"valueRequired\":true,\"valueName\":\"search_term_string\"}}],\"inLanguage\":\"fr-FR\"}]}<\/script>\n<!-- \/ Yoast SEO plugin. -->","yoast_head_json":{"title":"Karaok\u00e9 Box - Games Factory Chalon","robots":{"index":"index","follow":"follow","max-snippet":"max-snippet:-1","max-image-preview":"max-image-preview:large","max-video-preview":"max-video-preview:-1"},"canonical":"https:\/\/gamesfactory.fr\/chalon\/karaoke-box\/","og_locale":"fr_FR","og_type":"article","og_title":"Karaok\u00e9 Box - Games Factory Chalon","og_description":"Pr\u00eat pour Une immersion musicale ? Que les auditions commencent ! Nous vous proposons une salle priv\u00e9e de Karaok\u00e9 \u00e0 [&hellip;]","og_url":"https:\/\/gamesfactory.fr\/chalon\/karaoke-box\/","og_site_name":"Games Factory Chalon","article_modified_time":"2025-05-21T07:57:10+00:00","og_image":[{"width":800,"height":600,"url":"https:\/\/gamesfactory.fr\/chalon\/wp-content\/uploads\/sites\/4\/2023\/04\/karaoke.png","type":"image\/png"}],"twitter_card":"summary_large_image","twitter_misc":{"Dur\u00e9e de lecture estim\u00e9e":"1 minute"},"schema":{"@context":"https:\/\/schema.org","@graph":[{"@type":"WebPage","@id":"https:\/\/gamesfactory.fr\/chalon\/karaoke-box\/","url":"https:\/\/gamesfactory.fr\/chalon\/karaoke-box\/","name":"Karaok\u00e9 Box - Games Factory Chalon","isPartOf":{"@id":"https:\/\/gamesfactory.fr\/chalon\/#website"},"primaryImageOfPage":{"@id":"https:\/\/gamesfactory.fr\/chalon\/karaoke-box\/#primaryimage"},"image":{"@id":"https:\/\/gamesfactory.fr\/chalon\/karaoke-box\/#primaryimage"},"thumbnailUrl":"https:\/\/gamesfactory.fr\/chalon\/wp-content\/uploads\/sites\/4\/2023\/04\/karaoke-768x576.png","datePublished":"2023-03-20T08:28:02+00:00","dateModified":"2025-05-21T07:57:10+00:00","breadcrumb":{"@id":"https:\/\/gamesfactory.fr\/chalon\/karaoke-box\/#breadcrumb"},"inLanguage":"fr-FR","potentialAction":[{"@type":"ReadAction","target":["https:\/\/gamesfactory.fr\/chalon\/karaoke-box\/"]}]},{"@type":"ImageObject","inLanguage":"fr-FR","@id":"https:\/\/gamesfactory.fr\/chalon\/karaoke-box\/#primaryimage","url":"https:\/\/gamesfactory.fr\/chalon\/wp-content\/uploads\/sites\/4\/2023\/04\/karaoke.png","contentUrl":"https:\/\/gamesfactory.fr\/chalon\/wp-content\/uploads\/sites\/4\/2023\/04\/karaoke.png","width":800,"height":600},{"@type":"BreadcrumbList","@id":"https:\/\/gamesfactory.fr\/chalon\/karaoke-box\/#breadcrumb","itemListElement":[{"@type":"ListItem","position":1,"name":"Accueil","item":"https:\/\/gamesfactory.fr\/chalon\/"},{"@type":"ListItem","position":2,"name":"Karaok\u00e9 Box"}]},{"@type":"WebSite","@id":"https:\/\/gamesfactory.fr\/chalon\/#website","url":"https:\/\/gamesfactory.fr\/chalon\/","name":"Games Factory Chalon","description":"Votre complexe de loisirs \u00e0 Chalon","potentialAction":[{"@type":"SearchAction","target":{"@type":"EntryPoint","urlTemplate":"https:\/\/gamesfactory.fr\/chalon\/?s={search_term_string}"},"query-input":{"@type":"PropertyValueSpecification","valueRequired":true,"valueName":"search_term_string"}}],"inLanguage":"fr-FR"}]}},"_links":{"self":[{"href":"https:\/\/gamesfactory.fr\/chalon\/wp-json\/wp\/v2\/pages\/1193","targetHints":{"allow":["GET"]}}],"collection":[{"href":"https:\/\/gamesfactory.fr\/chalon\/wp-json\/wp\/v2\/pages"}],"about":[{"href":"https:\/\/gamesfactory.fr\/chalon\/wp-json\/wp\/v2\/types\/page"}],"author":[{"embeddable":true,"href":"https:\/\/gamesfactory.fr\/chalon\/wp-json\/wp\/v2\/users\/2"}],"replies":[{"embeddable":true,"href":"https:\/\/gamesfactory.fr\/chalon\/wp-json\/wp\/v2\/comments?post=1193"}],"version-history":[{"count":85,"href":"https:\/\/gamesfactory.fr\/chalon\/wp-json\/wp\/v2\/pages\/1193\/revisions"}],"predecessor-version":[{"id":2366,"href":"https:\/\/gamesfactory.fr\/chalon\/wp-json\/wp\/v2\/pages\/1193\/revisions\/2366"}],"wp:attachment":[{"href":"https:\/\/gamesfactory.fr\/chalon\/wp-json\/wp\/v2\/media?parent=1193"}],"curies":[{"name":"wp","href":"https:\/\/api.w.org\/{rel}","templated":true}]}}