{"id":70,"date":"2020-09-03T15:32:00","date_gmt":"2020-09-03T13:32:00","guid":{"rendered":"https:\/\/gamesfactory.fr\/chalon\/?page_id=70"},"modified":"2026-01-09T11:54:43","modified_gmt":"2026-01-09T10:54:43","slug":"laser-games","status":"publish","type":"page","link":"https:\/\/gamesfactory.fr\/chalon\/laser-games\/","title":{"rendered":"Laser games"},"content":{"rendered":"\t\t<div data-elementor-type=\"wp-page\" data-elementor-id=\"70\" class=\"elementor elementor-70\">\n\t\t\t\t\t\t<section class=\"elementor-section elementor-top-section elementor-element elementor-element-1dc65ba8 elementor-section-full_width elementor-section-height-default elementor-section-height-default\" data-id=\"1dc65ba8\" data-element_type=\"section\">\n\t\t\t\t\t\t<div class=\"elementor-container elementor-column-gap-default\">\n\t\t\t\t\t<div class=\"elementor-column elementor-col-100 elementor-top-column elementor-element elementor-element-4c8ef2ab\" data-id=\"4c8ef2ab\" data-element_type=\"column\">\n\t\t\t<div class=\"elementor-widget-wrap elementor-element-populated\">\n\t\t\t\t\t\t<section class=\"elementor-section elementor-inner-section elementor-element elementor-element-601b0792 elementor-section-full_width elementor-reverse-mobile elementor-section-height-default elementor-section-height-default\" data-id=\"601b0792\" data-element_type=\"section\">\n\t\t\t\t\t\t<div class=\"elementor-container elementor-column-gap-default\">\n\t\t\t\t\t<div class=\"elementor-column elementor-col-50 elementor-inner-column elementor-element elementor-element-67f45858\" data-id=\"67f45858\" data-element_type=\"column\">\n\t\t\t<div class=\"elementor-widget-wrap elementor-element-populated\">\n\t\t\t\t\t\t<div class=\"elementor-element elementor-element-7bcb1258 elementor-widget elementor-widget-ucaddon_block_rouge_titre\" data-id=\"7bcb1258\" data-element_type=\"widget\" data-widget_type=\"ucaddon_block_rouge_titre.default\">\n\t\t\t\t<div class=\"elementor-widget-container\">\n\t\t\t\t\t\n<!-- start Block titre -->\n\t\t<link id='uc_ac_assets_file_block_titre_css_1681-css' href='https:\/\/gamesfactory.fr\/chalon\/wp-content\/uploads\/sites\/4\/ac_assets\/custom\/block-titre.css' type='text\/css' rel='stylesheet' >\n\n\n<div class=\"block-titre\">\n\n  <div class=\"content\">\n    <h2 class=\"titre\">Pour la m\u00eame personne, hors vacances scolaires, jours et veilles de jours f\u00e9ri\u00e9s<\/h2>\n    <h3 class=\"sous-titre\">Les mercredis et dimanches de 14h \u00e0 19h <br>2 PARTIES achetees <br> = <br>1 PARTIE OFFERTE<\/h3>\n    \n        \n        \n  <\/div>\t\n\n<\/div>\n<!-- end Block titre -->\t\t\t\t<\/div>\n\t\t\t\t<\/div>\n\t\t\t\t<div class=\"elementor-element elementor-element-4289db6b elementor-widget elementor-widget-ucaddon_block_image\" data-id=\"4289db6b\" data-element_type=\"widget\" data-widget_type=\"ucaddon_block_image.default\">\n\t\t\t\t<div class=\"elementor-widget-container\">\n\t\t\t\t\t\n<!-- start Block image -->\n\t\t<link id='uc_ac_assets_file_block_image_css_912-css' href='https:\/\/gamesfactory.fr\/chalon\/wp-content\/uploads\/sites\/4\/ac_assets\/custom\/block-image.css' type='text\/css' rel='stylesheet' >\n\n\n<div class=\"block-image\">\n  <div class=\"bg\" style=\"background-image: url('https:\/\/gamesfactory.fr\/chalon\/wp-content\/uploads\/sites\/4\/2023\/04\/laser-game.png'); \"><\/div>\n<\/div>\n<!-- end Block image -->\t\t\t\t<\/div>\n\t\t\t\t<\/div>\n\t\t\t\t<section class=\"elementor-section elementor-inner-section elementor-element elementor-element-d35b84a elementor-section-boxed elementor-section-height-default elementor-section-height-default\" data-id=\"d35b84a\" data-element_type=\"section\">\n\t\t\t\t\t\t<div class=\"elementor-container elementor-column-gap-default\">\n\t\t\t\t\t<div class=\"elementor-column elementor-col-50 elementor-inner-column elementor-element elementor-element-4673e52\" data-id=\"4673e52\" data-element_type=\"column\">\n\t\t\t<div class=\"elementor-widget-wrap elementor-element-populated\">\n\t\t\t\t\t\t<div class=\"elementor-element elementor-element-20a0936 elementor-align-justify elementor-widget elementor-widget-button\" data-id=\"20a0936\" data-element_type=\"widget\" data-widget_type=\"button.default\">\n\t\t\t\t<div class=\"elementor-widget-container\">\n\t\t\t\t\t\t\t\t\t<div class=\"elementor-button-wrapper\">\n\t\t\t\t\t<a class=\"elementor-button elementor-button-link elementor-size-md\" href=\"https:\/\/gamesfactory.fr\/chalon\/reservations\/\">\n\t\t\t\t\t\t<span class=\"elementor-button-content-wrapper\">\n\t\t\t\t\t\t\t\t\t<span class=\"elementor-button-text\">R\u00e9servation<\/span>\n\t\t\t\t\t<\/span>\n\t\t\t\t\t<\/a>\n\t\t\t\t<\/div>\n\t\t\t\t\t\t\t\t<\/div>\n\t\t\t\t<\/div>\n\t\t\t\t\t<\/div>\n\t\t<\/div>\n\t\t\t\t<div class=\"elementor-column elementor-col-50 elementor-inner-column elementor-element elementor-element-9522e7e\" data-id=\"9522e7e\" data-element_type=\"column\">\n\t\t\t<div class=\"elementor-widget-wrap elementor-element-populated\">\n\t\t\t\t\t\t<div class=\"elementor-element elementor-element-be17321 elementor-align-justify elementor-widget elementor-widget-button\" data-id=\"be17321\" data-element_type=\"widget\" data-widget_type=\"button.default\">\n\t\t\t\t<div class=\"elementor-widget-container\">\n\t\t\t\t\t\t\t\t\t<div class=\"elementor-button-wrapper\">\n\t\t\t\t\t<a class=\"elementor-button elementor-button-link elementor-size-md\" href=\"https:\/\/gamesfactory.fr\/chalon\/tarifs\/\">\n\t\t\t\t\t\t<span class=\"elementor-button-content-wrapper\">\n\t\t\t\t\t\t\t\t\t<span class=\"elementor-button-text\">nos tarifs<\/span>\n\t\t\t\t\t<\/span>\n\t\t\t\t\t<\/a>\n\t\t\t\t<\/div>\n\t\t\t\t\t\t\t\t<\/div>\n\t\t\t\t<\/div>\n\t\t\t\t\t<\/div>\n\t\t<\/div>\n\t\t\t\t\t<\/div>\n\t\t<\/section>\n\t\t\t\t\t<\/div>\n\t\t<\/div>\n\t\t\t\t<div class=\"elementor-column elementor-col-50 elementor-inner-column elementor-element elementor-element-3363b8bf\" data-id=\"3363b8bf\" data-element_type=\"column\">\n\t\t\t<div class=\"elementor-widget-wrap elementor-element-populated\">\n\t\t\t\t\t\t<div class=\"elementor-element elementor-element-559a2f8d elementor-widget elementor-widget-ucaddon_block_rouge_titre\" data-id=\"559a2f8d\" data-element_type=\"widget\" data-widget_type=\"ucaddon_block_rouge_titre.default\">\n\t\t\t\t<div class=\"elementor-widget-container\">\n\t\t\t\t\t\n<!-- start Block titre -->\n\n\n<div class=\"block-titre\">\n\n  <div class=\"content\">\n    <h2 class=\"titre\">Venez d\u00e9fier vos amis dans un <\/h2>\n    <h3 class=\"sous-titre\">Labyrinthe de 450m2<\/h3>\n    \n        \n          <div class=\"bg\" style=\"background-image: url('https:\/\/gamesfactory.fr\/chalon\/wp-content\/uploads\/sites\/4\/unlimited_elements\/Zone-LaserGame-Games-Factory.jpg'); \"><\/div>\n        \n  <\/div>\t\n\n<\/div>\n<!-- end Block titre -->\t\t\t\t<\/div>\n\t\t\t\t<\/div>\n\t\t\t\t<div class=\"elementor-element elementor-element-53cb84cb elementor-widget elementor-widget-ucaddon_block_text_titre\" data-id=\"53cb84cb\" data-element_type=\"widget\" data-widget_type=\"ucaddon_block_text_titre.default\">\n\t\t\t\t<div class=\"elementor-widget-container\">\n\t\t\t\t\t\n<!-- start Block text -->\n\t\t<link id='uc_ac_assets_file_block_text_css_925-css' href='https:\/\/gamesfactory.fr\/chalon\/wp-content\/uploads\/sites\/4\/ac_assets\/custom\/block-text.css' type='text\/css' rel='stylesheet' >\n\n\n<div class=\"block-text-titre\">\n  <h2 class=\"titre\">Venant tout droit des USA!<\/h2>\n  <h3 class=\"sous-titre\">UN PEU D\u2019HISTOIRE<\/h3>\n  <p class=\"description\"><p>Le Laser-Tag nous vient des Etats-Unis. L\u2019histoire nous dit que l\u2019inventeur de ce concept, Georges Carter, aurait eu l\u2019id\u00e9e de ces batailles laser en allant voir StarWars en 1977. Carter ouvre la premi\u00e8re salle de laser-tag en 1984 au Texas et la baptise Photon. Le succ\u00e8s devient alors fulgurant aux Etats-Unis. Cette technologie de tir est grandement inspir\u00e9e par le militaire : en 1980 l\u2019arm\u00e9e am\u00e9ricaine d\u00e9veloppe un programme d\u2019entra\u00eenement militaire qui utilise un tir infrarouge coupl\u00e9 \u00e0 une vis\u00e9e laser. Le score de chaque joueur est enregistr\u00e9 lorsqu\u2019il atteint une cible sur son adversaire.<\/p><\/p>\n<\/div>\n<!-- end Block text -->\t\t\t\t<\/div>\n\t\t\t\t<\/div>\n\t\t\t\t\t<\/div>\n\t\t<\/div>\n\t\t\t\t\t<\/div>\n\t\t<\/section>\n\t\t\t\t\t<\/div>\n\t\t<\/div>\n\t\t\t\t\t<\/div>\n\t\t<\/section>\n\t\t\t\t<section class=\"elementor-section elementor-top-section elementor-element elementor-element-12ff60e4 elementor-section-full_width elementor-section-content-middle elementor-reverse-tablet elementor-reverse-mobile elementor-section-height-default elementor-section-height-default\" data-id=\"12ff60e4\" data-element_type=\"section\">\n\t\t\t\t\t\t<div class=\"elementor-container elementor-column-gap-default\">\n\t\t\t\t\t<div class=\"elementor-column elementor-col-50 elementor-top-column elementor-element elementor-element-2bd89e83\" data-id=\"2bd89e83\" data-element_type=\"column\">\n\t\t\t<div class=\"elementor-widget-wrap elementor-element-populated\">\n\t\t\t\t\t\t<div class=\"elementor-element elementor-element-3da28b76 elementor-widget elementor-widget-ucaddon_block_text_titre\" data-id=\"3da28b76\" data-element_type=\"widget\" data-widget_type=\"ucaddon_block_text_titre.default\">\n\t\t\t\t<div class=\"elementor-widget-container\">\n\t\t\t\t\t\n<!-- start Block text -->\n\n\n<div class=\"block-text-titre\">\n  <h2 class=\"titre\">Venez d\u00e9fier vos amis, coll\u00e8gues de boulot, famille\u2026<\/h2>\n  <h3 class=\"sous-titre\">AU LASER GAMEs!<\/h3>\n  <p class=\"description\"><p>Qui n\u2019a jamais connu cette situation qui consiste \u00e0 faire un choix de sortie avec pour terrible imp\u00e9ratif de satisfaire tout le monde le temps d\u2019une journ\u00e9e ou de quelques heures en soir\u00e9e ? Pourtant depuis une dizaine d\u2019ann\u00e9es en Europe, la mode est au Laser games.<\/p><\/p>\n<\/div>\n<!-- end Block text -->\t\t\t\t<\/div>\n\t\t\t\t<\/div>\n\t\t\t\t<div class=\"elementor-element elementor-element-9ab1f7b elementor-button-info elementor-align-justify elementor-widget elementor-widget-button\" data-id=\"9ab1f7b\" data-element_type=\"widget\" data-widget_type=\"button.default\">\n\t\t\t\t<div class=\"elementor-widget-container\">\n\t\t\t\t\t\t\t\t\t<div class=\"elementor-button-wrapper\">\n\t\t\t\t\t<a class=\"elementor-button elementor-button-link elementor-size-md\" href=\"https:\/\/gamesfactory.fr\/wp-content\/uploads\/2026\/01\/GF-A4-Carte-fidelite-Site-Web-JPG.jpg\">\n\t\t\t\t\t\t<span class=\"elementor-button-content-wrapper\">\n\t\t\t\t\t\t\t\t\t<span class=\"elementor-button-text\">CARTE DE FID\u00c9LIT\u00c9<\/span>\n\t\t\t\t\t<\/span>\n\t\t\t\t\t<\/a>\n\t\t\t\t<\/div>\n\t\t\t\t\t\t\t\t<\/div>\n\t\t\t\t<\/div>\n\t\t\t\t\t<\/div>\n\t\t<\/div>\n\t\t\t\t<div class=\"elementor-column elementor-col-50 elementor-top-column elementor-element elementor-element-5b15db9\" data-id=\"5b15db9\" data-element_type=\"column\" data-settings=\"{&quot;background_background&quot;:&quot;classic&quot;}\">\n\t\t\t<div class=\"elementor-widget-wrap elementor-element-populated\">\n\t\t\t\t\t\t<div class=\"elementor-element elementor-element-5b7acf1d elementor-widget elementor-widget-ucaddon_block_rouge_titre\" data-id=\"5b7acf1d\" data-element_type=\"widget\" data-widget_type=\"ucaddon_block_rouge_titre.default\">\n\t\t\t\t<div class=\"elementor-widget-container\">\n\t\t\t\t\t\n<!-- start Block titre -->\n\n\n<div class=\"block-titre\">\n\n  <div class=\"content\">\n    <h2 class=\"titre\">Parties illimit\u00e9es tous les mercredis et vendredis de 20h \u00e0 minuit, valable toute l'ann\u00e9e<\/h2>\n    <h3 class=\"sous-titre\">LASER A GOGO : 17\u20ac \/PERS<\/h3>\n    \n        \n        \n  <\/div>\t\n\n<\/div>\n<!-- end Block titre -->\t\t\t\t<\/div>\n\t\t\t\t<\/div>\n\t\t\t\t\t<\/div>\n\t\t<\/div>\n\t\t\t\t\t<\/div>\n\t\t<\/section>\n\t\t\t\t<section class=\"elementor-section elementor-top-section elementor-element elementor-element-6cf0e39f elementor-section-full_width elementor-section-height-default elementor-section-height-default\" data-id=\"6cf0e39f\" data-element_type=\"section\">\n\t\t\t\t\t\t<div class=\"elementor-container elementor-column-gap-default\">\n\t\t\t\t\t<div class=\"elementor-column elementor-col-50 elementor-top-column elementor-element elementor-element-651dc5cf\" data-id=\"651dc5cf\" data-element_type=\"column\">\n\t\t\t<div class=\"elementor-widget-wrap elementor-element-populated\">\n\t\t\t\t\t\t<div class=\"elementor-element elementor-element-2c89adf4 elementor-widget elementor-widget-ucaddon_block_rouge_titre\" data-id=\"2c89adf4\" data-element_type=\"widget\" data-widget_type=\"ucaddon_block_rouge_titre.default\">\n\t\t\t\t<div class=\"elementor-widget-container\">\n\t\t\t\t\t\n<!-- start Block titre -->\n\n\n<div class=\"block-titre\">\n\n  <div class=\"content\">\n    <h2 class=\"titre\">Venez f\u00eater l'anniversaire de votre enfant <\/h2>\n    <h3 class=\"sous-titre\">AU Games factory<\/h3>\n    \n          <a href=\"https:\/\/gamesfactory.fr\/chalon\/anniversaire\/\" class=\"lien\"><\/a>\n        \n          <div class=\"bg\" style=\"background-image: url('https:\/\/gamesfactory.fr\/chalon\/wp-content\/uploads\/sites\/4\/2023\/04\/anni-enfant.png'); \"><\/div>\n        \n  <\/div>\t\n\n<\/div>\n<!-- end Block titre -->\t\t\t\t<\/div>\n\t\t\t\t<\/div>\n\t\t\t\t\t<\/div>\n\t\t<\/div>\n\t\t\t\t<div class=\"elementor-column elementor-col-50 elementor-top-column elementor-element elementor-element-3a99ca03\" data-id=\"3a99ca03\" data-element_type=\"column\">\n\t\t\t<div class=\"elementor-widget-wrap elementor-element-populated\">\n\t\t\t\t\t\t<div class=\"elementor-element elementor-element-5dae37f5 elementor-widget elementor-widget-ucaddon_block_rouge_titre\" data-id=\"5dae37f5\" data-element_type=\"widget\" data-widget_type=\"ucaddon_block_rouge_titre.default\">\n\t\t\t\t<div class=\"elementor-widget-container\">\n\t\t\t\t\t\n<!-- start Block titre -->\n\n\n<div class=\"block-titre\">\n\n  <div class=\"content\">\n    <h2 class=\"titre\">Offrez un bon cadeau \u00e0 vos proches<\/h2>\n    <h3 class=\"sous-titre\">Vente en ligne<\/h3>\n    \n          <a href=\"\/boutique-en-ligne\" class=\"lien\"><\/a>\n        \n          <div class=\"bg\" style=\"background-image: url('https:\/\/gamesfactory.fr\/chalon\/wp-content\/uploads\/sites\/4\/2020\/11\/Image1.png'); \"><\/div>\n        \n  <\/div>\t\n\n<\/div>\n<!-- end Block titre -->\t\t\t\t<\/div>\n\t\t\t\t<\/div>\n\t\t\t\t\t<\/div>\n\t\t<\/div>\n\t\t\t\t\t<\/div>\n\t\t<\/section>\n\t\t\t\t<section class=\"elementor-section elementor-top-section elementor-element elementor-element-9caccb0 elementor-section-boxed elementor-section-height-default elementor-section-height-default\" data-id=\"9caccb0\" data-element_type=\"section\">\n\t\t\t\t\t\t<div class=\"elementor-container elementor-column-gap-default\">\n\t\t\t\t\t<div class=\"elementor-column elementor-col-100 elementor-top-column elementor-element elementor-element-8ec8bdd\" data-id=\"8ec8bdd\" data-element_type=\"column\">\n\t\t\t<div class=\"elementor-widget-wrap elementor-element-populated\">\n\t\t\t\t\t\t<div class=\"elementor-element elementor-element-ddab06b elementor-widget elementor-widget-spacer\" data-id=\"ddab06b\" data-element_type=\"widget\" data-widget_type=\"spacer.default\">\n\t\t\t\t<div class=\"elementor-widget-container\">\n\t\t\t\t\t\t\t<div class=\"elementor-spacer\">\n\t\t\t<div class=\"elementor-spacer-inner\"><\/div>\n\t\t<\/div>\n\t\t\t\t\t\t<\/div>\n\t\t\t\t<\/div>\n\t\t\t\t\t<\/div>\n\t\t<\/div>\n\t\t\t\t\t<\/div>\n\t\t<\/section>\n\t\t\t\t<\/div>\n\t\t","protected":false},"excerpt":{"rendered":"<p>Pour la m\u00eame personne, hors vacances scolaires, jours et veilles de jours f\u00e9ri\u00e9s Les mercredis et dimanches de 14h \u00e0 [&hellip;]<\/p>\n","protected":false},"author":1,"featured_media":0,"parent":0,"menu_order":0,"comment_status":"closed","ping_status":"closed","template":"","meta":{"inline_featured_image":false,"site-sidebar-layout":"no-sidebar","site-content-layout":"page-builder","ast-site-content-layout":"","site-content-style":"default","site-sidebar-style":"default","ast-global-header-display":"","ast-banner-title-visibility":"","ast-main-header-display":"","ast-hfb-above-header-display":"","ast-hfb-below-header-display":"","ast-hfb-mobile-header-display":"","site-post-title":"disabled","ast-breadcrumbs-content":"","ast-featured-img":"disabled","footer-sml-layout":"","theme-transparent-header-meta":"default","adv-header-id-meta":"","stick-header-meta":"","header-above-stick-meta":"","header-main-stick-meta":"","header-below-stick-meta":"","astra-migrate-meta-layouts":"default","ast-page-background-enabled":"default","ast-page-background-meta":{"desktop":{"background-color":"","background-image":"","background-repeat":"repeat","background-position":"center center","background-size":"auto","background-attachment":"scroll","background-type":"","background-media":"","overlay-type":"","overlay-color":"","overlay-opacity":"","overlay-gradient":""},"tablet":{"background-color":"","background-image":"","background-repeat":"repeat","background-position":"center center","background-size":"auto","background-attachment":"scroll","background-type":"","background-media":"","overlay-type":"","overlay-color":"","overlay-opacity":"","overlay-gradient":""},"mobile":{"background-color":"","background-image":"","background-repeat":"repeat","background-position":"center center","background-size":"auto","background-attachment":"scroll","background-type":"","background-media":"","overlay-type":"","overlay-color":"","overlay-opacity":"","overlay-gradient":""}},"ast-content-background-meta":{"desktop":{"background-color":"var(--ast-global-color-5)","background-image":"","background-repeat":"repeat","background-position":"center center","background-size":"auto","background-attachment":"scroll","background-type":"","background-media":"","overlay-type":"","overlay-color":"","overlay-opacity":"","overlay-gradient":""},"tablet":{"background-color":"var(--ast-global-color-5)","background-image":"","background-repeat":"repeat","background-position":"center center","background-size":"auto","background-attachment":"scroll","background-type":"","background-media":"","overlay-type":"","overlay-color":"","overlay-opacity":"","overlay-gradient":""},"mobile":{"background-color":"var(--ast-global-color-5)","background-image":"","background-repeat":"repeat","background-position":"center center","background-size":"auto","background-attachment":"scroll","background-type":"","background-media":"","overlay-type":"","overlay-color":"","overlay-opacity":"","overlay-gradient":""}},"footnotes":""},"class_list":["post-70","page","type-page","status-publish","hentry"],"yoast_head":"<!-- This site is optimized with the Yoast SEO plugin v24.6 - https:\/\/yoast.com\/wordpress\/plugins\/seo\/ -->\n<title>Laser games - Games Factory Chalon<\/title>\n<meta name=\"robots\" content=\"index, follow, max-snippet:-1, max-image-preview:large, max-video-preview:-1\" \/>\n<link rel=\"canonical\" href=\"https:\/\/gamesfactory.fr\/chalon\/laser-games\/\" \/>\n<meta property=\"og:locale\" content=\"fr_FR\" \/>\n<meta property=\"og:type\" content=\"article\" \/>\n<meta property=\"og:title\" content=\"Laser games - Games Factory Chalon\" \/>\n<meta property=\"og:description\" content=\"Pour la m\u00eame personne, hors vacances scolaires, jours et veilles de jours f\u00e9ri\u00e9s Les mercredis et dimanches de 14h \u00e0 [&hellip;]\" \/>\n<meta property=\"og:url\" content=\"https:\/\/gamesfactory.fr\/chalon\/laser-games\/\" \/>\n<meta property=\"og:site_name\" content=\"Games Factory Chalon\" \/>\n<meta property=\"article:modified_time\" content=\"2026-01-09T10:54:43+00:00\" \/>\n<meta name=\"twitter:card\" content=\"summary_large_image\" \/>\n<meta name=\"twitter:label1\" content=\"Dur\u00e9e de lecture estim\u00e9e\" \/>\n\t<meta name=\"twitter:data1\" content=\"2 minutes\" \/>\n<script type=\"application\/ld+json\" class=\"yoast-schema-graph\">{\"@context\":\"https:\/\/schema.org\",\"@graph\":[{\"@type\":\"WebPage\",\"@id\":\"https:\/\/gamesfactory.fr\/chalon\/laser-games\/\",\"url\":\"https:\/\/gamesfactory.fr\/chalon\/laser-games\/\",\"name\":\"Laser games - Games Factory Chalon\",\"isPartOf\":{\"@id\":\"https:\/\/gamesfactory.fr\/chalon\/#website\"},\"datePublished\":\"2020-09-03T13:32:00+00:00\",\"dateModified\":\"2026-01-09T10:54:43+00:00\",\"breadcrumb\":{\"@id\":\"https:\/\/gamesfactory.fr\/chalon\/laser-games\/#breadcrumb\"},\"inLanguage\":\"fr-FR\",\"potentialAction\":[{\"@type\":\"ReadAction\",\"target\":[\"https:\/\/gamesfactory.fr\/chalon\/laser-games\/\"]}]},{\"@type\":\"BreadcrumbList\",\"@id\":\"https:\/\/gamesfactory.fr\/chalon\/laser-games\/#breadcrumb\",\"itemListElement\":[{\"@type\":\"ListItem\",\"position\":1,\"name\":\"Accueil\",\"item\":\"https:\/\/gamesfactory.fr\/chalon\/\"},{\"@type\":\"ListItem\",\"position\":2,\"name\":\"Laser games\"}]},{\"@type\":\"WebSite\",\"@id\":\"https:\/\/gamesfactory.fr\/chalon\/#website\",\"url\":\"https:\/\/gamesfactory.fr\/chalon\/\",\"name\":\"Games Factory Chalon\",\"description\":\"Votre complexe de loisirs \u00e0 Chalon\",\"potentialAction\":[{\"@type\":\"SearchAction\",\"target\":{\"@type\":\"EntryPoint\",\"urlTemplate\":\"https:\/\/gamesfactory.fr\/chalon\/?s={search_term_string}\"},\"query-input\":{\"@type\":\"PropertyValueSpecification\",\"valueRequired\":true,\"valueName\":\"search_term_string\"}}],\"inLanguage\":\"fr-FR\"}]}<\/script>\n<!-- \/ Yoast SEO plugin. -->","yoast_head_json":{"title":"Laser games - Games Factory Chalon","robots":{"index":"index","follow":"follow","max-snippet":"max-snippet:-1","max-image-preview":"max-image-preview:large","max-video-preview":"max-video-preview:-1"},"canonical":"https:\/\/gamesfactory.fr\/chalon\/laser-games\/","og_locale":"fr_FR","og_type":"article","og_title":"Laser games - Games Factory Chalon","og_description":"Pour la m\u00eame personne, hors vacances scolaires, jours et veilles de jours f\u00e9ri\u00e9s Les mercredis et dimanches de 14h \u00e0 [&hellip;]","og_url":"https:\/\/gamesfactory.fr\/chalon\/laser-games\/","og_site_name":"Games Factory Chalon","article_modified_time":"2026-01-09T10:54:43+00:00","twitter_card":"summary_large_image","twitter_misc":{"Dur\u00e9e de lecture estim\u00e9e":"2 minutes"},"schema":{"@context":"https:\/\/schema.org","@graph":[{"@type":"WebPage","@id":"https:\/\/gamesfactory.fr\/chalon\/laser-games\/","url":"https:\/\/gamesfactory.fr\/chalon\/laser-games\/","name":"Laser games - Games Factory Chalon","isPartOf":{"@id":"https:\/\/gamesfactory.fr\/chalon\/#website"},"datePublished":"2020-09-03T13:32:00+00:00","dateModified":"2026-01-09T10:54:43+00:00","breadcrumb":{"@id":"https:\/\/gamesfactory.fr\/chalon\/laser-games\/#breadcrumb"},"inLanguage":"fr-FR","potentialAction":[{"@type":"ReadAction","target":["https:\/\/gamesfactory.fr\/chalon\/laser-games\/"]}]},{"@type":"BreadcrumbList","@id":"https:\/\/gamesfactory.fr\/chalon\/laser-games\/#breadcrumb","itemListElement":[{"@type":"ListItem","position":1,"name":"Accueil","item":"https:\/\/gamesfactory.fr\/chalon\/"},{"@type":"ListItem","position":2,"name":"Laser games"}]},{"@type":"WebSite","@id":"https:\/\/gamesfactory.fr\/chalon\/#website","url":"https:\/\/gamesfactory.fr\/chalon\/","name":"Games Factory Chalon","description":"Votre complexe de loisirs \u00e0 Chalon","potentialAction":[{"@type":"SearchAction","target":{"@type":"EntryPoint","urlTemplate":"https:\/\/gamesfactory.fr\/chalon\/?s={search_term_string}"},"query-input":{"@type":"PropertyValueSpecification","valueRequired":true,"valueName":"search_term_string"}}],"inLanguage":"fr-FR"}]}},"_links":{"self":[{"href":"https:\/\/gamesfactory.fr\/chalon\/wp-json\/wp\/v2\/pages\/70","targetHints":{"allow":["GET"]}}],"collection":[{"href":"https:\/\/gamesfactory.fr\/chalon\/wp-json\/wp\/v2\/pages"}],"about":[{"href":"https:\/\/gamesfactory.fr\/chalon\/wp-json\/wp\/v2\/types\/page"}],"author":[{"embeddable":true,"href":"https:\/\/gamesfactory.fr\/chalon\/wp-json\/wp\/v2\/users\/1"}],"replies":[{"embeddable":true,"href":"https:\/\/gamesfactory.fr\/chalon\/wp-json\/wp\/v2\/comments?post=70"}],"version-history":[{"count":108,"href":"https:\/\/gamesfactory.fr\/chalon\/wp-json\/wp\/v2\/pages\/70\/revisions"}],"predecessor-version":[{"id":2623,"href":"https:\/\/gamesfactory.fr\/chalon\/wp-json\/wp\/v2\/pages\/70\/revisions\/2623"}],"wp:attachment":[{"href":"https:\/\/gamesfactory.fr\/chalon\/wp-json\/wp\/v2\/media?parent=70"}],"curies":[{"name":"wp","href":"https:\/\/api.w.org\/{rel}","templated":true}]}}