{"id":2781,"date":"2023-06-22T16:56:26","date_gmt":"2023-06-22T14:56:26","guid":{"rendered":"https:\/\/gamesfactory.fr\/macon\/?page_id=2781"},"modified":"2026-01-09T12:22:13","modified_gmt":"2026-01-09T11:22:13","slug":"evg-evjg","status":"publish","type":"page","link":"https:\/\/gamesfactory.fr\/macon\/evg-evjg\/","title":{"rendered":"EVG \/ EVJF"},"content":{"rendered":"\t\t<div data-elementor-type=\"wp-page\" data-elementor-id=\"2781\" class=\"elementor elementor-2781\">\n\t\t\t\t\t\t<section class=\"elementor-section elementor-top-section elementor-element elementor-element-58a1da7 elementor-section-boxed elementor-section-height-default elementor-section-height-default\" data-id=\"58a1da7\" data-element_type=\"section\">\n\t\t\t\t\t\t<div class=\"elementor-container elementor-column-gap-default\">\n\t\t\t\t\t<div class=\"elementor-column elementor-col-100 elementor-top-column elementor-element elementor-element-3398ab5\" data-id=\"3398ab5\" data-element_type=\"column\">\n\t\t\t<div class=\"elementor-widget-wrap elementor-element-populated\">\n\t\t\t\t\t\t<div class=\"elementor-element elementor-element-bf5ce69 elementor-widget elementor-widget-spacer\" data-id=\"bf5ce69\" data-element_type=\"widget\" data-widget_type=\"spacer.default\">\n\t\t\t\t<div class=\"elementor-widget-container\">\n\t\t\t\t\t\t\t<div class=\"elementor-spacer\">\n\t\t\t<div class=\"elementor-spacer-inner\"><\/div>\n\t\t<\/div>\n\t\t\t\t\t\t<\/div>\n\t\t\t\t<\/div>\n\t\t\t\t<div class=\"elementor-element elementor-element-fbdb892 elementor-widget elementor-widget-heading\" data-id=\"fbdb892\" data-element_type=\"widget\" data-widget_type=\"heading.default\">\n\t\t\t\t<div class=\"elementor-widget-container\">\n\t\t\t\t\t<h2 class=\"elementor-heading-title elementor-size-xxl\">FUTUR(E) MARI\u00c9(E)<\/h2>\t\t\t\t<\/div>\n\t\t\t\t<\/div>\n\t\t\t\t<div class=\"elementor-element elementor-element-f0ebda7 elementor-widget elementor-widget-spacer\" data-id=\"f0ebda7\" data-element_type=\"widget\" data-widget_type=\"spacer.default\">\n\t\t\t\t<div class=\"elementor-widget-container\">\n\t\t\t\t\t\t\t<div class=\"elementor-spacer\">\n\t\t\t<div class=\"elementor-spacer-inner\"><\/div>\n\t\t<\/div>\n\t\t\t\t\t\t<\/div>\n\t\t\t\t<\/div>\n\t\t\t\t\t<\/div>\n\t\t<\/div>\n\t\t\t\t\t<\/div>\n\t\t<\/section>\n\t\t\t\t<section class=\"elementor-section elementor-top-section elementor-element elementor-element-892c355 elementor-section-boxed elementor-section-height-default elementor-section-height-default\" data-id=\"892c355\" data-element_type=\"section\">\n\t\t\t\t\t\t<div class=\"elementor-container elementor-column-gap-default\">\n\t\t\t\t\t<div class=\"elementor-column elementor-col-100 elementor-top-column elementor-element elementor-element-a5fe6a0\" data-id=\"a5fe6a0\" data-element_type=\"column\">\n\t\t\t<div class=\"elementor-widget-wrap elementor-element-populated\">\n\t\t\t\t\t\t<div class=\"elementor-element elementor-element-303ea5b elementor-widget elementor-widget-image\" data-id=\"303ea5b\" data-element_type=\"widget\" data-widget_type=\"image.default\">\n\t\t\t\t<div class=\"elementor-widget-container\">\n\t\t\t\t\t\t\t\t\t\t\t\t\t\t\t<img decoding=\"async\" src=\"https:\/\/gamesfactory.fr\/wp-content\/uploads\/2025\/05\/TV-Offre-EVG-EVJF-2025-PRISONQUIZ.jpg\" title=\"\" alt=\"\" loading=\"lazy\" \/>\t\t\t\t\t\t\t\t\t\t\t\t\t\t\t<\/div>\n\t\t\t\t<\/div>\n\t\t\t\t\t<\/div>\n\t\t<\/div>\n\t\t\t\t\t<\/div>\n\t\t<\/section>\n\t\t\t\t<section class=\"elementor-section elementor-top-section elementor-element elementor-element-32c4c51 elementor-section-boxed elementor-section-height-default elementor-section-height-default\" data-id=\"32c4c51\" data-element_type=\"section\">\n\t\t\t\t\t\t<div class=\"elementor-container elementor-column-gap-default\">\n\t\t\t\t\t<div class=\"elementor-column elementor-col-50 elementor-top-column elementor-element elementor-element-9e2a2ef\" data-id=\"9e2a2ef\" data-element_type=\"column\">\n\t\t\t<div class=\"elementor-widget-wrap elementor-element-populated\">\n\t\t\t\t\t\t<div class=\"elementor-element elementor-element-36a26f7 elementor-widget elementor-widget-image\" data-id=\"36a26f7\" data-element_type=\"widget\" data-widget_type=\"image.default\">\n\t\t\t\t<div class=\"elementor-widget-container\">\n\t\t\t\t\t\t\t\t\t\t\t\t\t\t\t<img fetchpriority=\"high\" decoding=\"async\" width=\"1024\" height=\"1024\" src=\"https:\/\/gamesfactory.fr\/macon\/wp-content\/uploads\/sites\/11\/2023\/06\/5-1024x1024.png\" class=\"attachment-large size-large wp-image-2783\" alt=\"\" srcset=\"https:\/\/gamesfactory.fr\/macon\/wp-content\/uploads\/sites\/11\/2023\/06\/5-1024x1024.png 1024w, https:\/\/gamesfactory.fr\/macon\/wp-content\/uploads\/sites\/11\/2023\/06\/5-300x300.png 300w, https:\/\/gamesfactory.fr\/macon\/wp-content\/uploads\/sites\/11\/2023\/06\/5-150x150.png 150w, https:\/\/gamesfactory.fr\/macon\/wp-content\/uploads\/sites\/11\/2023\/06\/5-768x768.png 768w, https:\/\/gamesfactory.fr\/macon\/wp-content\/uploads\/sites\/11\/2023\/06\/5.png 1080w\" sizes=\"(max-width: 1024px) 100vw, 1024px\" \/>\t\t\t\t\t\t\t\t\t\t\t\t\t\t\t<\/div>\n\t\t\t\t<\/div>\n\t\t\t\t<div class=\"elementor-element elementor-element-6dfba2e elementor-widget elementor-widget-spacer\" data-id=\"6dfba2e\" data-element_type=\"widget\" data-widget_type=\"spacer.default\">\n\t\t\t\t<div class=\"elementor-widget-container\">\n\t\t\t\t\t\t\t<div class=\"elementor-spacer\">\n\t\t\t<div class=\"elementor-spacer-inner\"><\/div>\n\t\t<\/div>\n\t\t\t\t\t\t<\/div>\n\t\t\t\t<\/div>\n\t\t\t\t\t<\/div>\n\t\t<\/div>\n\t\t\t\t<div class=\"elementor-column elementor-col-50 elementor-top-column elementor-element elementor-element-cbe2ae4\" data-id=\"cbe2ae4\" data-element_type=\"column\">\n\t\t\t<div class=\"elementor-widget-wrap elementor-element-populated\">\n\t\t\t\t\t\t<div class=\"elementor-element elementor-element-83e75a5 elementor-widget elementor-widget-image\" data-id=\"83e75a5\" data-element_type=\"widget\" data-widget_type=\"image.default\">\n\t\t\t\t<div class=\"elementor-widget-container\">\n\t\t\t\t\t\t\t\t\t\t\t\t\t\t\t<img decoding=\"async\" width=\"1600\" height=\"1200\" src=\"https:\/\/gamesfactory.fr\/macon\/wp-content\/uploads\/sites\/11\/2023\/06\/KARAOKE-BOX.jpg\" class=\"attachment-full size-full wp-image-2785\" alt=\"\" srcset=\"https:\/\/gamesfactory.fr\/macon\/wp-content\/uploads\/sites\/11\/2023\/06\/KARAOKE-BOX.jpg 1600w, https:\/\/gamesfactory.fr\/macon\/wp-content\/uploads\/sites\/11\/2023\/06\/KARAOKE-BOX-300x225.jpg 300w, https:\/\/gamesfactory.fr\/macon\/wp-content\/uploads\/sites\/11\/2023\/06\/KARAOKE-BOX-1024x768.jpg 1024w, https:\/\/gamesfactory.fr\/macon\/wp-content\/uploads\/sites\/11\/2023\/06\/KARAOKE-BOX-768x576.jpg 768w, https:\/\/gamesfactory.fr\/macon\/wp-content\/uploads\/sites\/11\/2023\/06\/KARAOKE-BOX-1536x1152.jpg 1536w\" sizes=\"(max-width: 1600px) 100vw, 1600px\" \/>\t\t\t\t\t\t\t\t\t\t\t\t\t\t\t<\/div>\n\t\t\t\t<\/div>\n\t\t\t\t\t<\/div>\n\t\t<\/div>\n\t\t\t\t\t<\/div>\n\t\t<\/section>\n\t\t\t\t<section class=\"elementor-section elementor-top-section elementor-element elementor-element-e590ed0 elementor-section-boxed elementor-section-height-default elementor-section-height-default\" data-id=\"e590ed0\" data-element_type=\"section\">\n\t\t\t\t\t\t<div class=\"elementor-container elementor-column-gap-default\">\n\t\t\t\t\t<div class=\"elementor-column elementor-col-50 elementor-top-column elementor-element elementor-element-208c928\" data-id=\"208c928\" data-element_type=\"column\">\n\t\t\t<div class=\"elementor-widget-wrap elementor-element-populated\">\n\t\t\t\t\t\t<div class=\"elementor-element elementor-element-8ae7964 elementor-widget elementor-widget-image\" data-id=\"8ae7964\" data-element_type=\"widget\" data-widget_type=\"image.default\">\n\t\t\t\t<div class=\"elementor-widget-container\">\n\t\t\t\t\t\t\t\t\t\t\t\t\t\t\t<img decoding=\"async\" width=\"1024\" height=\"768\" src=\"https:\/\/gamesfactory.fr\/macon\/wp-content\/uploads\/sites\/11\/2023\/06\/342978528_296364052749637_1909406486272706259_n-1024x768.jpg\" class=\"attachment-large size-large wp-image-2801\" alt=\"\" srcset=\"https:\/\/gamesfactory.fr\/macon\/wp-content\/uploads\/sites\/11\/2023\/06\/342978528_296364052749637_1909406486272706259_n-1024x768.jpg 1024w, https:\/\/gamesfactory.fr\/macon\/wp-content\/uploads\/sites\/11\/2023\/06\/342978528_296364052749637_1909406486272706259_n-300x225.jpg 300w, https:\/\/gamesfactory.fr\/macon\/wp-content\/uploads\/sites\/11\/2023\/06\/342978528_296364052749637_1909406486272706259_n-768x576.jpg 768w, https:\/\/gamesfactory.fr\/macon\/wp-content\/uploads\/sites\/11\/2023\/06\/342978528_296364052749637_1909406486272706259_n-1536x1152.jpg 1536w, https:\/\/gamesfactory.fr\/macon\/wp-content\/uploads\/sites\/11\/2023\/06\/342978528_296364052749637_1909406486272706259_n.jpg 2048w\" sizes=\"(max-width: 1024px) 100vw, 1024px\" \/>\t\t\t\t\t\t\t\t\t\t\t\t\t\t\t<\/div>\n\t\t\t\t<\/div>\n\t\t\t\t<div class=\"elementor-element elementor-element-6b7524d elementor-widget elementor-widget-spacer\" data-id=\"6b7524d\" data-element_type=\"widget\" data-widget_type=\"spacer.default\">\n\t\t\t\t<div class=\"elementor-widget-container\">\n\t\t\t\t\t\t\t<div class=\"elementor-spacer\">\n\t\t\t<div class=\"elementor-spacer-inner\"><\/div>\n\t\t<\/div>\n\t\t\t\t\t\t<\/div>\n\t\t\t\t<\/div>\n\t\t\t\t\t<\/div>\n\t\t<\/div>\n\t\t\t\t<div class=\"elementor-column elementor-col-50 elementor-top-column elementor-element elementor-element-b75014a\" data-id=\"b75014a\" data-element_type=\"column\">\n\t\t\t<div class=\"elementor-widget-wrap elementor-element-populated\">\n\t\t\t\t\t\t<div class=\"elementor-element elementor-element-a950d29 elementor-widget elementor-widget-ucaddon_block_text_titre\" data-id=\"a950d29\" data-element_type=\"widget\" data-widget_type=\"ucaddon_block_text_titre.default\">\n\t\t\t\t<div class=\"elementor-widget-container\">\n\t\t\t\t\t\n<!-- start Block text -->\n\t\t<link id='uc_ac_assets_file_block_text_css_925-css' href='https:\/\/gamesfactory.fr\/macon\/wp-content\/uploads\/sites\/11\/ac_assets\/custom\/block-text.css' type='text\/css' rel='stylesheet' >\n\n\n<div class=\"block-text-titre\">\n  <h2 class=\"titre\">Venez f\u00eater<\/h2>\n  <h3 class=\"sous-titre\">votre \u00e9v\u00e9nement au Games Factory !<\/h3>\n  <p class=\"description\"><p>Choississez parmi nos activit\u00e9s : Bowling, Prison Island, Karaok\u00e9, Quiz Box ou encore R\u00e9alit\u00e9 Virtuelle<\/p><p>\u00a0<\/p><p>Quelque soit votre choix, n'oubliez pas de r\u00e9server votre \u00e9v\u00e9nement !<\/p><\/p>\n<\/div>\n<!-- end Block text -->\t\t\t\t<\/div>\n\t\t\t\t<\/div>\n\t\t\t\t<div class=\"elementor-element elementor-element-392e498 elementor-button-info elementor-align-justify elementor-widget elementor-widget-button\" data-id=\"392e498\" data-element_type=\"widget\" data-widget_type=\"button.default\">\n\t\t\t\t<div class=\"elementor-widget-container\">\n\t\t\t\t\t\t\t\t\t<div class=\"elementor-button-wrapper\">\n\t\t\t\t\t<a class=\"elementor-button elementor-button-link elementor-size-md\" href=\"https:\/\/gamesfactory.fr\/wp-content\/uploads\/2026\/01\/GF-A4-Carte-fidelite-Site-Web-JPG.jpg\">\n\t\t\t\t\t\t<span class=\"elementor-button-content-wrapper\">\n\t\t\t\t\t\t\t\t\t<span class=\"elementor-button-text\">CARTE DE FID\u00c9LIT\u00c9<\/span>\n\t\t\t\t\t<\/span>\n\t\t\t\t\t<\/a>\n\t\t\t\t<\/div>\n\t\t\t\t\t\t\t\t<\/div>\n\t\t\t\t<\/div>\n\t\t\t\t\t<\/div>\n\t\t<\/div>\n\t\t\t\t\t<\/div>\n\t\t<\/section>\n\t\t\t\t<section class=\"elementor-section elementor-top-section elementor-element elementor-element-8e2809b elementor-section-boxed elementor-section-height-default elementor-section-height-default\" data-id=\"8e2809b\" data-element_type=\"section\">\n\t\t\t\t\t\t<div class=\"elementor-container elementor-column-gap-default\">\n\t\t\t\t\t<div class=\"elementor-column elementor-col-100 elementor-top-column elementor-element elementor-element-f7d9f62\" data-id=\"f7d9f62\" data-element_type=\"column\">\n\t\t\t<div class=\"elementor-widget-wrap elementor-element-populated\">\n\t\t\t\t\t\t<div class=\"elementor-element elementor-element-7c38dd5 elementor-widget elementor-widget-video\" data-id=\"7c38dd5\" data-element_type=\"widget\" data-settings=\"{&quot;youtube_url&quot;:&quot;https:\\\/\\\/youtu.be\\\/ZUyVH7UerXM&quot;,&quot;autoplay&quot;:&quot;yes&quot;,&quot;play_on_mobile&quot;:&quot;yes&quot;,&quot;mute&quot;:&quot;yes&quot;,&quot;video_type&quot;:&quot;youtube&quot;,&quot;controls&quot;:&quot;yes&quot;}\" data-widget_type=\"video.default\">\n\t\t\t\t<div class=\"elementor-widget-container\">\n\t\t\t\t\t\t\t<div class=\"elementor-wrapper elementor-open-inline\">\n\t\t\t<div class=\"elementor-video\"><\/div>\t\t<\/div>\n\t\t\t\t\t\t<\/div>\n\t\t\t\t<\/div>\n\t\t\t\t<section class=\"elementor-section elementor-inner-section elementor-element elementor-element-6c85421 elementor-section-boxed elementor-section-height-default elementor-section-height-default\" data-id=\"6c85421\" data-element_type=\"section\">\n\t\t\t\t\t\t<div class=\"elementor-container elementor-column-gap-default\">\n\t\t\t\t\t<div class=\"elementor-column elementor-col-50 elementor-inner-column elementor-element elementor-element-c99625d\" data-id=\"c99625d\" data-element_type=\"column\">\n\t\t\t<div class=\"elementor-widget-wrap elementor-element-populated\">\n\t\t\t\t\t\t<div class=\"elementor-element elementor-element-25bcb20 elementor-widget elementor-widget-ucaddon_block_text_titre\" data-id=\"25bcb20\" data-element_type=\"widget\" data-widget_type=\"ucaddon_block_text_titre.default\">\n\t\t\t\t<div class=\"elementor-widget-container\">\n\t\t\t\t\t\n<!-- start Block text -->\n\n\n<div class=\"block-text-titre\">\n  <h2 class=\"titre\">Un petit creux ?<\/h2>\n  <h3 class=\"sous-titre\">Offrez-vous une pause au bar !<\/h3>\n  <p class=\"description\"><p>Apr\u00e8s l'effort, le r\u00e9confort !<\/p><p>\u00a0<\/p><p>Rafraichissez-vous en sirotant un de nos d\u00e9licieux cocktails bien frais et commandez une pizza\u00a0 ou une gaufre<\/p><\/p>\n<\/div>\n<!-- end Block text -->\t\t\t\t<\/div>\n\t\t\t\t<\/div>\n\t\t\t\t\t<\/div>\n\t\t<\/div>\n\t\t\t\t<div class=\"elementor-column elementor-col-50 elementor-inner-column elementor-element elementor-element-e4d9ca8\" data-id=\"e4d9ca8\" data-element_type=\"column\">\n\t\t\t<div class=\"elementor-widget-wrap elementor-element-populated\">\n\t\t\t\t\t\t<div class=\"elementor-element elementor-element-35b33f6 elementor-widget elementor-widget-image\" data-id=\"35b33f6\" data-element_type=\"widget\" data-widget_type=\"image.default\">\n\t\t\t\t<div class=\"elementor-widget-container\">\n\t\t\t\t\t\t\t\t\t\t\t\t\t\t\t<img loading=\"lazy\" decoding=\"async\" width=\"1024\" height=\"683\" src=\"https:\/\/gamesfactory.fr\/macon\/wp-content\/uploads\/sites\/11\/2025\/05\/photo-bar-wp-1024x683.jpg\" class=\"attachment-large size-large wp-image-4069\" alt=\"\" srcset=\"https:\/\/gamesfactory.fr\/macon\/wp-content\/uploads\/sites\/11\/2025\/05\/photo-bar-wp-1024x683.jpg 1024w, https:\/\/gamesfactory.fr\/macon\/wp-content\/uploads\/sites\/11\/2025\/05\/photo-bar-wp-300x200.jpg 300w, https:\/\/gamesfactory.fr\/macon\/wp-content\/uploads\/sites\/11\/2025\/05\/photo-bar-wp-768x512.jpg 768w, https:\/\/gamesfactory.fr\/macon\/wp-content\/uploads\/sites\/11\/2025\/05\/photo-bar-wp-1536x1024.jpg 1536w, https:\/\/gamesfactory.fr\/macon\/wp-content\/uploads\/sites\/11\/2025\/05\/photo-bar-wp.jpg 1650w\" sizes=\"(max-width: 1024px) 100vw, 1024px\" \/>\t\t\t\t\t\t\t\t\t\t\t\t\t\t\t<\/div>\n\t\t\t\t<\/div>\n\t\t\t\t\t<\/div>\n\t\t<\/div>\n\t\t\t\t\t<\/div>\n\t\t<\/section>\n\t\t\t\t\t<\/div>\n\t\t<\/div>\n\t\t\t\t\t<\/div>\n\t\t<\/section>\n\t\t\t\t<\/div>\n\t\t","protected":false},"excerpt":{"rendered":"<p>FUTUR(E) MARI\u00c9(E) Venez f\u00eater votre \u00e9v\u00e9nement au Games Factory ! Choississez parmi nos activit\u00e9s : Bowling, Prison Island, Karaok\u00e9, Quiz Box ou encore R\u00e9alit\u00e9 Virtuelle \u00a0 Quelque soit votre choix, n&#8217;oubliez pas de r\u00e9server votre \u00e9v\u00e9nement ! CARTE DE FID\u00c9LIT\u00c9 Un petit creux ? Offrez-vous une pause au bar ! Apr\u00e8s l&#8217;effort, le r\u00e9confort ! [&hellip;]<\/p>\n","protected":false},"author":2,"featured_media":0,"parent":0,"menu_order":0,"comment_status":"closed","ping_status":"closed","template":"","meta":{"inline_featured_image":false,"site-sidebar-layout":"no-sidebar","site-content-layout":"page-builder","ast-site-content-layout":"","site-content-style":"default","site-sidebar-style":"default","ast-global-header-display":"","ast-banner-title-visibility":"","ast-main-header-display":"","ast-hfb-above-header-display":"","ast-hfb-below-header-display":"","ast-hfb-mobile-header-display":"","site-post-title":"disabled","ast-breadcrumbs-content":"","ast-featured-img":"disabled","footer-sml-layout":"","theme-transparent-header-meta":"","adv-header-id-meta":"","stick-header-meta":"","header-above-stick-meta":"","header-main-stick-meta":"","header-below-stick-meta":"","astra-migrate-meta-layouts":"default","ast-page-background-enabled":"default","ast-page-background-meta":{"desktop":{"background-color":"","background-image":"","background-repeat":"repeat","background-position":"center center","background-size":"auto","background-attachment":"scroll","background-type":"","background-media":"","overlay-type":"","overlay-color":"","overlay-opacity":"","overlay-gradient":""},"tablet":{"background-color":"","background-image":"","background-repeat":"repeat","background-position":"center center","background-size":"auto","background-attachment":"scroll","background-type":"","background-media":"","overlay-type":"","overlay-color":"","overlay-opacity":"","overlay-gradient":""},"mobile":{"background-color":"","background-image":"","background-repeat":"repeat","background-position":"center center","background-size":"auto","background-attachment":"scroll","background-type":"","background-media":"","overlay-type":"","overlay-color":"","overlay-opacity":"","overlay-gradient":""}},"ast-content-background-meta":{"desktop":{"background-color":"var(--ast-global-color-5)","background-image":"","background-repeat":"repeat","background-position":"center center","background-size":"auto","background-attachment":"scroll","background-type":"","background-media":"","overlay-type":"","overlay-color":"","overlay-opacity":"","overlay-gradient":""},"tablet":{"background-color":"var(--ast-global-color-5)","background-image":"","background-repeat":"repeat","background-position":"center center","background-size":"auto","background-attachment":"scroll","background-type":"","background-media":"","overlay-type":"","overlay-color":"","overlay-opacity":"","overlay-gradient":""},"mobile":{"background-color":"var(--ast-global-color-5)","background-image":"","background-repeat":"repeat","background-position":"center center","background-size":"auto","background-attachment":"scroll","background-type":"","background-media":"","overlay-type":"","overlay-color":"","overlay-opacity":"","overlay-gradient":""}},"footnotes":""},"class_list":["post-2781","page","type-page","status-publish","hentry"],"yoast_head":"<!-- This site is optimized with the Yoast SEO plugin v24.6 - https:\/\/yoast.com\/wordpress\/plugins\/seo\/ -->\n<title>EVG \/ EVJF - Games Factory M\u00e2con<\/title>\n<meta name=\"description\" content=\"Venez f\u00eater l&#039;EVG\/EVJF de votre ami au Games Factory \u00e0 Dijon ! Au programme : Karting, Bowling, Laser Games, Karaok\u00e9 Box, Blind Test...\" \/>\n<meta name=\"robots\" content=\"index, follow, max-snippet:-1, max-image-preview:large, max-video-preview:-1\" \/>\n<link rel=\"canonical\" href=\"https:\/\/gamesfactory.fr\/macon\/evg-evjg\/\" \/>\n<meta property=\"og:locale\" content=\"fr_FR\" \/>\n<meta property=\"og:type\" content=\"article\" \/>\n<meta property=\"og:title\" content=\"EVG \/ EVJF - Games Factory M\u00e2con\" \/>\n<meta property=\"og:description\" content=\"Venez f\u00eater l&#039;EVG\/EVJF de votre ami au Games Factory \u00e0 Dijon ! Au programme : Karting, Bowling, Laser Games, Karaok\u00e9 Box, Blind Test...\" \/>\n<meta property=\"og:url\" content=\"https:\/\/gamesfactory.fr\/macon\/evg-evjg\/\" \/>\n<meta property=\"og:site_name\" content=\"Games Factory M\u00e2con\" \/>\n<meta property=\"article:modified_time\" content=\"2026-01-09T11:22:13+00:00\" \/>\n<meta property=\"og:image\" content=\"https:\/\/gamesfactory.fr\/wp-content\/uploads\/2025\/05\/TV-Offre-EVG-EVJF-2025-PRISONQUIZ.jpg\" \/>\n<meta name=\"twitter:card\" content=\"summary_large_image\" \/>\n<meta name=\"twitter:label1\" content=\"Dur\u00e9e de lecture estim\u00e9e\" \/>\n\t<meta name=\"twitter:data1\" content=\"2 minutes\" \/>\n<script type=\"application\/ld+json\" class=\"yoast-schema-graph\">{\"@context\":\"https:\/\/schema.org\",\"@graph\":[{\"@type\":\"WebPage\",\"@id\":\"https:\/\/gamesfactory.fr\/macon\/evg-evjg\/\",\"url\":\"https:\/\/gamesfactory.fr\/macon\/evg-evjg\/\",\"name\":\"EVG \/ EVJF - Games Factory M\u00e2con\",\"isPartOf\":{\"@id\":\"https:\/\/gamesfactory.fr\/macon\/#website\"},\"primaryImageOfPage\":{\"@id\":\"https:\/\/gamesfactory.fr\/macon\/evg-evjg\/#primaryimage\"},\"image\":{\"@id\":\"https:\/\/gamesfactory.fr\/macon\/evg-evjg\/#primaryimage\"},\"thumbnailUrl\":\"https:\/\/gamesfactory.fr\/wp-content\/uploads\/2025\/05\/TV-Offre-EVG-EVJF-2025-PRISONQUIZ.jpg\",\"datePublished\":\"2023-06-22T14:56:26+00:00\",\"dateModified\":\"2026-01-09T11:22:13+00:00\",\"description\":\"Venez f\u00eater l'EVG\/EVJF de votre ami au Games Factory \u00e0 Dijon ! Au programme : Karting, Bowling, Laser Games, Karaok\u00e9 Box, Blind Test...\",\"breadcrumb\":{\"@id\":\"https:\/\/gamesfactory.fr\/macon\/evg-evjg\/#breadcrumb\"},\"inLanguage\":\"fr-FR\",\"potentialAction\":[{\"@type\":\"ReadAction\",\"target\":[\"https:\/\/gamesfactory.fr\/macon\/evg-evjg\/\"]}]},{\"@type\":\"ImageObject\",\"inLanguage\":\"fr-FR\",\"@id\":\"https:\/\/gamesfactory.fr\/macon\/evg-evjg\/#primaryimage\",\"url\":\"https:\/\/gamesfactory.fr\/wp-content\/uploads\/2025\/05\/TV-Offre-EVG-EVJF-2025-PRISONQUIZ.jpg\",\"contentUrl\":\"https:\/\/gamesfactory.fr\/wp-content\/uploads\/2025\/05\/TV-Offre-EVG-EVJF-2025-PRISONQUIZ.jpg\"},{\"@type\":\"BreadcrumbList\",\"@id\":\"https:\/\/gamesfactory.fr\/macon\/evg-evjg\/#breadcrumb\",\"itemListElement\":[{\"@type\":\"ListItem\",\"position\":1,\"name\":\"Accueil\",\"item\":\"https:\/\/gamesfactory.fr\/macon\/\"},{\"@type\":\"ListItem\",\"position\":2,\"name\":\"EVG \/ EVJF\"}]},{\"@type\":\"WebSite\",\"@id\":\"https:\/\/gamesfactory.fr\/macon\/#website\",\"url\":\"https:\/\/gamesfactory.fr\/macon\/\",\"name\":\"Games Factory M\u00e2con\",\"description\":\"Votre complexe de loisirs \u00e0 Dijon\",\"potentialAction\":[{\"@type\":\"SearchAction\",\"target\":{\"@type\":\"EntryPoint\",\"urlTemplate\":\"https:\/\/gamesfactory.fr\/macon\/?s={search_term_string}\"},\"query-input\":{\"@type\":\"PropertyValueSpecification\",\"valueRequired\":true,\"valueName\":\"search_term_string\"}}],\"inLanguage\":\"fr-FR\"}]}<\/script>\n<!-- \/ Yoast SEO plugin. -->","yoast_head_json":{"title":"EVG \/ EVJF - Games Factory M\u00e2con","description":"Venez f\u00eater l'EVG\/EVJF de votre ami au Games Factory \u00e0 Dijon ! Au programme : Karting, Bowling, Laser Games, Karaok\u00e9 Box, Blind Test...","robots":{"index":"index","follow":"follow","max-snippet":"max-snippet:-1","max-image-preview":"max-image-preview:large","max-video-preview":"max-video-preview:-1"},"canonical":"https:\/\/gamesfactory.fr\/macon\/evg-evjg\/","og_locale":"fr_FR","og_type":"article","og_title":"EVG \/ EVJF - Games Factory M\u00e2con","og_description":"Venez f\u00eater l'EVG\/EVJF de votre ami au Games Factory \u00e0 Dijon ! Au programme : Karting, Bowling, Laser Games, Karaok\u00e9 Box, Blind Test...","og_url":"https:\/\/gamesfactory.fr\/macon\/evg-evjg\/","og_site_name":"Games Factory M\u00e2con","article_modified_time":"2026-01-09T11:22:13+00:00","og_image":[{"url":"https:\/\/gamesfactory.fr\/wp-content\/uploads\/2025\/05\/TV-Offre-EVG-EVJF-2025-PRISONQUIZ.jpg","type":"","width":"","height":""}],"twitter_card":"summary_large_image","twitter_misc":{"Dur\u00e9e de lecture estim\u00e9e":"2 minutes"},"schema":{"@context":"https:\/\/schema.org","@graph":[{"@type":"WebPage","@id":"https:\/\/gamesfactory.fr\/macon\/evg-evjg\/","url":"https:\/\/gamesfactory.fr\/macon\/evg-evjg\/","name":"EVG \/ EVJF - Games Factory M\u00e2con","isPartOf":{"@id":"https:\/\/gamesfactory.fr\/macon\/#website"},"primaryImageOfPage":{"@id":"https:\/\/gamesfactory.fr\/macon\/evg-evjg\/#primaryimage"},"image":{"@id":"https:\/\/gamesfactory.fr\/macon\/evg-evjg\/#primaryimage"},"thumbnailUrl":"https:\/\/gamesfactory.fr\/wp-content\/uploads\/2025\/05\/TV-Offre-EVG-EVJF-2025-PRISONQUIZ.jpg","datePublished":"2023-06-22T14:56:26+00:00","dateModified":"2026-01-09T11:22:13+00:00","description":"Venez f\u00eater l'EVG\/EVJF de votre ami au Games Factory \u00e0 Dijon ! Au programme : Karting, Bowling, Laser Games, Karaok\u00e9 Box, Blind Test...","breadcrumb":{"@id":"https:\/\/gamesfactory.fr\/macon\/evg-evjg\/#breadcrumb"},"inLanguage":"fr-FR","potentialAction":[{"@type":"ReadAction","target":["https:\/\/gamesfactory.fr\/macon\/evg-evjg\/"]}]},{"@type":"ImageObject","inLanguage":"fr-FR","@id":"https:\/\/gamesfactory.fr\/macon\/evg-evjg\/#primaryimage","url":"https:\/\/gamesfactory.fr\/wp-content\/uploads\/2025\/05\/TV-Offre-EVG-EVJF-2025-PRISONQUIZ.jpg","contentUrl":"https:\/\/gamesfactory.fr\/wp-content\/uploads\/2025\/05\/TV-Offre-EVG-EVJF-2025-PRISONQUIZ.jpg"},{"@type":"BreadcrumbList","@id":"https:\/\/gamesfactory.fr\/macon\/evg-evjg\/#breadcrumb","itemListElement":[{"@type":"ListItem","position":1,"name":"Accueil","item":"https:\/\/gamesfactory.fr\/macon\/"},{"@type":"ListItem","position":2,"name":"EVG \/ EVJF"}]},{"@type":"WebSite","@id":"https:\/\/gamesfactory.fr\/macon\/#website","url":"https:\/\/gamesfactory.fr\/macon\/","name":"Games Factory M\u00e2con","description":"Votre complexe de loisirs \u00e0 Dijon","potentialAction":[{"@type":"SearchAction","target":{"@type":"EntryPoint","urlTemplate":"https:\/\/gamesfactory.fr\/macon\/?s={search_term_string}"},"query-input":{"@type":"PropertyValueSpecification","valueRequired":true,"valueName":"search_term_string"}}],"inLanguage":"fr-FR"}]}},"_links":{"self":[{"href":"https:\/\/gamesfactory.fr\/macon\/wp-json\/wp\/v2\/pages\/2781","targetHints":{"allow":["GET"]}}],"collection":[{"href":"https:\/\/gamesfactory.fr\/macon\/wp-json\/wp\/v2\/pages"}],"about":[{"href":"https:\/\/gamesfactory.fr\/macon\/wp-json\/wp\/v2\/types\/page"}],"author":[{"embeddable":true,"href":"https:\/\/gamesfactory.fr\/macon\/wp-json\/wp\/v2\/users\/2"}],"replies":[{"embeddable":true,"href":"https:\/\/gamesfactory.fr\/macon\/wp-json\/wp\/v2\/comments?post=2781"}],"version-history":[{"count":46,"href":"https:\/\/gamesfactory.fr\/macon\/wp-json\/wp\/v2\/pages\/2781\/revisions"}],"predecessor-version":[{"id":4468,"href":"https:\/\/gamesfactory.fr\/macon\/wp-json\/wp\/v2\/pages\/2781\/revisions\/4468"}],"wp:attachment":[{"href":"https:\/\/gamesfactory.fr\/macon\/wp-json\/wp\/v2\/media?parent=2781"}],"curies":[{"name":"wp","href":"https:\/\/api.w.org\/{rel}","templated":true}]}}