{"id":1792,"date":"2022-09-06T17:10:51","date_gmt":"2022-09-06T15:10:51","guid":{"rendered":"https:\/\/gamesfactory.fr\/marsannay\/?page_id=1792"},"modified":"2025-12-01T13:27:56","modified_gmt":"2025-12-01T12:27:56","slug":"quiz-box","status":"publish","type":"page","link":"https:\/\/gamesfactory.fr\/marsannay\/quiz-box\/","title":{"rendered":"Quiz Box"},"content":{"rendered":"\t\t<div data-elementor-type=\"wp-page\" data-elementor-id=\"1792\" class=\"elementor elementor-1792\">\n\t\t\t\t\t\t<section class=\"elementor-section elementor-top-section elementor-element elementor-element-4521d45 elementor-section-boxed elementor-section-height-default elementor-section-height-default\" data-id=\"4521d45\" data-element_type=\"section\">\n\t\t\t\t\t\t<div class=\"elementor-container elementor-column-gap-default\">\n\t\t\t\t\t<div class=\"elementor-column elementor-col-100 elementor-top-column elementor-element elementor-element-0cd149a\" data-id=\"0cd149a\" data-element_type=\"column\">\n\t\t\t<div class=\"elementor-widget-wrap elementor-element-populated\">\n\t\t\t\t\t\t<div class=\"elementor-element elementor-element-c579983 elementor-widget elementor-widget-spacer\" data-id=\"c579983\" data-element_type=\"widget\" data-widget_type=\"spacer.default\">\n\t\t\t\t<div class=\"elementor-widget-container\">\n\t\t\t\t\t\t\t<div class=\"elementor-spacer\">\n\t\t\t<div class=\"elementor-spacer-inner\"><\/div>\n\t\t<\/div>\n\t\t\t\t\t\t<\/div>\n\t\t\t\t<\/div>\n\t\t\t\t\t<\/div>\n\t\t<\/div>\n\t\t\t\t\t<\/div>\n\t\t<\/section>\n\t\t\t\t<section class=\"elementor-section elementor-top-section elementor-element elementor-element-52c5409 elementor-section-boxed elementor-section-height-default elementor-section-height-default\" data-id=\"52c5409\" data-element_type=\"section\">\n\t\t\t\t\t\t<div class=\"elementor-container elementor-column-gap-default\">\n\t\t\t\t\t<div class=\"elementor-column elementor-col-50 elementor-top-column elementor-element elementor-element-77562ca\" data-id=\"77562ca\" data-element_type=\"column\">\n\t\t\t<div class=\"elementor-widget-wrap elementor-element-populated\">\n\t\t\t\t\t\t<div class=\"elementor-element elementor-element-92c4bb6 elementor-widget elementor-widget-ucaddon_block_rouge_titre\" data-id=\"92c4bb6\" data-element_type=\"widget\" data-widget_type=\"ucaddon_block_rouge_titre.default\">\n\t\t\t\t<div class=\"elementor-widget-container\">\n\t\t\t\t\t\n<!-- start Block titre -->\n\t\t<link id='uc_ac_assets_file_block_titre_css_1681-css' href='https:\/\/gamesfactory.fr\/marsannay\/wp-content\/uploads\/sites\/6\/ac_assets\/custom\/block-titre.css' type='text\/css' rel='stylesheet' >\n\n\n<div class=\"block-titre\">\n\n  <div class=\"content\">\n    <h2 class=\"titre\">Pr\u00eat \u00e0<\/h2>\n    <h3 class=\"sous-titre\">combattre vos adversaires ?<\/h3>\n    \n        \n        \n  <\/div>\t\n\n<\/div>\n<!-- end Block titre -->\t\t\t\t<\/div>\n\t\t\t\t<\/div>\n\t\t\t\t<div class=\"elementor-element elementor-element-19aa2ae elementor-button-info elementor-align-justify elementor-widget elementor-widget-button\" data-id=\"19aa2ae\" data-element_type=\"widget\" data-widget_type=\"button.default\">\n\t\t\t\t<div class=\"elementor-widget-container\">\n\t\t\t\t\t\t\t\t\t<div class=\"elementor-button-wrapper\">\n\t\t\t\t\t<a class=\"elementor-button elementor-button-link elementor-size-md\" href=\"https:\/\/gamesfactory.fr\/marsannay\/wp-content\/uploads\/sites\/6\/2022\/09\/GF-A4-Carte-fidelite-Site-Web-JPG.jpg\">\n\t\t\t\t\t\t<span class=\"elementor-button-content-wrapper\">\n\t\t\t\t\t\t\t\t\t<span class=\"elementor-button-text\">CARTE DE FID\u00c9LIT\u00c9<\/span>\n\t\t\t\t\t<\/span>\n\t\t\t\t\t<\/a>\n\t\t\t\t<\/div>\n\t\t\t\t\t\t\t\t<\/div>\n\t\t\t\t<\/div>\n\t\t\t\t<div class=\"elementor-element elementor-element-95da515 elementor-widget elementor-widget-spacer\" data-id=\"95da515\" data-element_type=\"widget\" data-widget_type=\"spacer.default\">\n\t\t\t\t<div class=\"elementor-widget-container\">\n\t\t\t\t\t\t\t<div class=\"elementor-spacer\">\n\t\t\t<div class=\"elementor-spacer-inner\"><\/div>\n\t\t<\/div>\n\t\t\t\t\t\t<\/div>\n\t\t\t\t<\/div>\n\t\t\t\t\t<\/div>\n\t\t<\/div>\n\t\t\t\t<div class=\"elementor-column elementor-col-50 elementor-top-column elementor-element elementor-element-076cb3c\" data-id=\"076cb3c\" data-element_type=\"column\">\n\t\t\t<div class=\"elementor-widget-wrap elementor-element-populated\">\n\t\t\t\t\t\t<div class=\"elementor-element elementor-element-f75918c elementor-widget elementor-widget-image\" data-id=\"f75918c\" data-element_type=\"widget\" data-widget_type=\"image.default\">\n\t\t\t\t<div class=\"elementor-widget-container\">\n\t\t\t\t\t\t\t\t\t\t\t\t\t\t\t<img fetchpriority=\"high\" decoding=\"async\" width=\"1536\" height=\"1024\" src=\"https:\/\/gamesfactory.fr\/marsannay\/wp-content\/uploads\/sites\/6\/2024\/02\/469A3325-min-1536x1024.jpg\" class=\"attachment-1536x1536 size-1536x1536 wp-image-3076\" alt=\"\" srcset=\"https:\/\/gamesfactory.fr\/marsannay\/wp-content\/uploads\/sites\/6\/2024\/02\/469A3325-min-1536x1024.jpg 1536w, https:\/\/gamesfactory.fr\/marsannay\/wp-content\/uploads\/sites\/6\/2024\/02\/469A3325-min-300x200.jpg 300w, https:\/\/gamesfactory.fr\/marsannay\/wp-content\/uploads\/sites\/6\/2024\/02\/469A3325-min-1024x683.jpg 1024w, https:\/\/gamesfactory.fr\/marsannay\/wp-content\/uploads\/sites\/6\/2024\/02\/469A3325-min-768x512.jpg 768w, https:\/\/gamesfactory.fr\/marsannay\/wp-content\/uploads\/sites\/6\/2024\/02\/469A3325-min-2048x1365.jpg 2048w\" sizes=\"(max-width: 1536px) 100vw, 1536px\" \/>\t\t\t\t\t\t\t\t\t\t\t\t\t\t\t<\/div>\n\t\t\t\t<\/div>\n\t\t\t\t<div class=\"elementor-element elementor-element-1ed30e2 elementor-align-justify gf-btn elementor-widget elementor-widget-button\" data-id=\"1ed30e2\" data-element_type=\"widget\" data-widget_type=\"button.default\">\n\t\t\t\t<div class=\"elementor-widget-container\">\n\t\t\t\t\t\t\t\t\t<div class=\"elementor-button-wrapper\">\n\t\t\t\t\t<a class=\"elementor-button elementor-button-link elementor-size-md\" href=\"https:\/\/gamesfactory.fr\/marsannay\/tarifs\/\">\n\t\t\t\t\t\t<span class=\"elementor-button-content-wrapper\">\n\t\t\t\t\t\t\t\t\t<span class=\"elementor-button-text\">nos tarifs<\/span>\n\t\t\t\t\t<\/span>\n\t\t\t\t\t<\/a>\n\t\t\t\t<\/div>\n\t\t\t\t\t\t\t\t<\/div>\n\t\t\t\t<\/div>\n\t\t\t\t<div class=\"elementor-element elementor-element-24e0bc6 elementor-align-justify elementor-widget elementor-widget-button\" data-id=\"24e0bc6\" data-element_type=\"widget\" data-widget_type=\"button.default\">\n\t\t\t\t<div class=\"elementor-widget-container\">\n\t\t\t\t\t\t\t\t\t<div class=\"elementor-button-wrapper\">\n\t\t\t\t\t<a class=\"elementor-button elementor-button-link elementor-size-md\" href=\"https:\/\/gamesfactory.fr\/marsannay\/reservations\/\">\n\t\t\t\t\t\t<span class=\"elementor-button-content-wrapper\">\n\t\t\t\t\t\t\t\t\t<span class=\"elementor-button-text\">R\u00e9servation<\/span>\n\t\t\t\t\t<\/span>\n\t\t\t\t\t<\/a>\n\t\t\t\t<\/div>\n\t\t\t\t\t\t\t\t<\/div>\n\t\t\t\t<\/div>\n\t\t\t\t\t<\/div>\n\t\t<\/div>\n\t\t\t\t\t<\/div>\n\t\t<\/section>\n\t\t\t\t<section class=\"elementor-section elementor-top-section elementor-element elementor-element-4b5105f elementor-section-boxed elementor-section-height-default elementor-section-height-default\" data-id=\"4b5105f\" data-element_type=\"section\">\n\t\t\t\t\t\t<div class=\"elementor-container elementor-column-gap-default\">\n\t\t\t\t\t<div class=\"elementor-column elementor-col-66 elementor-top-column elementor-element elementor-element-acfeee1\" data-id=\"acfeee1\" data-element_type=\"column\">\n\t\t\t<div class=\"elementor-widget-wrap elementor-element-populated\">\n\t\t\t\t\t\t<div class=\"elementor-element elementor-element-cb8eb90 elementor-widget elementor-widget-spacer\" data-id=\"cb8eb90\" data-element_type=\"widget\" data-widget_type=\"spacer.default\">\n\t\t\t\t<div class=\"elementor-widget-container\">\n\t\t\t\t\t\t\t<div class=\"elementor-spacer\">\n\t\t\t<div class=\"elementor-spacer-inner\"><\/div>\n\t\t<\/div>\n\t\t\t\t\t\t<\/div>\n\t\t\t\t<\/div>\n\t\t\t\t<div class=\"elementor-element elementor-element-b89696b elementor-widget elementor-widget-image\" data-id=\"b89696b\" data-element_type=\"widget\" data-widget_type=\"image.default\">\n\t\t\t\t<div class=\"elementor-widget-container\">\n\t\t\t\t\t\t\t\t\t\t\t\t\t\t\t<img decoding=\"async\" src=\"https:\/\/gamesfactory.fr\/troyes\/wp-content\/uploads\/sites\/10\/2022\/07\/gallery_06.jpg\" title=\"\" alt=\"\" loading=\"lazy\" \/>\t\t\t\t\t\t\t\t\t\t\t\t\t\t\t<\/div>\n\t\t\t\t<\/div>\n\t\t\t\t\t<\/div>\n\t\t<\/div>\n\t\t\t\t<div class=\"elementor-column elementor-col-33 elementor-top-column elementor-element elementor-element-b2fa734\" data-id=\"b2fa734\" data-element_type=\"column\">\n\t\t\t<div class=\"elementor-widget-wrap elementor-element-populated\">\n\t\t\t\t\t\t<div class=\"elementor-element elementor-element-d07b9bb elementor-widget elementor-widget-ucaddon_block_text_titre\" data-id=\"d07b9bb\" data-element_type=\"widget\" data-widget_type=\"ucaddon_block_text_titre.default\">\n\t\t\t\t<div class=\"elementor-widget-container\">\n\t\t\t\t\t\n<!-- start Block text -->\n\t\t<link id='uc_ac_assets_file_block_text_css_888-css' href='https:\/\/gamesfactory.fr\/marsannay\/wp-content\/uploads\/sites\/6\/ac_assets\/custom\/block-text.css' type='text\/css' rel='stylesheet' >\n\n\n<div class=\"block-text-titre\">\n  <h2 class=\"titre\">Que les <\/h2>\n  <h3 class=\"sous-titre\">questions commencent<\/h3>\n  <p class=\"description\"><div class=\"elementor-element elementor-element-770579e elementor-widget elementor-widget-text-editor\" data-id=\"770579e\" data-element_type=\"widget\" data-widget_type=\"text-editor.default\"><div class=\"elementor-widget-container\"><p>Le Quiz Box est une nouvelle discipline tr\u00e8s \u00e0 la mode ! Contrairement \u00e0 un Escape Game o\u00f9 l\u2019on vous demande de collaborer avec vos amis, cette fois-ci on vous propose de vous affronter !<\/p><p>\u00a0<\/p><p>Chacun dispose de sa borne de combat et vous devez gagner des points \u00e0 travers diff\u00e9rents rounds (quiz,blind test\u2026) dans une ar\u00e8ne survolt\u00e9e.<\/p><p>\u00a0<\/p><p>Et pas de panique si vous ne connaissez pas les r\u00e9ponses, vous avez m\u00eame des jokers pour tricher !\u00a0<\/p><\/div><\/div><\/p>\n<\/div>\n<!-- end Block text -->\t\t\t\t<\/div>\n\t\t\t\t<\/div>\n\t\t\t\t\t<\/div>\n\t\t<\/div>\n\t\t\t\t\t<\/div>\n\t\t<\/section>\n\t\t\t\t<section class=\"elementor-section elementor-top-section elementor-element elementor-element-2206750 elementor-section-boxed elementor-section-height-default elementor-section-height-default\" data-id=\"2206750\" data-element_type=\"section\">\n\t\t\t\t\t\t<div class=\"elementor-container elementor-column-gap-default\">\n\t\t\t\t\t<div class=\"elementor-column elementor-col-100 elementor-top-column elementor-element elementor-element-2d1b3bb\" data-id=\"2d1b3bb\" data-element_type=\"column\">\n\t\t\t<div class=\"elementor-widget-wrap elementor-element-populated\">\n\t\t\t\t\t\t<div class=\"elementor-element elementor-element-c0a94f9 elementor-widget elementor-widget-video\" data-id=\"c0a94f9\" data-element_type=\"widget\" data-settings=\"{&quot;youtube_url&quot;:&quot;https:\\\/\\\/youtu.be\\\/2ByqLdTPt0w&quot;,&quot;autoplay&quot;:&quot;yes&quot;,&quot;loop&quot;:&quot;yes&quot;,&quot;play_on_mobile&quot;:&quot;yes&quot;,&quot;mute&quot;:&quot;yes&quot;,&quot;video_type&quot;:&quot;youtube&quot;,&quot;controls&quot;:&quot;yes&quot;}\" data-widget_type=\"video.default\">\n\t\t\t\t<div class=\"elementor-widget-container\">\n\t\t\t\t\t\t\t<div class=\"elementor-wrapper elementor-open-inline\">\n\t\t\t<div class=\"elementor-video\"><\/div>\t\t<\/div>\n\t\t\t\t\t\t<\/div>\n\t\t\t\t<\/div>\n\t\t\t\t<div class=\"elementor-element elementor-element-62e887f elementor-widget elementor-widget-spacer\" data-id=\"62e887f\" data-element_type=\"widget\" data-widget_type=\"spacer.default\">\n\t\t\t\t<div class=\"elementor-widget-container\">\n\t\t\t\t\t\t\t<div class=\"elementor-spacer\">\n\t\t\t<div class=\"elementor-spacer-inner\"><\/div>\n\t\t<\/div>\n\t\t\t\t\t\t<\/div>\n\t\t\t\t<\/div>\n\t\t\t\t\t<\/div>\n\t\t<\/div>\n\t\t\t\t\t<\/div>\n\t\t<\/section>\n\t\t\t\t<section class=\"elementor-section elementor-top-section elementor-element elementor-element-7adaa8f elementor-section-boxed elementor-section-height-default elementor-section-height-default\" data-id=\"7adaa8f\" data-element_type=\"section\">\n\t\t\t\t\t\t<div class=\"elementor-container elementor-column-gap-default\">\n\t\t\t\t\t<div class=\"elementor-column elementor-col-50 elementor-top-column elementor-element elementor-element-93cec45\" data-id=\"93cec45\" data-element_type=\"column\">\n\t\t\t<div class=\"elementor-widget-wrap elementor-element-populated\">\n\t\t\t\t\t\t<div class=\"elementor-element elementor-element-c75a545 elementor-widget elementor-widget-ucaddon_block_rouge_titre\" data-id=\"c75a545\" data-element_type=\"widget\" data-widget_type=\"ucaddon_block_rouge_titre.default\">\n\t\t\t\t<div class=\"elementor-widget-container\">\n\t\t\t\t\t\n<!-- start Block titre -->\n\n\n<div class=\"block-titre\">\n\n  <div class=\"content\">\n    <h2 class=\"titre\">Infos<\/h2>\n    <h3 class=\"sous-titre\">PRATIQUES<\/h3>\n    \n        \n        \n  <\/div>\t\n\n<\/div>\n<!-- end Block titre -->\t\t\t\t<\/div>\n\t\t\t\t<\/div>\n\t\t\t\t\t<\/div>\n\t\t<\/div>\n\t\t\t\t<div class=\"elementor-column elementor-col-50 elementor-top-column elementor-element elementor-element-614d6a6\" data-id=\"614d6a6\" data-element_type=\"column\">\n\t\t\t<div class=\"elementor-widget-wrap elementor-element-populated\">\n\t\t\t\t\t\t<div class=\"elementor-element elementor-element-2ae5151 elementor-widget elementor-widget-ucaddon_block_text_titre\" data-id=\"2ae5151\" data-element_type=\"widget\" data-widget_type=\"ucaddon_block_text_titre.default\">\n\t\t\t\t<div class=\"elementor-widget-container\">\n\t\t\t\t\t\n<!-- start Block text -->\n\n\n<div class=\"block-text-titre\">\n  <h2 class=\"titre\"><\/h2>\n  <h3 class=\"sous-titre\"><\/h3>\n  <p class=\"description\"><p>2 salles avec 6 pupitres<\/p><p>\u00a0<\/p><p>1 personne \/ pupitre<\/p><p>\u00a0<\/p><p>Au del\u00e0 de 6 : 2 personnes \/ pupitre<\/p><p>\u00a0<\/p><p>Nombre de joueurs :<\/p><p>2 \u00e0 12 joueurs (\u00e0 partir de 12 ans)<\/p><p>\u00a0<\/p><p>Dur\u00e9e : 60 min<\/p><p>\u00a0<\/p><p>Difficult\u00e9 et th\u00e8me adaptable.<\/p><\/p>\n<\/div>\n<!-- end Block text -->\t\t\t\t<\/div>\n\t\t\t\t<\/div>\n\t\t\t\t\t<\/div>\n\t\t<\/div>\n\t\t\t\t\t<\/div>\n\t\t<\/section>\n\t\t\t\t<section class=\"elementor-section elementor-top-section elementor-element elementor-element-69afa5c elementor-section-boxed elementor-section-height-default elementor-section-height-default\" data-id=\"69afa5c\" data-element_type=\"section\">\n\t\t\t\t\t\t<div class=\"elementor-container elementor-column-gap-default\">\n\t\t\t\t\t<div class=\"elementor-column elementor-col-100 elementor-top-column elementor-element elementor-element-9524349\" data-id=\"9524349\" data-element_type=\"column\">\n\t\t\t<div class=\"elementor-widget-wrap elementor-element-populated\">\n\t\t\t\t\t\t<div class=\"elementor-element elementor-element-393c937 elementor-widget elementor-widget-spacer\" data-id=\"393c937\" data-element_type=\"widget\" data-widget_type=\"spacer.default\">\n\t\t\t\t<div class=\"elementor-widget-container\">\n\t\t\t\t\t\t\t<div class=\"elementor-spacer\">\n\t\t\t<div class=\"elementor-spacer-inner\"><\/div>\n\t\t<\/div>\n\t\t\t\t\t\t<\/div>\n\t\t\t\t<\/div>\n\t\t\t\t\t<\/div>\n\t\t<\/div>\n\t\t\t\t\t<\/div>\n\t\t<\/section>\n\t\t\t\t<\/div>\n\t\t","protected":false},"excerpt":{"rendered":"<p>Pr\u00eat \u00e0 combattre vos adversaires ? CARTE DE FID\u00c9LIT\u00c9 nos tarifs R\u00e9servation Que les questions commencent Le Quiz Box est [&hellip;]<\/p>\n","protected":false},"author":2,"featured_media":0,"parent":0,"menu_order":0,"comment_status":"closed","ping_status":"closed","template":"","meta":{"inline_featured_image":false,"site-sidebar-layout":"no-sidebar","site-content-layout":"page-builder","ast-site-content-layout":"","site-content-style":"default","site-sidebar-style":"default","ast-global-header-display":"","ast-banner-title-visibility":"","ast-main-header-display":"","ast-hfb-above-header-display":"","ast-hfb-below-header-display":"","ast-hfb-mobile-header-display":"","site-post-title":"disabled","ast-breadcrumbs-content":"","ast-featured-img":"disabled","footer-sml-layout":"","theme-transparent-header-meta":"","adv-header-id-meta":"","stick-header-meta":"","header-above-stick-meta":"","header-main-stick-meta":"","header-below-stick-meta":"","astra-migrate-meta-layouts":"default","ast-page-background-enabled":"default","ast-page-background-meta":{"desktop":{"background-color":"","background-image":"","background-repeat":"repeat","background-position":"center center","background-size":"auto","background-attachment":"scroll","background-type":"","background-media":"","overlay-type":"","overlay-color":"","overlay-opacity":"","overlay-gradient":""},"tablet":{"background-color":"","background-image":"","background-repeat":"repeat","background-position":"center center","background-size":"auto","background-attachment":"scroll","background-type":"","background-media":"","overlay-type":"","overlay-color":"","overlay-opacity":"","overlay-gradient":""},"mobile":{"background-color":"","background-image":"","background-repeat":"repeat","background-position":"center center","background-size":"auto","background-attachment":"scroll","background-type":"","background-media":"","overlay-type":"","overlay-color":"","overlay-opacity":"","overlay-gradient":""}},"ast-content-background-meta":{"desktop":{"background-color":"var(--ast-global-color-5)","background-image":"","background-repeat":"repeat","background-position":"center center","background-size":"auto","background-attachment":"scroll","background-type":"","background-media":"","overlay-type":"","overlay-color":"","overlay-opacity":"","overlay-gradient":""},"tablet":{"background-color":"var(--ast-global-color-5)","background-image":"","background-repeat":"repeat","background-position":"center center","background-size":"auto","background-attachment":"scroll","background-type":"","background-media":"","overlay-type":"","overlay-color":"","overlay-opacity":"","overlay-gradient":""},"mobile":{"background-color":"var(--ast-global-color-5)","background-image":"","background-repeat":"repeat","background-position":"center center","background-size":"auto","background-attachment":"scroll","background-type":"","background-media":"","overlay-type":"","overlay-color":"","overlay-opacity":"","overlay-gradient":""}},"footnotes":""},"class_list":["post-1792","page","type-page","status-publish","hentry"],"yoast_head":"<!-- This site is optimized with the Yoast SEO plugin v24.6 - https:\/\/yoast.com\/wordpress\/plugins\/seo\/ -->\n<title>Quiz Box - Games Factory Marsannay<\/title>\n<meta name=\"robots\" content=\"index, follow, max-snippet:-1, max-image-preview:large, max-video-preview:-1\" \/>\n<link rel=\"canonical\" href=\"https:\/\/gamesfactory.fr\/marsannay\/quiz-box\/\" \/>\n<meta property=\"og:locale\" content=\"fr_FR\" \/>\n<meta property=\"og:type\" content=\"article\" \/>\n<meta property=\"og:title\" content=\"Quiz Box - Games Factory Marsannay\" \/>\n<meta property=\"og:description\" content=\"Pr\u00eat \u00e0 combattre vos adversaires ? CARTE DE FID\u00c9LIT\u00c9 nos tarifs R\u00e9servation Que les questions commencent Le Quiz Box est [&hellip;]\" \/>\n<meta property=\"og:url\" content=\"https:\/\/gamesfactory.fr\/marsannay\/quiz-box\/\" \/>\n<meta property=\"og:site_name\" content=\"Games Factory Marsannay\" \/>\n<meta property=\"article:modified_time\" content=\"2025-12-01T12:27:56+00:00\" \/>\n<meta property=\"og:image\" content=\"https:\/\/gamesfactory.fr\/marsannay\/wp-content\/uploads\/sites\/6\/2024\/02\/469A3325-min-scaled.jpg\" \/>\n\t<meta property=\"og:image:width\" content=\"2560\" \/>\n\t<meta property=\"og:image:height\" content=\"1707\" \/>\n\t<meta property=\"og:image:type\" content=\"image\/jpeg\" \/>\n<meta name=\"twitter:card\" content=\"summary_large_image\" \/>\n<meta name=\"twitter:label1\" content=\"Dur\u00e9e de lecture estim\u00e9e\" \/>\n\t<meta name=\"twitter:data1\" content=\"2 minutes\" \/>\n<script type=\"application\/ld+json\" class=\"yoast-schema-graph\">{\"@context\":\"https:\/\/schema.org\",\"@graph\":[{\"@type\":\"WebPage\",\"@id\":\"https:\/\/gamesfactory.fr\/marsannay\/quiz-box\/\",\"url\":\"https:\/\/gamesfactory.fr\/marsannay\/quiz-box\/\",\"name\":\"Quiz Box - Games Factory Marsannay\",\"isPartOf\":{\"@id\":\"https:\/\/gamesfactory.fr\/marsannay\/#website\"},\"primaryImageOfPage\":{\"@id\":\"https:\/\/gamesfactory.fr\/marsannay\/quiz-box\/#primaryimage\"},\"image\":{\"@id\":\"https:\/\/gamesfactory.fr\/marsannay\/quiz-box\/#primaryimage\"},\"thumbnailUrl\":\"https:\/\/gamesfactory.fr\/marsannay\/wp-content\/uploads\/sites\/6\/2024\/02\/469A3325-min-1536x1024.jpg\",\"datePublished\":\"2022-09-06T15:10:51+00:00\",\"dateModified\":\"2025-12-01T12:27:56+00:00\",\"breadcrumb\":{\"@id\":\"https:\/\/gamesfactory.fr\/marsannay\/quiz-box\/#breadcrumb\"},\"inLanguage\":\"fr-FR\",\"potentialAction\":[{\"@type\":\"ReadAction\",\"target\":[\"https:\/\/gamesfactory.fr\/marsannay\/quiz-box\/\"]}]},{\"@type\":\"ImageObject\",\"inLanguage\":\"fr-FR\",\"@id\":\"https:\/\/gamesfactory.fr\/marsannay\/quiz-box\/#primaryimage\",\"url\":\"https:\/\/gamesfactory.fr\/marsannay\/wp-content\/uploads\/sites\/6\/2024\/02\/469A3325-min-scaled.jpg\",\"contentUrl\":\"https:\/\/gamesfactory.fr\/marsannay\/wp-content\/uploads\/sites\/6\/2024\/02\/469A3325-min-scaled.jpg\",\"width\":2560,\"height\":1707},{\"@type\":\"BreadcrumbList\",\"@id\":\"https:\/\/gamesfactory.fr\/marsannay\/quiz-box\/#breadcrumb\",\"itemListElement\":[{\"@type\":\"ListItem\",\"position\":1,\"name\":\"Accueil\",\"item\":\"https:\/\/gamesfactory.fr\/marsannay\/\"},{\"@type\":\"ListItem\",\"position\":2,\"name\":\"Quiz Box\"}]},{\"@type\":\"WebSite\",\"@id\":\"https:\/\/gamesfactory.fr\/marsannay\/#website\",\"url\":\"https:\/\/gamesfactory.fr\/marsannay\/\",\"name\":\"Games Factory Marsannay\",\"description\":\"Votre complexe de loisirs \u00e0 Marsannay\",\"potentialAction\":[{\"@type\":\"SearchAction\",\"target\":{\"@type\":\"EntryPoint\",\"urlTemplate\":\"https:\/\/gamesfactory.fr\/marsannay\/?s={search_term_string}\"},\"query-input\":{\"@type\":\"PropertyValueSpecification\",\"valueRequired\":true,\"valueName\":\"search_term_string\"}}],\"inLanguage\":\"fr-FR\"}]}<\/script>\n<!-- \/ Yoast SEO plugin. -->","yoast_head_json":{"title":"Quiz Box - Games Factory Marsannay","robots":{"index":"index","follow":"follow","max-snippet":"max-snippet:-1","max-image-preview":"max-image-preview:large","max-video-preview":"max-video-preview:-1"},"canonical":"https:\/\/gamesfactory.fr\/marsannay\/quiz-box\/","og_locale":"fr_FR","og_type":"article","og_title":"Quiz Box - Games Factory Marsannay","og_description":"Pr\u00eat \u00e0 combattre vos adversaires ? CARTE DE FID\u00c9LIT\u00c9 nos tarifs R\u00e9servation Que les questions commencent Le Quiz Box est [&hellip;]","og_url":"https:\/\/gamesfactory.fr\/marsannay\/quiz-box\/","og_site_name":"Games Factory Marsannay","article_modified_time":"2025-12-01T12:27:56+00:00","og_image":[{"width":2560,"height":1707,"url":"https:\/\/gamesfactory.fr\/marsannay\/wp-content\/uploads\/sites\/6\/2024\/02\/469A3325-min-scaled.jpg","type":"image\/jpeg"}],"twitter_card":"summary_large_image","twitter_misc":{"Dur\u00e9e de lecture estim\u00e9e":"2 minutes"},"schema":{"@context":"https:\/\/schema.org","@graph":[{"@type":"WebPage","@id":"https:\/\/gamesfactory.fr\/marsannay\/quiz-box\/","url":"https:\/\/gamesfactory.fr\/marsannay\/quiz-box\/","name":"Quiz Box - Games Factory Marsannay","isPartOf":{"@id":"https:\/\/gamesfactory.fr\/marsannay\/#website"},"primaryImageOfPage":{"@id":"https:\/\/gamesfactory.fr\/marsannay\/quiz-box\/#primaryimage"},"image":{"@id":"https:\/\/gamesfactory.fr\/marsannay\/quiz-box\/#primaryimage"},"thumbnailUrl":"https:\/\/gamesfactory.fr\/marsannay\/wp-content\/uploads\/sites\/6\/2024\/02\/469A3325-min-1536x1024.jpg","datePublished":"2022-09-06T15:10:51+00:00","dateModified":"2025-12-01T12:27:56+00:00","breadcrumb":{"@id":"https:\/\/gamesfactory.fr\/marsannay\/quiz-box\/#breadcrumb"},"inLanguage":"fr-FR","potentialAction":[{"@type":"ReadAction","target":["https:\/\/gamesfactory.fr\/marsannay\/quiz-box\/"]}]},{"@type":"ImageObject","inLanguage":"fr-FR","@id":"https:\/\/gamesfactory.fr\/marsannay\/quiz-box\/#primaryimage","url":"https:\/\/gamesfactory.fr\/marsannay\/wp-content\/uploads\/sites\/6\/2024\/02\/469A3325-min-scaled.jpg","contentUrl":"https:\/\/gamesfactory.fr\/marsannay\/wp-content\/uploads\/sites\/6\/2024\/02\/469A3325-min-scaled.jpg","width":2560,"height":1707},{"@type":"BreadcrumbList","@id":"https:\/\/gamesfactory.fr\/marsannay\/quiz-box\/#breadcrumb","itemListElement":[{"@type":"ListItem","position":1,"name":"Accueil","item":"https:\/\/gamesfactory.fr\/marsannay\/"},{"@type":"ListItem","position":2,"name":"Quiz Box"}]},{"@type":"WebSite","@id":"https:\/\/gamesfactory.fr\/marsannay\/#website","url":"https:\/\/gamesfactory.fr\/marsannay\/","name":"Games Factory Marsannay","description":"Votre complexe de loisirs \u00e0 Marsannay","potentialAction":[{"@type":"SearchAction","target":{"@type":"EntryPoint","urlTemplate":"https:\/\/gamesfactory.fr\/marsannay\/?s={search_term_string}"},"query-input":{"@type":"PropertyValueSpecification","valueRequired":true,"valueName":"search_term_string"}}],"inLanguage":"fr-FR"}]}},"_links":{"self":[{"href":"https:\/\/gamesfactory.fr\/marsannay\/wp-json\/wp\/v2\/pages\/1792","targetHints":{"allow":["GET"]}}],"collection":[{"href":"https:\/\/gamesfactory.fr\/marsannay\/wp-json\/wp\/v2\/pages"}],"about":[{"href":"https:\/\/gamesfactory.fr\/marsannay\/wp-json\/wp\/v2\/types\/page"}],"author":[{"embeddable":true,"href":"https:\/\/gamesfactory.fr\/marsannay\/wp-json\/wp\/v2\/users\/2"}],"replies":[{"embeddable":true,"href":"https:\/\/gamesfactory.fr\/marsannay\/wp-json\/wp\/v2\/comments?post=1792"}],"version-history":[{"count":103,"href":"https:\/\/gamesfactory.fr\/marsannay\/wp-json\/wp\/v2\/pages\/1792\/revisions"}],"predecessor-version":[{"id":3715,"href":"https:\/\/gamesfactory.fr\/marsannay\/wp-json\/wp\/v2\/pages\/1792\/revisions\/3715"}],"wp:attachment":[{"href":"https:\/\/gamesfactory.fr\/marsannay\/wp-json\/wp\/v2\/media?parent=1792"}],"curies":[{"name":"wp","href":"https:\/\/api.w.org\/{rel}","templated":true}]}}