{"id":230,"date":"2020-09-10T14:45:33","date_gmt":"2020-09-10T12:45:33","guid":{"rendered":"https:\/\/gamesfactory.fr\/metz\/?page_id=230"},"modified":"2021-07-31T12:33:28","modified_gmt":"2021-07-31T10:33:28","slug":"karts-au-bioethanol","status":"publish","type":"page","link":"https:\/\/gamesfactory.fr\/metz\/karts-au-bioethanol\/","title":{"rendered":"Karts au bio\u00e9thanol"},"content":{"rendered":"\t\t<div data-elementor-type=\"wp-page\" data-elementor-id=\"230\" class=\"elementor elementor-230\">\n\t\t\t\t\t\t<section class=\"elementor-section elementor-top-section elementor-element elementor-element-6bba1ef7 elementor-section-full_width elementor-section-height-default elementor-section-height-default\" data-id=\"6bba1ef7\" data-element_type=\"section\">\n\t\t\t\t\t\t<div class=\"elementor-container elementor-column-gap-default\">\n\t\t\t\t\t<div class=\"elementor-column elementor-col-100 elementor-top-column elementor-element elementor-element-1c67eb6e\" data-id=\"1c67eb6e\" data-element_type=\"column\">\n\t\t\t<div class=\"elementor-widget-wrap elementor-element-populated\">\n\t\t\t\t\t\t<section class=\"elementor-section elementor-inner-section elementor-element elementor-element-339609e4 elementor-section-full_width elementor-reverse-mobile elementor-section-height-default elementor-section-height-default\" data-id=\"339609e4\" data-element_type=\"section\">\n\t\t\t\t\t\t<div class=\"elementor-container elementor-column-gap-default\">\n\t\t\t\t\t<div class=\"elementor-column elementor-col-50 elementor-inner-column elementor-element elementor-element-406e7c78\" data-id=\"406e7c78\" data-element_type=\"column\">\n\t\t\t<div class=\"elementor-widget-wrap elementor-element-populated\">\n\t\t\t\t\t\t<div class=\"elementor-element elementor-element-e7f729f elementor-widget elementor-widget-ucaddon_block_rouge_titre\" data-id=\"e7f729f\" data-element_type=\"widget\" data-widget_type=\"ucaddon_block_rouge_titre.default\">\n\t\t\t\t<div class=\"elementor-widget-container\">\n\t\t\t\t\t\n<!-- start Block titre -->\n\t\t<link id='uc_ac_assets_file_block_titre_css_1681-css' href='https:\/\/gamesfactory.fr\/metz\/wp-content\/uploads\/sites\/15\/ac_assets\/custom\/block-titre.css' type='text\/css' rel='stylesheet' >\n\n\n<div class=\"block-titre\">\n\n  <div class=\"content\">\n\n          <h2 class=\"titre\">Nos karts fonctionnent<\/h2>\n      <h3 class=\"sous-titre\">Au bio\u00e9thanol<\/h3>\n    \n\n\n    \n    \n  <\/div>\t\n\n<\/div>\n<!-- end Block titre -->\t\t\t\t<\/div>\n\t\t\t\t<\/div>\n\t\t\t\t\t<\/div>\n\t\t<\/div>\n\t\t\t\t<div class=\"elementor-column elementor-col-50 elementor-inner-column elementor-element elementor-element-4ccfacc5\" data-id=\"4ccfacc5\" data-element_type=\"column\">\n\t\t\t<div class=\"elementor-widget-wrap elementor-element-populated\">\n\t\t\t\t\t\t<div class=\"elementor-element elementor-element-2c6ed736 elementor-widget elementor-widget-ucaddon_block_image\" data-id=\"2c6ed736\" data-element_type=\"widget\" data-widget_type=\"ucaddon_block_image.default\">\n\t\t\t\t<div class=\"elementor-widget-container\">\n\t\t\t\t\t\n<!-- start Block image -->\n\t\t<link id='uc_ac_assets_file_block_image_css_912-css' href='https:\/\/gamesfactory.fr\/metz\/wp-content\/uploads\/sites\/15\/ac_assets\/custom\/block-image.css' type='text\/css' rel='stylesheet' >\n\n\n<div class=\"block-image\">\n  <div class=\"bg\" style=\"background-image: url('https:\/\/gamesfactory.fr\/metz\/wp-content\/uploads\/sites\/15\/2020\/09\/games-factory-karting.jpg'); \"><\/div>\n<\/div>\n<!-- end Block image -->\t\t\t\t<\/div>\n\t\t\t\t<\/div>\n\t\t\t\t\t<\/div>\n\t\t<\/div>\n\t\t\t\t\t<\/div>\n\t\t<\/section>\n\t\t\t\t<section class=\"elementor-section elementor-inner-section elementor-element elementor-element-22313355 elementor-section-full_width elementor-section-height-default elementor-section-height-default\" data-id=\"22313355\" data-element_type=\"section\">\n\t\t\t\t\t\t<div class=\"elementor-container elementor-column-gap-default\">\n\t\t\t\t\t<div class=\"elementor-column elementor-col-50 elementor-inner-column elementor-element elementor-element-49a9df66\" data-id=\"49a9df66\" data-element_type=\"column\">\n\t\t\t<div class=\"elementor-widget-wrap elementor-element-populated\">\n\t\t\t\t\t\t<div class=\"elementor-element elementor-element-1088efb7 elementor-widget elementor-widget-ucaddon_block_text_titre\" data-id=\"1088efb7\" data-element_type=\"widget\" data-widget_type=\"ucaddon_block_text_titre.default\">\n\t\t\t\t<div class=\"elementor-widget-container\">\n\t\t\t\t\t\n<!-- start Block text -->\n\t\t<link id='uc_ac_assets_file_block_text_css_925-css' href='https:\/\/gamesfactory.fr\/metz\/wp-content\/uploads\/sites\/15\/ac_assets\/custom\/block-text.css' type='text\/css' rel='stylesheet' >\n\n\n<div class=\"block-text-titre\">\n  <h2 class=\"titre\">kart sodi SR5<\/h2>\n  <h3 class=\"sous-titre\">Pour les adultes<\/h3>\n  <p class=\"description\"><p>270 CM3 plus puissant et surtout plus de couple (id\u00e9al pour les gros gabarit).<br \/>Nos karts b\u00e9n\u00e9ficient d\u2019un excellent comportement en piste et d\u2019un confort optimal.<\/p><p>Le pilote peut facilement ajuster sa position gr\u00e2ce au p\u00e9dalier r\u00e9glable 2D et ainsi b\u00e9n\u00e9ficier d\u2019une excellente position de conduite. Le r\u00e9servoir enti\u00e8rement envelopp\u00e9 permet quant \u00e0 lui de prot\u00e9ger le pilote contre les \u00e9ventuelles projections d\u2019essence (lors de ravitaillement par exemple).<\/p><p>Le SR5 se positionne ainsi comme un kart sportif et facile avec un confort optimal.<\/p><p>L\u2019\u00e9quipement comprend \u00e9galement un harnais de s\u00e9curit\u00e9, des feux stop arri\u00e8re, ainsi qu\u2019un arceau repose t\u00eate pour parfaire le confort et la s\u00e9curit\u00e9 des\u00a0 pilotes!<\/p><\/p>\n<\/div>\n<!-- end Block text -->\t\t\t\t<\/div>\n\t\t\t\t<\/div>\n\t\t\t\t<div class=\"elementor-element elementor-element-1bf6c6f2 elementor-widget elementor-widget-image\" data-id=\"1bf6c6f2\" data-element_type=\"widget\" data-widget_type=\"image.default\">\n\t\t\t\t<div class=\"elementor-widget-container\">\n\t\t\t\t\t\t\t\t\t\t\t\t\t\t\t<img decoding=\"async\" src=\"https:\/\/gamesfactory.fr\/dijon\/wp-content\/uploads\/sites\/2\/2020\/09\/kart-sodi-sr5.png\" title=\"\" alt=\"\" loading=\"lazy\" \/>\t\t\t\t\t\t\t\t\t\t\t\t\t\t\t<\/div>\n\t\t\t\t<\/div>\n\t\t\t\t\t<\/div>\n\t\t<\/div>\n\t\t\t\t<div class=\"elementor-column elementor-col-50 elementor-inner-column elementor-element elementor-element-3cb8f832\" data-id=\"3cb8f832\" data-element_type=\"column\">\n\t\t\t<div class=\"elementor-widget-wrap elementor-element-populated\">\n\t\t\t\t\t\t<div class=\"elementor-element elementor-element-4dbb2c43 elementor-widget elementor-widget-ucaddon_block_image\" data-id=\"4dbb2c43\" data-element_type=\"widget\" data-widget_type=\"ucaddon_block_image.default\">\n\t\t\t\t<div class=\"elementor-widget-container\">\n\t\t\t\t\t\n<!-- start Block image -->\n\n\n<div class=\"block-image\">\n  <div class=\"bg\" style=\"background-image: url('https:\/\/gamesfactory.fr\/metz\/wp-content\/uploads\/sites\/15\/2020\/09\/gf-kart.jpg'); \"><\/div>\n<\/div>\n<!-- end Block image -->\t\t\t\t<\/div>\n\t\t\t\t<\/div>\n\t\t\t\t<div class=\"elementor-element elementor-element-4a07368e elementor-widget elementor-widget-image\" data-id=\"4a07368e\" data-element_type=\"widget\" data-widget_type=\"image.default\">\n\t\t\t\t<div class=\"elementor-widget-container\">\n\t\t\t\t\t\t\t\t\t\t\t\t\t\t\t<img decoding=\"async\" src=\"https:\/\/gamesfactory.fr\/dijon\/wp-content\/uploads\/sites\/2\/2020\/09\/bioethanol-kart.png\" title=\"\" alt=\"\" loading=\"lazy\" \/>\t\t\t\t\t\t\t\t\t\t\t\t\t\t\t<\/div>\n\t\t\t\t<\/div>\n\t\t\t\t<div class=\"elementor-element elementor-element-190326dc elementor-widget elementor-widget-ucaddon_block_text_titre\" data-id=\"190326dc\" data-element_type=\"widget\" data-widget_type=\"ucaddon_block_text_titre.default\">\n\t\t\t\t<div class=\"elementor-widget-container\">\n\t\t\t\t\t\n<!-- start Block text -->\n\n\n<div class=\"block-text-titre\">\n  <h2 class=\"titre\"><\/h2>\n  <h3 class=\"sous-titre\"><\/h3>\n  <p class=\"description\"><p>Nous poss\u00e9dons une flotte de 30 karts de la marque SODIKART leader mondial de kart de location. Tous nos karts fonctionnent au BIO-\u00c9THANOL.<\/p><p>\u00a0<\/p><p>Moins polluant et sans odeur, profitez de la puissance d\u2019un kart thermique !<\/p><\/p>\n<\/div>\n<!-- end Block text -->\t\t\t\t<\/div>\n\t\t\t\t<\/div>\n\t\t\t\t\t<\/div>\n\t\t<\/div>\n\t\t\t\t\t<\/div>\n\t\t<\/section>\n\t\t\t\t<section class=\"elementor-section elementor-inner-section elementor-element elementor-element-1f13a469 elementor-section-full_width elementor-reverse-mobile elementor-reverse-tablet elementor-section-height-default elementor-section-height-default\" data-id=\"1f13a469\" data-element_type=\"section\">\n\t\t\t\t\t\t<div class=\"elementor-container elementor-column-gap-default\">\n\t\t\t\t\t<div class=\"elementor-column elementor-col-50 elementor-inner-column elementor-element elementor-element-2ef30a63\" data-id=\"2ef30a63\" data-element_type=\"column\">\n\t\t\t<div class=\"elementor-widget-wrap elementor-element-populated\">\n\t\t\t\t\t\t<div class=\"elementor-element elementor-element-5ec1a1a5 elementor-widget elementor-widget-ucaddon_block_text_titre\" data-id=\"5ec1a1a5\" data-element_type=\"widget\" data-widget_type=\"ucaddon_block_text_titre.default\">\n\t\t\t\t<div class=\"elementor-widget-container\">\n\t\t\t\t\t\n<!-- start Block text -->\n\n\n<div class=\"block-text-titre\">\n  <h2 class=\"titre\">Kart Sodi LR5<\/h2>\n  <h3 class=\"sous-titre\">Pour les pilotes en herbes<\/h3>\n  <p class=\"description\"><p>Les enfants ne sont pas oubli\u00e9s, puisque notre parc comprend 14 karts LR5, id\u00e9alement con\u00e7u pour les enfants, <strong>\u00e0 partir de 7 ans et d\u2019une taille minimale de 1,25m.<\/strong><\/p><p>Les nombreuses possibilit\u00e9s de r\u00e9glages (p\u00e9dales, si\u00e8ges) offrent la possibilit\u00e9 de s\u2019adapter \u00e0 la morphologie des \u00ab kids \u00bb.<\/p><p>Sur les nouvelles machines, l\u2019\u00e9quipement comprend \u00e9galement un harnais de s\u00e9curit\u00e9, des feux stop arri\u00e8re, ainsi qu\u2019un arceau repose t\u00eate pour parfaire le confort et la s\u00e9curit\u00e9 des apprentis pilotes!<\/p><\/p>\n<\/div>\n<!-- end Block text -->\t\t\t\t<\/div>\n\t\t\t\t<\/div>\n\t\t\t\t\t<\/div>\n\t\t<\/div>\n\t\t\t\t<div class=\"elementor-column elementor-col-50 elementor-inner-column elementor-element elementor-element-45156bca\" data-id=\"45156bca\" data-element_type=\"column\">\n\t\t\t<div class=\"elementor-widget-wrap elementor-element-populated\">\n\t\t\t\t\t\t<div class=\"elementor-element elementor-element-1d3f01e4 elementor-widget elementor-widget-image\" data-id=\"1d3f01e4\" data-element_type=\"widget\" data-widget_type=\"image.default\">\n\t\t\t\t<div class=\"elementor-widget-container\">\n\t\t\t\t\t\t\t\t\t\t\t\t\t\t\t<img fetchpriority=\"high\" decoding=\"async\" width=\"1024\" height=\"846\" src=\"https:\/\/gamesfactory.fr\/metz\/wp-content\/uploads\/sites\/15\/2020\/09\/kart-sodi-lr5.png\" class=\"attachment-large size-large wp-image-226\" alt=\"\" srcset=\"https:\/\/gamesfactory.fr\/metz\/wp-content\/uploads\/sites\/15\/2020\/09\/kart-sodi-lr5.png 1024w, https:\/\/gamesfactory.fr\/metz\/wp-content\/uploads\/sites\/15\/2020\/09\/kart-sodi-lr5-300x248.png 300w, https:\/\/gamesfactory.fr\/metz\/wp-content\/uploads\/sites\/15\/2020\/09\/kart-sodi-lr5-768x635.png 768w\" sizes=\"(max-width: 1024px) 100vw, 1024px\" \/>\t\t\t\t\t\t\t\t\t\t\t\t\t\t\t<\/div>\n\t\t\t\t<\/div>\n\t\t\t\t\t<\/div>\n\t\t<\/div>\n\t\t\t\t\t<\/div>\n\t\t<\/section>\n\t\t\t\t<section class=\"elementor-section elementor-inner-section elementor-element elementor-element-7922c622 elementor-section-full_width elementor-reverse-mobile elementor-section-height-default elementor-section-height-default\" data-id=\"7922c622\" data-element_type=\"section\">\n\t\t\t\t\t\t<div class=\"elementor-container elementor-column-gap-default\">\n\t\t\t\t\t<div class=\"elementor-column elementor-col-100 elementor-inner-column elementor-element elementor-element-7649d3ae\" data-id=\"7649d3ae\" data-element_type=\"column\">\n\t\t\t<div class=\"elementor-widget-wrap elementor-element-populated\">\n\t\t\t\t\t\t<div class=\"elementor-element elementor-element-308cf372 elementor-widget elementor-widget-ucaddon_block_rouge_titre\" data-id=\"308cf372\" data-element_type=\"widget\" data-widget_type=\"ucaddon_block_rouge_titre.default\">\n\t\t\t\t<div class=\"elementor-widget-container\">\n\t\t\t\t\t\n<!-- start Block titre -->\n\n\n<div class=\"block-titre\">\n\n  <div class=\"content\">\n\n          <h2 class=\"titre\">profitez de la puissance d\u2019un kart thermique !<\/h2>\n      <h3 class=\"sous-titre\">Moins polluant et sans odeur<\/h3>\n    \n\n\n    \n    \n  <\/div>\t\n\n<\/div>\n<!-- end Block titre -->\t\t\t\t<\/div>\n\t\t\t\t<\/div>\n\t\t\t\t\t<\/div>\n\t\t<\/div>\n\t\t\t\t\t<\/div>\n\t\t<\/section>\n\t\t\t\t<section class=\"elementor-section elementor-inner-section elementor-element elementor-element-514c2d5b elementor-section-full_width elementor-section-height-default elementor-section-height-default\" data-id=\"514c2d5b\" data-element_type=\"section\">\n\t\t\t\t\t\t<div class=\"elementor-container elementor-column-gap-default\">\n\t\t\t\t\t<div class=\"elementor-column elementor-col-50 elementor-inner-column elementor-element elementor-element-1ffda19d\" data-id=\"1ffda19d\" data-element_type=\"column\">\n\t\t\t<div class=\"elementor-widget-wrap elementor-element-populated\">\n\t\t\t\t\t\t<div class=\"elementor-element elementor-element-e51c501 elementor-widget elementor-widget-ucaddon_block_rouge_titre\" data-id=\"e51c501\" data-element_type=\"widget\" data-widget_type=\"ucaddon_block_rouge_titre.default\">\n\t\t\t\t<div class=\"elementor-widget-container\">\n\t\t\t\t\t\n<!-- start Block titre -->\n\n\n<div class=\"block-titre\">\n\n  <div class=\"content\">\n\n          <h2 class=\"titre\">Possibilit\u00e9 de r\u00e9server votre <\/h2>\n      <h3 class=\"sous-titre\">Handikart adapt\u00e9<\/h3>\n    \n\n\n    \n        \t<div class=\"bg\" style=\"background-image: url(''); \"><\/div>\n    \n  <\/div>\t\n\n<\/div>\n<!-- end Block titre -->\t\t\t\t<\/div>\n\t\t\t\t<\/div>\n\t\t\t\t\t<\/div>\n\t\t<\/div>\n\t\t\t\t<div class=\"elementor-column elementor-col-50 elementor-inner-column elementor-element elementor-element-6419dc8d\" data-id=\"6419dc8d\" data-element_type=\"column\">\n\t\t\t<div class=\"elementor-widget-wrap elementor-element-populated\">\n\t\t\t\t\t\t<div class=\"elementor-element elementor-element-7b79e52a elementor-widget elementor-widget-ucaddon_block_rouge_titre\" data-id=\"7b79e52a\" data-element_type=\"widget\" data-widget_type=\"ucaddon_block_rouge_titre.default\">\n\t\t\t\t<div class=\"elementor-widget-container\">\n\t\t\t\t\t\n<!-- start Block titre -->\n\n\n<div class=\"block-titre\">\n\n  <div class=\"content\">\n\n          <h2 class=\"titre\">Karting avec commandes au volant <\/h2>\n      <h3 class=\"sous-titre\">Pour les personnes \u00e0 mobilit\u00e9 r\u00e9duite<\/h3>\n    \n\n\n    \n    \n  <\/div>\t\n\n<\/div>\n<!-- end Block titre -->\t\t\t\t<\/div>\n\t\t\t\t<\/div>\n\t\t\t\t\t<\/div>\n\t\t<\/div>\n\t\t\t\t\t<\/div>\n\t\t<\/section>\n\t\t\t\t\t<\/div>\n\t\t<\/div>\n\t\t\t\t\t<\/div>\n\t\t<\/section>\n\t\t\t\t<\/div>\n\t\t","protected":false},"excerpt":{"rendered":"<p>Nos karts fonctionnent Au bio\u00e9thanol kart sodi SR5 Pour les adultes 270 CM3 plus puissant et surtout plus de couple [&hellip;]<\/p>\n","protected":false},"author":1,"featured_media":0,"parent":0,"menu_order":0,"comment_status":"closed","ping_status":"closed","template":"","meta":{"inline_featured_image":false,"site-sidebar-layout":"no-sidebar","site-content-layout":"page-builder","ast-site-content-layout":"","site-content-style":"default","site-sidebar-style":"default","ast-global-header-display":"","ast-banner-title-visibility":"","ast-main-header-display":"","ast-hfb-above-header-display":"","ast-hfb-below-header-display":"","ast-hfb-mobile-header-display":"","site-post-title":"disabled","ast-breadcrumbs-content":"","ast-featured-img":"disabled","footer-sml-layout":"","theme-transparent-header-meta":"default","adv-header-id-meta":"","stick-header-meta":"","header-above-stick-meta":"","header-main-stick-meta":"","header-below-stick-meta":"","astra-migrate-meta-layouts":"default","ast-page-background-enabled":"default","ast-page-background-meta":{"desktop":{"background-color":"","background-image":"","background-repeat":"repeat","background-position":"center center","background-size":"auto","background-attachment":"scroll","background-type":"","background-media":"","overlay-type":"","overlay-color":"","overlay-opacity":"","overlay-gradient":""},"tablet":{"background-color":"","background-image":"","background-repeat":"repeat","background-position":"center center","background-size":"auto","background-attachment":"scroll","background-type":"","background-media":"","overlay-type":"","overlay-color":"","overlay-opacity":"","overlay-gradient":""},"mobile":{"background-color":"","background-image":"","background-repeat":"repeat","background-position":"center center","background-size":"auto","background-attachment":"scroll","background-type":"","background-media":"","overlay-type":"","overlay-color":"","overlay-opacity":"","overlay-gradient":""}},"ast-content-background-meta":{"desktop":{"background-color":"var(--ast-global-color-5)","background-image":"","background-repeat":"repeat","background-position":"center center","background-size":"auto","background-attachment":"scroll","background-type":"","background-media":"","overlay-type":"","overlay-color":"","overlay-opacity":"","overlay-gradient":""},"tablet":{"background-color":"var(--ast-global-color-5)","background-image":"","background-repeat":"repeat","background-position":"center center","background-size":"auto","background-attachment":"scroll","background-type":"","background-media":"","overlay-type":"","overlay-color":"","overlay-opacity":"","overlay-gradient":""},"mobile":{"background-color":"var(--ast-global-color-5)","background-image":"","background-repeat":"repeat","background-position":"center center","background-size":"auto","background-attachment":"scroll","background-type":"","background-media":"","overlay-type":"","overlay-color":"","overlay-opacity":"","overlay-gradient":""}},"footnotes":""},"class_list":["post-230","page","type-page","status-publish","hentry"],"yoast_head":"<!-- This site is optimized with the Yoast SEO plugin v24.6 - https:\/\/yoast.com\/wordpress\/plugins\/seo\/ -->\n<title>Karts au bio\u00e9thanol - Games Factory Metz<\/title>\n<meta name=\"robots\" content=\"index, follow, max-snippet:-1, max-image-preview:large, max-video-preview:-1\" \/>\n<link rel=\"canonical\" href=\"https:\/\/gamesfactory.fr\/metz\/karts-au-bioethanol\/\" \/>\n<meta property=\"og:locale\" content=\"fr_FR\" \/>\n<meta property=\"og:type\" content=\"article\" \/>\n<meta property=\"og:title\" content=\"Karts au bio\u00e9thanol - Games Factory Metz\" \/>\n<meta property=\"og:description\" content=\"Nos karts fonctionnent Au bio\u00e9thanol kart sodi SR5 Pour les adultes 270 CM3 plus puissant et surtout plus de couple [&hellip;]\" \/>\n<meta property=\"og:url\" content=\"https:\/\/gamesfactory.fr\/metz\/karts-au-bioethanol\/\" \/>\n<meta property=\"og:site_name\" content=\"Games Factory Metz\" \/>\n<meta property=\"article:modified_time\" content=\"2021-07-31T10:33:28+00:00\" \/>\n<meta property=\"og:image\" content=\"https:\/\/gamesfactory.fr\/metz\/wp-content\/uploads\/sites\/15\/2020\/09\/kart-sodi-sr5.png\" \/>\n<meta name=\"twitter:card\" content=\"summary_large_image\" \/>\n<meta name=\"twitter:label1\" content=\"Dur\u00e9e de lecture estim\u00e9e\" \/>\n\t<meta name=\"twitter:data1\" content=\"2 minutes\" \/>\n<script type=\"application\/ld+json\" class=\"yoast-schema-graph\">{\"@context\":\"https:\/\/schema.org\",\"@graph\":[{\"@type\":\"WebPage\",\"@id\":\"https:\/\/gamesfactory.fr\/metz\/karts-au-bioethanol\/\",\"url\":\"https:\/\/gamesfactory.fr\/metz\/karts-au-bioethanol\/\",\"name\":\"Karts au bio\u00e9thanol - Games Factory Metz\",\"isPartOf\":{\"@id\":\"https:\/\/gamesfactory.fr\/metz\/#website\"},\"primaryImageOfPage\":{\"@id\":\"https:\/\/gamesfactory.fr\/metz\/karts-au-bioethanol\/#primaryimage\"},\"image\":{\"@id\":\"https:\/\/gamesfactory.fr\/metz\/karts-au-bioethanol\/#primaryimage\"},\"thumbnailUrl\":\"https:\/\/gamesfactory.fr\/metz\/wp-content\/uploads\/sites\/15\/2020\/09\/kart-sodi-sr5.png\",\"datePublished\":\"2020-09-10T12:45:33+00:00\",\"dateModified\":\"2021-07-31T10:33:28+00:00\",\"breadcrumb\":{\"@id\":\"https:\/\/gamesfactory.fr\/metz\/karts-au-bioethanol\/#breadcrumb\"},\"inLanguage\":\"fr-FR\",\"potentialAction\":[{\"@type\":\"ReadAction\",\"target\":[\"https:\/\/gamesfactory.fr\/metz\/karts-au-bioethanol\/\"]}]},{\"@type\":\"ImageObject\",\"inLanguage\":\"fr-FR\",\"@id\":\"https:\/\/gamesfactory.fr\/metz\/karts-au-bioethanol\/#primaryimage\",\"url\":\"https:\/\/gamesfactory.fr\/metz\/wp-content\/uploads\/sites\/15\/2020\/09\/kart-sodi-sr5.png\",\"contentUrl\":\"https:\/\/gamesfactory.fr\/metz\/wp-content\/uploads\/sites\/15\/2020\/09\/kart-sodi-sr5.png\"},{\"@type\":\"BreadcrumbList\",\"@id\":\"https:\/\/gamesfactory.fr\/metz\/karts-au-bioethanol\/#breadcrumb\",\"itemListElement\":[{\"@type\":\"ListItem\",\"position\":1,\"name\":\"Accueil\",\"item\":\"https:\/\/gamesfactory.fr\/metz\/\"},{\"@type\":\"ListItem\",\"position\":2,\"name\":\"Karts au bio\u00e9thanol\"}]},{\"@type\":\"WebSite\",\"@id\":\"https:\/\/gamesfactory.fr\/metz\/#website\",\"url\":\"https:\/\/gamesfactory.fr\/metz\/\",\"name\":\"Games Factory Metz\",\"description\":\"Votre complexe de loisirs \u00e0 Metz\",\"potentialAction\":[{\"@type\":\"SearchAction\",\"target\":{\"@type\":\"EntryPoint\",\"urlTemplate\":\"https:\/\/gamesfactory.fr\/metz\/?s={search_term_string}\"},\"query-input\":{\"@type\":\"PropertyValueSpecification\",\"valueRequired\":true,\"valueName\":\"search_term_string\"}}],\"inLanguage\":\"fr-FR\"}]}<\/script>\n<!-- \/ Yoast SEO plugin. -->","yoast_head_json":{"title":"Karts au bio\u00e9thanol - Games Factory Metz","robots":{"index":"index","follow":"follow","max-snippet":"max-snippet:-1","max-image-preview":"max-image-preview:large","max-video-preview":"max-video-preview:-1"},"canonical":"https:\/\/gamesfactory.fr\/metz\/karts-au-bioethanol\/","og_locale":"fr_FR","og_type":"article","og_title":"Karts au bio\u00e9thanol - Games Factory Metz","og_description":"Nos karts fonctionnent Au bio\u00e9thanol kart sodi SR5 Pour les adultes 270 CM3 plus puissant et surtout plus de couple [&hellip;]","og_url":"https:\/\/gamesfactory.fr\/metz\/karts-au-bioethanol\/","og_site_name":"Games Factory Metz","article_modified_time":"2021-07-31T10:33:28+00:00","og_image":[{"url":"https:\/\/gamesfactory.fr\/metz\/wp-content\/uploads\/sites\/15\/2020\/09\/kart-sodi-sr5.png","type":"","width":"","height":""}],"twitter_card":"summary_large_image","twitter_misc":{"Dur\u00e9e de lecture estim\u00e9e":"2 minutes"},"schema":{"@context":"https:\/\/schema.org","@graph":[{"@type":"WebPage","@id":"https:\/\/gamesfactory.fr\/metz\/karts-au-bioethanol\/","url":"https:\/\/gamesfactory.fr\/metz\/karts-au-bioethanol\/","name":"Karts au bio\u00e9thanol - Games Factory Metz","isPartOf":{"@id":"https:\/\/gamesfactory.fr\/metz\/#website"},"primaryImageOfPage":{"@id":"https:\/\/gamesfactory.fr\/metz\/karts-au-bioethanol\/#primaryimage"},"image":{"@id":"https:\/\/gamesfactory.fr\/metz\/karts-au-bioethanol\/#primaryimage"},"thumbnailUrl":"https:\/\/gamesfactory.fr\/metz\/wp-content\/uploads\/sites\/15\/2020\/09\/kart-sodi-sr5.png","datePublished":"2020-09-10T12:45:33+00:00","dateModified":"2021-07-31T10:33:28+00:00","breadcrumb":{"@id":"https:\/\/gamesfactory.fr\/metz\/karts-au-bioethanol\/#breadcrumb"},"inLanguage":"fr-FR","potentialAction":[{"@type":"ReadAction","target":["https:\/\/gamesfactory.fr\/metz\/karts-au-bioethanol\/"]}]},{"@type":"ImageObject","inLanguage":"fr-FR","@id":"https:\/\/gamesfactory.fr\/metz\/karts-au-bioethanol\/#primaryimage","url":"https:\/\/gamesfactory.fr\/metz\/wp-content\/uploads\/sites\/15\/2020\/09\/kart-sodi-sr5.png","contentUrl":"https:\/\/gamesfactory.fr\/metz\/wp-content\/uploads\/sites\/15\/2020\/09\/kart-sodi-sr5.png"},{"@type":"BreadcrumbList","@id":"https:\/\/gamesfactory.fr\/metz\/karts-au-bioethanol\/#breadcrumb","itemListElement":[{"@type":"ListItem","position":1,"name":"Accueil","item":"https:\/\/gamesfactory.fr\/metz\/"},{"@type":"ListItem","position":2,"name":"Karts au bio\u00e9thanol"}]},{"@type":"WebSite","@id":"https:\/\/gamesfactory.fr\/metz\/#website","url":"https:\/\/gamesfactory.fr\/metz\/","name":"Games Factory Metz","description":"Votre complexe de loisirs \u00e0 Metz","potentialAction":[{"@type":"SearchAction","target":{"@type":"EntryPoint","urlTemplate":"https:\/\/gamesfactory.fr\/metz\/?s={search_term_string}"},"query-input":{"@type":"PropertyValueSpecification","valueRequired":true,"valueName":"search_term_string"}}],"inLanguage":"fr-FR"}]}},"_links":{"self":[{"href":"https:\/\/gamesfactory.fr\/metz\/wp-json\/wp\/v2\/pages\/230","targetHints":{"allow":["GET"]}}],"collection":[{"href":"https:\/\/gamesfactory.fr\/metz\/wp-json\/wp\/v2\/pages"}],"about":[{"href":"https:\/\/gamesfactory.fr\/metz\/wp-json\/wp\/v2\/types\/page"}],"author":[{"embeddable":true,"href":"https:\/\/gamesfactory.fr\/metz\/wp-json\/wp\/v2\/users\/1"}],"replies":[{"embeddable":true,"href":"https:\/\/gamesfactory.fr\/metz\/wp-json\/wp\/v2\/comments?post=230"}],"version-history":[{"count":7,"href":"https:\/\/gamesfactory.fr\/metz\/wp-json\/wp\/v2\/pages\/230\/revisions"}],"predecessor-version":[{"id":658,"href":"https:\/\/gamesfactory.fr\/metz\/wp-json\/wp\/v2\/pages\/230\/revisions\/658"}],"wp:attachment":[{"href":"https:\/\/gamesfactory.fr\/metz\/wp-json\/wp\/v2\/media?parent=230"}],"curies":[{"name":"wp","href":"https:\/\/api.w.org\/{rel}","templated":true}]}}