{"id":2739,"date":"2023-06-05T13:10:23","date_gmt":"2023-06-05T11:10:23","guid":{"rendered":"https:\/\/gamesfactory.fr\/metz\/?page_id=2739"},"modified":"2025-04-09T13:21:55","modified_gmt":"2025-04-09T11:21:55","slug":"reservations","status":"publish","type":"page","link":"https:\/\/gamesfactory.fr\/metz\/reservations\/","title":{"rendered":"R\u00e9servations"},"content":{"rendered":"\t\t<div data-elementor-type=\"wp-page\" data-elementor-id=\"2739\" class=\"elementor elementor-2739\">\n\t\t\t\t\t\t<section class=\"elementor-section elementor-top-section elementor-element elementor-element-8385a11 elementor-section-boxed elementor-section-height-default elementor-section-height-default\" data-id=\"8385a11\" data-element_type=\"section\" data-settings=\"{&quot;background_background&quot;:&quot;classic&quot;}\">\n\t\t\t\t\t\t<div class=\"elementor-container elementor-column-gap-default\">\n\t\t\t\t\t<div class=\"elementor-column elementor-col-100 elementor-top-column elementor-element elementor-element-aea8226\" data-id=\"aea8226\" data-element_type=\"column\">\n\t\t\t<div class=\"elementor-widget-wrap elementor-element-populated\">\n\t\t\t\t\t\t<div class=\"elementor-element elementor-element-98afac1 elementor-widget elementor-widget-html\" data-id=\"98afac1\" data-element_type=\"widget\" data-widget_type=\"html.default\">\n\t\t\t\t<div class=\"elementor-widget-container\">\n\t\t\t\t\t<script type=\"text\/javascript\" src=\"https:\/\/www.apex-timing.com\/gokarts\/javascript\/ax.iframe.js\"><\/script>\n\n<iframe class=\"axiframe\" width=\"100%\" data-src=\"https:\/\/www.apex-timing.com\/gokarts\/sessions_booking.php?center=131\"><\/iframe>\n<script>\n  function getGA4ClientIdFromDataLayer(callback, attempts = 30) {\n    if (window.dataLayer && Array.isArray(window.dataLayer)) {\n      let gaData = window.dataLayer.find(entry => entry['client_id']);\n      if (gaData && gaData['client_id']) {\n        console.log(\"\u2705 Client ID r\u00e9cup\u00e9r\u00e9 via dataLayer :\", gaData['client_id']);\n        callback(gaData['client_id']);\n        return;\n      }\n    }\n\n    if (attempts > 0) {\n      console.warn(`GA4 Client ID pas encore disponible, nouvelle tentative... (${attempts} essais restants)`);\n      setTimeout(() => getGA4ClientIdFromDataLayer(callback, attempts - 1), 1500);\n    } else {\n      console.error(\"\u274c Impossible de r\u00e9cup\u00e9rer le Client ID apr\u00e8s 30 essais.\");\n    }\n  }\n\n  function updateIframeDataSrcWithGA4ClientId() {\n    getGA4ClientIdFromDataLayer(function(clientId) {\n      let iframe = document.querySelector(\".axiframe\");\n      if (iframe) {\n        let originalDataSrc = iframe.getAttribute(\"data-src\");\n        if (originalDataSrc) {\n          let newDataSrc = originalDataSrc + (originalDataSrc.includes(\"?\") ? \"&\" : \"?\") + \"_gl=\" + clientId;\n          iframe.setAttribute(\"data-src\", newDataSrc);\n          console.log(\"\u2705 data-src mis \u00e0 jour avec _gl :\", newDataSrc);\n        } else {\n          console.error(\"\u274c L'iframe n'a pas d'attribut data-src valide.\");\n        }\n      } else {\n        console.error(\"\u274c Impossible de trouver l'iframe Apex Timing.\");\n      }\n    });\n  }\n\n  document.addEventListener(\"DOMContentLoaded\", function() {\n    setTimeout(updateIframeDataSrcWithGA4ClientId, 5000);\n  });\n<\/script>\n<script>\n  function getGA4ClientIdFromDataLayer(callback, attempts = 30) {\n    if (window.dataLayer && Array.isArray(window.dataLayer)) {\n      let gaData = window.dataLayer.find(entry => entry['client_id']);\n      if (gaData && gaData['client_id']) {\n        console.log(\"\u2705 Client ID r\u00e9cup\u00e9r\u00e9 via dataLayer :\", gaData['client_id']);\n        callback(gaData['client_id']);\n        return;\n      }\n    }\n\n    if (attempts > 0) {\n      console.warn(`GA4 Client ID pas encore disponible, nouvelle tentative... (${attempts} essais restants)`);\n      setTimeout(() => getGA4ClientIdFromDataLayer(callback, attempts - 1), 1500);\n    } else {\n      console.error(\"\u274c Impossible de r\u00e9cup\u00e9rer le Client ID apr\u00e8s 30 essais.\");\n    }\n  }\n\n  function updateIframeSrcWithGA4ClientId() {\n    getGA4ClientIdFromDataLayer(function(clientId) {\n      let iframe = document.querySelector(\".axiframe\");\n      if (iframe) {\n        let originalSrc = iframe.getAttribute(\"data-src\") || iframe.src;\n        if (originalSrc) {\n          let newSrc = originalSrc + (originalSrc.includes(\"?\") ? \"&\" : \"?\") + \"_gl=\" + clientId;\n          iframe.setAttribute(\"src\", newSrc);\n          console.log(\"\u2705 Nouvelle URL de l'iframe avec _gl :\", newSrc);\n        } else {\n          console.error(\"\u274c L'iframe n'a pas d'attribut data-src valide.\");\n        }\n      } else {\n        console.error(\"\u274c Impossible de trouver l'iframe Apex Timing.\");\n      }\n    });\n  }\n\n  document.addEventListener(\"DOMContentLoaded\", function() {\n    setTimeout(updateIframeSrcWithGA4ClientId, 5000);\n  });\n<\/script>\t\t\t\t<\/div>\n\t\t\t\t<\/div>\n\t\t\t\t\t<\/div>\n\t\t<\/div>\n\t\t\t\t\t<\/div>\n\t\t<\/section>\n\t\t\t\t<\/div>\n\t\t","protected":false},"excerpt":{"rendered":"","protected":false},"author":1,"featured_media":0,"parent":0,"menu_order":0,"comment_status":"closed","ping_status":"closed","template":"","meta":{"inline_featured_image":false,"site-sidebar-layout":"no-sidebar","site-content-layout":"page-builder","ast-site-content-layout":"","site-content-style":"default","site-sidebar-style":"default","ast-global-header-display":"","ast-banner-title-visibility":"","ast-main-header-display":"","ast-hfb-above-header-display":"","ast-hfb-below-header-display":"","ast-hfb-mobile-header-display":"","site-post-title":"disabled","ast-breadcrumbs-content":"","ast-featured-img":"disabled","footer-sml-layout":"","theme-transparent-header-meta":"","adv-header-id-meta":"","stick-header-meta":"","header-above-stick-meta":"","header-main-stick-meta":"","header-below-stick-meta":"","astra-migrate-meta-layouts":"default","ast-page-background-enabled":"default","ast-page-background-meta":{"desktop":{"background-color":"","background-image":"","background-repeat":"repeat","background-position":"center center","background-size":"auto","background-attachment":"scroll","background-type":"","background-media":"","overlay-type":"","overlay-color":"","overlay-opacity":"","overlay-gradient":""},"tablet":{"background-color":"","background-image":"","background-repeat":"repeat","background-position":"center center","background-size":"auto","background-attachment":"scroll","background-type":"","background-media":"","overlay-type":"","overlay-color":"","overlay-opacity":"","overlay-gradient":""},"mobile":{"background-color":"","background-image":"","background-repeat":"repeat","background-position":"center center","background-size":"auto","background-attachment":"scroll","background-type":"","background-media":"","overlay-type":"","overlay-color":"","overlay-opacity":"","overlay-gradient":""}},"ast-content-background-meta":{"desktop":{"background-color":"var(--ast-global-color-5)","background-image":"","background-repeat":"repeat","background-position":"center center","background-size":"auto","background-attachment":"scroll","background-type":"","background-media":"","overlay-type":"","overlay-color":"","overlay-opacity":"","overlay-gradient":""},"tablet":{"background-color":"var(--ast-global-color-5)","background-image":"","background-repeat":"repeat","background-position":"center center","background-size":"auto","background-attachment":"scroll","background-type":"","background-media":"","overlay-type":"","overlay-color":"","overlay-opacity":"","overlay-gradient":""},"mobile":{"background-color":"var(--ast-global-color-5)","background-image":"","background-repeat":"repeat","background-position":"center center","background-size":"auto","background-attachment":"scroll","background-type":"","background-media":"","overlay-type":"","overlay-color":"","overlay-opacity":"","overlay-gradient":""}},"footnotes":""},"class_list":["post-2739","page","type-page","status-publish","hentry"],"yoast_head":"<!-- This site is optimized with the Yoast SEO plugin v24.6 - https:\/\/yoast.com\/wordpress\/plugins\/seo\/ -->\n<title>R\u00e9servations - Games Factory Metz<\/title>\n<meta name=\"description\" content=\"R\u00e9servez vos activit\u00e9s directement en ligne : Bowling, Karting, Karaok\u00e9 Box, Laser Games ou l&#039;anniversaire de votre enfant\" \/>\n<meta name=\"robots\" content=\"index, follow, max-snippet:-1, max-image-preview:large, max-video-preview:-1\" \/>\n<link rel=\"canonical\" href=\"https:\/\/gamesfactory.fr\/metz\/reservations\/\" \/>\n<meta property=\"og:locale\" content=\"fr_FR\" \/>\n<meta property=\"og:type\" content=\"article\" \/>\n<meta property=\"og:title\" content=\"R\u00e9servations - Games Factory Metz\" \/>\n<meta property=\"og:description\" content=\"R\u00e9servez vos activit\u00e9s directement en ligne : Bowling, Karting, Karaok\u00e9 Box, Laser Games ou l&#039;anniversaire de votre enfant\" \/>\n<meta property=\"og:url\" content=\"https:\/\/gamesfactory.fr\/metz\/reservations\/\" \/>\n<meta property=\"og:site_name\" content=\"Games Factory Metz\" \/>\n<meta property=\"article:modified_time\" content=\"2025-04-09T11:21:55+00:00\" \/>\n<meta name=\"twitter:card\" content=\"summary_large_image\" \/>\n<script type=\"application\/ld+json\" class=\"yoast-schema-graph\">{\"@context\":\"https:\/\/schema.org\",\"@graph\":[{\"@type\":\"WebPage\",\"@id\":\"https:\/\/gamesfactory.fr\/metz\/reservations\/\",\"url\":\"https:\/\/gamesfactory.fr\/metz\/reservations\/\",\"name\":\"R\u00e9servations - Games Factory Metz\",\"isPartOf\":{\"@id\":\"https:\/\/gamesfactory.fr\/metz\/#website\"},\"datePublished\":\"2023-06-05T11:10:23+00:00\",\"dateModified\":\"2025-04-09T11:21:55+00:00\",\"description\":\"R\u00e9servez vos activit\u00e9s directement en ligne : Bowling, Karting, Karaok\u00e9 Box, Laser Games ou l'anniversaire de votre enfant\",\"breadcrumb\":{\"@id\":\"https:\/\/gamesfactory.fr\/metz\/reservations\/#breadcrumb\"},\"inLanguage\":\"fr-FR\",\"potentialAction\":[{\"@type\":\"ReadAction\",\"target\":[\"https:\/\/gamesfactory.fr\/metz\/reservations\/\"]}]},{\"@type\":\"BreadcrumbList\",\"@id\":\"https:\/\/gamesfactory.fr\/metz\/reservations\/#breadcrumb\",\"itemListElement\":[{\"@type\":\"ListItem\",\"position\":1,\"name\":\"Accueil\",\"item\":\"https:\/\/gamesfactory.fr\/metz\/\"},{\"@type\":\"ListItem\",\"position\":2,\"name\":\"R\u00e9servations\"}]},{\"@type\":\"WebSite\",\"@id\":\"https:\/\/gamesfactory.fr\/metz\/#website\",\"url\":\"https:\/\/gamesfactory.fr\/metz\/\",\"name\":\"Games Factory Metz\",\"description\":\"Votre complexe de loisirs \u00e0 Metz\",\"potentialAction\":[{\"@type\":\"SearchAction\",\"target\":{\"@type\":\"EntryPoint\",\"urlTemplate\":\"https:\/\/gamesfactory.fr\/metz\/?s={search_term_string}\"},\"query-input\":{\"@type\":\"PropertyValueSpecification\",\"valueRequired\":true,\"valueName\":\"search_term_string\"}}],\"inLanguage\":\"fr-FR\"}]}<\/script>\n<!-- \/ Yoast SEO plugin. -->","yoast_head_json":{"title":"R\u00e9servations - Games Factory Metz","description":"R\u00e9servez vos activit\u00e9s directement en ligne : Bowling, Karting, Karaok\u00e9 Box, Laser Games ou l'anniversaire de votre enfant","robots":{"index":"index","follow":"follow","max-snippet":"max-snippet:-1","max-image-preview":"max-image-preview:large","max-video-preview":"max-video-preview:-1"},"canonical":"https:\/\/gamesfactory.fr\/metz\/reservations\/","og_locale":"fr_FR","og_type":"article","og_title":"R\u00e9servations - Games Factory Metz","og_description":"R\u00e9servez vos activit\u00e9s directement en ligne : Bowling, Karting, Karaok\u00e9 Box, Laser Games ou l'anniversaire de votre enfant","og_url":"https:\/\/gamesfactory.fr\/metz\/reservations\/","og_site_name":"Games Factory Metz","article_modified_time":"2025-04-09T11:21:55+00:00","twitter_card":"summary_large_image","schema":{"@context":"https:\/\/schema.org","@graph":[{"@type":"WebPage","@id":"https:\/\/gamesfactory.fr\/metz\/reservations\/","url":"https:\/\/gamesfactory.fr\/metz\/reservations\/","name":"R\u00e9servations - Games Factory Metz","isPartOf":{"@id":"https:\/\/gamesfactory.fr\/metz\/#website"},"datePublished":"2023-06-05T11:10:23+00:00","dateModified":"2025-04-09T11:21:55+00:00","description":"R\u00e9servez vos activit\u00e9s directement en ligne : Bowling, Karting, Karaok\u00e9 Box, Laser Games ou l'anniversaire de votre enfant","breadcrumb":{"@id":"https:\/\/gamesfactory.fr\/metz\/reservations\/#breadcrumb"},"inLanguage":"fr-FR","potentialAction":[{"@type":"ReadAction","target":["https:\/\/gamesfactory.fr\/metz\/reservations\/"]}]},{"@type":"BreadcrumbList","@id":"https:\/\/gamesfactory.fr\/metz\/reservations\/#breadcrumb","itemListElement":[{"@type":"ListItem","position":1,"name":"Accueil","item":"https:\/\/gamesfactory.fr\/metz\/"},{"@type":"ListItem","position":2,"name":"R\u00e9servations"}]},{"@type":"WebSite","@id":"https:\/\/gamesfactory.fr\/metz\/#website","url":"https:\/\/gamesfactory.fr\/metz\/","name":"Games Factory Metz","description":"Votre complexe de loisirs \u00e0 Metz","potentialAction":[{"@type":"SearchAction","target":{"@type":"EntryPoint","urlTemplate":"https:\/\/gamesfactory.fr\/metz\/?s={search_term_string}"},"query-input":{"@type":"PropertyValueSpecification","valueRequired":true,"valueName":"search_term_string"}}],"inLanguage":"fr-FR"}]}},"_links":{"self":[{"href":"https:\/\/gamesfactory.fr\/metz\/wp-json\/wp\/v2\/pages\/2739","targetHints":{"allow":["GET"]}}],"collection":[{"href":"https:\/\/gamesfactory.fr\/metz\/wp-json\/wp\/v2\/pages"}],"about":[{"href":"https:\/\/gamesfactory.fr\/metz\/wp-json\/wp\/v2\/types\/page"}],"author":[{"embeddable":true,"href":"https:\/\/gamesfactory.fr\/metz\/wp-json\/wp\/v2\/users\/1"}],"replies":[{"embeddable":true,"href":"https:\/\/gamesfactory.fr\/metz\/wp-json\/wp\/v2\/comments?post=2739"}],"version-history":[{"count":68,"href":"https:\/\/gamesfactory.fr\/metz\/wp-json\/wp\/v2\/pages\/2739\/revisions"}],"predecessor-version":[{"id":4716,"href":"https:\/\/gamesfactory.fr\/metz\/wp-json\/wp\/v2\/pages\/2739\/revisions\/4716"}],"wp:attachment":[{"href":"https:\/\/gamesfactory.fr\/metz\/wp-json\/wp\/v2\/media?parent=2739"}],"curies":[{"name":"wp","href":"https:\/\/api.w.org\/{rel}","templated":true}]}}