{"id":2781,"date":"2023-06-22T16:56:26","date_gmt":"2023-06-22T14:56:26","guid":{"rendered":"https:\/\/gamesfactory.fr\/metz\/?page_id=2781"},"modified":"2025-05-20T09:50:13","modified_gmt":"2025-05-20T07:50:13","slug":"evg-evjg","status":"publish","type":"page","link":"https:\/\/gamesfactory.fr\/metz\/evg-evjg\/","title":{"rendered":"EVG \/ EVJF"},"content":{"rendered":"\t\t<div data-elementor-type=\"wp-page\" data-elementor-id=\"2781\" class=\"elementor elementor-2781\">\n\t\t\t\t\t\t<section class=\"elementor-section elementor-top-section elementor-element elementor-element-58a1da7 elementor-section-boxed elementor-section-height-default elementor-section-height-default\" data-id=\"58a1da7\" data-element_type=\"section\">\n\t\t\t\t\t\t<div class=\"elementor-container elementor-column-gap-default\">\n\t\t\t\t\t<div class=\"elementor-column elementor-col-100 elementor-top-column elementor-element elementor-element-3398ab5\" data-id=\"3398ab5\" data-element_type=\"column\">\n\t\t\t<div class=\"elementor-widget-wrap elementor-element-populated\">\n\t\t\t\t\t\t<div class=\"elementor-element elementor-element-bf5ce69 elementor-widget elementor-widget-spacer\" data-id=\"bf5ce69\" data-element_type=\"widget\" data-widget_type=\"spacer.default\">\n\t\t\t\t<div class=\"elementor-widget-container\">\n\t\t\t\t\t\t\t<div class=\"elementor-spacer\">\n\t\t\t<div class=\"elementor-spacer-inner\"><\/div>\n\t\t<\/div>\n\t\t\t\t\t\t<\/div>\n\t\t\t\t<\/div>\n\t\t\t\t<div class=\"elementor-element elementor-element-fbdb892 elementor-widget elementor-widget-heading\" data-id=\"fbdb892\" data-element_type=\"widget\" data-widget_type=\"heading.default\">\n\t\t\t\t<div class=\"elementor-widget-container\">\n\t\t\t\t\t<h2 class=\"elementor-heading-title elementor-size-xxl\">futur(e) mari\u00e9(e)<\/h2>\t\t\t\t<\/div>\n\t\t\t\t<\/div>\n\t\t\t\t<div class=\"elementor-element elementor-element-f0ebda7 elementor-widget elementor-widget-spacer\" data-id=\"f0ebda7\" data-element_type=\"widget\" data-widget_type=\"spacer.default\">\n\t\t\t\t<div class=\"elementor-widget-container\">\n\t\t\t\t\t\t\t<div class=\"elementor-spacer\">\n\t\t\t<div class=\"elementor-spacer-inner\"><\/div>\n\t\t<\/div>\n\t\t\t\t\t\t<\/div>\n\t\t\t\t<\/div>\n\t\t\t\t\t<\/div>\n\t\t<\/div>\n\t\t\t\t\t<\/div>\n\t\t<\/section>\n\t\t\t\t<section class=\"elementor-section elementor-top-section elementor-element elementor-element-32c4c51 elementor-section-boxed elementor-section-height-default elementor-section-height-default\" data-id=\"32c4c51\" data-element_type=\"section\">\n\t\t\t\t\t\t<div class=\"elementor-container elementor-column-gap-default\">\n\t\t\t\t\t<div class=\"elementor-column elementor-col-50 elementor-top-column elementor-element elementor-element-9e2a2ef\" data-id=\"9e2a2ef\" data-element_type=\"column\">\n\t\t\t<div class=\"elementor-widget-wrap elementor-element-populated\">\n\t\t\t\t\t\t<div class=\"elementor-element elementor-element-36a26f7 elementor-widget elementor-widget-image\" data-id=\"36a26f7\" data-element_type=\"widget\" data-widget_type=\"image.default\">\n\t\t\t\t<div class=\"elementor-widget-container\">\n\t\t\t\t\t\t\t\t\t\t\t\t\t\t\t<img fetchpriority=\"high\" decoding=\"async\" width=\"1024\" height=\"1024\" src=\"https:\/\/gamesfactory.fr\/metz\/wp-content\/uploads\/sites\/15\/2023\/06\/5-1024x1024.png\" class=\"attachment-large size-large wp-image-2783\" alt=\"\" srcset=\"https:\/\/gamesfactory.fr\/metz\/wp-content\/uploads\/sites\/15\/2023\/06\/5-1024x1024.png 1024w, https:\/\/gamesfactory.fr\/metz\/wp-content\/uploads\/sites\/15\/2023\/06\/5-300x300.png 300w, https:\/\/gamesfactory.fr\/metz\/wp-content\/uploads\/sites\/15\/2023\/06\/5-150x150.png 150w, https:\/\/gamesfactory.fr\/metz\/wp-content\/uploads\/sites\/15\/2023\/06\/5-768x768.png 768w, https:\/\/gamesfactory.fr\/metz\/wp-content\/uploads\/sites\/15\/2023\/06\/5.png 1080w\" sizes=\"(max-width: 1024px) 100vw, 1024px\" \/>\t\t\t\t\t\t\t\t\t\t\t\t\t\t\t<\/div>\n\t\t\t\t<\/div>\n\t\t\t\t<div class=\"elementor-element elementor-element-8021564 elementor-widget elementor-widget-ucaddon_block_text_titre\" data-id=\"8021564\" data-element_type=\"widget\" data-widget_type=\"ucaddon_block_text_titre.default\">\n\t\t\t\t<div class=\"elementor-widget-container\">\n\t\t\t\t\t\n<!-- start Block text -->\n\t\t<link id='uc_ac_assets_file_block_text_css_925-css' href='https:\/\/gamesfactory.fr\/metz\/wp-content\/uploads\/sites\/15\/ac_assets\/custom\/block-text.css' type='text\/css' rel='stylesheet' >\n\n\n<div class=\"block-text-titre\">\n  <h2 class=\"titre\">Venez f\u00eater<\/h2>\n  <h3 class=\"sous-titre\">votre \u00e9v\u00e9nement au Metz Kart Indoor by GF !<\/h3>\n  <p class=\"description\"><p>Choississez parmi nos diff\u00e9rentes formules<\/p><\/p>\n<\/div>\n<!-- end Block text -->\t\t\t\t<\/div>\n\t\t\t\t<\/div>\n\t\t\t\t\t<\/div>\n\t\t<\/div>\n\t\t\t\t<div class=\"elementor-column elementor-col-50 elementor-top-column elementor-element elementor-element-cbe2ae4\" data-id=\"cbe2ae4\" data-element_type=\"column\">\n\t\t\t<div class=\"elementor-widget-wrap elementor-element-populated\">\n\t\t\t\t\t\t<div class=\"elementor-element elementor-element-aefab92 elementor-widget elementor-widget-image\" data-id=\"aefab92\" data-element_type=\"widget\" data-widget_type=\"image.default\">\n\t\t\t\t<div class=\"elementor-widget-container\">\n\t\t\t\t\t\t\t\t\t\t\t\t\t\t\t<img decoding=\"async\" width=\"917\" height=\"1024\" src=\"https:\/\/gamesfactory.fr\/metz\/wp-content\/uploads\/sites\/15\/2024\/01\/evg-917x1024.jpeg\" class=\"attachment-large size-large wp-image-3754\" alt=\"\" srcset=\"https:\/\/gamesfactory.fr\/metz\/wp-content\/uploads\/sites\/15\/2024\/01\/evg-917x1024.jpeg 917w, https:\/\/gamesfactory.fr\/metz\/wp-content\/uploads\/sites\/15\/2024\/01\/evg-269x300.jpeg 269w, https:\/\/gamesfactory.fr\/metz\/wp-content\/uploads\/sites\/15\/2024\/01\/evg-768x858.jpeg 768w, https:\/\/gamesfactory.fr\/metz\/wp-content\/uploads\/sites\/15\/2024\/01\/evg.jpeg 1200w\" sizes=\"(max-width: 917px) 100vw, 917px\" \/>\t\t\t\t\t\t\t\t\t\t\t\t\t\t\t<\/div>\n\t\t\t\t<\/div>\n\t\t\t\t<div class=\"elementor-element elementor-element-f9f83d2 elementor-widget elementor-widget-text-editor\" data-id=\"f9f83d2\" data-element_type=\"widget\" data-widget_type=\"text-editor.default\">\n\t\t\t\t<div class=\"elementor-widget-container\">\n\t\t\t\t\t\t\t\t\t<div class=\"vc_col-sm-4 wpb_column vc_column_container\"><div class=\"vc_column-inner\"><div class=\"wpb_wrapper\">Possibilit\u00e9 d\u2019ouverture les matins, pour les modalit\u00e9s, nous consulter.<\/div><div>\u00a0<\/div><\/div><\/div><div class=\"vc_column-inner\"><div class=\"wpb_wrapper\"><p class=\"vc_custom_heading us_custom_6df4bc3a\">Nos formules s\u2019adressent \u00e0 tous les groupes <strong>\u00e0 partir de 8 personnes<\/strong>.<\/p><\/div><\/div><div class=\"vc_col-sm-4 wpb_column vc_column_container\"><div class=\"vc_column-inner\"><div class=\"wpb_wrapper\"><p class=\"vc_custom_heading us_custom_6df4bc3a\"><em><strong>Exclusivit\u00e9 du circuit: 15 personnes minimum<\/strong><\/em><\/p><\/div><\/div><\/div>\t\t\t\t\t\t\t\t<\/div>\n\t\t\t\t<\/div>\n\t\t\t\t\t<\/div>\n\t\t<\/div>\n\t\t\t\t\t<\/div>\n\t\t<\/section>\n\t\t\t\t<section class=\"elementor-section elementor-top-section elementor-element elementor-element-0be8fa9 elementor-section-boxed elementor-section-height-default elementor-section-height-default\" data-id=\"0be8fa9\" data-element_type=\"section\">\n\t\t\t\t\t\t<div class=\"elementor-container elementor-column-gap-default\">\n\t\t\t\t\t<div class=\"elementor-column elementor-col-100 elementor-top-column elementor-element elementor-element-dd5d78b\" data-id=\"dd5d78b\" data-element_type=\"column\">\n\t\t\t<div class=\"elementor-widget-wrap elementor-element-populated\">\n\t\t\t\t\t\t<div class=\"elementor-element elementor-element-9f71419 elementor-widget elementor-widget-heading\" data-id=\"9f71419\" data-element_type=\"widget\" data-widget_type=\"heading.default\">\n\t\t\t\t<div class=\"elementor-widget-container\">\n\t\t\t\t\t<h2 class=\"elementor-heading-title elementor-size-default\">Nos formules grands prix<\/h2>\t\t\t\t<\/div>\n\t\t\t\t<\/div>\n\t\t\t\t<section class=\"elementor-section elementor-inner-section elementor-element elementor-element-825929e elementor-section-boxed elementor-section-height-default elementor-section-height-default\" data-id=\"825929e\" data-element_type=\"section\">\n\t\t\t\t\t\t<div class=\"elementor-container elementor-column-gap-default\">\n\t\t\t\t\t<div class=\"elementor-column elementor-col-33 elementor-inner-column elementor-element elementor-element-e7e6b9f\" data-id=\"e7e6b9f\" data-element_type=\"column\">\n\t\t\t<div class=\"elementor-widget-wrap elementor-element-populated\">\n\t\t\t\t\t\t<section class=\"elementor-section elementor-inner-section elementor-element elementor-element-b26b35d elementor-section-boxed elementor-section-height-default elementor-section-height-default\" data-id=\"b26b35d\" data-element_type=\"section\">\n\t\t\t\t\t\t<div class=\"elementor-container elementor-column-gap-default\">\n\t\t\t\t\t<div class=\"elementor-column elementor-col-100 elementor-inner-column elementor-element elementor-element-577d0a2\" data-id=\"577d0a2\" data-element_type=\"column\">\n\t\t\t<div class=\"elementor-widget-wrap elementor-element-populated\">\n\t\t\t\t\t\t<div class=\"elementor-element elementor-element-5d3fff7 elementor-widget elementor-widget-ucaddon_block_prix\" data-id=\"5d3fff7\" data-element_type=\"widget\" data-widget_type=\"ucaddon_block_prix.default\">\n\t\t\t\t<div class=\"elementor-widget-container\">\n\t\t\t\t\t\n<!-- start Block prix -->\n\t\t<link id='uc_ac_assets_file_block_prix_css_1259-css' href='https:\/\/gamesfactory.fr\/metz\/wp-content\/uploads\/sites\/15\/ac_assets\/custom\/block-prix.css' type='text\/css' rel='stylesheet' >\n\n\n<div class=\"block-prix\">\n\t\n\t<div class=\"cont-titre\">\n\t\t<h2 class=\"titre\">MINI GRAND PRIX<\/h2>\n\t<\/div>\n\n\t<div class=\"cont-prix\">\n\t\t<h3 class=\"prix\">43\u20ac<\/h3>\n\t\t<span class=\"prix-detail\">\/ pilote<\/span>\n\t<\/div>\n\t\n          <div class=\"cont-description\">\n        <ul class=\"w-pricing-item-features\"><li class=\"w-pricing-item-feature\">10 minutes d'essais chronom\u00e9tr\u00e9s\u00a0<\/li><li class=\"w-pricing-item-feature\">Finale de 12 minutes<\/li><li>22 minutes de kart avec podium<\/li><\/ul>\n      <\/div>\n    \n  \t  \n<\/div>\n<!-- end Block prix -->\t\t\t\t<\/div>\n\t\t\t\t<\/div>\n\t\t\t\t\t<\/div>\n\t\t<\/div>\n\t\t\t\t\t<\/div>\n\t\t<\/section>\n\t\t\t\t<div class=\"elementor-element elementor-element-a437195 elementor-widget elementor-widget-text-editor\" data-id=\"a437195\" data-element_type=\"widget\" data-widget_type=\"text-editor.default\">\n\t\t\t\t<div class=\"elementor-widget-container\">\n\t\t\t\t\t\t\t\t\t<p><em>Pour <strong>l\u2019exclusivit\u00e9 du circuit, <\/strong>nous vous demandons d\u2019\u00eatre<strong> 15 personnes minimum<\/strong><\/em><\/p>\t\t\t\t\t\t\t\t<\/div>\n\t\t\t\t<\/div>\n\t\t\t\t\t<\/div>\n\t\t<\/div>\n\t\t\t\t<div class=\"elementor-column elementor-col-33 elementor-inner-column elementor-element elementor-element-843f02f\" data-id=\"843f02f\" data-element_type=\"column\">\n\t\t\t<div class=\"elementor-widget-wrap elementor-element-populated\">\n\t\t\t\t\t\t<div class=\"elementor-element elementor-element-193e7a7 elementor-widget__width-initial elementor-widget elementor-widget-ucaddon_block_prix\" data-id=\"193e7a7\" data-element_type=\"widget\" data-widget_type=\"ucaddon_block_prix.default\">\n\t\t\t\t<div class=\"elementor-widget-container\">\n\t\t\t\t\t\n<!-- start Block prix -->\n\n\n<div class=\"block-prix\">\n\t\n\t<div class=\"cont-titre\">\n\t\t<h2 class=\"titre\">GRAND PRIX<\/h2>\n\t<\/div>\n\n\t<div class=\"cont-prix\">\n\t\t<h3 class=\"prix\">63\u20ac<\/h3>\n\t\t<span class=\"prix-detail\">\/ pilote<\/span>\n\t<\/div>\n\t\n          <div class=\"cont-description\">\n        <ul class=\"w-pricing-item-features\"><li class=\"w-pricing-item-feature\">8 minutes d'essais libres<\/li><li class=\"w-pricing-item-feature\">8 minutes d'essais chronom\u00e9tr\u00e9s<\/li><li class=\"w-pricing-item-feature\">Finale de 20 minutes<\/li><li>36 minutes de kart avec podium<\/li><\/ul>\n      <\/div>\n    \n  \t  \n<\/div>\n<!-- end Block prix -->\t\t\t\t<\/div>\n\t\t\t\t<\/div>\n\t\t\t\t\t<\/div>\n\t\t<\/div>\n\t\t\t\t<div class=\"elementor-column elementor-col-33 elementor-inner-column elementor-element elementor-element-229f937\" data-id=\"229f937\" data-element_type=\"column\">\n\t\t\t<div class=\"elementor-widget-wrap elementor-element-populated\">\n\t\t\t\t\t\t<div class=\"elementor-element elementor-element-8754e77 elementor-widget__width-initial elementor-widget elementor-widget-ucaddon_block_prix\" data-id=\"8754e77\" data-element_type=\"widget\" data-widget_type=\"ucaddon_block_prix.default\">\n\t\t\t\t<div class=\"elementor-widget-container\">\n\t\t\t\t\t\n<!-- start Block prix -->\n\n\n<div class=\"block-prix\">\n\t\n\t<div class=\"cont-titre\">\n\t\t<h2 class=\"titre\">maxi GRAND PRIX<\/h2>\n\t<\/div>\n\n\t<div class=\"cont-prix\">\n\t\t<h3 class=\"prix\">90\u20ac<\/h3>\n\t\t<span class=\"prix-detail\">\/ pilote<\/span>\n\t<\/div>\n\t\n          <div class=\"cont-description\">\n        <ul class=\"w-pricing-item-features\"><li class=\"w-pricing-item-feature\">8 minutes d'essais libres<\/li><li class=\"w-pricing-item-feature\">8 minutes d'essais chronom\u00e9tr\u00e9s<\/li><li class=\"w-pricing-item-feature\">Pr\u00e9-finale de 14 minutes\u00a0<\/li><li class=\"w-pricing-item-feature\">Finale de 20 minutes<\/li><li>50 minutes de kart avec podium<\/li><\/ul>\n      <\/div>\n    \n  \t  \n<\/div>\n<!-- end Block prix -->\t\t\t\t<\/div>\n\t\t\t\t<\/div>\n\t\t\t\t\t<\/div>\n\t\t<\/div>\n\t\t\t\t\t<\/div>\n\t\t<\/section>\n\t\t\t\t<div class=\"elementor-element elementor-element-502285e elementor-align-center elementor-widget elementor-widget-button\" data-id=\"502285e\" data-element_type=\"widget\" data-widget_type=\"button.default\">\n\t\t\t\t<div class=\"elementor-widget-container\">\n\t\t\t\t\t\t\t\t\t<div class=\"elementor-button-wrapper\">\n\t\t\t\t\t<a class=\"elementor-button elementor-button-link elementor-size-md\" href=\"https:\/\/gamesfactory.fr\/metz\/wp-content\/uploads\/sites\/15\/2024\/02\/Avantages-carte-membre-MKI-2.png\">\n\t\t\t\t\t\t<span class=\"elementor-button-content-wrapper\">\n\t\t\t\t\t\t<span class=\"elementor-button-icon\">\n\t\t\t\t<i aria-hidden=\"true\" class=\"fas fa-info\"><\/i>\t\t\t<\/span>\n\t\t\t\t\t\t\t\t\t<span class=\"elementor-button-text\">CARTE MEMBRE<\/span>\n\t\t\t\t\t<\/span>\n\t\t\t\t\t<\/a>\n\t\t\t\t<\/div>\n\t\t\t\t\t\t\t\t<\/div>\n\t\t\t\t<\/div>\n\t\t\t\t<div class=\"elementor-element elementor-element-2a436d8 elementor-widget elementor-widget-spacer\" data-id=\"2a436d8\" data-element_type=\"widget\" data-widget_type=\"spacer.default\">\n\t\t\t\t<div class=\"elementor-widget-container\">\n\t\t\t\t\t\t\t<div class=\"elementor-spacer\">\n\t\t\t<div class=\"elementor-spacer-inner\"><\/div>\n\t\t<\/div>\n\t\t\t\t\t\t<\/div>\n\t\t\t\t<\/div>\n\t\t\t\t\t<\/div>\n\t\t<\/div>\n\t\t\t\t\t<\/div>\n\t\t<\/section>\n\t\t\t\t<\/div>\n\t\t","protected":false},"excerpt":{"rendered":"<p>futur(e) mari\u00e9(e) Venez f\u00eater votre \u00e9v\u00e9nement au Metz Kart Indoor by GF ! Choississez parmi nos diff\u00e9rentes formules Possibilit\u00e9 d\u2019ouverture [&hellip;]<\/p>\n","protected":false},"author":2,"featured_media":0,"parent":0,"menu_order":0,"comment_status":"closed","ping_status":"closed","template":"","meta":{"inline_featured_image":false,"site-sidebar-layout":"no-sidebar","site-content-layout":"page-builder","ast-site-content-layout":"","site-content-style":"default","site-sidebar-style":"default","ast-global-header-display":"","ast-banner-title-visibility":"","ast-main-header-display":"","ast-hfb-above-header-display":"","ast-hfb-below-header-display":"","ast-hfb-mobile-header-display":"","site-post-title":"disabled","ast-breadcrumbs-content":"","ast-featured-img":"disabled","footer-sml-layout":"","theme-transparent-header-meta":"","adv-header-id-meta":"","stick-header-meta":"","header-above-stick-meta":"","header-main-stick-meta":"","header-below-stick-meta":"","astra-migrate-meta-layouts":"default","ast-page-background-enabled":"default","ast-page-background-meta":{"desktop":{"background-color":"","background-image":"","background-repeat":"repeat","background-position":"center center","background-size":"auto","background-attachment":"scroll","background-type":"","background-media":"","overlay-type":"","overlay-color":"","overlay-opacity":"","overlay-gradient":""},"tablet":{"background-color":"","background-image":"","background-repeat":"repeat","background-position":"center center","background-size":"auto","background-attachment":"scroll","background-type":"","background-media":"","overlay-type":"","overlay-color":"","overlay-opacity":"","overlay-gradient":""},"mobile":{"background-color":"","background-image":"","background-repeat":"repeat","background-position":"center center","background-size":"auto","background-attachment":"scroll","background-type":"","background-media":"","overlay-type":"","overlay-color":"","overlay-opacity":"","overlay-gradient":""}},"ast-content-background-meta":{"desktop":{"background-color":"var(--ast-global-color-5)","background-image":"","background-repeat":"repeat","background-position":"center center","background-size":"auto","background-attachment":"scroll","background-type":"","background-media":"","overlay-type":"","overlay-color":"","overlay-opacity":"","overlay-gradient":""},"tablet":{"background-color":"var(--ast-global-color-5)","background-image":"","background-repeat":"repeat","background-position":"center center","background-size":"auto","background-attachment":"scroll","background-type":"","background-media":"","overlay-type":"","overlay-color":"","overlay-opacity":"","overlay-gradient":""},"mobile":{"background-color":"var(--ast-global-color-5)","background-image":"","background-repeat":"repeat","background-position":"center center","background-size":"auto","background-attachment":"scroll","background-type":"","background-media":"","overlay-type":"","overlay-color":"","overlay-opacity":"","overlay-gradient":""}},"footnotes":""},"class_list":["post-2781","page","type-page","status-publish","hentry"],"yoast_head":"<!-- This site is optimized with the Yoast SEO plugin v24.6 - https:\/\/yoast.com\/wordpress\/plugins\/seo\/ -->\n<title>EVG \/ EVJF - Games Factory Metz<\/title>\n<meta name=\"description\" content=\"Venez f\u00eater l&#039;EVG\/EVJF de votre ami au Games Factory \u00e0 Metz !\" \/>\n<meta name=\"robots\" content=\"index, follow, max-snippet:-1, max-image-preview:large, max-video-preview:-1\" \/>\n<link rel=\"canonical\" href=\"https:\/\/gamesfactory.fr\/metz\/evg-evjg\/\" \/>\n<meta property=\"og:locale\" content=\"fr_FR\" \/>\n<meta property=\"og:type\" content=\"article\" \/>\n<meta property=\"og:title\" content=\"EVG \/ EVJF - Games Factory Metz\" \/>\n<meta property=\"og:description\" content=\"Venez f\u00eater l&#039;EVG\/EVJF de votre ami au Games Factory \u00e0 Metz !\" \/>\n<meta property=\"og:url\" content=\"https:\/\/gamesfactory.fr\/metz\/evg-evjg\/\" \/>\n<meta property=\"og:site_name\" content=\"Games Factory Metz\" \/>\n<meta property=\"article:modified_time\" content=\"2025-05-20T07:50:13+00:00\" \/>\n<meta property=\"og:image\" content=\"https:\/\/gamesfactory.fr\/metz\/wp-content\/uploads\/sites\/15\/2023\/06\/5.png\" \/>\n\t<meta property=\"og:image:width\" content=\"1080\" \/>\n\t<meta property=\"og:image:height\" content=\"1080\" \/>\n\t<meta property=\"og:image:type\" content=\"image\/png\" \/>\n<meta name=\"twitter:card\" content=\"summary_large_image\" \/>\n<meta name=\"twitter:label1\" content=\"Dur\u00e9e de lecture estim\u00e9e\" \/>\n\t<meta name=\"twitter:data1\" content=\"2 minutes\" \/>\n<script type=\"application\/ld+json\" class=\"yoast-schema-graph\">{\"@context\":\"https:\/\/schema.org\",\"@graph\":[{\"@type\":\"WebPage\",\"@id\":\"https:\/\/gamesfactory.fr\/metz\/evg-evjg\/\",\"url\":\"https:\/\/gamesfactory.fr\/metz\/evg-evjg\/\",\"name\":\"EVG \/ EVJF - Games Factory Metz\",\"isPartOf\":{\"@id\":\"https:\/\/gamesfactory.fr\/metz\/#website\"},\"primaryImageOfPage\":{\"@id\":\"https:\/\/gamesfactory.fr\/metz\/evg-evjg\/#primaryimage\"},\"image\":{\"@id\":\"https:\/\/gamesfactory.fr\/metz\/evg-evjg\/#primaryimage\"},\"thumbnailUrl\":\"https:\/\/gamesfactory.fr\/metz\/wp-content\/uploads\/sites\/15\/2023\/06\/5-1024x1024.png\",\"datePublished\":\"2023-06-22T14:56:26+00:00\",\"dateModified\":\"2025-05-20T07:50:13+00:00\",\"description\":\"Venez f\u00eater l'EVG\/EVJF de votre ami au Games Factory \u00e0 Metz !\",\"breadcrumb\":{\"@id\":\"https:\/\/gamesfactory.fr\/metz\/evg-evjg\/#breadcrumb\"},\"inLanguage\":\"fr-FR\",\"potentialAction\":[{\"@type\":\"ReadAction\",\"target\":[\"https:\/\/gamesfactory.fr\/metz\/evg-evjg\/\"]}]},{\"@type\":\"ImageObject\",\"inLanguage\":\"fr-FR\",\"@id\":\"https:\/\/gamesfactory.fr\/metz\/evg-evjg\/#primaryimage\",\"url\":\"https:\/\/gamesfactory.fr\/metz\/wp-content\/uploads\/sites\/15\/2023\/06\/5.png\",\"contentUrl\":\"https:\/\/gamesfactory.fr\/metz\/wp-content\/uploads\/sites\/15\/2023\/06\/5.png\",\"width\":1080,\"height\":1080},{\"@type\":\"BreadcrumbList\",\"@id\":\"https:\/\/gamesfactory.fr\/metz\/evg-evjg\/#breadcrumb\",\"itemListElement\":[{\"@type\":\"ListItem\",\"position\":1,\"name\":\"Accueil\",\"item\":\"https:\/\/gamesfactory.fr\/metz\/\"},{\"@type\":\"ListItem\",\"position\":2,\"name\":\"EVG \/ EVJF\"}]},{\"@type\":\"WebSite\",\"@id\":\"https:\/\/gamesfactory.fr\/metz\/#website\",\"url\":\"https:\/\/gamesfactory.fr\/metz\/\",\"name\":\"Games Factory Metz\",\"description\":\"Votre complexe de loisirs \u00e0 Metz\",\"potentialAction\":[{\"@type\":\"SearchAction\",\"target\":{\"@type\":\"EntryPoint\",\"urlTemplate\":\"https:\/\/gamesfactory.fr\/metz\/?s={search_term_string}\"},\"query-input\":{\"@type\":\"PropertyValueSpecification\",\"valueRequired\":true,\"valueName\":\"search_term_string\"}}],\"inLanguage\":\"fr-FR\"}]}<\/script>\n<!-- \/ Yoast SEO plugin. -->","yoast_head_json":{"title":"EVG \/ EVJF - Games Factory Metz","description":"Venez f\u00eater l'EVG\/EVJF de votre ami au Games Factory \u00e0 Metz !","robots":{"index":"index","follow":"follow","max-snippet":"max-snippet:-1","max-image-preview":"max-image-preview:large","max-video-preview":"max-video-preview:-1"},"canonical":"https:\/\/gamesfactory.fr\/metz\/evg-evjg\/","og_locale":"fr_FR","og_type":"article","og_title":"EVG \/ EVJF - Games Factory Metz","og_description":"Venez f\u00eater l'EVG\/EVJF de votre ami au Games Factory \u00e0 Metz !","og_url":"https:\/\/gamesfactory.fr\/metz\/evg-evjg\/","og_site_name":"Games Factory Metz","article_modified_time":"2025-05-20T07:50:13+00:00","og_image":[{"width":1080,"height":1080,"url":"https:\/\/gamesfactory.fr\/metz\/wp-content\/uploads\/sites\/15\/2023\/06\/5.png","type":"image\/png"}],"twitter_card":"summary_large_image","twitter_misc":{"Dur\u00e9e de lecture estim\u00e9e":"2 minutes"},"schema":{"@context":"https:\/\/schema.org","@graph":[{"@type":"WebPage","@id":"https:\/\/gamesfactory.fr\/metz\/evg-evjg\/","url":"https:\/\/gamesfactory.fr\/metz\/evg-evjg\/","name":"EVG \/ EVJF - Games Factory Metz","isPartOf":{"@id":"https:\/\/gamesfactory.fr\/metz\/#website"},"primaryImageOfPage":{"@id":"https:\/\/gamesfactory.fr\/metz\/evg-evjg\/#primaryimage"},"image":{"@id":"https:\/\/gamesfactory.fr\/metz\/evg-evjg\/#primaryimage"},"thumbnailUrl":"https:\/\/gamesfactory.fr\/metz\/wp-content\/uploads\/sites\/15\/2023\/06\/5-1024x1024.png","datePublished":"2023-06-22T14:56:26+00:00","dateModified":"2025-05-20T07:50:13+00:00","description":"Venez f\u00eater l'EVG\/EVJF de votre ami au Games Factory \u00e0 Metz !","breadcrumb":{"@id":"https:\/\/gamesfactory.fr\/metz\/evg-evjg\/#breadcrumb"},"inLanguage":"fr-FR","potentialAction":[{"@type":"ReadAction","target":["https:\/\/gamesfactory.fr\/metz\/evg-evjg\/"]}]},{"@type":"ImageObject","inLanguage":"fr-FR","@id":"https:\/\/gamesfactory.fr\/metz\/evg-evjg\/#primaryimage","url":"https:\/\/gamesfactory.fr\/metz\/wp-content\/uploads\/sites\/15\/2023\/06\/5.png","contentUrl":"https:\/\/gamesfactory.fr\/metz\/wp-content\/uploads\/sites\/15\/2023\/06\/5.png","width":1080,"height":1080},{"@type":"BreadcrumbList","@id":"https:\/\/gamesfactory.fr\/metz\/evg-evjg\/#breadcrumb","itemListElement":[{"@type":"ListItem","position":1,"name":"Accueil","item":"https:\/\/gamesfactory.fr\/metz\/"},{"@type":"ListItem","position":2,"name":"EVG \/ EVJF"}]},{"@type":"WebSite","@id":"https:\/\/gamesfactory.fr\/metz\/#website","url":"https:\/\/gamesfactory.fr\/metz\/","name":"Games Factory Metz","description":"Votre complexe de loisirs \u00e0 Metz","potentialAction":[{"@type":"SearchAction","target":{"@type":"EntryPoint","urlTemplate":"https:\/\/gamesfactory.fr\/metz\/?s={search_term_string}"},"query-input":{"@type":"PropertyValueSpecification","valueRequired":true,"valueName":"search_term_string"}}],"inLanguage":"fr-FR"}]}},"_links":{"self":[{"href":"https:\/\/gamesfactory.fr\/metz\/wp-json\/wp\/v2\/pages\/2781","targetHints":{"allow":["GET"]}}],"collection":[{"href":"https:\/\/gamesfactory.fr\/metz\/wp-json\/wp\/v2\/pages"}],"about":[{"href":"https:\/\/gamesfactory.fr\/metz\/wp-json\/wp\/v2\/types\/page"}],"author":[{"embeddable":true,"href":"https:\/\/gamesfactory.fr\/metz\/wp-json\/wp\/v2\/users\/2"}],"replies":[{"embeddable":true,"href":"https:\/\/gamesfactory.fr\/metz\/wp-json\/wp\/v2\/comments?post=2781"}],"version-history":[{"count":64,"href":"https:\/\/gamesfactory.fr\/metz\/wp-json\/wp\/v2\/pages\/2781\/revisions"}],"predecessor-version":[{"id":4784,"href":"https:\/\/gamesfactory.fr\/metz\/wp-json\/wp\/v2\/pages\/2781\/revisions\/4784"}],"wp:attachment":[{"href":"https:\/\/gamesfactory.fr\/metz\/wp-json\/wp\/v2\/media?parent=2781"}],"curies":[{"name":"wp","href":"https:\/\/api.w.org\/{rel}","templated":true}]}}