{"id":1519,"date":"2023-06-23T09:47:00","date_gmt":"2023-06-23T07:47:00","guid":{"rendered":"https:\/\/gamesfactory.fr\/park\/?page_id=1519"},"modified":"2026-01-09T12:21:13","modified_gmt":"2026-01-09T11:21:13","slug":"evg-evjf","status":"publish","type":"page","link":"https:\/\/gamesfactory.fr\/park\/evg-evjf\/","title":{"rendered":"EVG \/ EVJF"},"content":{"rendered":"\t\t<div data-elementor-type=\"wp-page\" data-elementor-id=\"1519\" class=\"elementor elementor-1519\">\n\t\t\t\t\t\t<section class=\"elementor-section elementor-top-section elementor-element elementor-element-e6286b9 elementor-section-boxed elementor-section-height-default elementor-section-height-default\" data-id=\"e6286b9\" data-element_type=\"section\">\n\t\t\t\t\t\t<div class=\"elementor-container elementor-column-gap-default\">\n\t\t\t\t\t<div class=\"elementor-column elementor-col-100 elementor-top-column elementor-element elementor-element-b0b3461\" data-id=\"b0b3461\" data-element_type=\"column\">\n\t\t\t<div class=\"elementor-widget-wrap elementor-element-populated\">\n\t\t\t\t\t\t<div class=\"elementor-element elementor-element-3b1308d elementor-widget elementor-widget-spacer\" data-id=\"3b1308d\" data-element_type=\"widget\" data-widget_type=\"spacer.default\">\n\t\t\t\t<div class=\"elementor-widget-container\">\n\t\t\t\t\t\t\t<div class=\"elementor-spacer\">\n\t\t\t<div class=\"elementor-spacer-inner\"><\/div>\n\t\t<\/div>\n\t\t\t\t\t\t<\/div>\n\t\t\t\t<\/div>\n\t\t\t\t<div class=\"elementor-element elementor-element-b6c6187 elementor-widget elementor-widget-heading\" data-id=\"b6c6187\" data-element_type=\"widget\" data-widget_type=\"heading.default\">\n\t\t\t\t<div class=\"elementor-widget-container\">\n\t\t\t\t\t<h2 class=\"elementor-heading-title elementor-size-xxl\">Futur(e) Mari\u00e9(e)<\/h2>\t\t\t\t<\/div>\n\t\t\t\t<\/div>\n\t\t\t\t<div class=\"elementor-element elementor-element-49e4918 elementor-widget elementor-widget-spacer\" data-id=\"49e4918\" data-element_type=\"widget\" data-widget_type=\"spacer.default\">\n\t\t\t\t<div class=\"elementor-widget-container\">\n\t\t\t\t\t\t\t<div class=\"elementor-spacer\">\n\t\t\t<div class=\"elementor-spacer-inner\"><\/div>\n\t\t<\/div>\n\t\t\t\t\t\t<\/div>\n\t\t\t\t<\/div>\n\t\t\t\t\t<\/div>\n\t\t<\/div>\n\t\t\t\t\t<\/div>\n\t\t<\/section>\n\t\t\t\t<section class=\"elementor-section elementor-top-section elementor-element elementor-element-0484fe3 elementor-section-boxed elementor-section-height-default elementor-section-height-default\" data-id=\"0484fe3\" data-element_type=\"section\">\n\t\t\t\t\t\t<div class=\"elementor-container elementor-column-gap-default\">\n\t\t\t\t\t<div class=\"elementor-column elementor-col-50 elementor-top-column elementor-element elementor-element-6b20d57\" data-id=\"6b20d57\" data-element_type=\"column\">\n\t\t\t<div class=\"elementor-widget-wrap elementor-element-populated\">\n\t\t\t\t\t\t<div class=\"elementor-element elementor-element-1b84dee elementor-widget elementor-widget-image\" data-id=\"1b84dee\" data-element_type=\"widget\" data-widget_type=\"image.default\">\n\t\t\t\t<div class=\"elementor-widget-container\">\n\t\t\t\t\t\t\t\t\t\t\t\t\t\t\t<img fetchpriority=\"high\" decoding=\"async\" width=\"1024\" height=\"1024\" src=\"https:\/\/gamesfactory.fr\/park\/wp-content\/uploads\/sites\/7\/2023\/06\/5-1024x1024.png\" class=\"attachment-large size-large wp-image-1521\" alt=\"\" srcset=\"https:\/\/gamesfactory.fr\/park\/wp-content\/uploads\/sites\/7\/2023\/06\/5-1024x1024.png 1024w, https:\/\/gamesfactory.fr\/park\/wp-content\/uploads\/sites\/7\/2023\/06\/5-300x300.png 300w, https:\/\/gamesfactory.fr\/park\/wp-content\/uploads\/sites\/7\/2023\/06\/5-150x150.png 150w, https:\/\/gamesfactory.fr\/park\/wp-content\/uploads\/sites\/7\/2023\/06\/5-768x768.png 768w, https:\/\/gamesfactory.fr\/park\/wp-content\/uploads\/sites\/7\/2023\/06\/5.png 1080w\" sizes=\"(max-width: 1024px) 100vw, 1024px\" \/>\t\t\t\t\t\t\t\t\t\t\t\t\t\t\t<\/div>\n\t\t\t\t<\/div>\n\t\t\t\t<div class=\"elementor-element elementor-element-a5c441a elementor-widget elementor-widget-spacer\" data-id=\"a5c441a\" data-element_type=\"widget\" data-widget_type=\"spacer.default\">\n\t\t\t\t<div class=\"elementor-widget-container\">\n\t\t\t\t\t\t\t<div class=\"elementor-spacer\">\n\t\t\t<div class=\"elementor-spacer-inner\"><\/div>\n\t\t<\/div>\n\t\t\t\t\t\t<\/div>\n\t\t\t\t<\/div>\n\t\t\t\t\t<\/div>\n\t\t<\/div>\n\t\t\t\t<div class=\"elementor-column elementor-col-50 elementor-top-column elementor-element elementor-element-f18eea9\" data-id=\"f18eea9\" data-element_type=\"column\">\n\t\t\t<div class=\"elementor-widget-wrap elementor-element-populated\">\n\t\t\t\t\t\t<div class=\"elementor-element elementor-element-ba6f0fd elementor-widget elementor-widget-image\" data-id=\"ba6f0fd\" data-element_type=\"widget\" data-widget_type=\"image.default\">\n\t\t\t\t<div class=\"elementor-widget-container\">\n\t\t\t\t\t\t\t\t\t\t\t\t\t\t\t<img decoding=\"async\" width=\"1024\" height=\"1024\" src=\"https:\/\/gamesfactory.fr\/park\/wp-content\/uploads\/sites\/7\/2023\/06\/Quiz-Box-jeu-100-love-12-1024x1024.png\" class=\"attachment-large size-large wp-image-1543\" alt=\"\" srcset=\"https:\/\/gamesfactory.fr\/park\/wp-content\/uploads\/sites\/7\/2023\/06\/Quiz-Box-jeu-100-love-12-1024x1024.png 1024w, https:\/\/gamesfactory.fr\/park\/wp-content\/uploads\/sites\/7\/2023\/06\/Quiz-Box-jeu-100-love-12-300x300.png 300w, https:\/\/gamesfactory.fr\/park\/wp-content\/uploads\/sites\/7\/2023\/06\/Quiz-Box-jeu-100-love-12-150x150.png 150w, https:\/\/gamesfactory.fr\/park\/wp-content\/uploads\/sites\/7\/2023\/06\/Quiz-Box-jeu-100-love-12-768x768.png 768w, https:\/\/gamesfactory.fr\/park\/wp-content\/uploads\/sites\/7\/2023\/06\/Quiz-Box-jeu-100-love-12.png 1080w\" sizes=\"(max-width: 1024px) 100vw, 1024px\" \/>\t\t\t\t\t\t\t\t\t\t\t\t\t\t\t<\/div>\n\t\t\t\t<\/div>\n\t\t\t\t\t<\/div>\n\t\t<\/div>\n\t\t\t\t\t<\/div>\n\t\t<\/section>\n\t\t\t\t<section class=\"elementor-section elementor-top-section elementor-element elementor-element-eb75ab9 elementor-section-boxed elementor-section-height-default elementor-section-height-default\" data-id=\"eb75ab9\" data-element_type=\"section\">\n\t\t\t\t\t\t<div class=\"elementor-container elementor-column-gap-default\">\n\t\t\t\t\t<div class=\"elementor-column elementor-col-50 elementor-top-column elementor-element elementor-element-4802541\" data-id=\"4802541\" data-element_type=\"column\">\n\t\t\t<div class=\"elementor-widget-wrap elementor-element-populated\">\n\t\t\t\t\t\t<div class=\"elementor-element elementor-element-1a7d437 elementor-widget elementor-widget-image\" data-id=\"1a7d437\" data-element_type=\"widget\" data-widget_type=\"image.default\">\n\t\t\t\t<div class=\"elementor-widget-container\">\n\t\t\t\t\t\t\t\t\t\t\t\t\t\t\t<img decoding=\"async\" width=\"800\" height=\"600\" src=\"https:\/\/gamesfactory.fr\/park\/wp-content\/uploads\/sites\/7\/2023\/06\/Photos-site-internet-avec-filigrane.png\" class=\"attachment-large size-large wp-image-1544\" alt=\"\" srcset=\"https:\/\/gamesfactory.fr\/park\/wp-content\/uploads\/sites\/7\/2023\/06\/Photos-site-internet-avec-filigrane.png 800w, https:\/\/gamesfactory.fr\/park\/wp-content\/uploads\/sites\/7\/2023\/06\/Photos-site-internet-avec-filigrane-300x225.png 300w, https:\/\/gamesfactory.fr\/park\/wp-content\/uploads\/sites\/7\/2023\/06\/Photos-site-internet-avec-filigrane-768x576.png 768w\" sizes=\"(max-width: 800px) 100vw, 800px\" \/>\t\t\t\t\t\t\t\t\t\t\t\t\t\t\t<\/div>\n\t\t\t\t<\/div>\n\t\t\t\t<div class=\"elementor-element elementor-element-ea660f7 elementor-widget elementor-widget-spacer\" data-id=\"ea660f7\" data-element_type=\"widget\" data-widget_type=\"spacer.default\">\n\t\t\t\t<div class=\"elementor-widget-container\">\n\t\t\t\t\t\t\t<div class=\"elementor-spacer\">\n\t\t\t<div class=\"elementor-spacer-inner\"><\/div>\n\t\t<\/div>\n\t\t\t\t\t\t<\/div>\n\t\t\t\t<\/div>\n\t\t\t\t\t<\/div>\n\t\t<\/div>\n\t\t\t\t<div class=\"elementor-column elementor-col-50 elementor-top-column elementor-element elementor-element-8076a4e\" data-id=\"8076a4e\" data-element_type=\"column\">\n\t\t\t<div class=\"elementor-widget-wrap elementor-element-populated\">\n\t\t\t\t\t\t<div class=\"elementor-element elementor-element-96ee45f elementor-widget elementor-widget-ucaddon_block_text_titre\" data-id=\"96ee45f\" data-element_type=\"widget\" data-widget_type=\"ucaddon_block_text_titre.default\">\n\t\t\t\t<div class=\"elementor-widget-container\">\n\t\t\t\t\t\n<!-- start Block text -->\n\t\t<link id='uc_ac_assets_file_block_text_css_925-css' href='https:\/\/gamesfactory.fr\/park\/wp-content\/uploads\/sites\/7\/ac_assets\/custom\/block-text.css' type='text\/css' rel='stylesheet' >\n\n\n<div class=\"block-text-titre\">\n  <h2 class=\"titre\">Venez f\u00eater<\/h2>\n  <h3 class=\"sous-titre\">votre \u00e9v\u00e9nement au Games Factory !<\/h3>\n  <p class=\"description\"><p>Au programme : Trampoline, Escalade, Parcours Ninja...<\/p><p>\u00a0<\/p><p>N'oubliez pas de <a href=\"https:\/\/gamesfactory.fr\/park\/reservations\/\">r\u00e9server<\/a> votre \u00e9v\u00e9nement\u00a0<\/p><\/p>\n<\/div>\n<!-- end Block text -->\t\t\t\t<\/div>\n\t\t\t\t<\/div>\n\t\t\t\t<div class=\"elementor-element elementor-element-a628756 elementor-button-info elementor-align-justify elementor-widget elementor-widget-button\" data-id=\"a628756\" data-element_type=\"widget\" data-widget_type=\"button.default\">\n\t\t\t\t<div class=\"elementor-widget-container\">\n\t\t\t\t\t\t\t\t\t<div class=\"elementor-button-wrapper\">\n\t\t\t\t\t<a class=\"elementor-button elementor-button-link elementor-size-md\" href=\"https:\/\/gamesfactory.fr\/wp-content\/uploads\/2026\/01\/GF-A4-Carte-fidelite-Site-Web-JPG.jpg\">\n\t\t\t\t\t\t<span class=\"elementor-button-content-wrapper\">\n\t\t\t\t\t\t\t\t\t<span class=\"elementor-button-text\">CARTE DE FID\u00c9LIT\u00c9<\/span>\n\t\t\t\t\t<\/span>\n\t\t\t\t\t<\/a>\n\t\t\t\t<\/div>\n\t\t\t\t\t\t\t\t<\/div>\n\t\t\t\t<\/div>\n\t\t\t\t\t<\/div>\n\t\t<\/div>\n\t\t\t\t\t<\/div>\n\t\t<\/section>\n\t\t\t\t<section class=\"elementor-section elementor-top-section elementor-element elementor-element-c548e16 elementor-section-boxed elementor-section-height-default elementor-section-height-default\" data-id=\"c548e16\" data-element_type=\"section\">\n\t\t\t\t\t\t<div class=\"elementor-container elementor-column-gap-default\">\n\t\t\t\t\t<div class=\"elementor-column elementor-col-50 elementor-top-column elementor-element elementor-element-049ba89\" data-id=\"049ba89\" data-element_type=\"column\">\n\t\t\t<div class=\"elementor-widget-wrap elementor-element-populated\">\n\t\t\t\t\t\t<div class=\"elementor-element elementor-element-8346447 elementor-widget elementor-widget-ucaddon_block_text_titre\" data-id=\"8346447\" data-element_type=\"widget\" data-widget_type=\"ucaddon_block_text_titre.default\">\n\t\t\t\t<div class=\"elementor-widget-container\">\n\t\t\t\t\t\n<!-- start Block text -->\n\n\n<div class=\"block-text-titre\">\n  <h2 class=\"titre\">Un petit creux ?<\/h2>\n  <h3 class=\"sous-titre\">Offrez-vous une pause sucr\u00e9e ou sal\u00e9e  !<\/h3>\n  <p class=\"description\"><p>Apr\u00e8s l'effort, le r\u00e9confort !<\/p><p>\u00a0<\/p><p>Rafraichissez-vous en sirotant un soda bien frais et commandez une pizza ou une gaufre<\/p><\/p>\n<\/div>\n<!-- end Block text -->\t\t\t\t<\/div>\n\t\t\t\t<\/div>\n\t\t\t\t<div class=\"elementor-element elementor-element-386ce97 elementor-widget elementor-widget-spacer\" data-id=\"386ce97\" data-element_type=\"widget\" data-widget_type=\"spacer.default\">\n\t\t\t\t<div class=\"elementor-widget-container\">\n\t\t\t\t\t\t\t<div class=\"elementor-spacer\">\n\t\t\t<div class=\"elementor-spacer-inner\"><\/div>\n\t\t<\/div>\n\t\t\t\t\t\t<\/div>\n\t\t\t\t<\/div>\n\t\t\t\t\t<\/div>\n\t\t<\/div>\n\t\t\t\t<div class=\"elementor-column elementor-col-50 elementor-top-column elementor-element elementor-element-61da75b\" data-id=\"61da75b\" data-element_type=\"column\">\n\t\t\t<div class=\"elementor-widget-wrap elementor-element-populated\">\n\t\t\t\t\t\t<div class=\"elementor-element elementor-element-88ecbfa elementor-widget elementor-widget-image\" data-id=\"88ecbfa\" data-element_type=\"widget\" data-widget_type=\"image.default\">\n\t\t\t\t<div class=\"elementor-widget-container\">\n\t\t\t\t\t\t\t\t\t\t\t\t\t\t\t<img loading=\"lazy\" decoding=\"async\" width=\"768\" height=\"512\" src=\"https:\/\/gamesfactory.fr\/park\/wp-content\/uploads\/sites\/7\/2025\/05\/photo-bar-wp-768x512.jpg\" class=\"attachment-medium_large size-medium_large wp-image-2394\" alt=\"\" srcset=\"https:\/\/gamesfactory.fr\/park\/wp-content\/uploads\/sites\/7\/2025\/05\/photo-bar-wp-768x512.jpg 768w, https:\/\/gamesfactory.fr\/park\/wp-content\/uploads\/sites\/7\/2025\/05\/photo-bar-wp-300x200.jpg 300w, https:\/\/gamesfactory.fr\/park\/wp-content\/uploads\/sites\/7\/2025\/05\/photo-bar-wp-1024x683.jpg 1024w, https:\/\/gamesfactory.fr\/park\/wp-content\/uploads\/sites\/7\/2025\/05\/photo-bar-wp-1536x1024.jpg 1536w, https:\/\/gamesfactory.fr\/park\/wp-content\/uploads\/sites\/7\/2025\/05\/photo-bar-wp.jpg 1650w\" sizes=\"(max-width: 768px) 100vw, 768px\" \/>\t\t\t\t\t\t\t\t\t\t\t\t\t\t\t<\/div>\n\t\t\t\t<\/div>\n\t\t\t\t\t<\/div>\n\t\t<\/div>\n\t\t\t\t\t<\/div>\n\t\t<\/section>\n\t\t\t\t<\/div>\n\t\t","protected":false},"excerpt":{"rendered":"<p>Futur(e) Mari\u00e9(e) Venez f\u00eater votre \u00e9v\u00e9nement au Games Factory ! Au programme : Trampoline, Escalade, Parcours Ninja&#8230; \u00a0 N&#8217;oubliez pas [&hellip;]<\/p>\n","protected":false},"author":2,"featured_media":0,"parent":0,"menu_order":0,"comment_status":"closed","ping_status":"closed","template":"","meta":{"inline_featured_image":false,"site-sidebar-layout":"no-sidebar","site-content-layout":"page-builder","ast-site-content-layout":"","site-content-style":"default","site-sidebar-style":"default","ast-global-header-display":"","ast-banner-title-visibility":"","ast-main-header-display":"","ast-hfb-above-header-display":"","ast-hfb-below-header-display":"","ast-hfb-mobile-header-display":"","site-post-title":"disabled","ast-breadcrumbs-content":"","ast-featured-img":"disabled","footer-sml-layout":"","theme-transparent-header-meta":"","adv-header-id-meta":"","stick-header-meta":"","header-above-stick-meta":"","header-main-stick-meta":"","header-below-stick-meta":"","astra-migrate-meta-layouts":"default","ast-page-background-enabled":"default","ast-page-background-meta":{"desktop":{"background-color":"","background-image":"","background-repeat":"repeat","background-position":"center center","background-size":"auto","background-attachment":"scroll","background-type":"","background-media":"","overlay-type":"","overlay-color":"","overlay-opacity":"","overlay-gradient":""},"tablet":{"background-color":"","background-image":"","background-repeat":"repeat","background-position":"center center","background-size":"auto","background-attachment":"scroll","background-type":"","background-media":"","overlay-type":"","overlay-color":"","overlay-opacity":"","overlay-gradient":""},"mobile":{"background-color":"","background-image":"","background-repeat":"repeat","background-position":"center center","background-size":"auto","background-attachment":"scroll","background-type":"","background-media":"","overlay-type":"","overlay-color":"","overlay-opacity":"","overlay-gradient":""}},"ast-content-background-meta":{"desktop":{"background-color":"var(--ast-global-color-5)","background-image":"","background-repeat":"repeat","background-position":"center center","background-size":"auto","background-attachment":"scroll","background-type":"","background-media":"","overlay-type":"","overlay-color":"","overlay-opacity":"","overlay-gradient":""},"tablet":{"background-color":"var(--ast-global-color-5)","background-image":"","background-repeat":"repeat","background-position":"center center","background-size":"auto","background-attachment":"scroll","background-type":"","background-media":"","overlay-type":"","overlay-color":"","overlay-opacity":"","overlay-gradient":""},"mobile":{"background-color":"var(--ast-global-color-5)","background-image":"","background-repeat":"repeat","background-position":"center center","background-size":"auto","background-attachment":"scroll","background-type":"","background-media":"","overlay-type":"","overlay-color":"","overlay-opacity":"","overlay-gradient":""}},"footnotes":""},"class_list":["post-1519","page","type-page","status-publish","hentry"],"yoast_head":"<!-- This site is optimized with the Yoast SEO plugin v24.6 - https:\/\/yoast.com\/wordpress\/plugins\/seo\/ -->\n<title>EVG \/ EVJF - Games Factory Park<\/title>\n<meta name=\"description\" content=\"Venez f\u00eater l&#039;EVG\/EVJF de votre ami au Games Factory Park \u00e0 Quetigny ! Au programme : Trampoline, Escalade, Parcours Ninja...\" \/>\n<meta name=\"robots\" content=\"index, follow, max-snippet:-1, max-image-preview:large, max-video-preview:-1\" \/>\n<link rel=\"canonical\" href=\"https:\/\/gamesfactory.fr\/park\/evg-evjf\/\" \/>\n<meta property=\"og:locale\" content=\"fr_FR\" \/>\n<meta property=\"og:type\" content=\"article\" \/>\n<meta property=\"og:title\" content=\"EVG \/ EVJF - Games Factory Park\" \/>\n<meta property=\"og:description\" content=\"Venez f\u00eater l&#039;EVG\/EVJF de votre ami au Games Factory Park \u00e0 Quetigny ! Au programme : Trampoline, Escalade, Parcours Ninja...\" \/>\n<meta property=\"og:url\" content=\"https:\/\/gamesfactory.fr\/park\/evg-evjf\/\" \/>\n<meta property=\"og:site_name\" content=\"Games Factory Park\" \/>\n<meta property=\"article:modified_time\" content=\"2026-01-09T11:21:13+00:00\" \/>\n<meta property=\"og:image\" content=\"https:\/\/gamesfactory.fr\/park\/wp-content\/uploads\/sites\/7\/2023\/06\/5.png\" \/>\n\t<meta property=\"og:image:width\" content=\"1080\" \/>\n\t<meta property=\"og:image:height\" content=\"1080\" \/>\n\t<meta property=\"og:image:type\" content=\"image\/png\" \/>\n<meta name=\"twitter:card\" content=\"summary_large_image\" \/>\n<meta name=\"twitter:label1\" content=\"Dur\u00e9e de lecture estim\u00e9e\" \/>\n\t<meta name=\"twitter:data1\" content=\"2 minutes\" \/>\n<script type=\"application\/ld+json\" class=\"yoast-schema-graph\">{\"@context\":\"https:\/\/schema.org\",\"@graph\":[{\"@type\":\"WebPage\",\"@id\":\"https:\/\/gamesfactory.fr\/park\/evg-evjf\/\",\"url\":\"https:\/\/gamesfactory.fr\/park\/evg-evjf\/\",\"name\":\"EVG \/ EVJF - Games Factory Park\",\"isPartOf\":{\"@id\":\"https:\/\/gamesfactory.fr\/park\/#website\"},\"primaryImageOfPage\":{\"@id\":\"https:\/\/gamesfactory.fr\/park\/evg-evjf\/#primaryimage\"},\"image\":{\"@id\":\"https:\/\/gamesfactory.fr\/park\/evg-evjf\/#primaryimage\"},\"thumbnailUrl\":\"https:\/\/gamesfactory.fr\/park\/wp-content\/uploads\/sites\/7\/2023\/06\/5-1024x1024.png\",\"datePublished\":\"2023-06-23T07:47:00+00:00\",\"dateModified\":\"2026-01-09T11:21:13+00:00\",\"description\":\"Venez f\u00eater l'EVG\/EVJF de votre ami au Games Factory Park \u00e0 Quetigny ! Au programme : Trampoline, Escalade, Parcours Ninja...\",\"breadcrumb\":{\"@id\":\"https:\/\/gamesfactory.fr\/park\/evg-evjf\/#breadcrumb\"},\"inLanguage\":\"fr-FR\",\"potentialAction\":[{\"@type\":\"ReadAction\",\"target\":[\"https:\/\/gamesfactory.fr\/park\/evg-evjf\/\"]}]},{\"@type\":\"ImageObject\",\"inLanguage\":\"fr-FR\",\"@id\":\"https:\/\/gamesfactory.fr\/park\/evg-evjf\/#primaryimage\",\"url\":\"https:\/\/gamesfactory.fr\/park\/wp-content\/uploads\/sites\/7\/2023\/06\/5.png\",\"contentUrl\":\"https:\/\/gamesfactory.fr\/park\/wp-content\/uploads\/sites\/7\/2023\/06\/5.png\",\"width\":1080,\"height\":1080},{\"@type\":\"BreadcrumbList\",\"@id\":\"https:\/\/gamesfactory.fr\/park\/evg-evjf\/#breadcrumb\",\"itemListElement\":[{\"@type\":\"ListItem\",\"position\":1,\"name\":\"Accueil\",\"item\":\"https:\/\/gamesfactory.fr\/park\/\"},{\"@type\":\"ListItem\",\"position\":2,\"name\":\"EVG \/ EVJF\"}]},{\"@type\":\"WebSite\",\"@id\":\"https:\/\/gamesfactory.fr\/park\/#website\",\"url\":\"https:\/\/gamesfactory.fr\/park\/\",\"name\":\"Games Factory Park\",\"description\":\"Votre complexe de loisirs \u00e0 Qu\u00e9tigny Park\",\"potentialAction\":[{\"@type\":\"SearchAction\",\"target\":{\"@type\":\"EntryPoint\",\"urlTemplate\":\"https:\/\/gamesfactory.fr\/park\/?s={search_term_string}\"},\"query-input\":{\"@type\":\"PropertyValueSpecification\",\"valueRequired\":true,\"valueName\":\"search_term_string\"}}],\"inLanguage\":\"fr-FR\"}]}<\/script>\n<!-- \/ Yoast SEO plugin. -->","yoast_head_json":{"title":"EVG \/ EVJF - Games Factory Park","description":"Venez f\u00eater l'EVG\/EVJF de votre ami au Games Factory Park \u00e0 Quetigny ! Au programme : Trampoline, Escalade, Parcours Ninja...","robots":{"index":"index","follow":"follow","max-snippet":"max-snippet:-1","max-image-preview":"max-image-preview:large","max-video-preview":"max-video-preview:-1"},"canonical":"https:\/\/gamesfactory.fr\/park\/evg-evjf\/","og_locale":"fr_FR","og_type":"article","og_title":"EVG \/ EVJF - Games Factory Park","og_description":"Venez f\u00eater l'EVG\/EVJF de votre ami au Games Factory Park \u00e0 Quetigny ! Au programme : Trampoline, Escalade, Parcours Ninja...","og_url":"https:\/\/gamesfactory.fr\/park\/evg-evjf\/","og_site_name":"Games Factory Park","article_modified_time":"2026-01-09T11:21:13+00:00","og_image":[{"width":1080,"height":1080,"url":"https:\/\/gamesfactory.fr\/park\/wp-content\/uploads\/sites\/7\/2023\/06\/5.png","type":"image\/png"}],"twitter_card":"summary_large_image","twitter_misc":{"Dur\u00e9e de lecture estim\u00e9e":"2 minutes"},"schema":{"@context":"https:\/\/schema.org","@graph":[{"@type":"WebPage","@id":"https:\/\/gamesfactory.fr\/park\/evg-evjf\/","url":"https:\/\/gamesfactory.fr\/park\/evg-evjf\/","name":"EVG \/ EVJF - Games Factory Park","isPartOf":{"@id":"https:\/\/gamesfactory.fr\/park\/#website"},"primaryImageOfPage":{"@id":"https:\/\/gamesfactory.fr\/park\/evg-evjf\/#primaryimage"},"image":{"@id":"https:\/\/gamesfactory.fr\/park\/evg-evjf\/#primaryimage"},"thumbnailUrl":"https:\/\/gamesfactory.fr\/park\/wp-content\/uploads\/sites\/7\/2023\/06\/5-1024x1024.png","datePublished":"2023-06-23T07:47:00+00:00","dateModified":"2026-01-09T11:21:13+00:00","description":"Venez f\u00eater l'EVG\/EVJF de votre ami au Games Factory Park \u00e0 Quetigny ! Au programme : Trampoline, Escalade, Parcours Ninja...","breadcrumb":{"@id":"https:\/\/gamesfactory.fr\/park\/evg-evjf\/#breadcrumb"},"inLanguage":"fr-FR","potentialAction":[{"@type":"ReadAction","target":["https:\/\/gamesfactory.fr\/park\/evg-evjf\/"]}]},{"@type":"ImageObject","inLanguage":"fr-FR","@id":"https:\/\/gamesfactory.fr\/park\/evg-evjf\/#primaryimage","url":"https:\/\/gamesfactory.fr\/park\/wp-content\/uploads\/sites\/7\/2023\/06\/5.png","contentUrl":"https:\/\/gamesfactory.fr\/park\/wp-content\/uploads\/sites\/7\/2023\/06\/5.png","width":1080,"height":1080},{"@type":"BreadcrumbList","@id":"https:\/\/gamesfactory.fr\/park\/evg-evjf\/#breadcrumb","itemListElement":[{"@type":"ListItem","position":1,"name":"Accueil","item":"https:\/\/gamesfactory.fr\/park\/"},{"@type":"ListItem","position":2,"name":"EVG \/ EVJF"}]},{"@type":"WebSite","@id":"https:\/\/gamesfactory.fr\/park\/#website","url":"https:\/\/gamesfactory.fr\/park\/","name":"Games Factory Park","description":"Votre complexe de loisirs \u00e0 Qu\u00e9tigny Park","potentialAction":[{"@type":"SearchAction","target":{"@type":"EntryPoint","urlTemplate":"https:\/\/gamesfactory.fr\/park\/?s={search_term_string}"},"query-input":{"@type":"PropertyValueSpecification","valueRequired":true,"valueName":"search_term_string"}}],"inLanguage":"fr-FR"}]}},"_links":{"self":[{"href":"https:\/\/gamesfactory.fr\/park\/wp-json\/wp\/v2\/pages\/1519","targetHints":{"allow":["GET"]}}],"collection":[{"href":"https:\/\/gamesfactory.fr\/park\/wp-json\/wp\/v2\/pages"}],"about":[{"href":"https:\/\/gamesfactory.fr\/park\/wp-json\/wp\/v2\/types\/page"}],"author":[{"embeddable":true,"href":"https:\/\/gamesfactory.fr\/park\/wp-json\/wp\/v2\/users\/2"}],"replies":[{"embeddable":true,"href":"https:\/\/gamesfactory.fr\/park\/wp-json\/wp\/v2\/comments?post=1519"}],"version-history":[{"count":28,"href":"https:\/\/gamesfactory.fr\/park\/wp-json\/wp\/v2\/pages\/1519\/revisions"}],"predecessor-version":[{"id":2585,"href":"https:\/\/gamesfactory.fr\/park\/wp-json\/wp\/v2\/pages\/1519\/revisions\/2585"}],"wp:attachment":[{"href":"https:\/\/gamesfactory.fr\/park\/wp-json\/wp\/v2\/media?parent=1519"}],"curies":[{"name":"wp","href":"https:\/\/api.w.org\/{rel}","templated":true}]}}