{"id":1685,"date":"2023-12-04T14:39:08","date_gmt":"2023-12-04T13:39:08","guid":{"rendered":"https:\/\/gamesfactory.fr\/park\/?page_id=1685"},"modified":"2023-12-04T15:36:02","modified_gmt":"2023-12-04T14:36:02","slug":"baby-jump","status":"publish","type":"page","link":"https:\/\/gamesfactory.fr\/park\/baby-jump\/","title":{"rendered":"Baby jump"},"content":{"rendered":"\t\t<div data-elementor-type=\"wp-page\" data-elementor-id=\"1685\" class=\"elementor elementor-1685\">\n\t\t\t\t\t\t<section class=\"elementor-section elementor-top-section elementor-element elementor-element-6a09e3c elementor-section-full_width elementor-section-height-default elementor-section-height-default\" data-id=\"6a09e3c\" data-element_type=\"section\">\n\t\t\t\t\t\t<div class=\"elementor-container elementor-column-gap-default\">\n\t\t\t\t\t<div class=\"elementor-column elementor-col-100 elementor-top-column elementor-element elementor-element-9afc4b9\" data-id=\"9afc4b9\" data-element_type=\"column\">\n\t\t\t<div class=\"elementor-widget-wrap elementor-element-populated\">\n\t\t\t\t\t\t<div class=\"elementor-element elementor-element-3274258 elementor-widget elementor-widget-heading\" data-id=\"3274258\" data-element_type=\"widget\" data-widget_type=\"heading.default\">\n\t\t\t\t<div class=\"elementor-widget-container\">\n\t\t\t\t\t<h1 class=\"elementor-heading-title elementor-size-default\">baby jump \u00e0 DIJON - Games Factory<\/h1>\t\t\t\t<\/div>\n\t\t\t\t<\/div>\n\t\t\t\t<section class=\"elementor-section elementor-inner-section elementor-element elementor-element-2e6e3f3 elementor-section-full_width elementor-reverse-mobile elementor-section-height-default elementor-section-height-default\" data-id=\"2e6e3f3\" data-element_type=\"section\">\n\t\t\t\t\t\t<div class=\"elementor-container elementor-column-gap-default\">\n\t\t\t\t\t<div class=\"elementor-column elementor-col-50 elementor-inner-column elementor-element elementor-element-048f9d8\" data-id=\"048f9d8\" data-element_type=\"column\">\n\t\t\t<div class=\"elementor-widget-wrap elementor-element-populated\">\n\t\t\t\t\t\t<div class=\"elementor-element elementor-element-2535701 elementor-widget elementor-widget-ucaddon_block_rouge_titre\" data-id=\"2535701\" data-element_type=\"widget\" data-widget_type=\"ucaddon_block_rouge_titre.default\">\n\t\t\t\t<div class=\"elementor-widget-container\">\n\t\t\t\t\t\n<!-- start Block titre -->\n\t\t<link id='uc_ac_assets_file_block_titre_css_1681-css' href='https:\/\/gamesfactory.fr\/park\/wp-content\/uploads\/sites\/7\/ac_assets\/custom\/block-titre.css' type='text\/css' rel='stylesheet' >\n\n\n<div class=\"block-titre\">\n\n  <div class=\"content\">\n    <h2 class=\"titre\">Pour les enfants de -1m20<\/h2>\n    <h3 class=\"sous-titre\">D\u00e9couvrez la baby jump<\/h3>\n    \n        \n        \n  <\/div>\t\n\n<\/div>\n<!-- end Block titre -->\t\t\t\t<\/div>\n\t\t\t\t<\/div>\n\t\t\t\t\t<\/div>\n\t\t<\/div>\n\t\t\t\t<div class=\"elementor-column elementor-col-50 elementor-inner-column elementor-element elementor-element-03b0164\" data-id=\"03b0164\" data-element_type=\"column\">\n\t\t\t<div class=\"elementor-widget-wrap elementor-element-populated\">\n\t\t\t\t\t\t<div class=\"elementor-element elementor-element-9e1f5d7 elementor-widget elementor-widget-ucaddon_block_image\" data-id=\"9e1f5d7\" data-element_type=\"widget\" data-widget_type=\"ucaddon_block_image.default\">\n\t\t\t\t<div class=\"elementor-widget-container\">\n\t\t\t\t\t\n<!-- start Block image -->\n\t\t<link id='uc_ac_assets_file_block_image_css_912-css' href='https:\/\/gamesfactory.fr\/park\/wp-content\/uploads\/sites\/7\/ac_assets\/custom\/block-image.css' type='text\/css' rel='stylesheet' >\n\n\n<div class=\"block-image\">\n  <div class=\"bg\" style=\"background-image: url('https:\/\/gamesfactory.fr\/park\/wp-content\/uploads\/sites\/7\/2022\/08\/6.png'); \"><\/div>\n<\/div>\n<!-- end Block image -->\t\t\t\t<\/div>\n\t\t\t\t<\/div>\n\t\t\t\t\t<\/div>\n\t\t<\/div>\n\t\t\t\t\t<\/div>\n\t\t<\/section>\n\t\t\t\t<section class=\"elementor-section elementor-inner-section elementor-element elementor-element-baf81c4 elementor-section-full_width elementor-reverse-tablet elementor-reverse-mobile elementor-section-height-default elementor-section-height-default\" data-id=\"baf81c4\" data-element_type=\"section\">\n\t\t\t\t\t\t<div class=\"elementor-container elementor-column-gap-default\">\n\t\t\t\t\t<div class=\"elementor-column elementor-col-50 elementor-inner-column elementor-element elementor-element-f15bf9a\" data-id=\"f15bf9a\" data-element_type=\"column\">\n\t\t\t<div class=\"elementor-widget-wrap elementor-element-populated\">\n\t\t\t\t\t\t<div class=\"elementor-element elementor-element-78280e6 elementor-widget elementor-widget-ucaddon_block_text_titre\" data-id=\"78280e6\" data-element_type=\"widget\" data-widget_type=\"ucaddon_block_text_titre.default\">\n\t\t\t\t<div class=\"elementor-widget-container\">\n\t\t\t\t\t\n<!-- start Block text -->\n\t\t<link id='uc_ac_assets_file_block_text_css_925-css' href='https:\/\/gamesfactory.fr\/park\/wp-content\/uploads\/sites\/7\/ac_assets\/custom\/block-text.css' type='text\/css' rel='stylesheet' >\n\n\n<div class=\"block-text-titre\">\n  <h2 class=\"titre\">Baby Jump<\/h2>\n  <h3 class=\"sous-titre\">AU Games Factory Park<\/h3>\n  <p class=\"description\"><p>Saute, jump, bondit, rebondit, twiste, front flip, back flip, toutes les fantaisies sont permises !<\/p><p>\u00a0<\/p><p>(en respectant les consignes de s\u00e9curit\u00e9 dispens\u00e9es lors du briefing de d\u00e9part)<\/p><\/p>\n<\/div>\n<!-- end Block text -->\t\t\t\t<\/div>\n\t\t\t\t<\/div>\n\t\t\t\t<div class=\"elementor-element elementor-element-fe32cce elementor-align-justify gf-btn elementor-widget elementor-widget-button\" data-id=\"fe32cce\" data-element_type=\"widget\" data-widget_type=\"button.default\">\n\t\t\t\t<div class=\"elementor-widget-container\">\n\t\t\t\t\t\t\t\t\t<div class=\"elementor-button-wrapper\">\n\t\t\t\t\t<a class=\"elementor-button elementor-size-md\" role=\"button\">\n\t\t\t\t\t\t<span class=\"elementor-button-content-wrapper\">\n\t\t\t\t\t\t<span class=\"elementor-button-icon\">\n\t\t\t\t<i aria-hidden=\"true\" class=\"far fa-save\"><\/i>\t\t\t<\/span>\n\t\t\t\t\t\t\t\t\t<span class=\"elementor-button-text\">NOS TARIFS bient\u00f4t disponibles<\/span>\n\t\t\t\t\t<\/span>\n\t\t\t\t\t<\/a>\n\t\t\t\t<\/div>\n\t\t\t\t\t\t\t\t<\/div>\n\t\t\t\t<\/div>\n\t\t\t\t<div class=\"elementor-element elementor-element-0b5b471 elementor-align-justify elementor-widget elementor-widget-button\" data-id=\"0b5b471\" data-element_type=\"widget\" data-widget_type=\"button.default\">\n\t\t\t\t<div class=\"elementor-widget-container\">\n\t\t\t\t\t\t\t\t\t<div class=\"elementor-button-wrapper\">\n\t\t\t\t\t<a class=\"elementor-button elementor-button-link elementor-size-md\" href=\"https:\/\/gamesfactory.fr\/park\/wp-content\/uploads\/sites\/7\/2022\/09\/Carte-de-fidelite-2E.jpg\">\n\t\t\t\t\t\t<span class=\"elementor-button-content-wrapper\">\n\t\t\t\t\t\t\t\t\t<span class=\"elementor-button-text\">CARTE DE FID\u00c9LIT\u00c9<\/span>\n\t\t\t\t\t<\/span>\n\t\t\t\t\t<\/a>\n\t\t\t\t<\/div>\n\t\t\t\t\t\t\t\t<\/div>\n\t\t\t\t<\/div>\n\t\t\t\t<div class=\"elementor-element elementor-element-2d5573a elementor-widget elementor-widget-heading\" data-id=\"2d5573a\" data-element_type=\"widget\" data-widget_type=\"heading.default\">\n\t\t\t\t<div class=\"elementor-widget-container\">\n\t\t\t\t\t<h2 class=\"elementor-heading-title elementor-size-default\">Airbag \u2013 Poutre- Ninja \u2013 Cardio Wall vitesse \u2013 Cardio wall rapidit\u00e9 - Grand trampoline - Dodge Ball - Trampo \u2013 Wipe out \u2013 faucheuse<\/h2>\t\t\t\t<\/div>\n\t\t\t\t<\/div>\n\t\t\t\t<div class=\"elementor-element elementor-element-ff0fb24 elementor-widget elementor-widget-ucaddon_block_image\" data-id=\"ff0fb24\" data-element_type=\"widget\" data-widget_type=\"ucaddon_block_image.default\">\n\t\t\t\t<div class=\"elementor-widget-container\">\n\t\t\t\t\t\n<!-- start Block image -->\n\n\n<div class=\"block-image\">\n  <div class=\"bg\" style=\"background-image: url('https:\/\/gamesfactory.fr\/park\/wp-content\/uploads\/sites\/7\/2022\/08\/7.png'); \"><\/div>\n<\/div>\n<!-- end Block image -->\t\t\t\t<\/div>\n\t\t\t\t<\/div>\n\t\t\t\t<div class=\"elementor-element elementor-element-f9b9c65 elementor-widget elementor-widget-ucaddon_block_text_titre\" data-id=\"f9b9c65\" data-element_type=\"widget\" data-widget_type=\"ucaddon_block_text_titre.default\">\n\t\t\t\t<div class=\"elementor-widget-container\">\n\t\t\t\t\t\n<!-- start Block text -->\n\n\n<div class=\"block-text-titre\">\n  <h2 class=\"titre\">Le personnel du Games Factory<\/h2>\n  <h3 class=\"sous-titre\">vous accompagne sur les tapis<\/h3>\n  <p class=\"description\"><p>Afin de vous expliquer les activit\u00e9s, surveiller et emp\u00eacher les comportements \u00e0 risque, un briefing de s\u00e9curit\u00e9 de 5 min, vous sera donn\u00e9 avant chaque d\u00e9parts.<\/p><p>\u00a0<\/p><p>Un adulte accompagnateur est obligatoire pour acc\u00e9der \u00e0 cette zone (1 adulte offert pour 1 \u00e0 3 enfants payants)<\/p><\/p>\n<\/div>\n<!-- end Block text -->\t\t\t\t<\/div>\n\t\t\t\t<\/div>\n\t\t\t\t\t<\/div>\n\t\t<\/div>\n\t\t\t\t<div class=\"elementor-column elementor-col-50 elementor-inner-column elementor-element elementor-element-eb3ce3d\" data-id=\"eb3ce3d\" data-element_type=\"column\">\n\t\t\t<div class=\"elementor-widget-wrap elementor-element-populated\">\n\t\t\t\t\t\t<div class=\"elementor-element elementor-element-c606b7a elementor-widget elementor-widget-ucaddon_block_rouge_titre\" data-id=\"c606b7a\" data-element_type=\"widget\" data-widget_type=\"ucaddon_block_rouge_titre.default\">\n\t\t\t\t<div class=\"elementor-widget-container\">\n\t\t\t\t\t\n<!-- start Block titre -->\n\n\n<div class=\"block-titre\">\n\n  <div class=\"content\">\n    <h2 class=\"titre\">M\u00eame les petits<\/h2>\n    <h3 class=\"sous-titre\">peuvent s'amuser au trampoline !<\/h3>\n    \n        \n        \n  <\/div>\t\n\n<\/div>\n<!-- end Block titre -->\t\t\t\t<\/div>\n\t\t\t\t<\/div>\n\t\t\t\t<div class=\"elementor-element elementor-element-14b32c7 elementor-widget elementor-widget-ucaddon_block_text_titre\" data-id=\"14b32c7\" data-element_type=\"widget\" data-widget_type=\"ucaddon_block_text_titre.default\">\n\t\t\t\t<div class=\"elementor-widget-container\">\n\t\t\t\t\t\n<!-- start Block text -->\n\n\n<div class=\"block-text-titre\">\n  <h2 class=\"titre\">Pour des questions<\/h2>\n  <h3 class=\"sous-titre\">d\u2019hygi\u00e8ne et de s\u00e9curit\u00e9<\/h3>\n  <p class=\"description\"><p>Les chaussettes anti-d\u00e9rapantes sont obligatoires.<\/p><p>\u00a0<\/p><p>Si vous en avez, pensez \u00e0 apporter les v\u00f4tres : sinon en vente sur place \u00e0 2 \u20ac<\/p><\/p>\n<\/div>\n<!-- end Block text -->\t\t\t\t<\/div>\n\t\t\t\t<\/div>\n\t\t\t\t<div class=\"elementor-element elementor-element-177e438 elementor-widget elementor-widget-ucaddon_block_image\" data-id=\"177e438\" data-element_type=\"widget\" data-widget_type=\"ucaddon_block_image.default\">\n\t\t\t\t<div class=\"elementor-widget-container\">\n\t\t\t\t\t\n<!-- start Block image -->\n\n\n<div class=\"block-image\">\n  <div class=\"bg\" style=\"background-image: url('https:\/\/gamesfactory.fr\/park\/wp-content\/uploads\/sites\/7\/2022\/08\/5.png'); \"><\/div>\n<\/div>\n<!-- end Block image -->\t\t\t\t<\/div>\n\t\t\t\t<\/div>\n\t\t\t\t\t<\/div>\n\t\t<\/div>\n\t\t\t\t\t<\/div>\n\t\t<\/section>\n\t\t\t\t<div class=\"elementor-element elementor-element-9add7f3 elementor-widget elementor-widget-heading\" data-id=\"9add7f3\" data-element_type=\"widget\" data-widget_type=\"heading.default\">\n\t\t\t\t<div class=\"elementor-widget-container\">\n\t\t\t\t\t<h2 class=\"elementor-heading-title elementor-size-default\">NOS TARIFS baby jump -1m20<\/h2>\t\t\t\t<\/div>\n\t\t\t\t<\/div>\n\t\t\t\t<section class=\"elementor-section elementor-inner-section elementor-element elementor-element-b47d2d0 elementor-section-full_width elementor-section-height-default elementor-section-height-default\" data-id=\"b47d2d0\" data-element_type=\"section\">\n\t\t\t\t\t\t<div class=\"elementor-container elementor-column-gap-default\">\n\t\t\t\t\t<div class=\"elementor-column elementor-col-100 elementor-inner-column elementor-element elementor-element-b2611ab\" data-id=\"b2611ab\" data-element_type=\"column\">\n\t\t\t<div class=\"elementor-widget-wrap elementor-element-populated\">\n\t\t\t\t\t\t<div class=\"elementor-element elementor-element-21ee204 elementor-widget elementor-widget-ucaddon_block_prix\" data-id=\"21ee204\" data-element_type=\"widget\" data-widget_type=\"ucaddon_block_prix.default\">\n\t\t\t\t<div class=\"elementor-widget-container\">\n\t\t\t\t\t\n<!-- start Block prix -->\n\t\t<link id='uc_ac_assets_file_block_prix_css_1259-css' href='https:\/\/gamesfactory.fr\/park\/wp-content\/uploads\/sites\/7\/ac_assets\/custom\/block-prix.css' type='text\/css' rel='stylesheet' >\n\n\n<div class=\"block-prix\">\n\t\n\t<div class=\"cont-titre\">\n\t\t<h2 class=\"titre\">uniquement le matin (10h-13h30)<\/h2>\n\t<\/div>\n\n\t<div class=\"cont-prix\">\n\t\t<h3 class=\"prix\">6.90\u20ac<\/h3>\n\t\t<span class=\"prix-detail\">\/ enfant*<\/span>\n\t<\/div>\n\t\n          <div class=\"cont-description\">\n        <p>*Enfants de -1m20. Adulte accompagnateur obligatoire offert (1 adulte offert pour 1 \u00e0 3 enfants payants)<\/p>\n      <\/div>\n    \n  \t      <div class=\"cont-info-important\">\n        Chaussettes antid\u00e9rapantes obligatoire (si vous n'en avez pas, en vente sur place \u00e0 2\u20ac)  \n      <\/div>\n      \n<\/div>\n<!-- end Block prix -->\t\t\t\t<\/div>\n\t\t\t\t<\/div>\n\t\t\t\t\t<\/div>\n\t\t<\/div>\n\t\t\t\t\t<\/div>\n\t\t<\/section>\n\t\t\t\t\t<\/div>\n\t\t<\/div>\n\t\t\t\t\t<\/div>\n\t\t<\/section>\n\t\t\t\t<section class=\"elementor-section elementor-top-section elementor-element elementor-element-c421d5d elementor-section-boxed elementor-section-height-default elementor-section-height-default\" data-id=\"c421d5d\" data-element_type=\"section\">\n\t\t\t\t\t\t<div class=\"elementor-container elementor-column-gap-default\">\n\t\t\t\t\t<div class=\"elementor-column elementor-col-100 elementor-top-column elementor-element elementor-element-a00c6f9\" data-id=\"a00c6f9\" data-element_type=\"column\">\n\t\t\t<div class=\"elementor-widget-wrap elementor-element-populated\">\n\t\t\t\t\t\t<div class=\"elementor-element elementor-element-8c7d132 elementor-widget elementor-widget-spacer\" data-id=\"8c7d132\" data-element_type=\"widget\" data-widget_type=\"spacer.default\">\n\t\t\t\t<div class=\"elementor-widget-container\">\n\t\t\t\t\t\t\t<div class=\"elementor-spacer\">\n\t\t\t<div class=\"elementor-spacer-inner\"><\/div>\n\t\t<\/div>\n\t\t\t\t\t\t<\/div>\n\t\t\t\t<\/div>\n\t\t\t\t\t<\/div>\n\t\t<\/div>\n\t\t\t\t\t<\/div>\n\t\t<\/section>\n\t\t\t\t<\/div>\n\t\t","protected":false},"excerpt":{"rendered":"<p>baby jump \u00e0 DIJON &#8211; Games Factory Pour les enfants de -1m20 D\u00e9couvrez la baby jump Baby Jump AU Games [&hellip;]<\/p>\n","protected":false},"author":2,"featured_media":0,"parent":0,"menu_order":0,"comment_status":"closed","ping_status":"closed","template":"","meta":{"inline_featured_image":false,"site-sidebar-layout":"no-sidebar","site-content-layout":"page-builder","ast-site-content-layout":"full-width-container","site-content-style":"default","site-sidebar-style":"default","ast-global-header-display":"","ast-banner-title-visibility":"","ast-main-header-display":"","ast-hfb-above-header-display":"","ast-hfb-below-header-display":"","ast-hfb-mobile-header-display":"","site-post-title":"disabled","ast-breadcrumbs-content":"","ast-featured-img":"disabled","footer-sml-layout":"","theme-transparent-header-meta":"","adv-header-id-meta":"","stick-header-meta":"","header-above-stick-meta":"","header-main-stick-meta":"","header-below-stick-meta":"","astra-migrate-meta-layouts":"set","ast-page-background-enabled":"default","ast-page-background-meta":{"desktop":{"background-color":"","background-image":"","background-repeat":"repeat","background-position":"center center","background-size":"auto","background-attachment":"scroll","background-type":"","background-media":"","overlay-type":"","overlay-color":"","overlay-opacity":"","overlay-gradient":""},"tablet":{"background-color":"","background-image":"","background-repeat":"repeat","background-position":"center center","background-size":"auto","background-attachment":"scroll","background-type":"","background-media":"","overlay-type":"","overlay-color":"","overlay-opacity":"","overlay-gradient":""},"mobile":{"background-color":"","background-image":"","background-repeat":"repeat","background-position":"center center","background-size":"auto","background-attachment":"scroll","background-type":"","background-media":"","overlay-type":"","overlay-color":"","overlay-opacity":"","overlay-gradient":""}},"ast-content-background-meta":{"desktop":{"background-color":"var(--ast-global-color-5)","background-image":"","background-repeat":"repeat","background-position":"center center","background-size":"auto","background-attachment":"scroll","background-type":"","background-media":"","overlay-type":"","overlay-color":"","overlay-opacity":"","overlay-gradient":""},"tablet":{"background-color":"var(--ast-global-color-5)","background-image":"","background-repeat":"repeat","background-position":"center center","background-size":"auto","background-attachment":"scroll","background-type":"","background-media":"","overlay-type":"","overlay-color":"","overlay-opacity":"","overlay-gradient":""},"mobile":{"background-color":"var(--ast-global-color-5)","background-image":"","background-repeat":"repeat","background-position":"center center","background-size":"auto","background-attachment":"scroll","background-type":"","background-media":"","overlay-type":"","overlay-color":"","overlay-opacity":"","overlay-gradient":""}},"footnotes":""},"class_list":["post-1685","page","type-page","status-publish","hentry"],"yoast_head":"<!-- This site is optimized with the Yoast SEO plugin v24.6 - https:\/\/yoast.com\/wordpress\/plugins\/seo\/ -->\n<title>Baby jump - Games Factory Park<\/title>\n<meta name=\"robots\" content=\"index, follow, max-snippet:-1, max-image-preview:large, max-video-preview:-1\" \/>\n<link rel=\"canonical\" href=\"https:\/\/gamesfactory.fr\/park\/baby-jump\/\" \/>\n<meta property=\"og:locale\" content=\"fr_FR\" \/>\n<meta property=\"og:type\" content=\"article\" \/>\n<meta property=\"og:title\" content=\"Baby jump - Games Factory Park\" \/>\n<meta property=\"og:description\" content=\"baby jump \u00e0 DIJON &#8211; Games Factory Pour les enfants de -1m20 D\u00e9couvrez la baby jump Baby Jump AU Games [&hellip;]\" \/>\n<meta property=\"og:url\" content=\"https:\/\/gamesfactory.fr\/park\/baby-jump\/\" \/>\n<meta property=\"og:site_name\" content=\"Games Factory Park\" \/>\n<meta property=\"article:modified_time\" content=\"2023-12-04T14:36:02+00:00\" \/>\n<meta name=\"twitter:card\" content=\"summary_large_image\" \/>\n<meta name=\"twitter:label1\" content=\"Dur\u00e9e de lecture estim\u00e9e\" \/>\n\t<meta name=\"twitter:data1\" content=\"2 minutes\" \/>\n<script type=\"application\/ld+json\" class=\"yoast-schema-graph\">{\"@context\":\"https:\/\/schema.org\",\"@graph\":[{\"@type\":\"WebPage\",\"@id\":\"https:\/\/gamesfactory.fr\/park\/baby-jump\/\",\"url\":\"https:\/\/gamesfactory.fr\/park\/baby-jump\/\",\"name\":\"Baby jump - Games Factory Park\",\"isPartOf\":{\"@id\":\"https:\/\/gamesfactory.fr\/park\/#website\"},\"datePublished\":\"2023-12-04T13:39:08+00:00\",\"dateModified\":\"2023-12-04T14:36:02+00:00\",\"breadcrumb\":{\"@id\":\"https:\/\/gamesfactory.fr\/park\/baby-jump\/#breadcrumb\"},\"inLanguage\":\"fr-FR\",\"potentialAction\":[{\"@type\":\"ReadAction\",\"target\":[\"https:\/\/gamesfactory.fr\/park\/baby-jump\/\"]}]},{\"@type\":\"BreadcrumbList\",\"@id\":\"https:\/\/gamesfactory.fr\/park\/baby-jump\/#breadcrumb\",\"itemListElement\":[{\"@type\":\"ListItem\",\"position\":1,\"name\":\"Accueil\",\"item\":\"https:\/\/gamesfactory.fr\/park\/\"},{\"@type\":\"ListItem\",\"position\":2,\"name\":\"Baby jump\"}]},{\"@type\":\"WebSite\",\"@id\":\"https:\/\/gamesfactory.fr\/park\/#website\",\"url\":\"https:\/\/gamesfactory.fr\/park\/\",\"name\":\"Games Factory Park\",\"description\":\"Votre complexe de loisirs \u00e0 Qu\u00e9tigny Park\",\"potentialAction\":[{\"@type\":\"SearchAction\",\"target\":{\"@type\":\"EntryPoint\",\"urlTemplate\":\"https:\/\/gamesfactory.fr\/park\/?s={search_term_string}\"},\"query-input\":{\"@type\":\"PropertyValueSpecification\",\"valueRequired\":true,\"valueName\":\"search_term_string\"}}],\"inLanguage\":\"fr-FR\"}]}<\/script>\n<!-- \/ Yoast SEO plugin. -->","yoast_head_json":{"title":"Baby jump - Games Factory Park","robots":{"index":"index","follow":"follow","max-snippet":"max-snippet:-1","max-image-preview":"max-image-preview:large","max-video-preview":"max-video-preview:-1"},"canonical":"https:\/\/gamesfactory.fr\/park\/baby-jump\/","og_locale":"fr_FR","og_type":"article","og_title":"Baby jump - Games Factory Park","og_description":"baby jump \u00e0 DIJON &#8211; Games Factory Pour les enfants de -1m20 D\u00e9couvrez la baby jump Baby Jump AU Games [&hellip;]","og_url":"https:\/\/gamesfactory.fr\/park\/baby-jump\/","og_site_name":"Games Factory Park","article_modified_time":"2023-12-04T14:36:02+00:00","twitter_card":"summary_large_image","twitter_misc":{"Dur\u00e9e de lecture estim\u00e9e":"2 minutes"},"schema":{"@context":"https:\/\/schema.org","@graph":[{"@type":"WebPage","@id":"https:\/\/gamesfactory.fr\/park\/baby-jump\/","url":"https:\/\/gamesfactory.fr\/park\/baby-jump\/","name":"Baby jump - Games Factory Park","isPartOf":{"@id":"https:\/\/gamesfactory.fr\/park\/#website"},"datePublished":"2023-12-04T13:39:08+00:00","dateModified":"2023-12-04T14:36:02+00:00","breadcrumb":{"@id":"https:\/\/gamesfactory.fr\/park\/baby-jump\/#breadcrumb"},"inLanguage":"fr-FR","potentialAction":[{"@type":"ReadAction","target":["https:\/\/gamesfactory.fr\/park\/baby-jump\/"]}]},{"@type":"BreadcrumbList","@id":"https:\/\/gamesfactory.fr\/park\/baby-jump\/#breadcrumb","itemListElement":[{"@type":"ListItem","position":1,"name":"Accueil","item":"https:\/\/gamesfactory.fr\/park\/"},{"@type":"ListItem","position":2,"name":"Baby jump"}]},{"@type":"WebSite","@id":"https:\/\/gamesfactory.fr\/park\/#website","url":"https:\/\/gamesfactory.fr\/park\/","name":"Games Factory Park","description":"Votre complexe de loisirs \u00e0 Qu\u00e9tigny Park","potentialAction":[{"@type":"SearchAction","target":{"@type":"EntryPoint","urlTemplate":"https:\/\/gamesfactory.fr\/park\/?s={search_term_string}"},"query-input":{"@type":"PropertyValueSpecification","valueRequired":true,"valueName":"search_term_string"}}],"inLanguage":"fr-FR"}]}},"_links":{"self":[{"href":"https:\/\/gamesfactory.fr\/park\/wp-json\/wp\/v2\/pages\/1685","targetHints":{"allow":["GET"]}}],"collection":[{"href":"https:\/\/gamesfactory.fr\/park\/wp-json\/wp\/v2\/pages"}],"about":[{"href":"https:\/\/gamesfactory.fr\/park\/wp-json\/wp\/v2\/types\/page"}],"author":[{"embeddable":true,"href":"https:\/\/gamesfactory.fr\/park\/wp-json\/wp\/v2\/users\/2"}],"replies":[{"embeddable":true,"href":"https:\/\/gamesfactory.fr\/park\/wp-json\/wp\/v2\/comments?post=1685"}],"version-history":[{"count":5,"href":"https:\/\/gamesfactory.fr\/park\/wp-json\/wp\/v2\/pages\/1685\/revisions"}],"predecessor-version":[{"id":1745,"href":"https:\/\/gamesfactory.fr\/park\/wp-json\/wp\/v2\/pages\/1685\/revisions\/1745"}],"wp:attachment":[{"href":"https:\/\/gamesfactory.fr\/park\/wp-json\/wp\/v2\/media?parent=1685"}],"curies":[{"name":"wp","href":"https:\/\/api.w.org\/{rel}","templated":true}]}}