{"id":2185,"date":"2023-06-22T16:51:24","date_gmt":"2023-06-22T14:51:24","guid":{"rendered":"https:\/\/gamesfactory.fr\/quetigny\/?page_id=2185"},"modified":"2026-01-09T12:19:36","modified_gmt":"2026-01-09T11:19:36","slug":"evg-evjf","status":"publish","type":"page","link":"https:\/\/gamesfactory.fr\/quetigny\/evg-evjf\/","title":{"rendered":"EVG \/ EVJF"},"content":{"rendered":"\t\t<div data-elementor-type=\"wp-page\" data-elementor-id=\"2185\" class=\"elementor elementor-2185\">\n\t\t\t\t\t\t<section class=\"elementor-section elementor-top-section elementor-element elementor-element-dedfa7d elementor-section-boxed elementor-section-height-default elementor-section-height-default\" data-id=\"dedfa7d\" data-element_type=\"section\">\n\t\t\t\t\t\t<div class=\"elementor-container elementor-column-gap-default\">\n\t\t\t\t\t<div class=\"elementor-column elementor-col-100 elementor-top-column elementor-element elementor-element-1cd244a\" data-id=\"1cd244a\" data-element_type=\"column\">\n\t\t\t<div class=\"elementor-widget-wrap elementor-element-populated\">\n\t\t\t\t\t\t<div class=\"elementor-element elementor-element-4ec8793 elementor-widget elementor-widget-spacer\" data-id=\"4ec8793\" data-element_type=\"widget\" data-widget_type=\"spacer.default\">\n\t\t\t\t<div class=\"elementor-widget-container\">\n\t\t\t\t\t\t\t<div class=\"elementor-spacer\">\n\t\t\t<div class=\"elementor-spacer-inner\"><\/div>\n\t\t<\/div>\n\t\t\t\t\t\t<\/div>\n\t\t\t\t<\/div>\n\t\t\t\t<div class=\"elementor-element elementor-element-ae1990d elementor-widget elementor-widget-heading\" data-id=\"ae1990d\" data-element_type=\"widget\" data-widget_type=\"heading.default\">\n\t\t\t\t<div class=\"elementor-widget-container\">\n\t\t\t\t\t<h2 class=\"elementor-heading-title elementor-size-xxl\">futur(e) mari\u00e9(e)<\/h2>\t\t\t\t<\/div>\n\t\t\t\t<\/div>\n\t\t\t\t<div class=\"elementor-element elementor-element-53884bc elementor-widget elementor-widget-spacer\" data-id=\"53884bc\" data-element_type=\"widget\" data-widget_type=\"spacer.default\">\n\t\t\t\t<div class=\"elementor-widget-container\">\n\t\t\t\t\t\t\t<div class=\"elementor-spacer\">\n\t\t\t<div class=\"elementor-spacer-inner\"><\/div>\n\t\t<\/div>\n\t\t\t\t\t\t<\/div>\n\t\t\t\t<\/div>\n\t\t\t\t\t<\/div>\n\t\t<\/div>\n\t\t\t\t\t<\/div>\n\t\t<\/section>\n\t\t\t\t<section class=\"elementor-section elementor-top-section elementor-element elementor-element-1555877 elementor-section-boxed elementor-section-height-default elementor-section-height-default\" data-id=\"1555877\" data-element_type=\"section\">\n\t\t\t\t\t\t<div class=\"elementor-container elementor-column-gap-default\">\n\t\t\t\t\t<div class=\"elementor-column elementor-col-100 elementor-top-column elementor-element elementor-element-d71a758\" data-id=\"d71a758\" data-element_type=\"column\">\n\t\t\t<div class=\"elementor-widget-wrap elementor-element-populated\">\n\t\t\t\t\t\t<div class=\"elementor-element elementor-element-d5df3a8 elementor-widget elementor-widget-image\" data-id=\"d5df3a8\" data-element_type=\"widget\" data-widget_type=\"image.default\">\n\t\t\t\t<div class=\"elementor-widget-container\">\n\t\t\t\t\t\t\t\t\t\t\t\t\t\t\t<img decoding=\"async\" src=\"https:\/\/gamesfactory.fr\/wp-content\/uploads\/2025\/05\/TV-Offre-EVG-EVJF-2025-LASERLASER.jpg\" title=\"\" alt=\"\" loading=\"lazy\" \/>\t\t\t\t\t\t\t\t\t\t\t\t\t\t\t<\/div>\n\t\t\t\t<\/div>\n\t\t\t\t\t<\/div>\n\t\t<\/div>\n\t\t\t\t\t<\/div>\n\t\t<\/section>\n\t\t\t\t<section class=\"elementor-section elementor-top-section elementor-element elementor-element-5655337 elementor-section-boxed elementor-section-height-default elementor-section-height-default\" data-id=\"5655337\" data-element_type=\"section\">\n\t\t\t\t\t\t<div class=\"elementor-container elementor-column-gap-default\">\n\t\t\t\t\t<div class=\"elementor-column elementor-col-50 elementor-top-column elementor-element elementor-element-96d4219\" data-id=\"96d4219\" data-element_type=\"column\">\n\t\t\t<div class=\"elementor-widget-wrap elementor-element-populated\">\n\t\t\t\t\t\t<div class=\"elementor-element elementor-element-5ccde7c elementor-widget elementor-widget-image\" data-id=\"5ccde7c\" data-element_type=\"widget\" data-widget_type=\"image.default\">\n\t\t\t\t<div class=\"elementor-widget-container\">\n\t\t\t\t\t\t\t\t\t\t\t\t\t\t\t<img loading=\"lazy\" decoding=\"async\" width=\"1024\" height=\"1024\" src=\"https:\/\/gamesfactory.fr\/quetigny\/wp-content\/uploads\/sites\/3\/2023\/06\/5-1024x1024.png\" class=\"attachment-large size-large wp-image-2187\" alt=\"\" srcset=\"https:\/\/gamesfactory.fr\/quetigny\/wp-content\/uploads\/sites\/3\/2023\/06\/5-1024x1024.png 1024w, https:\/\/gamesfactory.fr\/quetigny\/wp-content\/uploads\/sites\/3\/2023\/06\/5-300x300.png 300w, https:\/\/gamesfactory.fr\/quetigny\/wp-content\/uploads\/sites\/3\/2023\/06\/5-150x150.png 150w, https:\/\/gamesfactory.fr\/quetigny\/wp-content\/uploads\/sites\/3\/2023\/06\/5-768x768.png 768w, https:\/\/gamesfactory.fr\/quetigny\/wp-content\/uploads\/sites\/3\/2023\/06\/5.png 1080w\" sizes=\"auto, (max-width: 1024px) 100vw, 1024px\" \/>\t\t\t\t\t\t\t\t\t\t\t\t\t\t\t<\/div>\n\t\t\t\t<\/div>\n\t\t\t\t<div class=\"elementor-element elementor-element-fdb53e8 elementor-widget elementor-widget-image\" data-id=\"fdb53e8\" data-element_type=\"widget\" data-widget_type=\"image.default\">\n\t\t\t\t<div class=\"elementor-widget-container\">\n\t\t\t\t\t\t\t\t\t\t\t\t\t\t\t<img loading=\"lazy\" decoding=\"async\" width=\"800\" height=\"600\" src=\"https:\/\/gamesfactory.fr\/quetigny\/wp-content\/uploads\/sites\/3\/2023\/06\/Photos-site-internet-avec-filigrane-3.png\" class=\"attachment-large size-large wp-image-2205\" alt=\"\" srcset=\"https:\/\/gamesfactory.fr\/quetigny\/wp-content\/uploads\/sites\/3\/2023\/06\/Photos-site-internet-avec-filigrane-3.png 800w, https:\/\/gamesfactory.fr\/quetigny\/wp-content\/uploads\/sites\/3\/2023\/06\/Photos-site-internet-avec-filigrane-3-300x225.png 300w, https:\/\/gamesfactory.fr\/quetigny\/wp-content\/uploads\/sites\/3\/2023\/06\/Photos-site-internet-avec-filigrane-3-768x576.png 768w\" sizes=\"auto, (max-width: 800px) 100vw, 800px\" \/>\t\t\t\t\t\t\t\t\t\t\t\t\t\t\t<\/div>\n\t\t\t\t<\/div>\n\t\t\t\t<div class=\"elementor-element elementor-element-4f7c0f9 elementor-widget elementor-widget-spacer\" data-id=\"4f7c0f9\" data-element_type=\"widget\" data-widget_type=\"spacer.default\">\n\t\t\t\t<div class=\"elementor-widget-container\">\n\t\t\t\t\t\t\t<div class=\"elementor-spacer\">\n\t\t\t<div class=\"elementor-spacer-inner\"><\/div>\n\t\t<\/div>\n\t\t\t\t\t\t<\/div>\n\t\t\t\t<\/div>\n\t\t\t\t\t<\/div>\n\t\t<\/div>\n\t\t\t\t<div class=\"elementor-column elementor-col-50 elementor-top-column elementor-element elementor-element-72a44b8\" data-id=\"72a44b8\" data-element_type=\"column\">\n\t\t\t<div class=\"elementor-widget-wrap elementor-element-populated\">\n\t\t\t\t\t\t<div class=\"elementor-element elementor-element-9b36dd1 elementor-widget elementor-widget-image\" data-id=\"9b36dd1\" data-element_type=\"widget\" data-widget_type=\"image.default\">\n\t\t\t\t<div class=\"elementor-widget-container\">\n\t\t\t\t\t\t\t\t\t\t\t\t\t\t\t<img loading=\"lazy\" decoding=\"async\" width=\"1024\" height=\"1024\" src=\"https:\/\/gamesfactory.fr\/quetigny\/wp-content\/uploads\/sites\/3\/2023\/06\/Quiz-Box-jeu-100-love-17-1024x1024.png\" class=\"attachment-large size-large wp-image-2203\" alt=\"\" srcset=\"https:\/\/gamesfactory.fr\/quetigny\/wp-content\/uploads\/sites\/3\/2023\/06\/Quiz-Box-jeu-100-love-17-1024x1024.png 1024w, https:\/\/gamesfactory.fr\/quetigny\/wp-content\/uploads\/sites\/3\/2023\/06\/Quiz-Box-jeu-100-love-17-300x300.png 300w, https:\/\/gamesfactory.fr\/quetigny\/wp-content\/uploads\/sites\/3\/2023\/06\/Quiz-Box-jeu-100-love-17-150x150.png 150w, https:\/\/gamesfactory.fr\/quetigny\/wp-content\/uploads\/sites\/3\/2023\/06\/Quiz-Box-jeu-100-love-17-768x768.png 768w, https:\/\/gamesfactory.fr\/quetigny\/wp-content\/uploads\/sites\/3\/2023\/06\/Quiz-Box-jeu-100-love-17.png 1080w\" sizes=\"auto, (max-width: 1024px) 100vw, 1024px\" \/>\t\t\t\t\t\t\t\t\t\t\t\t\t\t\t<\/div>\n\t\t\t\t<\/div>\n\t\t\t\t<div class=\"elementor-element elementor-element-907ddf5 elementor-widget elementor-widget-ucaddon_block_text_titre\" data-id=\"907ddf5\" data-element_type=\"widget\" data-widget_type=\"ucaddon_block_text_titre.default\">\n\t\t\t\t<div class=\"elementor-widget-container\">\n\t\t\t\t\t\n<!-- start Block text -->\n\t\t<link id='uc_ac_assets_file_block_text_css_925-css' href='https:\/\/gamesfactory.fr\/quetigny\/wp-content\/uploads\/sites\/3\/ac_assets\/custom\/block-text.css' type='text\/css' rel='stylesheet' >\n\n\n<div class=\"block-text-titre\">\n  <h2 class=\"titre\">Venez f\u00eater<\/h2>\n  <h3 class=\"sous-titre\">votre \u00e9v\u00e9nement au Games Factory !<\/h3>\n  <p class=\"description\"><p>Choississez parmi nos activit\u00e9s : Bowling, Laser Games ou encore R\u00e9alit\u00e9 Virtuelle\u00a0<\/p><p>\u00a0<\/p><p>Quelque soit votre choix, n'oubliez pas de <a href=\"https:\/\/gamesfactory.fr\/quetigny\/reservations\/\">r\u00e9server<\/a> votre \u00e9v\u00e9nement\u00a0<\/p><\/p>\n<\/div>\n<!-- end Block text -->\t\t\t\t<\/div>\n\t\t\t\t<\/div>\n\t\t\t\t<div class=\"elementor-element elementor-element-9dcddcf elementor-button-info elementor-align-justify elementor-widget elementor-widget-button\" data-id=\"9dcddcf\" data-element_type=\"widget\" data-widget_type=\"button.default\">\n\t\t\t\t<div class=\"elementor-widget-container\">\n\t\t\t\t\t\t\t\t\t<div class=\"elementor-button-wrapper\">\n\t\t\t\t\t<a class=\"elementor-button elementor-button-link elementor-size-md\" href=\"https:\/\/gamesfactory.fr\/wp-content\/uploads\/2026\/01\/GF-A4-Carte-fidelite-Site-Web-JPG.jpg\">\n\t\t\t\t\t\t<span class=\"elementor-button-content-wrapper\">\n\t\t\t\t\t\t\t\t\t<span class=\"elementor-button-text\">CARTE DE FID\u00c9LIT\u00c9<\/span>\n\t\t\t\t\t<\/span>\n\t\t\t\t\t<\/a>\n\t\t\t\t<\/div>\n\t\t\t\t\t\t\t\t<\/div>\n\t\t\t\t<\/div>\n\t\t\t\t\t<\/div>\n\t\t<\/div>\n\t\t\t\t\t<\/div>\n\t\t<\/section>\n\t\t\t\t<section class=\"elementor-section elementor-top-section elementor-element elementor-element-c2bc379 elementor-section-boxed elementor-section-height-default elementor-section-height-default\" data-id=\"c2bc379\" data-element_type=\"section\">\n\t\t\t\t\t\t<div class=\"elementor-container elementor-column-gap-default\">\n\t\t\t\t\t<div class=\"elementor-column elementor-col-100 elementor-top-column elementor-element elementor-element-d0efd78\" data-id=\"d0efd78\" data-element_type=\"column\">\n\t\t\t<div class=\"elementor-widget-wrap elementor-element-populated\">\n\t\t\t\t\t\t<div class=\"elementor-element elementor-element-e804d0c elementor-widget elementor-widget-video\" data-id=\"e804d0c\" data-element_type=\"widget\" data-settings=\"{&quot;youtube_url&quot;:&quot;https:\\\/\\\/youtu.be\\\/ZUyVH7UerXM&quot;,&quot;autoplay&quot;:&quot;yes&quot;,&quot;play_on_mobile&quot;:&quot;yes&quot;,&quot;mute&quot;:&quot;yes&quot;,&quot;video_type&quot;:&quot;youtube&quot;,&quot;controls&quot;:&quot;yes&quot;}\" data-widget_type=\"video.default\">\n\t\t\t\t<div class=\"elementor-widget-container\">\n\t\t\t\t\t\t\t<div class=\"elementor-wrapper elementor-open-inline\">\n\t\t\t<div class=\"elementor-video\"><\/div>\t\t<\/div>\n\t\t\t\t\t\t<\/div>\n\t\t\t\t<\/div>\n\t\t\t\t\t<\/div>\n\t\t<\/div>\n\t\t\t\t\t<\/div>\n\t\t<\/section>\n\t\t\t\t<section class=\"elementor-section elementor-top-section elementor-element elementor-element-3450a8c elementor-section-boxed elementor-section-height-default elementor-section-height-default\" data-id=\"3450a8c\" data-element_type=\"section\">\n\t\t\t\t\t\t<div class=\"elementor-container elementor-column-gap-default\">\n\t\t\t\t\t<div class=\"elementor-column elementor-col-50 elementor-top-column elementor-element elementor-element-05cee61\" data-id=\"05cee61\" data-element_type=\"column\">\n\t\t\t<div class=\"elementor-widget-wrap elementor-element-populated\">\n\t\t\t\t\t\t<div class=\"elementor-element elementor-element-e45997a elementor-widget elementor-widget-ucaddon_block_text_titre\" data-id=\"e45997a\" data-element_type=\"widget\" data-widget_type=\"ucaddon_block_text_titre.default\">\n\t\t\t\t<div class=\"elementor-widget-container\">\n\t\t\t\t\t\n<!-- start Block text -->\n\n\n<div class=\"block-text-titre\">\n  <h2 class=\"titre\">Un petit creux ?<\/h2>\n  <h3 class=\"sous-titre\">Offrez-vous une pause au bar !<\/h3>\n  <p class=\"description\"><p>Apr\u00e8s l'effort, le r\u00e9confort !<\/p><p>\u00a0<\/p><p>Rafraichissez-vous en sirotant un de nos d\u00e9licieux cocktails bien frais et commandez une pizza ou une gaufre<\/p><\/p>\n<\/div>\n<!-- end Block text -->\t\t\t\t<\/div>\n\t\t\t\t<\/div>\n\t\t\t\t<div class=\"elementor-element elementor-element-cfca845 elementor-widget elementor-widget-spacer\" data-id=\"cfca845\" data-element_type=\"widget\" data-widget_type=\"spacer.default\">\n\t\t\t\t<div class=\"elementor-widget-container\">\n\t\t\t\t\t\t\t<div class=\"elementor-spacer\">\n\t\t\t<div class=\"elementor-spacer-inner\"><\/div>\n\t\t<\/div>\n\t\t\t\t\t\t<\/div>\n\t\t\t\t<\/div>\n\t\t\t\t\t<\/div>\n\t\t<\/div>\n\t\t\t\t<div class=\"elementor-column elementor-col-50 elementor-top-column elementor-element elementor-element-932f917\" data-id=\"932f917\" data-element_type=\"column\">\n\t\t\t<div class=\"elementor-widget-wrap elementor-element-populated\">\n\t\t\t\t\t\t<div class=\"elementor-element elementor-element-b75685d elementor-widget elementor-widget-image\" data-id=\"b75685d\" data-element_type=\"widget\" data-widget_type=\"image.default\">\n\t\t\t\t<div class=\"elementor-widget-container\">\n\t\t\t\t\t\t\t\t\t\t\t\t\t\t\t<img loading=\"lazy\" decoding=\"async\" width=\"1000\" height=\"895\" src=\"https:\/\/gamesfactory.fr\/quetigny\/wp-content\/uploads\/sites\/3\/2023\/06\/ooooooo.png\" class=\"attachment-large size-large wp-image-2190\" alt=\"\" srcset=\"https:\/\/gamesfactory.fr\/quetigny\/wp-content\/uploads\/sites\/3\/2023\/06\/ooooooo.png 1000w, https:\/\/gamesfactory.fr\/quetigny\/wp-content\/uploads\/sites\/3\/2023\/06\/ooooooo-300x269.png 300w, https:\/\/gamesfactory.fr\/quetigny\/wp-content\/uploads\/sites\/3\/2023\/06\/ooooooo-768x687.png 768w\" sizes=\"auto, (max-width: 1000px) 100vw, 1000px\" \/>\t\t\t\t\t\t\t\t\t\t\t\t\t\t\t<\/div>\n\t\t\t\t<\/div>\n\t\t\t\t\t<\/div>\n\t\t<\/div>\n\t\t\t\t\t<\/div>\n\t\t<\/section>\n\t\t\t\t<\/div>\n\t\t","protected":false},"excerpt":{"rendered":"<p>futur(e) mari\u00e9(e) Venez f\u00eater votre \u00e9v\u00e9nement au Games Factory ! Choississez parmi nos activit\u00e9s : Bowling, Laser Games ou encore [&hellip;]<\/p>\n","protected":false},"author":2,"featured_media":0,"parent":0,"menu_order":0,"comment_status":"closed","ping_status":"closed","template":"","meta":{"inline_featured_image":false,"site-sidebar-layout":"no-sidebar","site-content-layout":"page-builder","ast-site-content-layout":"","site-content-style":"default","site-sidebar-style":"default","ast-global-header-display":"","ast-banner-title-visibility":"","ast-main-header-display":"","ast-hfb-above-header-display":"","ast-hfb-below-header-display":"","ast-hfb-mobile-header-display":"","site-post-title":"disabled","ast-breadcrumbs-content":"","ast-featured-img":"disabled","footer-sml-layout":"","theme-transparent-header-meta":"","adv-header-id-meta":"","stick-header-meta":"","header-above-stick-meta":"","header-main-stick-meta":"","header-below-stick-meta":"","astra-migrate-meta-layouts":"default","ast-page-background-enabled":"default","ast-page-background-meta":{"desktop":{"background-color":"","background-image":"","background-repeat":"repeat","background-position":"center center","background-size":"auto","background-attachment":"scroll","background-type":"","background-media":"","overlay-type":"","overlay-color":"","overlay-opacity":"","overlay-gradient":""},"tablet":{"background-color":"","background-image":"","background-repeat":"repeat","background-position":"center center","background-size":"auto","background-attachment":"scroll","background-type":"","background-media":"","overlay-type":"","overlay-color":"","overlay-opacity":"","overlay-gradient":""},"mobile":{"background-color":"","background-image":"","background-repeat":"repeat","background-position":"center center","background-size":"auto","background-attachment":"scroll","background-type":"","background-media":"","overlay-type":"","overlay-color":"","overlay-opacity":"","overlay-gradient":""}},"ast-content-background-meta":{"desktop":{"background-color":"var(--ast-global-color-5)","background-image":"","background-repeat":"repeat","background-position":"center center","background-size":"auto","background-attachment":"scroll","background-type":"","background-media":"","overlay-type":"","overlay-color":"","overlay-opacity":"","overlay-gradient":""},"tablet":{"background-color":"var(--ast-global-color-5)","background-image":"","background-repeat":"repeat","background-position":"center center","background-size":"auto","background-attachment":"scroll","background-type":"","background-media":"","overlay-type":"","overlay-color":"","overlay-opacity":"","overlay-gradient":""},"mobile":{"background-color":"var(--ast-global-color-5)","background-image":"","background-repeat":"repeat","background-position":"center center","background-size":"auto","background-attachment":"scroll","background-type":"","background-media":"","overlay-type":"","overlay-color":"","overlay-opacity":"","overlay-gradient":""}},"footnotes":""},"class_list":["post-2185","page","type-page","status-publish","hentry"],"yoast_head":"<!-- This site is optimized with the Yoast SEO plugin v24.6 - https:\/\/yoast.com\/wordpress\/plugins\/seo\/ -->\n<title>EVG \/ EVJF - Games Factory Qu\u00e9tigny<\/title>\n<meta name=\"description\" content=\"Venez f\u00eater l&#039;EVG\/EVJF de votre ami au Games Factory \u00e0 Quetigny ! Au programme : Bowling, Laser Games, R\u00e9alit\u00e9 Virtuelle...\" \/>\n<meta name=\"robots\" content=\"index, follow, max-snippet:-1, max-image-preview:large, max-video-preview:-1\" \/>\n<link rel=\"canonical\" href=\"https:\/\/gamesfactory.fr\/quetigny\/evg-evjf\/\" \/>\n<meta property=\"og:locale\" content=\"fr_FR\" \/>\n<meta property=\"og:type\" content=\"article\" \/>\n<meta property=\"og:title\" content=\"EVG \/ EVJF - Games Factory Qu\u00e9tigny\" \/>\n<meta property=\"og:description\" content=\"Venez f\u00eater l&#039;EVG\/EVJF de votre ami au Games Factory \u00e0 Quetigny ! Au programme : Bowling, Laser Games, R\u00e9alit\u00e9 Virtuelle...\" \/>\n<meta property=\"og:url\" content=\"https:\/\/gamesfactory.fr\/quetigny\/evg-evjf\/\" \/>\n<meta property=\"og:site_name\" content=\"Games Factory Qu\u00e9tigny\" \/>\n<meta property=\"article:modified_time\" content=\"2026-01-09T11:19:36+00:00\" \/>\n<meta property=\"og:image\" content=\"https:\/\/gamesfactory.fr\/wp-content\/uploads\/2025\/05\/TV-Offre-EVG-EVJF-2025-LASERLASER.jpg\" \/>\n<meta name=\"twitter:card\" content=\"summary_large_image\" \/>\n<meta name=\"twitter:label1\" content=\"Dur\u00e9e de lecture estim\u00e9e\" \/>\n\t<meta name=\"twitter:data1\" content=\"2 minutes\" \/>\n<script type=\"application\/ld+json\" class=\"yoast-schema-graph\">{\"@context\":\"https:\/\/schema.org\",\"@graph\":[{\"@type\":\"WebPage\",\"@id\":\"https:\/\/gamesfactory.fr\/quetigny\/evg-evjf\/\",\"url\":\"https:\/\/gamesfactory.fr\/quetigny\/evg-evjf\/\",\"name\":\"EVG \/ EVJF - Games Factory Qu\u00e9tigny\",\"isPartOf\":{\"@id\":\"https:\/\/gamesfactory.fr\/quetigny\/#website\"},\"primaryImageOfPage\":{\"@id\":\"https:\/\/gamesfactory.fr\/quetigny\/evg-evjf\/#primaryimage\"},\"image\":{\"@id\":\"https:\/\/gamesfactory.fr\/quetigny\/evg-evjf\/#primaryimage\"},\"thumbnailUrl\":\"https:\/\/gamesfactory.fr\/wp-content\/uploads\/2025\/05\/TV-Offre-EVG-EVJF-2025-LASERLASER.jpg\",\"datePublished\":\"2023-06-22T14:51:24+00:00\",\"dateModified\":\"2026-01-09T11:19:36+00:00\",\"description\":\"Venez f\u00eater l'EVG\/EVJF de votre ami au Games Factory \u00e0 Quetigny ! Au programme : Bowling, Laser Games, R\u00e9alit\u00e9 Virtuelle...\",\"breadcrumb\":{\"@id\":\"https:\/\/gamesfactory.fr\/quetigny\/evg-evjf\/#breadcrumb\"},\"inLanguage\":\"fr-FR\",\"potentialAction\":[{\"@type\":\"ReadAction\",\"target\":[\"https:\/\/gamesfactory.fr\/quetigny\/evg-evjf\/\"]}]},{\"@type\":\"ImageObject\",\"inLanguage\":\"fr-FR\",\"@id\":\"https:\/\/gamesfactory.fr\/quetigny\/evg-evjf\/#primaryimage\",\"url\":\"https:\/\/gamesfactory.fr\/wp-content\/uploads\/2025\/05\/TV-Offre-EVG-EVJF-2025-LASERLASER.jpg\",\"contentUrl\":\"https:\/\/gamesfactory.fr\/wp-content\/uploads\/2025\/05\/TV-Offre-EVG-EVJF-2025-LASERLASER.jpg\"},{\"@type\":\"BreadcrumbList\",\"@id\":\"https:\/\/gamesfactory.fr\/quetigny\/evg-evjf\/#breadcrumb\",\"itemListElement\":[{\"@type\":\"ListItem\",\"position\":1,\"name\":\"Accueil\",\"item\":\"https:\/\/gamesfactory.fr\/quetigny\/\"},{\"@type\":\"ListItem\",\"position\":2,\"name\":\"EVG \/ EVJF\"}]},{\"@type\":\"WebSite\",\"@id\":\"https:\/\/gamesfactory.fr\/quetigny\/#website\",\"url\":\"https:\/\/gamesfactory.fr\/quetigny\/\",\"name\":\"Games Factory Qu\u00e9tigny\",\"description\":\"Votre complexe de loisirs \u00e0 Qu\u00e9tigny\",\"potentialAction\":[{\"@type\":\"SearchAction\",\"target\":{\"@type\":\"EntryPoint\",\"urlTemplate\":\"https:\/\/gamesfactory.fr\/quetigny\/?s={search_term_string}\"},\"query-input\":{\"@type\":\"PropertyValueSpecification\",\"valueRequired\":true,\"valueName\":\"search_term_string\"}}],\"inLanguage\":\"fr-FR\"}]}<\/script>\n<!-- \/ Yoast SEO plugin. -->","yoast_head_json":{"title":"EVG \/ EVJF - Games Factory Qu\u00e9tigny","description":"Venez f\u00eater l'EVG\/EVJF de votre ami au Games Factory \u00e0 Quetigny ! Au programme : Bowling, Laser Games, R\u00e9alit\u00e9 Virtuelle...","robots":{"index":"index","follow":"follow","max-snippet":"max-snippet:-1","max-image-preview":"max-image-preview:large","max-video-preview":"max-video-preview:-1"},"canonical":"https:\/\/gamesfactory.fr\/quetigny\/evg-evjf\/","og_locale":"fr_FR","og_type":"article","og_title":"EVG \/ EVJF - Games Factory Qu\u00e9tigny","og_description":"Venez f\u00eater l'EVG\/EVJF de votre ami au Games Factory \u00e0 Quetigny ! Au programme : Bowling, Laser Games, R\u00e9alit\u00e9 Virtuelle...","og_url":"https:\/\/gamesfactory.fr\/quetigny\/evg-evjf\/","og_site_name":"Games Factory Qu\u00e9tigny","article_modified_time":"2026-01-09T11:19:36+00:00","og_image":[{"url":"https:\/\/gamesfactory.fr\/wp-content\/uploads\/2025\/05\/TV-Offre-EVG-EVJF-2025-LASERLASER.jpg","type":"","width":"","height":""}],"twitter_card":"summary_large_image","twitter_misc":{"Dur\u00e9e de lecture estim\u00e9e":"2 minutes"},"schema":{"@context":"https:\/\/schema.org","@graph":[{"@type":"WebPage","@id":"https:\/\/gamesfactory.fr\/quetigny\/evg-evjf\/","url":"https:\/\/gamesfactory.fr\/quetigny\/evg-evjf\/","name":"EVG \/ EVJF - Games Factory Qu\u00e9tigny","isPartOf":{"@id":"https:\/\/gamesfactory.fr\/quetigny\/#website"},"primaryImageOfPage":{"@id":"https:\/\/gamesfactory.fr\/quetigny\/evg-evjf\/#primaryimage"},"image":{"@id":"https:\/\/gamesfactory.fr\/quetigny\/evg-evjf\/#primaryimage"},"thumbnailUrl":"https:\/\/gamesfactory.fr\/wp-content\/uploads\/2025\/05\/TV-Offre-EVG-EVJF-2025-LASERLASER.jpg","datePublished":"2023-06-22T14:51:24+00:00","dateModified":"2026-01-09T11:19:36+00:00","description":"Venez f\u00eater l'EVG\/EVJF de votre ami au Games Factory \u00e0 Quetigny ! Au programme : Bowling, Laser Games, R\u00e9alit\u00e9 Virtuelle...","breadcrumb":{"@id":"https:\/\/gamesfactory.fr\/quetigny\/evg-evjf\/#breadcrumb"},"inLanguage":"fr-FR","potentialAction":[{"@type":"ReadAction","target":["https:\/\/gamesfactory.fr\/quetigny\/evg-evjf\/"]}]},{"@type":"ImageObject","inLanguage":"fr-FR","@id":"https:\/\/gamesfactory.fr\/quetigny\/evg-evjf\/#primaryimage","url":"https:\/\/gamesfactory.fr\/wp-content\/uploads\/2025\/05\/TV-Offre-EVG-EVJF-2025-LASERLASER.jpg","contentUrl":"https:\/\/gamesfactory.fr\/wp-content\/uploads\/2025\/05\/TV-Offre-EVG-EVJF-2025-LASERLASER.jpg"},{"@type":"BreadcrumbList","@id":"https:\/\/gamesfactory.fr\/quetigny\/evg-evjf\/#breadcrumb","itemListElement":[{"@type":"ListItem","position":1,"name":"Accueil","item":"https:\/\/gamesfactory.fr\/quetigny\/"},{"@type":"ListItem","position":2,"name":"EVG \/ EVJF"}]},{"@type":"WebSite","@id":"https:\/\/gamesfactory.fr\/quetigny\/#website","url":"https:\/\/gamesfactory.fr\/quetigny\/","name":"Games Factory Qu\u00e9tigny","description":"Votre complexe de loisirs \u00e0 Qu\u00e9tigny","potentialAction":[{"@type":"SearchAction","target":{"@type":"EntryPoint","urlTemplate":"https:\/\/gamesfactory.fr\/quetigny\/?s={search_term_string}"},"query-input":{"@type":"PropertyValueSpecification","valueRequired":true,"valueName":"search_term_string"}}],"inLanguage":"fr-FR"}]}},"_links":{"self":[{"href":"https:\/\/gamesfactory.fr\/quetigny\/wp-json\/wp\/v2\/pages\/2185","targetHints":{"allow":["GET"]}}],"collection":[{"href":"https:\/\/gamesfactory.fr\/quetigny\/wp-json\/wp\/v2\/pages"}],"about":[{"href":"https:\/\/gamesfactory.fr\/quetigny\/wp-json\/wp\/v2\/types\/page"}],"author":[{"embeddable":true,"href":"https:\/\/gamesfactory.fr\/quetigny\/wp-json\/wp\/v2\/users\/2"}],"replies":[{"embeddable":true,"href":"https:\/\/gamesfactory.fr\/quetigny\/wp-json\/wp\/v2\/comments?post=2185"}],"version-history":[{"count":43,"href":"https:\/\/gamesfactory.fr\/quetigny\/wp-json\/wp\/v2\/pages\/2185\/revisions"}],"predecessor-version":[{"id":3396,"href":"https:\/\/gamesfactory.fr\/quetigny\/wp-json\/wp\/v2\/pages\/2185\/revisions\/3396"}],"wp:attachment":[{"href":"https:\/\/gamesfactory.fr\/quetigny\/wp-json\/wp\/v2\/media?parent=2185"}],"curies":[{"name":"wp","href":"https:\/\/api.w.org\/{rel}","templated":true}]}}