{"id":2607,"date":"2024-01-05T11:15:31","date_gmt":"2024-01-05T10:15:31","guid":{"rendered":"https:\/\/gamesfactory.fr\/quetigny\/?page_id=2607"},"modified":"2026-01-09T11:49:35","modified_gmt":"2026-01-09T10:49:35","slug":"tarifs","status":"publish","type":"page","link":"https:\/\/gamesfactory.fr\/quetigny\/tarifs\/","title":{"rendered":"Tarifs"},"content":{"rendered":"\t\t<div data-elementor-type=\"wp-page\" data-elementor-id=\"2607\" class=\"elementor elementor-2607\">\n\t\t\t\t\t\t<section class=\"elementor-section elementor-top-section elementor-element elementor-element-a5adf4d elementor-section-boxed elementor-section-height-default elementor-section-height-default\" data-id=\"a5adf4d\" data-element_type=\"section\">\n\t\t\t\t\t\t<div class=\"elementor-container elementor-column-gap-default\">\n\t\t\t\t\t<div class=\"elementor-column elementor-col-100 elementor-top-column elementor-element elementor-element-a897cf7\" data-id=\"a897cf7\" data-element_type=\"column\">\n\t\t\t<div class=\"elementor-widget-wrap elementor-element-populated\">\n\t\t\t\t\t\t<div class=\"elementor-element elementor-element-7a8e189 elementor-widget elementor-widget-spacer\" data-id=\"7a8e189\" data-element_type=\"widget\" data-widget_type=\"spacer.default\">\n\t\t\t\t<div class=\"elementor-widget-container\">\n\t\t\t\t\t\t\t<div class=\"elementor-spacer\">\n\t\t\t<div class=\"elementor-spacer-inner\"><\/div>\n\t\t<\/div>\n\t\t\t\t\t\t<\/div>\n\t\t\t\t<\/div>\n\t\t\t\t\t<\/div>\n\t\t<\/div>\n\t\t\t\t\t<\/div>\n\t\t<\/section>\n\t\t\t\t<section class=\"elementor-section elementor-top-section elementor-element elementor-element-cde8493 elementor-section-boxed elementor-section-height-default elementor-section-height-default\" data-id=\"cde8493\" data-element_type=\"section\">\n\t\t\t\t\t\t<div class=\"elementor-container elementor-column-gap-default\">\n\t\t\t\t\t<div class=\"elementor-column elementor-col-100 elementor-top-column elementor-element elementor-element-2e04127\" data-id=\"2e04127\" data-element_type=\"column\">\n\t\t\t<div class=\"elementor-widget-wrap elementor-element-populated\">\n\t\t\t\t\t\t<div class=\"elementor-element elementor-element-11c2d27 elementor-widget elementor-widget-heading\" data-id=\"11c2d27\" data-element_type=\"widget\" data-widget_type=\"heading.default\">\n\t\t\t\t<div class=\"elementor-widget-container\">\n\t\t\t\t\t<h2 class=\"elementor-heading-title elementor-size-xl\">NOS TARIFS<\/h2>\t\t\t\t<\/div>\n\t\t\t\t<\/div>\n\t\t\t\t<div class=\"elementor-element elementor-element-9bf6e11 elementor-widget elementor-widget-text-editor\" data-id=\"9bf6e11\" data-element_type=\"widget\" data-widget_type=\"text-editor.default\">\n\t\t\t\t<div class=\"elementor-widget-container\">\n\t\t\t\t\t\t\t\t\t<p>Trouvez la formule ou l&#8217;activit\u00e9 qui vous convient !<\/p>\t\t\t\t\t\t\t\t<\/div>\n\t\t\t\t<\/div>\n\t\t\t\t\t<\/div>\n\t\t<\/div>\n\t\t\t\t\t<\/div>\n\t\t<\/section>\n\t\t\t\t<section class=\"elementor-section elementor-top-section elementor-element elementor-element-c6b3f86 elementor-section-boxed elementor-section-height-default elementor-section-height-default\" data-id=\"c6b3f86\" data-element_type=\"section\">\n\t\t\t\t\t\t<div class=\"elementor-container elementor-column-gap-default\">\n\t\t\t\t\t<div class=\"elementor-column elementor-col-100 elementor-top-column elementor-element elementor-element-ad5621e\" data-id=\"ad5621e\" data-element_type=\"column\">\n\t\t\t<div class=\"elementor-widget-wrap elementor-element-populated\">\n\t\t\t\t\t\t<div class=\"elementor-element elementor-element-95fbebd elementor-hidden-tablet elementor-hidden-mobile elementor-widget elementor-widget-image\" data-id=\"95fbebd\" data-element_type=\"widget\" data-widget_type=\"image.default\">\n\t\t\t\t<div class=\"elementor-widget-container\">\n\t\t\t\t\t\t\t\t\t\t\t\t\t\t\t<img loading=\"lazy\" decoding=\"async\" width=\"1903\" height=\"700\" src=\"https:\/\/gamesfactory.fr\/quetigny\/wp-content\/uploads\/sites\/3\/2026\/01\/GF-QUETIGNY-TARIFS-WEB.jpg\" class=\"attachment-full size-full wp-image-3356\" alt=\"\" srcset=\"https:\/\/gamesfactory.fr\/quetigny\/wp-content\/uploads\/sites\/3\/2026\/01\/GF-QUETIGNY-TARIFS-WEB.jpg 1903w, https:\/\/gamesfactory.fr\/quetigny\/wp-content\/uploads\/sites\/3\/2026\/01\/GF-QUETIGNY-TARIFS-WEB-300x110.jpg 300w, https:\/\/gamesfactory.fr\/quetigny\/wp-content\/uploads\/sites\/3\/2026\/01\/GF-QUETIGNY-TARIFS-WEB-1024x377.jpg 1024w, https:\/\/gamesfactory.fr\/quetigny\/wp-content\/uploads\/sites\/3\/2026\/01\/GF-QUETIGNY-TARIFS-WEB-768x283.jpg 768w, https:\/\/gamesfactory.fr\/quetigny\/wp-content\/uploads\/sites\/3\/2026\/01\/GF-QUETIGNY-TARIFS-WEB-1536x565.jpg 1536w\" sizes=\"auto, (max-width: 1903px) 100vw, 1903px\" \/>\t\t\t\t\t\t\t\t\t\t\t\t\t\t\t<\/div>\n\t\t\t\t<\/div>\n\t\t\t\t<div class=\"elementor-element elementor-element-c131d96 elementor-hidden-desktop elementor-widget elementor-widget-image\" data-id=\"c131d96\" data-element_type=\"widget\" data-widget_type=\"image.default\">\n\t\t\t\t<div class=\"elementor-widget-container\">\n\t\t\t\t\t\t\t\t\t\t\t\t\t\t\t<img loading=\"lazy\" decoding=\"async\" width=\"1033\" height=\"700\" src=\"https:\/\/gamesfactory.fr\/quetigny\/wp-content\/uploads\/sites\/3\/2026\/01\/GF-QUETIGNY-TARIFS-WEB-1.jpg\" class=\"attachment-full size-full wp-image-3357\" alt=\"\" srcset=\"https:\/\/gamesfactory.fr\/quetigny\/wp-content\/uploads\/sites\/3\/2026\/01\/GF-QUETIGNY-TARIFS-WEB-1.jpg 1033w, https:\/\/gamesfactory.fr\/quetigny\/wp-content\/uploads\/sites\/3\/2026\/01\/GF-QUETIGNY-TARIFS-WEB-1-300x203.jpg 300w, https:\/\/gamesfactory.fr\/quetigny\/wp-content\/uploads\/sites\/3\/2026\/01\/GF-QUETIGNY-TARIFS-WEB-1-1024x694.jpg 1024w, https:\/\/gamesfactory.fr\/quetigny\/wp-content\/uploads\/sites\/3\/2026\/01\/GF-QUETIGNY-TARIFS-WEB-1-768x520.jpg 768w\" sizes=\"auto, (max-width: 1033px) 100vw, 1033px\" \/>\t\t\t\t\t\t\t\t\t\t\t\t\t\t\t<\/div>\n\t\t\t\t<\/div>\n\t\t\t\t<div class=\"elementor-element elementor-element-9c2d50f elementor-hidden-desktop elementor-widget elementor-widget-image\" data-id=\"9c2d50f\" data-element_type=\"widget\" data-widget_type=\"image.default\">\n\t\t\t\t<div class=\"elementor-widget-container\">\n\t\t\t\t\t\t\t\t\t\t\t\t\t\t\t<img loading=\"lazy\" decoding=\"async\" width=\"872\" height=\"700\" src=\"https:\/\/gamesfactory.fr\/quetigny\/wp-content\/uploads\/sites\/3\/2026\/01\/GF-QUETIGNY-TARIFS-WEB-2.jpg\" class=\"attachment-full size-full wp-image-3358\" alt=\"\" srcset=\"https:\/\/gamesfactory.fr\/quetigny\/wp-content\/uploads\/sites\/3\/2026\/01\/GF-QUETIGNY-TARIFS-WEB-2.jpg 872w, https:\/\/gamesfactory.fr\/quetigny\/wp-content\/uploads\/sites\/3\/2026\/01\/GF-QUETIGNY-TARIFS-WEB-2-300x241.jpg 300w, https:\/\/gamesfactory.fr\/quetigny\/wp-content\/uploads\/sites\/3\/2026\/01\/GF-QUETIGNY-TARIFS-WEB-2-768x617.jpg 768w\" sizes=\"auto, (max-width: 872px) 100vw, 872px\" \/>\t\t\t\t\t\t\t\t\t\t\t\t\t\t\t<\/div>\n\t\t\t\t<\/div>\n\t\t\t\t\t<\/div>\n\t\t<\/div>\n\t\t\t\t\t<\/div>\n\t\t<\/section>\n\t\t\t\t<section class=\"elementor-section elementor-top-section elementor-element elementor-element-1c922dc elementor-section-boxed elementor-section-height-default elementor-section-height-default\" data-id=\"1c922dc\" data-element_type=\"section\">\n\t\t\t\t\t\t<div class=\"elementor-container elementor-column-gap-default\">\n\t\t\t\t\t<div class=\"elementor-column elementor-col-100 elementor-top-column elementor-element elementor-element-6ce028c\" data-id=\"6ce028c\" data-element_type=\"column\">\n\t\t\t<div class=\"elementor-widget-wrap elementor-element-populated\">\n\t\t\t\t\t\t<div class=\"elementor-element elementor-element-c8ba29a elementor-widget elementor-widget-spacer\" data-id=\"c8ba29a\" data-element_type=\"widget\" data-widget_type=\"spacer.default\">\n\t\t\t\t<div class=\"elementor-widget-container\">\n\t\t\t\t\t\t\t<div class=\"elementor-spacer\">\n\t\t\t<div class=\"elementor-spacer-inner\"><\/div>\n\t\t<\/div>\n\t\t\t\t\t\t<\/div>\n\t\t\t\t<\/div>\n\t\t\t\t\t<\/div>\n\t\t<\/div>\n\t\t\t\t\t<\/div>\n\t\t<\/section>\n\t\t\t\t<section class=\"elementor-section elementor-top-section elementor-element elementor-element-e1a5088 elementor-section-boxed elementor-section-height-default elementor-section-height-default\" data-id=\"e1a5088\" data-element_type=\"section\">\n\t\t\t\t\t\t<div class=\"elementor-container elementor-column-gap-default\">\n\t\t\t\t\t<div class=\"elementor-column elementor-col-100 elementor-top-column elementor-element elementor-element-ab24e93\" data-id=\"ab24e93\" data-element_type=\"column\">\n\t\t\t<div class=\"elementor-widget-wrap elementor-element-populated\">\n\t\t\t\t\t\t<div class=\"elementor-element elementor-element-1171121 elementor-button-info elementor-align-justify elementor-widget elementor-widget-button\" data-id=\"1171121\" data-element_type=\"widget\" data-widget_type=\"button.default\">\n\t\t\t\t<div class=\"elementor-widget-container\">\n\t\t\t\t\t\t\t\t\t<div class=\"elementor-button-wrapper\">\n\t\t\t\t\t<a class=\"elementor-button elementor-button-link elementor-size-md\" href=\"https:\/\/gamesfactory.fr\/wp-content\/uploads\/2026\/01\/GF-A4-Carte-fidelite-Site-Web-JPG.jpg\">\n\t\t\t\t\t\t<span class=\"elementor-button-content-wrapper\">\n\t\t\t\t\t\t\t\t\t<span class=\"elementor-button-text\">CARTE FID\u00c9LIT\u00c9<\/span>\n\t\t\t\t\t<\/span>\n\t\t\t\t\t<\/a>\n\t\t\t\t<\/div>\n\t\t\t\t\t\t\t\t<\/div>\n\t\t\t\t<\/div>\n\t\t\t\t\t<\/div>\n\t\t<\/div>\n\t\t\t\t\t<\/div>\n\t\t<\/section>\n\t\t\t\t<section class=\"elementor-section elementor-top-section elementor-element elementor-element-c39fb4d elementor-section-boxed elementor-section-height-default elementor-section-height-default\" data-id=\"c39fb4d\" data-element_type=\"section\">\n\t\t\t\t\t\t<div class=\"elementor-container elementor-column-gap-default\">\n\t\t\t\t\t<div class=\"elementor-column elementor-col-100 elementor-top-column elementor-element elementor-element-4185efe\" data-id=\"4185efe\" data-element_type=\"column\">\n\t\t\t<div class=\"elementor-widget-wrap elementor-element-populated\">\n\t\t\t\t\t\t<div class=\"elementor-element elementor-element-5a056ec elementor-widget elementor-widget-spacer\" data-id=\"5a056ec\" data-element_type=\"widget\" data-widget_type=\"spacer.default\">\n\t\t\t\t<div class=\"elementor-widget-container\">\n\t\t\t\t\t\t\t<div class=\"elementor-spacer\">\n\t\t\t<div class=\"elementor-spacer-inner\"><\/div>\n\t\t<\/div>\n\t\t\t\t\t\t<\/div>\n\t\t\t\t<\/div>\n\t\t\t\t\t<\/div>\n\t\t<\/div>\n\t\t\t\t\t<\/div>\n\t\t<\/section>\n\t\t\t\t<\/div>\n\t\t","protected":false},"excerpt":{"rendered":"<p>NOS TARIFS Trouvez la formule ou l&#8217;activit\u00e9 qui vous convient ! CARTE FID\u00c9LIT\u00c9<\/p>\n","protected":false},"author":2,"featured_media":0,"parent":0,"menu_order":0,"comment_status":"closed","ping_status":"closed","template":"","meta":{"inline_featured_image":false,"site-sidebar-layout":"no-sidebar","site-content-layout":"","ast-site-content-layout":"full-width-container","site-content-style":"default","site-sidebar-style":"default","ast-global-header-display":"","ast-banner-title-visibility":"","ast-main-header-display":"","ast-hfb-above-header-display":"","ast-hfb-below-header-display":"","ast-hfb-mobile-header-display":"","site-post-title":"disabled","ast-breadcrumbs-content":"","ast-featured-img":"disabled","footer-sml-layout":"","theme-transparent-header-meta":"","adv-header-id-meta":"","stick-header-meta":"","header-above-stick-meta":"","header-main-stick-meta":"","header-below-stick-meta":"","astra-migrate-meta-layouts":"default","ast-page-background-enabled":"default","ast-page-background-meta":{"desktop":{"background-color":"","background-image":"","background-repeat":"repeat","background-position":"center center","background-size":"auto","background-attachment":"scroll","background-type":"","background-media":"","overlay-type":"","overlay-color":"","overlay-opacity":"","overlay-gradient":""},"tablet":{"background-color":"","background-image":"","background-repeat":"repeat","background-position":"center center","background-size":"auto","background-attachment":"scroll","background-type":"","background-media":"","overlay-type":"","overlay-color":"","overlay-opacity":"","overlay-gradient":""},"mobile":{"background-color":"","background-image":"","background-repeat":"repeat","background-position":"center center","background-size":"auto","background-attachment":"scroll","background-type":"","background-media":"","overlay-type":"","overlay-color":"","overlay-opacity":"","overlay-gradient":""}},"ast-content-background-meta":{"desktop":{"background-color":"var(--ast-global-color-5)","background-image":"","background-repeat":"repeat","background-position":"center center","background-size":"auto","background-attachment":"scroll","background-type":"","background-media":"","overlay-type":"","overlay-color":"","overlay-opacity":"","overlay-gradient":""},"tablet":{"background-color":"var(--ast-global-color-5)","background-image":"","background-repeat":"repeat","background-position":"center center","background-size":"auto","background-attachment":"scroll","background-type":"","background-media":"","overlay-type":"","overlay-color":"","overlay-opacity":"","overlay-gradient":""},"mobile":{"background-color":"var(--ast-global-color-5)","background-image":"","background-repeat":"repeat","background-position":"center center","background-size":"auto","background-attachment":"scroll","background-type":"","background-media":"","overlay-type":"","overlay-color":"","overlay-opacity":"","overlay-gradient":""}},"footnotes":""},"class_list":["post-2607","page","type-page","status-publish","hentry"],"yoast_head":"<!-- This site is optimized with the Yoast SEO plugin v24.6 - https:\/\/yoast.com\/wordpress\/plugins\/seo\/ -->\n<title>Tarifs - Games Factory Qu\u00e9tigny<\/title>\n<meta name=\"robots\" content=\"index, follow, max-snippet:-1, max-image-preview:large, max-video-preview:-1\" \/>\n<link rel=\"canonical\" href=\"https:\/\/gamesfactory.fr\/quetigny\/tarifs\/\" \/>\n<meta property=\"og:locale\" content=\"fr_FR\" \/>\n<meta property=\"og:type\" content=\"article\" \/>\n<meta property=\"og:title\" content=\"Tarifs - Games Factory Qu\u00e9tigny\" \/>\n<meta property=\"og:description\" content=\"NOS TARIFS Trouvez la formule ou l&#8217;activit\u00e9 qui vous convient ! CARTE FID\u00c9LIT\u00c9\" \/>\n<meta property=\"og:url\" content=\"https:\/\/gamesfactory.fr\/quetigny\/tarifs\/\" \/>\n<meta property=\"og:site_name\" content=\"Games Factory Qu\u00e9tigny\" \/>\n<meta property=\"article:modified_time\" content=\"2026-01-09T10:49:35+00:00\" \/>\n<meta property=\"og:image\" content=\"https:\/\/gamesfactory.fr\/quetigny\/wp-content\/uploads\/sites\/3\/2026\/01\/GF-QUETIGNY-TARIFS-WEB.jpg\" \/>\n\t<meta property=\"og:image:width\" content=\"1903\" \/>\n\t<meta property=\"og:image:height\" content=\"700\" \/>\n\t<meta property=\"og:image:type\" content=\"image\/jpeg\" \/>\n<meta name=\"twitter:card\" content=\"summary_large_image\" \/>\n<meta name=\"twitter:label1\" content=\"Dur\u00e9e de lecture estim\u00e9e\" \/>\n\t<meta name=\"twitter:data1\" content=\"1 minute\" \/>\n<script type=\"application\/ld+json\" class=\"yoast-schema-graph\">{\"@context\":\"https:\/\/schema.org\",\"@graph\":[{\"@type\":\"WebPage\",\"@id\":\"https:\/\/gamesfactory.fr\/quetigny\/tarifs\/\",\"url\":\"https:\/\/gamesfactory.fr\/quetigny\/tarifs\/\",\"name\":\"Tarifs - Games Factory Qu\u00e9tigny\",\"isPartOf\":{\"@id\":\"https:\/\/gamesfactory.fr\/quetigny\/#website\"},\"primaryImageOfPage\":{\"@id\":\"https:\/\/gamesfactory.fr\/quetigny\/tarifs\/#primaryimage\"},\"image\":{\"@id\":\"https:\/\/gamesfactory.fr\/quetigny\/tarifs\/#primaryimage\"},\"thumbnailUrl\":\"https:\/\/gamesfactory.fr\/quetigny\/wp-content\/uploads\/sites\/3\/2026\/01\/GF-QUETIGNY-TARIFS-WEB.jpg\",\"datePublished\":\"2024-01-05T10:15:31+00:00\",\"dateModified\":\"2026-01-09T10:49:35+00:00\",\"breadcrumb\":{\"@id\":\"https:\/\/gamesfactory.fr\/quetigny\/tarifs\/#breadcrumb\"},\"inLanguage\":\"fr-FR\",\"potentialAction\":[{\"@type\":\"ReadAction\",\"target\":[\"https:\/\/gamesfactory.fr\/quetigny\/tarifs\/\"]}]},{\"@type\":\"ImageObject\",\"inLanguage\":\"fr-FR\",\"@id\":\"https:\/\/gamesfactory.fr\/quetigny\/tarifs\/#primaryimage\",\"url\":\"https:\/\/gamesfactory.fr\/quetigny\/wp-content\/uploads\/sites\/3\/2026\/01\/GF-QUETIGNY-TARIFS-WEB.jpg\",\"contentUrl\":\"https:\/\/gamesfactory.fr\/quetigny\/wp-content\/uploads\/sites\/3\/2026\/01\/GF-QUETIGNY-TARIFS-WEB.jpg\",\"width\":1903,\"height\":700},{\"@type\":\"BreadcrumbList\",\"@id\":\"https:\/\/gamesfactory.fr\/quetigny\/tarifs\/#breadcrumb\",\"itemListElement\":[{\"@type\":\"ListItem\",\"position\":1,\"name\":\"Accueil\",\"item\":\"https:\/\/gamesfactory.fr\/quetigny\/\"},{\"@type\":\"ListItem\",\"position\":2,\"name\":\"Tarifs\"}]},{\"@type\":\"WebSite\",\"@id\":\"https:\/\/gamesfactory.fr\/quetigny\/#website\",\"url\":\"https:\/\/gamesfactory.fr\/quetigny\/\",\"name\":\"Games Factory Qu\u00e9tigny\",\"description\":\"Votre complexe de loisirs \u00e0 Qu\u00e9tigny\",\"potentialAction\":[{\"@type\":\"SearchAction\",\"target\":{\"@type\":\"EntryPoint\",\"urlTemplate\":\"https:\/\/gamesfactory.fr\/quetigny\/?s={search_term_string}\"},\"query-input\":{\"@type\":\"PropertyValueSpecification\",\"valueRequired\":true,\"valueName\":\"search_term_string\"}}],\"inLanguage\":\"fr-FR\"}]}<\/script>\n<!-- \/ Yoast SEO plugin. -->","yoast_head_json":{"title":"Tarifs - Games Factory Qu\u00e9tigny","robots":{"index":"index","follow":"follow","max-snippet":"max-snippet:-1","max-image-preview":"max-image-preview:large","max-video-preview":"max-video-preview:-1"},"canonical":"https:\/\/gamesfactory.fr\/quetigny\/tarifs\/","og_locale":"fr_FR","og_type":"article","og_title":"Tarifs - Games Factory Qu\u00e9tigny","og_description":"NOS TARIFS Trouvez la formule ou l&#8217;activit\u00e9 qui vous convient ! CARTE FID\u00c9LIT\u00c9","og_url":"https:\/\/gamesfactory.fr\/quetigny\/tarifs\/","og_site_name":"Games Factory Qu\u00e9tigny","article_modified_time":"2026-01-09T10:49:35+00:00","og_image":[{"width":1903,"height":700,"url":"https:\/\/gamesfactory.fr\/quetigny\/wp-content\/uploads\/sites\/3\/2026\/01\/GF-QUETIGNY-TARIFS-WEB.jpg","type":"image\/jpeg"}],"twitter_card":"summary_large_image","twitter_misc":{"Dur\u00e9e de lecture estim\u00e9e":"1 minute"},"schema":{"@context":"https:\/\/schema.org","@graph":[{"@type":"WebPage","@id":"https:\/\/gamesfactory.fr\/quetigny\/tarifs\/","url":"https:\/\/gamesfactory.fr\/quetigny\/tarifs\/","name":"Tarifs - Games Factory Qu\u00e9tigny","isPartOf":{"@id":"https:\/\/gamesfactory.fr\/quetigny\/#website"},"primaryImageOfPage":{"@id":"https:\/\/gamesfactory.fr\/quetigny\/tarifs\/#primaryimage"},"image":{"@id":"https:\/\/gamesfactory.fr\/quetigny\/tarifs\/#primaryimage"},"thumbnailUrl":"https:\/\/gamesfactory.fr\/quetigny\/wp-content\/uploads\/sites\/3\/2026\/01\/GF-QUETIGNY-TARIFS-WEB.jpg","datePublished":"2024-01-05T10:15:31+00:00","dateModified":"2026-01-09T10:49:35+00:00","breadcrumb":{"@id":"https:\/\/gamesfactory.fr\/quetigny\/tarifs\/#breadcrumb"},"inLanguage":"fr-FR","potentialAction":[{"@type":"ReadAction","target":["https:\/\/gamesfactory.fr\/quetigny\/tarifs\/"]}]},{"@type":"ImageObject","inLanguage":"fr-FR","@id":"https:\/\/gamesfactory.fr\/quetigny\/tarifs\/#primaryimage","url":"https:\/\/gamesfactory.fr\/quetigny\/wp-content\/uploads\/sites\/3\/2026\/01\/GF-QUETIGNY-TARIFS-WEB.jpg","contentUrl":"https:\/\/gamesfactory.fr\/quetigny\/wp-content\/uploads\/sites\/3\/2026\/01\/GF-QUETIGNY-TARIFS-WEB.jpg","width":1903,"height":700},{"@type":"BreadcrumbList","@id":"https:\/\/gamesfactory.fr\/quetigny\/tarifs\/#breadcrumb","itemListElement":[{"@type":"ListItem","position":1,"name":"Accueil","item":"https:\/\/gamesfactory.fr\/quetigny\/"},{"@type":"ListItem","position":2,"name":"Tarifs"}]},{"@type":"WebSite","@id":"https:\/\/gamesfactory.fr\/quetigny\/#website","url":"https:\/\/gamesfactory.fr\/quetigny\/","name":"Games Factory Qu\u00e9tigny","description":"Votre complexe de loisirs \u00e0 Qu\u00e9tigny","potentialAction":[{"@type":"SearchAction","target":{"@type":"EntryPoint","urlTemplate":"https:\/\/gamesfactory.fr\/quetigny\/?s={search_term_string}"},"query-input":{"@type":"PropertyValueSpecification","valueRequired":true,"valueName":"search_term_string"}}],"inLanguage":"fr-FR"}]}},"_links":{"self":[{"href":"https:\/\/gamesfactory.fr\/quetigny\/wp-json\/wp\/v2\/pages\/2607","targetHints":{"allow":["GET"]}}],"collection":[{"href":"https:\/\/gamesfactory.fr\/quetigny\/wp-json\/wp\/v2\/pages"}],"about":[{"href":"https:\/\/gamesfactory.fr\/quetigny\/wp-json\/wp\/v2\/types\/page"}],"author":[{"embeddable":true,"href":"https:\/\/gamesfactory.fr\/quetigny\/wp-json\/wp\/v2\/users\/2"}],"replies":[{"embeddable":true,"href":"https:\/\/gamesfactory.fr\/quetigny\/wp-json\/wp\/v2\/comments?post=2607"}],"version-history":[{"count":37,"href":"https:\/\/gamesfactory.fr\/quetigny\/wp-json\/wp\/v2\/pages\/2607\/revisions"}],"predecessor-version":[{"id":3378,"href":"https:\/\/gamesfactory.fr\/quetigny\/wp-json\/wp\/v2\/pages\/2607\/revisions\/3378"}],"wp:attachment":[{"href":"https:\/\/gamesfactory.fr\/quetigny\/wp-json\/wp\/v2\/media?parent=2607"}],"curies":[{"name":"wp","href":"https:\/\/api.w.org\/{rel}","templated":true}]}}