{"id":76,"date":"2020-09-03T11:30:15","date_gmt":"2020-09-03T09:30:15","guid":{"rendered":"https:\/\/gamesfactory.fr\/quetigny\/?page_id=76"},"modified":"2026-05-06T10:30:14","modified_gmt":"2026-05-06T08:30:14","slug":"anniversaire","status":"publish","type":"page","link":"https:\/\/gamesfactory.fr\/quetigny\/anniversaire\/","title":{"rendered":"Anniversaire"},"content":{"rendered":"\t\t<div data-elementor-type=\"wp-page\" data-elementor-id=\"76\" class=\"elementor elementor-76\">\n\t\t\t\t\t\t<section class=\"elementor-section elementor-top-section elementor-element elementor-element-233a4e5f elementor-section-full_width elementor-section-height-default elementor-section-height-default\" data-id=\"233a4e5f\" data-element_type=\"section\">\n\t\t\t\t\t\t<div class=\"elementor-container elementor-column-gap-default\">\n\t\t\t\t\t<div class=\"elementor-column elementor-col-100 elementor-top-column elementor-element elementor-element-4a03e74e\" data-id=\"4a03e74e\" data-element_type=\"column\">\n\t\t\t<div class=\"elementor-widget-wrap elementor-element-populated\">\n\t\t\t\t\t\t<section class=\"elementor-section elementor-inner-section elementor-element elementor-element-5c22251f elementor-section-full_width elementor-reverse-mobile elementor-section-height-default elementor-section-height-default\" data-id=\"5c22251f\" data-element_type=\"section\">\n\t\t\t\t\t\t<div class=\"elementor-container elementor-column-gap-default\">\n\t\t\t\t\t<div class=\"elementor-column elementor-col-50 elementor-inner-column elementor-element elementor-element-137db3f8\" data-id=\"137db3f8\" data-element_type=\"column\">\n\t\t\t<div class=\"elementor-widget-wrap elementor-element-populated\">\n\t\t\t\t\t\t<div class=\"elementor-element elementor-element-632ecb7e elementor-widget elementor-widget-ucaddon_block_image\" data-id=\"632ecb7e\" data-element_type=\"widget\" data-widget_type=\"ucaddon_block_image.default\">\n\t\t\t\t<div class=\"elementor-widget-container\">\n\t\t\t\t\t\n<!-- start Block image -->\n\t\t<link id='uc_ac_assets_file_block_image_css_912-css' href='https:\/\/gamesfactory.fr\/quetigny\/wp-content\/uploads\/sites\/3\/ac_assets\/custom\/block-image.css' type='text\/css' rel='stylesheet' >\n\n\n<div class=\"block-image\">\n  <div class=\"bg\" style=\"background-image: url('https:\/\/gamesfactory.fr\/quetigny\/wp-content\/uploads\/sites\/3\/2023\/04\/anni-enfant.png'); \"><\/div>\n<\/div>\n<!-- end Block image -->\t\t\t\t<\/div>\n\t\t\t\t<\/div>\n\t\t\t\t\t<\/div>\n\t\t<\/div>\n\t\t\t\t<div class=\"elementor-column elementor-col-50 elementor-inner-column elementor-element elementor-element-2aa31059\" data-id=\"2aa31059\" data-element_type=\"column\">\n\t\t\t<div class=\"elementor-widget-wrap elementor-element-populated\">\n\t\t\t\t\t\t<div class=\"elementor-element elementor-element-7baca32c elementor-widget elementor-widget-ucaddon_block_rouge_titre\" data-id=\"7baca32c\" data-element_type=\"widget\" data-widget_type=\"ucaddon_block_rouge_titre.default\">\n\t\t\t\t<div class=\"elementor-widget-container\">\n\t\t\t\t\t\n<!-- start Block titre -->\n\t\t<link id='uc_ac_assets_file_block_titre_css_1681-css' href='https:\/\/gamesfactory.fr\/quetigny\/wp-content\/uploads\/sites\/3\/ac_assets\/custom\/block-titre.css' type='text\/css' rel='stylesheet' >\n\n\n<div class=\"block-titre\">\n\n  <div class=\"content\">\n    <h2 class=\"titre\">T\u00e9l\u00e9charge, imprime et invite tes amis \u00e0 f\u00eater ton anniversaire au GAMES FACTORY<\/h2>\n    <h3 class=\"sous-titre\">Je t\u00e9l\u00e9charge mon carton d'invitation<\/h3>\n    \n          <a href=\"https:\/\/gamesfactory.fr\/wp-content\/uploads\/2025\/03\/Carton-invitation-A4x4-Quetigny.pdf\" class=\"lien\"><\/a>\n        \n        \n  <\/div>\t\n\n<\/div>\n<!-- end Block titre -->\t\t\t\t<\/div>\n\t\t\t\t<\/div>\n\t\t\t\t\t<\/div>\n\t\t<\/div>\n\t\t\t\t\t<\/div>\n\t\t<\/section>\n\t\t\t\t<div class=\"elementor-element elementor-element-5d09014 elementor-widget elementor-widget-spacer\" data-id=\"5d09014\" data-element_type=\"widget\" data-widget_type=\"spacer.default\">\n\t\t\t\t<div class=\"elementor-widget-container\">\n\t\t\t\t\t\t\t<div class=\"elementor-spacer\">\n\t\t\t<div class=\"elementor-spacer-inner\"><\/div>\n\t\t<\/div>\n\t\t\t\t\t\t<\/div>\n\t\t\t\t<\/div>\n\t\t\t\t<section class=\"elementor-section elementor-inner-section elementor-element elementor-element-58466ea3 elementor-section-full_width elementor-section-height-default elementor-section-height-default\" data-id=\"58466ea3\" data-element_type=\"section\">\n\t\t\t\t\t\t<div class=\"elementor-container elementor-column-gap-default\">\n\t\t\t\t\t<div class=\"elementor-column elementor-col-100 elementor-inner-column elementor-element elementor-element-37f51f9d\" data-id=\"37f51f9d\" data-element_type=\"column\">\n\t\t\t<div class=\"elementor-widget-wrap elementor-element-populated\">\n\t\t\t\t\t\t<div class=\"elementor-element elementor-element-6c4d3de elementor-widget elementor-widget-ucaddon_block_text_titre\" data-id=\"6c4d3de\" data-element_type=\"widget\" data-widget_type=\"ucaddon_block_text_titre.default\">\n\t\t\t\t<div class=\"elementor-widget-container\">\n\t\t\t\t\t\n<!-- start Block text -->\n\t\t<link id='uc_ac_assets_file_block_text_css_925-css' href='https:\/\/gamesfactory.fr\/quetigny\/wp-content\/uploads\/sites\/3\/ac_assets\/custom\/block-text.css' type='text\/css' rel='stylesheet' >\n\n\n<div class=\"block-text-titre\">\n  <h2 class=\"titre\">Venez f\u00eater l\u2019anniversaire de vos enfants<\/h2>\n  <h3 class=\"sous-titre\">Au Games Factory!<\/h3>\n  <p class=\"description\"><p>De 6 \u00e0 12 ans inclus. Minimum 4 enfants. La r\u00e9servation se fait directement en <a href=\"https:\/\/gamesfactory.fr\/quetigny\/reservations\/\"><strong><span style=\"text-decoration: underline\"><em>ligne<\/em><\/span><\/strong><\/a>. Pour les parents accompagnateurs qui souhaitent jouer, nous faisons le m\u00eame tarif que les enfants.<\/p><\/p>\n<\/div>\n<!-- end Block text -->\t\t\t\t<\/div>\n\t\t\t\t<\/div>\n\t\t\t\t<div class=\"elementor-element elementor-element-c69b92b elementor-widget elementor-widget-spacer\" data-id=\"c69b92b\" data-element_type=\"widget\" data-widget_type=\"spacer.default\">\n\t\t\t\t<div class=\"elementor-widget-container\">\n\t\t\t\t\t\t\t<div class=\"elementor-spacer\">\n\t\t\t<div class=\"elementor-spacer-inner\"><\/div>\n\t\t<\/div>\n\t\t\t\t\t\t<\/div>\n\t\t\t\t<\/div>\n\t\t\t\t\t<\/div>\n\t\t<\/div>\n\t\t\t\t\t<\/div>\n\t\t<\/section>\n\t\t\t\t<div class=\"elementor-element elementor-element-09176e8 elementor-widget elementor-widget-heading\" data-id=\"09176e8\" data-element_type=\"widget\" data-widget_type=\"heading.default\">\n\t\t\t\t<div class=\"elementor-widget-container\">\n\t\t\t\t\t<h2 class=\"elementor-heading-title elementor-size-default\">Choisissez votre activit\u00e9 et ajoutez le pack go\u00fbter [obligatoire]<\/h2>\t\t\t\t<\/div>\n\t\t\t\t<\/div>\n\t\t\t\t<div class=\"elementor-element elementor-element-5c2d171b elementor-align-justify gf-btn elementor-widget elementor-widget-button\" data-id=\"5c2d171b\" data-element_type=\"widget\" data-widget_type=\"button.default\">\n\t\t\t\t<div class=\"elementor-widget-container\">\n\t\t\t\t\t\t\t\t\t<div class=\"elementor-button-wrapper\">\n\t\t\t\t\t<a class=\"elementor-button elementor-button-link elementor-size-md\" href=\"https:\/\/gamesfactory.fr\/quetigny\/tarifs\/\">\n\t\t\t\t\t\t<span class=\"elementor-button-content-wrapper\">\n\t\t\t\t\t\t<span class=\"elementor-button-icon\">\n\t\t\t\t<i aria-hidden=\"true\" class=\"far fa-save\"><\/i>\t\t\t<\/span>\n\t\t\t\t\t\t\t\t\t<span class=\"elementor-button-text\">Retrouvez nos tarifs<\/span>\n\t\t\t\t\t<\/span>\n\t\t\t\t\t<\/a>\n\t\t\t\t<\/div>\n\t\t\t\t\t\t\t\t<\/div>\n\t\t\t\t<\/div>\n\t\t\t\t<section class=\"elementor-section elementor-inner-section elementor-element elementor-element-6ab6da0 elementor-section-full_width elementor-section-height-default elementor-section-height-default\" data-id=\"6ab6da0\" data-element_type=\"section\">\n\t\t\t\t\t\t<div class=\"elementor-container elementor-column-gap-default\">\n\t\t\t\t\t<div class=\"elementor-column elementor-col-50 elementor-inner-column elementor-element elementor-element-5bb8cf4\" data-id=\"5bb8cf4\" data-element_type=\"column\">\n\t\t\t<div class=\"elementor-widget-wrap elementor-element-populated\">\n\t\t\t\t\t\t<div class=\"elementor-element elementor-element-15e3484 elementor-widget elementor-widget-ucaddon_block_prix\" data-id=\"15e3484\" data-element_type=\"widget\" data-widget_type=\"ucaddon_block_prix.default\">\n\t\t\t\t<div class=\"elementor-widget-container\">\n\t\t\t\t\t\n<!-- start Block prix -->\n\t\t<link id='uc_ac_assets_file_block_prix_css_1259-css' href='https:\/\/gamesfactory.fr\/quetigny\/wp-content\/uploads\/sites\/3\/ac_assets\/custom\/block-prix.css' type='text\/css' rel='stylesheet' >\n\n\n<div class=\"block-prix\">\n\t\n\t<div class=\"cont-titre\">\n\t\t<h2 class=\"titre\">pack sucr\u00e9 enfant (4-12 ans inclus)<\/h2>\n\t<\/div>\n\n\t<div class=\"cont-prix\">\n\t\t<h3 class=\"prix\">3\u20ac<\/h3>\n\t\t<span class=\"prix-detail\">\/ enfant<\/span>\n\t<\/div>\n\t\n          <div class=\"cont-description\">\n        <ul><li><span style=\"font-size: 16px;\">1 donuts + 1 sachet de bonbons + boissons (Pepsi, sirop \u00e0 l'eau, eau \u00e0 volont\u00e9)\u00a0<\/span><\/li><li>1 activit\u00e9 au choix offerte \u00e0 l'enfant qui f\u00eate son anniversaire\u00a0<\/li><\/ul>\n      <\/div>\n    \n  \t  \n<\/div>\n<!-- end Block prix -->\t\t\t\t<\/div>\n\t\t\t\t<\/div>\n\t\t\t\t<div class=\"elementor-element elementor-element-25ae12d elementor-widget elementor-widget-ucaddon_block_prix\" data-id=\"25ae12d\" data-element_type=\"widget\" data-widget_type=\"ucaddon_block_prix.default\">\n\t\t\t\t<div class=\"elementor-widget-container\">\n\t\t\t\t\t\n<!-- start Block prix -->\n\n\n<div class=\"block-prix\">\n\t\n\t<div class=\"cont-titre\">\n\t\t<h2 class=\"titre\">pack sal\u00e9 enfant et ado<\/h2>\n\t<\/div>\n\n\t<div class=\"cont-prix\">\n\t\t<h3 class=\"prix\">13\u20ac<\/h3>\n\t\t<span class=\"prix-detail\">pour 2 <\/span>\n\t<\/div>\n\t\n          <div class=\"cont-description\">\n        <ul><li><span style=\"font-size: 16px;\">1 pizza + 2 donuts + 2 sachets de bonbons + boissons (Pepsi, sirop \u00e0 l'eau, eau \u00e0 volont\u00e9)\u00a0<\/span><\/li><li>1\u00a0activit\u00e9 au choix offerte \u00e0 l'enfant ou ado qui f\u00eate son anniversaire<\/li><\/ul><p><u style=\"font-style: inherit; font-weight: inherit;\"><strong>Ne peut pas \u00eatre command\u00e9 pour un nombre impair<\/strong><\/u><\/p>\n      <\/div>\n    \n  \t      <div class=\"cont-info-important\">\n        * Valable le matin et en fin d'apr\u00e8s-midi\n      <\/div>\n      \n<\/div>\n<!-- end Block prix -->\t\t\t\t<\/div>\n\t\t\t\t<\/div>\n\t\t\t\t\t<\/div>\n\t\t<\/div>\n\t\t\t\t<div class=\"elementor-column elementor-col-50 elementor-inner-column elementor-element elementor-element-c8d0dbf\" data-id=\"c8d0dbf\" data-element_type=\"column\">\n\t\t\t<div class=\"elementor-widget-wrap elementor-element-populated\">\n\t\t\t\t\t\t<div class=\"elementor-element elementor-element-2cdf258 elementor-widget elementor-widget-ucaddon_block_prix\" data-id=\"2cdf258\" data-element_type=\"widget\" data-widget_type=\"ucaddon_block_prix.default\">\n\t\t\t\t<div class=\"elementor-widget-container\">\n\t\t\t\t\t\n<!-- start Block prix -->\n\n\n<div class=\"block-prix\">\n\t\n\t<div class=\"cont-titre\">\n\t\t<h2 class=\"titre\">pack sucr\u00e9 ado (13-16 ans inclus)<\/h2>\n\t<\/div>\n\n\t<div class=\"cont-prix\">\n\t\t<h3 class=\"prix\">5\u20ac<\/h3>\n\t\t<span class=\"prix-detail\">\/ ado<\/span>\n\t<\/div>\n\t\n          <div class=\"cont-description\">\n        <ul><li>1 gaufre nutella + 1 sachet de bonbons + boissons (Pepsi, sirop \u00e0 l'eau, eau \u00e0 volont\u00e9)<\/li><li>1\u00a0activit\u00e9 au choix offerte \u00e0 l'ado qui f\u00eate son anniversaire\u00a0<\/li><\/ul>\n      <\/div>\n    \n  \t  \n<\/div>\n<!-- end Block prix -->\t\t\t\t<\/div>\n\t\t\t\t<\/div>\n\t\t\t\t\t<\/div>\n\t\t<\/div>\n\t\t\t\t\t<\/div>\n\t\t<\/section>\n\t\t\t\t<div class=\"elementor-element elementor-element-3b58014 elementor-widget elementor-widget-spacer\" data-id=\"3b58014\" data-element_type=\"widget\" data-widget_type=\"spacer.default\">\n\t\t\t\t<div class=\"elementor-widget-container\">\n\t\t\t\t\t\t\t<div class=\"elementor-spacer\">\n\t\t\t<div class=\"elementor-spacer-inner\"><\/div>\n\t\t<\/div>\n\t\t\t\t\t\t<\/div>\n\t\t\t\t<\/div>\n\t\t\t\t\t<\/div>\n\t\t<\/div>\n\t\t\t\t\t<\/div>\n\t\t<\/section>\n\t\t\t\t<\/div>\n\t\t","protected":false},"excerpt":{"rendered":"<p>T\u00e9l\u00e9charge, imprime et invite tes amis \u00e0 f\u00eater ton anniversaire au GAMES FACTORY Je t\u00e9l\u00e9charge mon carton d&#8217;invitation Venez f\u00eater [&hellip;]<\/p>\n","protected":false},"author":1,"featured_media":0,"parent":0,"menu_order":0,"comment_status":"closed","ping_status":"closed","template":"","meta":{"inline_featured_image":false,"site-sidebar-layout":"no-sidebar","site-content-layout":"page-builder","ast-site-content-layout":"","site-content-style":"default","site-sidebar-style":"default","ast-global-header-display":"","ast-banner-title-visibility":"","ast-main-header-display":"","ast-hfb-above-header-display":"","ast-hfb-below-header-display":"","ast-hfb-mobile-header-display":"","site-post-title":"disabled","ast-breadcrumbs-content":"","ast-featured-img":"disabled","footer-sml-layout":"","theme-transparent-header-meta":"default","adv-header-id-meta":"","stick-header-meta":"","header-above-stick-meta":"","header-main-stick-meta":"","header-below-stick-meta":"","astra-migrate-meta-layouts":"default","ast-page-background-enabled":"default","ast-page-background-meta":{"desktop":{"background-color":"","background-image":"","background-repeat":"repeat","background-position":"center center","background-size":"auto","background-attachment":"scroll","background-type":"","background-media":"","overlay-type":"","overlay-color":"","overlay-opacity":"","overlay-gradient":""},"tablet":{"background-color":"","background-image":"","background-repeat":"repeat","background-position":"center center","background-size":"auto","background-attachment":"scroll","background-type":"","background-media":"","overlay-type":"","overlay-color":"","overlay-opacity":"","overlay-gradient":""},"mobile":{"background-color":"","background-image":"","background-repeat":"repeat","background-position":"center center","background-size":"auto","background-attachment":"scroll","background-type":"","background-media":"","overlay-type":"","overlay-color":"","overlay-opacity":"","overlay-gradient":""}},"ast-content-background-meta":{"desktop":{"background-color":"var(--ast-global-color-5)","background-image":"","background-repeat":"repeat","background-position":"center center","background-size":"auto","background-attachment":"scroll","background-type":"","background-media":"","overlay-type":"","overlay-color":"","overlay-opacity":"","overlay-gradient":""},"tablet":{"background-color":"var(--ast-global-color-5)","background-image":"","background-repeat":"repeat","background-position":"center center","background-size":"auto","background-attachment":"scroll","background-type":"","background-media":"","overlay-type":"","overlay-color":"","overlay-opacity":"","overlay-gradient":""},"mobile":{"background-color":"var(--ast-global-color-5)","background-image":"","background-repeat":"repeat","background-position":"center center","background-size":"auto","background-attachment":"scroll","background-type":"","background-media":"","overlay-type":"","overlay-color":"","overlay-opacity":"","overlay-gradient":""}},"footnotes":""},"class_list":["post-76","page","type-page","status-publish","hentry"],"yoast_head":"<!-- This site is optimized with the Yoast SEO plugin v24.6 - https:\/\/yoast.com\/wordpress\/plugins\/seo\/ -->\n<title>Anniversaire - Games Factory Qu\u00e9tigny<\/title>\n<meta name=\"robots\" content=\"index, follow, max-snippet:-1, max-image-preview:large, max-video-preview:-1\" \/>\n<link rel=\"canonical\" href=\"https:\/\/gamesfactory.fr\/quetigny\/anniversaire\/\" \/>\n<meta property=\"og:locale\" content=\"fr_FR\" \/>\n<meta property=\"og:type\" content=\"article\" \/>\n<meta property=\"og:title\" content=\"Anniversaire - Games Factory Qu\u00e9tigny\" \/>\n<meta property=\"og:description\" content=\"T\u00e9l\u00e9charge, imprime et invite tes amis \u00e0 f\u00eater ton anniversaire au GAMES FACTORY Je t\u00e9l\u00e9charge mon carton d&#8217;invitation Venez f\u00eater [&hellip;]\" \/>\n<meta property=\"og:url\" content=\"https:\/\/gamesfactory.fr\/quetigny\/anniversaire\/\" \/>\n<meta property=\"og:site_name\" content=\"Games Factory Qu\u00e9tigny\" \/>\n<meta property=\"article:modified_time\" content=\"2026-05-06T08:30:14+00:00\" \/>\n<meta name=\"twitter:card\" content=\"summary_large_image\" \/>\n<meta name=\"twitter:label1\" content=\"Dur\u00e9e de lecture estim\u00e9e\" \/>\n\t<meta name=\"twitter:data1\" content=\"1 minute\" \/>\n<script type=\"application\/ld+json\" class=\"yoast-schema-graph\">{\"@context\":\"https:\/\/schema.org\",\"@graph\":[{\"@type\":\"WebPage\",\"@id\":\"https:\/\/gamesfactory.fr\/quetigny\/anniversaire\/\",\"url\":\"https:\/\/gamesfactory.fr\/quetigny\/anniversaire\/\",\"name\":\"Anniversaire - Games Factory Qu\u00e9tigny\",\"isPartOf\":{\"@id\":\"https:\/\/gamesfactory.fr\/quetigny\/#website\"},\"datePublished\":\"2020-09-03T09:30:15+00:00\",\"dateModified\":\"2026-05-06T08:30:14+00:00\",\"breadcrumb\":{\"@id\":\"https:\/\/gamesfactory.fr\/quetigny\/anniversaire\/#breadcrumb\"},\"inLanguage\":\"fr-FR\",\"potentialAction\":[{\"@type\":\"ReadAction\",\"target\":[\"https:\/\/gamesfactory.fr\/quetigny\/anniversaire\/\"]}]},{\"@type\":\"BreadcrumbList\",\"@id\":\"https:\/\/gamesfactory.fr\/quetigny\/anniversaire\/#breadcrumb\",\"itemListElement\":[{\"@type\":\"ListItem\",\"position\":1,\"name\":\"Accueil\",\"item\":\"https:\/\/gamesfactory.fr\/quetigny\/\"},{\"@type\":\"ListItem\",\"position\":2,\"name\":\"Anniversaire\"}]},{\"@type\":\"WebSite\",\"@id\":\"https:\/\/gamesfactory.fr\/quetigny\/#website\",\"url\":\"https:\/\/gamesfactory.fr\/quetigny\/\",\"name\":\"Games Factory Qu\u00e9tigny\",\"description\":\"Votre complexe de loisirs \u00e0 Qu\u00e9tigny\",\"potentialAction\":[{\"@type\":\"SearchAction\",\"target\":{\"@type\":\"EntryPoint\",\"urlTemplate\":\"https:\/\/gamesfactory.fr\/quetigny\/?s={search_term_string}\"},\"query-input\":{\"@type\":\"PropertyValueSpecification\",\"valueRequired\":true,\"valueName\":\"search_term_string\"}}],\"inLanguage\":\"fr-FR\"}]}<\/script>\n<!-- \/ Yoast SEO plugin. -->","yoast_head_json":{"title":"Anniversaire - Games Factory Qu\u00e9tigny","robots":{"index":"index","follow":"follow","max-snippet":"max-snippet:-1","max-image-preview":"max-image-preview:large","max-video-preview":"max-video-preview:-1"},"canonical":"https:\/\/gamesfactory.fr\/quetigny\/anniversaire\/","og_locale":"fr_FR","og_type":"article","og_title":"Anniversaire - Games Factory Qu\u00e9tigny","og_description":"T\u00e9l\u00e9charge, imprime et invite tes amis \u00e0 f\u00eater ton anniversaire au GAMES FACTORY Je t\u00e9l\u00e9charge mon carton d&#8217;invitation Venez f\u00eater [&hellip;]","og_url":"https:\/\/gamesfactory.fr\/quetigny\/anniversaire\/","og_site_name":"Games Factory Qu\u00e9tigny","article_modified_time":"2026-05-06T08:30:14+00:00","twitter_card":"summary_large_image","twitter_misc":{"Dur\u00e9e de lecture estim\u00e9e":"1 minute"},"schema":{"@context":"https:\/\/schema.org","@graph":[{"@type":"WebPage","@id":"https:\/\/gamesfactory.fr\/quetigny\/anniversaire\/","url":"https:\/\/gamesfactory.fr\/quetigny\/anniversaire\/","name":"Anniversaire - Games Factory Qu\u00e9tigny","isPartOf":{"@id":"https:\/\/gamesfactory.fr\/quetigny\/#website"},"datePublished":"2020-09-03T09:30:15+00:00","dateModified":"2026-05-06T08:30:14+00:00","breadcrumb":{"@id":"https:\/\/gamesfactory.fr\/quetigny\/anniversaire\/#breadcrumb"},"inLanguage":"fr-FR","potentialAction":[{"@type":"ReadAction","target":["https:\/\/gamesfactory.fr\/quetigny\/anniversaire\/"]}]},{"@type":"BreadcrumbList","@id":"https:\/\/gamesfactory.fr\/quetigny\/anniversaire\/#breadcrumb","itemListElement":[{"@type":"ListItem","position":1,"name":"Accueil","item":"https:\/\/gamesfactory.fr\/quetigny\/"},{"@type":"ListItem","position":2,"name":"Anniversaire"}]},{"@type":"WebSite","@id":"https:\/\/gamesfactory.fr\/quetigny\/#website","url":"https:\/\/gamesfactory.fr\/quetigny\/","name":"Games Factory Qu\u00e9tigny","description":"Votre complexe de loisirs \u00e0 Qu\u00e9tigny","potentialAction":[{"@type":"SearchAction","target":{"@type":"EntryPoint","urlTemplate":"https:\/\/gamesfactory.fr\/quetigny\/?s={search_term_string}"},"query-input":{"@type":"PropertyValueSpecification","valueRequired":true,"valueName":"search_term_string"}}],"inLanguage":"fr-FR"}]}},"_links":{"self":[{"href":"https:\/\/gamesfactory.fr\/quetigny\/wp-json\/wp\/v2\/pages\/76","targetHints":{"allow":["GET"]}}],"collection":[{"href":"https:\/\/gamesfactory.fr\/quetigny\/wp-json\/wp\/v2\/pages"}],"about":[{"href":"https:\/\/gamesfactory.fr\/quetigny\/wp-json\/wp\/v2\/types\/page"}],"author":[{"embeddable":true,"href":"https:\/\/gamesfactory.fr\/quetigny\/wp-json\/wp\/v2\/users\/1"}],"replies":[{"embeddable":true,"href":"https:\/\/gamesfactory.fr\/quetigny\/wp-json\/wp\/v2\/comments?post=76"}],"version-history":[{"count":315,"href":"https:\/\/gamesfactory.fr\/quetigny\/wp-json\/wp\/v2\/pages\/76\/revisions"}],"predecessor-version":[{"id":3588,"href":"https:\/\/gamesfactory.fr\/quetigny\/wp-json\/wp\/v2\/pages\/76\/revisions\/3588"}],"wp:attachment":[{"href":"https:\/\/gamesfactory.fr\/quetigny\/wp-json\/wp\/v2\/media?parent=76"}],"curies":[{"name":"wp","href":"https:\/\/api.w.org\/{rel}","templated":true}]}}