{"id":82,"date":"2020-09-03T15:23:51","date_gmt":"2020-09-03T13:23:51","guid":{"rendered":"https:\/\/gamesfactory.fr\/quetigny\/?page_id=82"},"modified":"2026-01-20T15:58:25","modified_gmt":"2026-01-20T14:58:25","slug":"bowling","status":"publish","type":"page","link":"https:\/\/gamesfactory.fr\/quetigny\/bowling\/","title":{"rendered":"Bowling"},"content":{"rendered":"\t\t<div data-elementor-type=\"wp-page\" data-elementor-id=\"82\" class=\"elementor elementor-82\">\n\t\t\t\t\t\t<section class=\"elementor-section elementor-top-section elementor-element elementor-element-356156ce elementor-section-full_width elementor-section-height-default elementor-section-height-default\" data-id=\"356156ce\" data-element_type=\"section\">\n\t\t\t\t\t\t<div class=\"elementor-container elementor-column-gap-default\">\n\t\t\t\t\t<div class=\"elementor-column elementor-col-100 elementor-top-column elementor-element elementor-element-6e6e1be\" data-id=\"6e6e1be\" data-element_type=\"column\">\n\t\t\t<div class=\"elementor-widget-wrap elementor-element-populated\">\n\t\t\t\t\t\t<section class=\"elementor-section elementor-inner-section elementor-element elementor-element-443795bd elementor-section-full_width elementor-reverse-mobile elementor-section-height-default elementor-section-height-default\" data-id=\"443795bd\" data-element_type=\"section\">\n\t\t\t\t\t\t<div class=\"elementor-container elementor-column-gap-default\">\n\t\t\t\t\t<div class=\"elementor-column elementor-col-50 elementor-inner-column elementor-element elementor-element-71641b15\" data-id=\"71641b15\" data-element_type=\"column\">\n\t\t\t<div class=\"elementor-widget-wrap elementor-element-populated\">\n\t\t\t\t\t\t<div class=\"elementor-element elementor-element-64bbb1a1 elementor-widget elementor-widget-ucaddon_block_rouge_titre\" data-id=\"64bbb1a1\" data-element_type=\"widget\" data-widget_type=\"ucaddon_block_rouge_titre.default\">\n\t\t\t\t<div class=\"elementor-widget-container\">\n\t\t\t\t\t\n<!-- start Block titre -->\n\t\t<link id='uc_ac_assets_file_block_titre_css_1681-css' href='https:\/\/gamesfactory.fr\/quetigny\/wp-content\/uploads\/sites\/3\/ac_assets\/custom\/block-titre.css' type='text\/css' rel='stylesheet' >\n\n\n<div class=\"block-titre\">\n\n  <div class=\"content\">\n    <h2 class=\"titre\">1er Bowling<\/h2>\n    <h3 class=\"sous-titre\">\u00e0 pistes noires d'Europe<\/h3>\n    \n        \n        \n  <\/div>\t\n\n<\/div>\n<!-- end Block titre -->\t\t\t\t<\/div>\n\t\t\t\t<\/div>\n\t\t\t\t\t<\/div>\n\t\t<\/div>\n\t\t\t\t<div class=\"elementor-column elementor-col-50 elementor-inner-column elementor-element elementor-element-1c2698cb\" data-id=\"1c2698cb\" data-element_type=\"column\">\n\t\t\t<div class=\"elementor-widget-wrap elementor-element-populated\">\n\t\t\t\t\t\t<div class=\"elementor-element elementor-element-68de3634 elementor-widget elementor-widget-ucaddon_block_image\" data-id=\"68de3634\" data-element_type=\"widget\" data-widget_type=\"ucaddon_block_image.default\">\n\t\t\t\t<div class=\"elementor-widget-container\">\n\t\t\t\t\t\n<!-- start Block image -->\n\t\t<link id='uc_ac_assets_file_block_image_css_912-css' href='https:\/\/gamesfactory.fr\/quetigny\/wp-content\/uploads\/sites\/3\/ac_assets\/custom\/block-image.css' type='text\/css' rel='stylesheet' >\n\n\n<div class=\"block-image\">\n  <div class=\"bg\" style=\"background-image: url('https:\/\/gamesfactory.fr\/quetigny\/wp-content\/uploads\/sites\/3\/2023\/12\/bowling-quetigny.png'); \"><\/div>\n<\/div>\n<!-- end Block image -->\t\t\t\t<\/div>\n\t\t\t\t<\/div>\n\t\t\t\t\t<\/div>\n\t\t<\/div>\n\t\t\t\t\t<\/div>\n\t\t<\/section>\n\t\t\t\t<section class=\"elementor-section elementor-inner-section elementor-element elementor-element-459e2841 elementor-section-full_width elementor-reverse-tablet elementor-reverse-mobile elementor-section-height-default elementor-section-height-default\" data-id=\"459e2841\" data-element_type=\"section\">\n\t\t\t\t\t\t<div class=\"elementor-container elementor-column-gap-default\">\n\t\t\t\t\t<div class=\"elementor-column elementor-col-50 elementor-inner-column elementor-element elementor-element-65f413a\" data-id=\"65f413a\" data-element_type=\"column\">\n\t\t\t<div class=\"elementor-widget-wrap elementor-element-populated\">\n\t\t\t\t\t\t<div class=\"elementor-element elementor-element-7ea40594 elementor-widget elementor-widget-ucaddon_block_image\" data-id=\"7ea40594\" data-element_type=\"widget\" data-widget_type=\"ucaddon_block_image.default\">\n\t\t\t\t<div class=\"elementor-widget-container\">\n\t\t\t\t\t\n<!-- start Block image -->\n\n\n<div class=\"block-image\">\n  <div class=\"bg\" style=\"background-image: url('https:\/\/gamesfactory.fr\/quetigny\/wp-content\/uploads\/sites\/3\/2023\/12\/bowling-2.png'); \"><\/div>\n<\/div>\n<!-- end Block image -->\t\t\t\t<\/div>\n\t\t\t\t<\/div>\n\t\t\t\t<div class=\"elementor-element elementor-element-6945f375 elementor-widget elementor-widget-ucaddon_block_image\" data-id=\"6945f375\" data-element_type=\"widget\" data-widget_type=\"ucaddon_block_image.default\">\n\t\t\t\t<div class=\"elementor-widget-container\">\n\t\t\t\t\t\n<!-- start Block image -->\n\n\n<div class=\"block-image\">\n  <div class=\"bg\" style=\"background-image: url('https:\/\/gamesfactory.fr\/quetigny\/wp-content\/uploads\/sites\/3\/2020\/09\/gf-bowling.jpg'); \"><\/div>\n<\/div>\n<!-- end Block image -->\t\t\t\t<\/div>\n\t\t\t\t<\/div>\n\t\t\t\t\t<\/div>\n\t\t<\/div>\n\t\t\t\t<div class=\"elementor-column elementor-col-50 elementor-inner-column elementor-element elementor-element-7c1d4d97\" data-id=\"7c1d4d97\" data-element_type=\"column\">\n\t\t\t<div class=\"elementor-widget-wrap elementor-element-populated\">\n\t\t\t\t\t\t<div class=\"elementor-element elementor-element-56b2f59a elementor-widget elementor-widget-ucaddon_block_text_titre\" data-id=\"56b2f59a\" data-element_type=\"widget\" data-widget_type=\"ucaddon_block_text_titre.default\">\n\t\t\t\t<div class=\"elementor-widget-container\">\n\t\t\t\t\t\n<!-- start Block text -->\n\t\t<link id='uc_ac_assets_file_block_text_css_925-css' href='https:\/\/gamesfactory.fr\/quetigny\/wp-content\/uploads\/sites\/3\/ac_assets\/custom\/block-text.css' type='text\/css' rel='stylesheet' >\n\n\n<div class=\"block-text-titre\">\n  <h2 class=\"titre\">12 pistes<\/h2>\n  <h3 class=\"sous-titre\">De bowling<\/h3>\n  <p class=\"description\"><p>Venez vous mesurer contre vos amis dans un complexe de loisirs de plus de 2 000 m\u00b2.<\/p><\/p>\n<\/div>\n<!-- end Block text -->\t\t\t\t<\/div>\n\t\t\t\t<\/div>\n\t\t\t\t<div class=\"elementor-element elementor-element-3a940f78 elementor-align-justify gf-btn elementor-widget elementor-widget-button\" data-id=\"3a940f78\" data-element_type=\"widget\" data-widget_type=\"button.default\">\n\t\t\t\t<div class=\"elementor-widget-container\">\n\t\t\t\t\t\t\t\t\t<div class=\"elementor-button-wrapper\">\n\t\t\t\t\t<a class=\"elementor-button elementor-button-link elementor-size-md\" href=\"https:\/\/gamesfactory.fr\/quetigny\/tarifs\/\">\n\t\t\t\t\t\t<span class=\"elementor-button-content-wrapper\">\n\t\t\t\t\t\t\t\t\t<span class=\"elementor-button-text\">nos tarifs<\/span>\n\t\t\t\t\t<\/span>\n\t\t\t\t\t<\/a>\n\t\t\t\t<\/div>\n\t\t\t\t\t\t\t\t<\/div>\n\t\t\t\t<\/div>\n\t\t\t\t<div class=\"elementor-element elementor-element-937b1cb elementor-button-info elementor-align-justify elementor-widget elementor-widget-button\" data-id=\"937b1cb\" data-element_type=\"widget\" data-widget_type=\"button.default\">\n\t\t\t\t<div class=\"elementor-widget-container\">\n\t\t\t\t\t\t\t\t\t<div class=\"elementor-button-wrapper\">\n\t\t\t\t\t<a class=\"elementor-button elementor-button-link elementor-size-md\" href=\"https:\/\/gamesfactory.fr\/wp-content\/uploads\/2026\/01\/GF-A4-Carte-fidelite-Site-Web-JPG.jpg\" target=\"_blank\">\n\t\t\t\t\t\t<span class=\"elementor-button-content-wrapper\">\n\t\t\t\t\t\t\t\t\t<span class=\"elementor-button-text\">CARTE DE FID\u00c9LIT\u00c9<\/span>\n\t\t\t\t\t<\/span>\n\t\t\t\t\t<\/a>\n\t\t\t\t<\/div>\n\t\t\t\t\t\t\t\t<\/div>\n\t\t\t\t<\/div>\n\t\t\t\t<div class=\"elementor-element elementor-element-2e0c5241 elementor-widget elementor-widget-ucaddon_block_rouge_titre\" data-id=\"2e0c5241\" data-element_type=\"widget\" data-widget_type=\"ucaddon_block_rouge_titre.default\">\n\t\t\t\t<div class=\"elementor-widget-container\">\n\t\t\t\t\t\n<!-- start Block titre -->\n\n\n<div class=\"block-titre\">\n\n  <div class=\"content\">\n    <h2 class=\"titre\">Pour la m\u00eame personne, toute l'ann\u00e9e hors veille de jours f\u00e9ri\u00e9s <\/h2>\n    <h3 class=\"sous-titre\">Tous les dimanches de 19h \u00e0 00h<br> 2 parties achet\u00e9es<br> = <br>1 Partie offerte<\/h3>\n    \n        \n        \n  <\/div>\t\n\n<\/div>\n<!-- end Block titre -->\t\t\t\t<\/div>\n\t\t\t\t<\/div>\n\t\t\t\t<div class=\"elementor-element elementor-element-179e208b elementor-widget elementor-widget-ucaddon_block_text_titre\" data-id=\"179e208b\" data-element_type=\"widget\" data-widget_type=\"ucaddon_block_text_titre.default\">\n\t\t\t\t<div class=\"elementor-widget-container\">\n\t\t\t\t\t\n<!-- start Block text -->\n\n\n<div class=\"block-text-titre\">\n  <h2 class=\"titre\">Pour joueurs<\/h2>\n  <h3 class=\"sous-titre\">D\u00e9butants ou confirm\u00e9s<\/h3>\n  <p class=\"description\"><p>Des parties de bowling \u00e9quitables! Gr\u00e2ce \u00e0 la possibilit\u00e9 d\u2019activer des \u00abbumpers\u00bb, les parties des PMR et des enfants sont facilit\u00e9es!<\/p><\/p>\n<\/div>\n<!-- end Block text -->\t\t\t\t<\/div>\n\t\t\t\t<\/div>\n\t\t\t\t\t<\/div>\n\t\t<\/div>\n\t\t\t\t\t<\/div>\n\t\t<\/section>\n\t\t\t\t<section class=\"elementor-section elementor-inner-section elementor-element elementor-element-6589da9 elementor-section-full_width elementor-section-height-default elementor-section-height-default\" data-id=\"6589da9\" data-element_type=\"section\">\n\t\t\t\t\t\t<div class=\"elementor-container elementor-column-gap-default\">\n\t\t\t\t\t<div class=\"elementor-column elementor-col-50 elementor-inner-column elementor-element elementor-element-5d7ecee5\" data-id=\"5d7ecee5\" data-element_type=\"column\">\n\t\t\t<div class=\"elementor-widget-wrap elementor-element-populated\">\n\t\t\t\t\t\t<div class=\"elementor-element elementor-element-39c2f87f elementor-widget elementor-widget-ucaddon_block_rouge_titre\" data-id=\"39c2f87f\" data-element_type=\"widget\" data-widget_type=\"ucaddon_block_rouge_titre.default\">\n\t\t\t\t<div class=\"elementor-widget-container\">\n\t\t\t\t\t\n<!-- start Block titre -->\n\n\n<div class=\"block-titre\">\n\n  <div class=\"content\">\n    <h2 class=\"titre\">Venez organiser<\/h2>\n    <h3 class=\"sous-titre\">L'anniversaire de votre enfant<\/h3>\n    \n          <a href=\"https:\/\/gamesfactory.fr\/quetigny\/anniversaire\/\" class=\"lien\"><\/a>\n        \n          <div class=\"bg\" style=\"background-image: url('https:\/\/gamesfactory.fr\/quetigny\/wp-content\/uploads\/sites\/3\/2020\/10\/bowling-2.jpg'); \"><\/div>\n        \n  <\/div>\t\n\n<\/div>\n<!-- end Block titre -->\t\t\t\t<\/div>\n\t\t\t\t<\/div>\n\t\t\t\t\t<\/div>\n\t\t<\/div>\n\t\t\t\t<div class=\"elementor-column elementor-col-50 elementor-inner-column elementor-element elementor-element-70bca4db\" data-id=\"70bca4db\" data-element_type=\"column\">\n\t\t\t<div class=\"elementor-widget-wrap elementor-element-populated\">\n\t\t\t\t\t\t<div class=\"elementor-element elementor-element-1fb03663 elementor-widget elementor-widget-ucaddon_block_rouge_titre\" data-id=\"1fb03663\" data-element_type=\"widget\" data-widget_type=\"ucaddon_block_rouge_titre.default\">\n\t\t\t\t<div class=\"elementor-widget-container\">\n\t\t\t\t\t\n<!-- start Block titre -->\n\n\n<div class=\"block-titre\">\n\n  <div class=\"content\">\n    <h2 class=\"titre\">Offrez un bon cadeau \u00e0 vos proches<\/h2>\n    <h3 class=\"sous-titre\">Vente en ligne<\/h3>\n    \n          <a href=\"\/boutique-en-ligne\" class=\"lien\"><\/a>\n        \n          <div class=\"bg\" style=\"background-image: url('https:\/\/gamesfactory.fr\/quetigny\/wp-content\/uploads\/sites\/3\/2020\/11\/Image1-1.png'); \"><\/div>\n        \n  <\/div>\t\n\n<\/div>\n<!-- end Block titre -->\t\t\t\t<\/div>\n\t\t\t\t<\/div>\n\t\t\t\t\t<\/div>\n\t\t<\/div>\n\t\t\t\t\t<\/div>\n\t\t<\/section>\n\t\t\t\t<section class=\"elementor-section elementor-inner-section elementor-element elementor-element-618bed6a elementor-section-full_width elementor-section-height-default elementor-section-height-default\" data-id=\"618bed6a\" data-element_type=\"section\">\n\t\t\t\t\t\t<div class=\"elementor-container elementor-column-gap-default\">\n\t\t\t\t\t<div class=\"elementor-column elementor-col-100 elementor-inner-column elementor-element elementor-element-2259c219\" data-id=\"2259c219\" data-element_type=\"column\">\n\t\t\t<div class=\"elementor-widget-wrap elementor-element-populated\">\n\t\t\t\t\t\t<div class=\"elementor-element elementor-element-7a80152c elementor-widget elementor-widget-ucaddon_block_rouge_titre\" data-id=\"7a80152c\" data-element_type=\"widget\" data-widget_type=\"ucaddon_block_rouge_titre.default\">\n\t\t\t\t<div class=\"elementor-widget-container\">\n\t\t\t\t\t\n<!-- start Block titre -->\n\n\n<div class=\"block-titre\">\n\n  <div class=\"content\">\n    <h2 class=\"titre\"><\/h2>\n    <h3 class=\"sous-titre\">Location de chaussures comprise <\/h3>\n    \n        \n          <div class=\"bg\" style=\"background-image: url('https:\/\/gamesfactory.fr\/quetigny\/wp-content\/uploads\/sites\/3\/2023\/12\/Image-flou-pour-bowling.png'); \"><\/div>\n        \n  <\/div>\t\n\n<\/div>\n<!-- end Block titre -->\t\t\t\t<\/div>\n\t\t\t\t<\/div>\n\t\t\t\t\t<\/div>\n\t\t<\/div>\n\t\t\t\t\t<\/div>\n\t\t<\/section>\n\t\t\t\t\t<\/div>\n\t\t<\/div>\n\t\t\t\t\t<\/div>\n\t\t<\/section>\n\t\t\t\t<\/div>\n\t\t","protected":false},"excerpt":{"rendered":"<p>1er Bowling \u00e0 pistes noires d&#8217;Europe 12 pistes De bowling Venez vous mesurer contre vos amis dans un complexe de [&hellip;]<\/p>\n","protected":false},"author":1,"featured_media":0,"parent":0,"menu_order":0,"comment_status":"closed","ping_status":"closed","template":"","meta":{"inline_featured_image":false,"site-sidebar-layout":"no-sidebar","site-content-layout":"page-builder","ast-site-content-layout":"","site-content-style":"default","site-sidebar-style":"default","ast-global-header-display":"","ast-banner-title-visibility":"","ast-main-header-display":"","ast-hfb-above-header-display":"","ast-hfb-below-header-display":"","ast-hfb-mobile-header-display":"","site-post-title":"disabled","ast-breadcrumbs-content":"","ast-featured-img":"disabled","footer-sml-layout":"","theme-transparent-header-meta":"default","adv-header-id-meta":"","stick-header-meta":"","header-above-stick-meta":"","header-main-stick-meta":"","header-below-stick-meta":"","astra-migrate-meta-layouts":"default","ast-page-background-enabled":"default","ast-page-background-meta":{"desktop":{"background-color":"","background-image":"","background-repeat":"repeat","background-position":"center center","background-size":"auto","background-attachment":"scroll","background-type":"","background-media":"","overlay-type":"","overlay-color":"","overlay-opacity":"","overlay-gradient":""},"tablet":{"background-color":"","background-image":"","background-repeat":"repeat","background-position":"center center","background-size":"auto","background-attachment":"scroll","background-type":"","background-media":"","overlay-type":"","overlay-color":"","overlay-opacity":"","overlay-gradient":""},"mobile":{"background-color":"","background-image":"","background-repeat":"repeat","background-position":"center center","background-size":"auto","background-attachment":"scroll","background-type":"","background-media":"","overlay-type":"","overlay-color":"","overlay-opacity":"","overlay-gradient":""}},"ast-content-background-meta":{"desktop":{"background-color":"var(--ast-global-color-5)","background-image":"","background-repeat":"repeat","background-position":"center center","background-size":"auto","background-attachment":"scroll","background-type":"","background-media":"","overlay-type":"","overlay-color":"","overlay-opacity":"","overlay-gradient":""},"tablet":{"background-color":"var(--ast-global-color-5)","background-image":"","background-repeat":"repeat","background-position":"center center","background-size":"auto","background-attachment":"scroll","background-type":"","background-media":"","overlay-type":"","overlay-color":"","overlay-opacity":"","overlay-gradient":""},"mobile":{"background-color":"var(--ast-global-color-5)","background-image":"","background-repeat":"repeat","background-position":"center center","background-size":"auto","background-attachment":"scroll","background-type":"","background-media":"","overlay-type":"","overlay-color":"","overlay-opacity":"","overlay-gradient":""}},"footnotes":""},"class_list":["post-82","page","type-page","status-publish","hentry"],"yoast_head":"<!-- This site is optimized with the Yoast SEO plugin v24.6 - https:\/\/yoast.com\/wordpress\/plugins\/seo\/ -->\n<title>Bowling - Games Factory Qu\u00e9tigny<\/title>\n<meta name=\"robots\" content=\"index, follow, max-snippet:-1, max-image-preview:large, max-video-preview:-1\" \/>\n<link rel=\"canonical\" href=\"https:\/\/gamesfactory.fr\/quetigny\/bowling\/\" \/>\n<meta property=\"og:locale\" content=\"fr_FR\" \/>\n<meta property=\"og:type\" content=\"article\" \/>\n<meta property=\"og:title\" content=\"Bowling - Games Factory Qu\u00e9tigny\" \/>\n<meta property=\"og:description\" content=\"1er Bowling \u00e0 pistes noires d&#8217;Europe 12 pistes De bowling Venez vous mesurer contre vos amis dans un complexe de [&hellip;]\" \/>\n<meta property=\"og:url\" content=\"https:\/\/gamesfactory.fr\/quetigny\/bowling\/\" \/>\n<meta property=\"og:site_name\" content=\"Games Factory Qu\u00e9tigny\" \/>\n<meta property=\"article:modified_time\" content=\"2026-01-20T14:58:25+00:00\" \/>\n<meta name=\"twitter:card\" content=\"summary_large_image\" \/>\n<meta name=\"twitter:label1\" content=\"Dur\u00e9e de lecture estim\u00e9e\" \/>\n\t<meta name=\"twitter:data1\" content=\"1 minute\" \/>\n<script type=\"application\/ld+json\" class=\"yoast-schema-graph\">{\"@context\":\"https:\/\/schema.org\",\"@graph\":[{\"@type\":\"WebPage\",\"@id\":\"https:\/\/gamesfactory.fr\/quetigny\/bowling\/\",\"url\":\"https:\/\/gamesfactory.fr\/quetigny\/bowling\/\",\"name\":\"Bowling - Games Factory Qu\u00e9tigny\",\"isPartOf\":{\"@id\":\"https:\/\/gamesfactory.fr\/quetigny\/#website\"},\"datePublished\":\"2020-09-03T13:23:51+00:00\",\"dateModified\":\"2026-01-20T14:58:25+00:00\",\"breadcrumb\":{\"@id\":\"https:\/\/gamesfactory.fr\/quetigny\/bowling\/#breadcrumb\"},\"inLanguage\":\"fr-FR\",\"potentialAction\":[{\"@type\":\"ReadAction\",\"target\":[\"https:\/\/gamesfactory.fr\/quetigny\/bowling\/\"]}]},{\"@type\":\"BreadcrumbList\",\"@id\":\"https:\/\/gamesfactory.fr\/quetigny\/bowling\/#breadcrumb\",\"itemListElement\":[{\"@type\":\"ListItem\",\"position\":1,\"name\":\"Accueil\",\"item\":\"https:\/\/gamesfactory.fr\/quetigny\/\"},{\"@type\":\"ListItem\",\"position\":2,\"name\":\"Bowling\"}]},{\"@type\":\"WebSite\",\"@id\":\"https:\/\/gamesfactory.fr\/quetigny\/#website\",\"url\":\"https:\/\/gamesfactory.fr\/quetigny\/\",\"name\":\"Games Factory Qu\u00e9tigny\",\"description\":\"Votre complexe de loisirs \u00e0 Qu\u00e9tigny\",\"potentialAction\":[{\"@type\":\"SearchAction\",\"target\":{\"@type\":\"EntryPoint\",\"urlTemplate\":\"https:\/\/gamesfactory.fr\/quetigny\/?s={search_term_string}\"},\"query-input\":{\"@type\":\"PropertyValueSpecification\",\"valueRequired\":true,\"valueName\":\"search_term_string\"}}],\"inLanguage\":\"fr-FR\"}]}<\/script>\n<!-- \/ Yoast SEO plugin. -->","yoast_head_json":{"title":"Bowling - Games Factory Qu\u00e9tigny","robots":{"index":"index","follow":"follow","max-snippet":"max-snippet:-1","max-image-preview":"max-image-preview:large","max-video-preview":"max-video-preview:-1"},"canonical":"https:\/\/gamesfactory.fr\/quetigny\/bowling\/","og_locale":"fr_FR","og_type":"article","og_title":"Bowling - Games Factory Qu\u00e9tigny","og_description":"1er Bowling \u00e0 pistes noires d&#8217;Europe 12 pistes De bowling Venez vous mesurer contre vos amis dans un complexe de [&hellip;]","og_url":"https:\/\/gamesfactory.fr\/quetigny\/bowling\/","og_site_name":"Games Factory Qu\u00e9tigny","article_modified_time":"2026-01-20T14:58:25+00:00","twitter_card":"summary_large_image","twitter_misc":{"Dur\u00e9e de lecture estim\u00e9e":"1 minute"},"schema":{"@context":"https:\/\/schema.org","@graph":[{"@type":"WebPage","@id":"https:\/\/gamesfactory.fr\/quetigny\/bowling\/","url":"https:\/\/gamesfactory.fr\/quetigny\/bowling\/","name":"Bowling - Games Factory Qu\u00e9tigny","isPartOf":{"@id":"https:\/\/gamesfactory.fr\/quetigny\/#website"},"datePublished":"2020-09-03T13:23:51+00:00","dateModified":"2026-01-20T14:58:25+00:00","breadcrumb":{"@id":"https:\/\/gamesfactory.fr\/quetigny\/bowling\/#breadcrumb"},"inLanguage":"fr-FR","potentialAction":[{"@type":"ReadAction","target":["https:\/\/gamesfactory.fr\/quetigny\/bowling\/"]}]},{"@type":"BreadcrumbList","@id":"https:\/\/gamesfactory.fr\/quetigny\/bowling\/#breadcrumb","itemListElement":[{"@type":"ListItem","position":1,"name":"Accueil","item":"https:\/\/gamesfactory.fr\/quetigny\/"},{"@type":"ListItem","position":2,"name":"Bowling"}]},{"@type":"WebSite","@id":"https:\/\/gamesfactory.fr\/quetigny\/#website","url":"https:\/\/gamesfactory.fr\/quetigny\/","name":"Games Factory Qu\u00e9tigny","description":"Votre complexe de loisirs \u00e0 Qu\u00e9tigny","potentialAction":[{"@type":"SearchAction","target":{"@type":"EntryPoint","urlTemplate":"https:\/\/gamesfactory.fr\/quetigny\/?s={search_term_string}"},"query-input":{"@type":"PropertyValueSpecification","valueRequired":true,"valueName":"search_term_string"}}],"inLanguage":"fr-FR"}]}},"_links":{"self":[{"href":"https:\/\/gamesfactory.fr\/quetigny\/wp-json\/wp\/v2\/pages\/82","targetHints":{"allow":["GET"]}}],"collection":[{"href":"https:\/\/gamesfactory.fr\/quetigny\/wp-json\/wp\/v2\/pages"}],"about":[{"href":"https:\/\/gamesfactory.fr\/quetigny\/wp-json\/wp\/v2\/types\/page"}],"author":[{"embeddable":true,"href":"https:\/\/gamesfactory.fr\/quetigny\/wp-json\/wp\/v2\/users\/1"}],"replies":[{"embeddable":true,"href":"https:\/\/gamesfactory.fr\/quetigny\/wp-json\/wp\/v2\/comments?post=82"}],"version-history":[{"count":183,"href":"https:\/\/gamesfactory.fr\/quetigny\/wp-json\/wp\/v2\/pages\/82\/revisions"}],"predecessor-version":[{"id":3407,"href":"https:\/\/gamesfactory.fr\/quetigny\/wp-json\/wp\/v2\/pages\/82\/revisions\/3407"}],"wp:attachment":[{"href":"https:\/\/gamesfactory.fr\/quetigny\/wp-json\/wp\/v2\/media?parent=82"}],"curies":[{"name":"wp","href":"https:\/\/api.w.org\/{rel}","templated":true}]}}