{"id":199,"date":"2020-09-09T10:22:42","date_gmt":"2020-09-09T08:22:42","guid":{"rendered":"https:\/\/gamesfactory.fr\/reims\/?page_id=199"},"modified":"2026-04-14T11:23:29","modified_gmt":"2026-04-14T09:23:29","slug":"billard","status":"publish","type":"page","link":"https:\/\/gamesfactory.fr\/reims\/billard\/","title":{"rendered":"Billard"},"content":{"rendered":"\t\t<div data-elementor-type=\"wp-page\" data-elementor-id=\"199\" class=\"elementor elementor-199\">\n\t\t\t\t\t\t<section class=\"elementor-section elementor-top-section elementor-element elementor-element-6d38c56 elementor-section-full_width elementor-section-height-min-height elementor-section-height-default elementor-section-items-middle\" data-id=\"6d38c56\" data-element_type=\"section\" data-settings=\"{&quot;background_background&quot;:&quot;classic&quot;}\">\n\t\t\t\t\t\t\t<div class=\"elementor-background-overlay\"><\/div>\n\t\t\t\t\t\t\t<div class=\"elementor-container elementor-column-gap-default\">\n\t\t\t\t\t<div class=\"elementor-column elementor-col-100 elementor-top-column elementor-element elementor-element-6a256ba\" data-id=\"6a256ba\" data-element_type=\"column\">\n\t\t\t<div class=\"elementor-widget-wrap elementor-element-populated\">\n\t\t\t\t\t\t<div class=\"elementor-element elementor-element-6edb3ad elementor-widget elementor-widget-heading\" data-id=\"6edb3ad\" data-element_type=\"widget\" data-widget_type=\"heading.default\">\n\t\t\t\t<div class=\"elementor-widget-container\">\n\t\t\t\t\t<h2 class=\"elementor-heading-title elementor-size-default\">5 billards pool am\u00e9ricain<\/h2>\t\t\t\t<\/div>\n\t\t\t\t<\/div>\n\t\t\t\t<div class=\"elementor-element elementor-element-d33547a elementor-widget elementor-widget-heading\" data-id=\"d33547a\" data-element_type=\"widget\" data-widget_type=\"heading.default\">\n\t\t\t\t<div class=\"elementor-widget-container\">\n\t\t\t\t\t<h2 class=\"elementor-heading-title elementor-size-default\">venez tester votre dext\u00e9rit\u00e9 au billard<\/h2>\t\t\t\t<\/div>\n\t\t\t\t<\/div>\n\t\t\t\t\t<\/div>\n\t\t<\/div>\n\t\t\t\t\t<\/div>\n\t\t<\/section>\n\t\t\t\t<section class=\"elementor-section elementor-top-section elementor-element elementor-element-be47b0c elementor-section-full_width elementor-section-height-default elementor-section-height-default\" data-id=\"be47b0c\" data-element_type=\"section\">\n\t\t\t\t\t\t<div class=\"elementor-container elementor-column-gap-default\">\n\t\t\t\t\t<div class=\"elementor-column elementor-col-100 elementor-top-column elementor-element elementor-element-27a3c8b\" data-id=\"27a3c8b\" data-element_type=\"column\">\n\t\t\t<div class=\"elementor-widget-wrap elementor-element-populated\">\n\t\t\t\t\t\t<section class=\"elementor-section elementor-inner-section elementor-element elementor-element-670309f elementor-section-full_width elementor-reverse-mobile elementor-section-content-middle elementor-section-height-default elementor-section-height-default\" data-id=\"670309f\" data-element_type=\"section\">\n\t\t\t\t\t\t<div class=\"elementor-container elementor-column-gap-default\">\n\t\t\t\t\t<div class=\"elementor-column elementor-col-50 elementor-inner-column elementor-element elementor-element-0fa9229\" data-id=\"0fa9229\" data-element_type=\"column\">\n\t\t\t<div class=\"elementor-widget-wrap elementor-element-populated\">\n\t\t\t\t\t\t<div class=\"elementor-element elementor-element-0a7fc8c elementor-widget elementor-widget-ucaddon_block_text_titre\" data-id=\"0a7fc8c\" data-element_type=\"widget\" data-widget_type=\"ucaddon_block_text_titre.default\">\n\t\t\t\t<div class=\"elementor-widget-container\">\n\t\t\t\t\t\n<!-- start Block text -->\n\t\t<link id='uc_ac_assets_file_block_text_css_925-css' href='https:\/\/gamesfactory.fr\/reims\/wp-content\/uploads\/sites\/18\/ac_assets\/custom\/block-text.css' type='text\/css' rel='stylesheet' >\n\n\n<div class=\"block-text-titre\">\n  <h2 class=\"titre\">Venez d\u00e9fier vos amis<\/h2>\n  <h3 class=\"sous-titre\">AU BILLARD Am\u00e9ricain !<\/h3>\n  <p class=\"description\"><p>5 billards Pool Am\u00e9ricain sont \u00e0 votre disposition pour profiter d\u2019un moment convivial entre amis.<\/p><\/p>\n<\/div>\n<!-- end Block text -->\t\t\t\t<\/div>\n\t\t\t\t<\/div>\n\t\t\t\t<div class=\"elementor-element elementor-element-ad50e95 elementor-align-justify gf-btn elementor-widget elementor-widget-button\" data-id=\"ad50e95\" data-element_type=\"widget\" data-widget_type=\"button.default\">\n\t\t\t\t<div class=\"elementor-widget-container\">\n\t\t\t\t\t\t\t\t\t<div class=\"elementor-button-wrapper\">\n\t\t\t\t\t<a class=\"elementor-button elementor-button-link elementor-size-md\" href=\"#tarif-billard\">\n\t\t\t\t\t\t<span class=\"elementor-button-content-wrapper\">\n\t\t\t\t\t\t\t\t\t<span class=\"elementor-button-text\">nos tarifs<\/span>\n\t\t\t\t\t<\/span>\n\t\t\t\t\t<\/a>\n\t\t\t\t<\/div>\n\t\t\t\t\t\t\t\t<\/div>\n\t\t\t\t<\/div>\n\t\t\t\t<div class=\"elementor-element elementor-element-26acb30 elementor-button-info elementor-align-justify elementor-widget elementor-widget-button\" data-id=\"26acb30\" data-element_type=\"widget\" data-widget_type=\"button.default\">\n\t\t\t\t<div class=\"elementor-widget-container\">\n\t\t\t\t\t\t\t\t\t<div class=\"elementor-button-wrapper\">\n\t\t\t\t\t<a class=\"elementor-button elementor-button-link elementor-size-md\" href=\"https:\/\/gamesfactory.fr\/reims\/wp-content\/uploads\/sites\/18\/2026\/01\/GF-A4-Carte-fidelite-18x225cm-Reims-EXE.pdf\">\n\t\t\t\t\t\t<span class=\"elementor-button-content-wrapper\">\n\t\t\t\t\t\t\t\t\t<span class=\"elementor-button-text\">CARTE DE FID\u00c9LIT\u00c9<\/span>\n\t\t\t\t\t<\/span>\n\t\t\t\t\t<\/a>\n\t\t\t\t<\/div>\n\t\t\t\t\t\t\t\t<\/div>\n\t\t\t\t<\/div>\n\t\t\t\t\t<\/div>\n\t\t<\/div>\n\t\t\t\t<div class=\"elementor-column elementor-col-50 elementor-inner-column elementor-element elementor-element-b8fd606\" data-id=\"b8fd606\" data-element_type=\"column\">\n\t\t\t<div class=\"elementor-widget-wrap elementor-element-populated\">\n\t\t\t\t\t\t<div class=\"elementor-element elementor-element-a339567 elementor-widget elementor-widget-ucaddon_block_image\" data-id=\"a339567\" data-element_type=\"widget\" data-widget_type=\"ucaddon_block_image.default\">\n\t\t\t\t<div class=\"elementor-widget-container\">\n\t\t\t\t\t\n<!-- start Block image -->\n\t\t<link id='uc_ac_assets_file_block_image_css_912-css' href='https:\/\/gamesfactory.fr\/reims\/wp-content\/uploads\/sites\/18\/ac_assets\/custom\/block-image.css' type='text\/css' rel='stylesheet' >\n\n\n<div class=\"block-image\">\n  <div class=\"bg\" style=\"background-image: url('https:\/\/gamesfactory.fr\/reims\/wp-content\/uploads\/sites\/18\/2026\/01\/playing-billiard-2026-01-07-06-37-07-utc-scaled.jpg'); \"><\/div>\n<\/div>\n<!-- end Block image -->\t\t\t\t<\/div>\n\t\t\t\t<\/div>\n\t\t\t\t\t<\/div>\n\t\t<\/div>\n\t\t\t\t\t<\/div>\n\t\t<\/section>\n\t\t\t\t\t<\/div>\n\t\t<\/div>\n\t\t\t\t\t<\/div>\n\t\t<\/section>\n\t\t\t\t<section class=\"elementor-section elementor-top-section elementor-element elementor-element-cf3cdd8 elementor-section-boxed elementor-section-height-default elementor-section-height-default\" data-id=\"cf3cdd8\" data-element_type=\"section\" id=\"tarif-billard\">\n\t\t\t\t\t\t<div class=\"elementor-container elementor-column-gap-default\">\n\t\t\t\t\t<div class=\"elementor-column elementor-col-100 elementor-top-column elementor-element elementor-element-e68a573\" data-id=\"e68a573\" data-element_type=\"column\">\n\t\t\t<div class=\"elementor-widget-wrap elementor-element-populated\">\n\t\t\t\t\t\t<div class=\"elementor-element elementor-element-1055cc7 elementor-widget elementor-widget-heading\" data-id=\"1055cc7\" data-element_type=\"widget\" data-widget_type=\"heading.default\">\n\t\t\t\t<div class=\"elementor-widget-container\">\n\t\t\t\t\t<h2 class=\"elementor-heading-title elementor-size-default\">tarif<\/h2>\t\t\t\t<\/div>\n\t\t\t\t<\/div>\n\t\t\t\t<section class=\"elementor-section elementor-inner-section elementor-element elementor-element-40a0f76 elementor-section-boxed elementor-section-height-default elementor-section-height-default\" data-id=\"40a0f76\" data-element_type=\"section\">\n\t\t\t\t\t\t<div class=\"elementor-container elementor-column-gap-default\">\n\t\t\t\t\t<div class=\"elementor-column elementor-col-33 elementor-inner-column elementor-element elementor-element-9809959\" data-id=\"9809959\" data-element_type=\"column\">\n\t\t\t<div class=\"elementor-widget-wrap\">\n\t\t\t\t\t\t\t<\/div>\n\t\t<\/div>\n\t\t\t\t<div class=\"elementor-column elementor-col-33 elementor-inner-column elementor-element elementor-element-e41a4e7\" data-id=\"e41a4e7\" data-element_type=\"column\">\n\t\t\t<div class=\"elementor-widget-wrap elementor-element-populated\">\n\t\t\t\t\t\t<div class=\"elementor-element elementor-element-738c5c1 elementor-widget elementor-widget-ucaddon_block_prix\" data-id=\"738c5c1\" data-element_type=\"widget\" data-widget_type=\"ucaddon_block_prix.default\">\n\t\t\t\t<div class=\"elementor-widget-container\">\n\t\t\t\t\t\n<!-- start Block prix -->\n\t\t<link id='uc_ac_assets_file_block_prix_css_1259-css' href='https:\/\/gamesfactory.fr\/reims\/wp-content\/uploads\/sites\/18\/ac_assets\/custom\/block-prix.css' type='text\/css' rel='stylesheet' >\n\n\n<div class=\"block-prix\">\n\t\n\t<div class=\"cont-titre\">\n\t\t<h2 class=\"titre\">tarif au prorata<\/h2>\n\t<\/div>\n\n\t<div class=\"cont-prix\">\n\t\t<h3 class=\"prix\">0,25\u20ac<\/h3>\n\t\t<span class=\"prix-detail\">la minute*<\/span>\n\t<\/div>\n\t\n          <div class=\"cont-description\">\n        <p>*soit 7,50\u20ac les 30 minutes<br \/>D\u00e9p\u00f4t d\u2019un bien personnel en garantie<\/p>\n      <\/div>\n    \n  \t  \n<\/div>\n<!-- end Block prix -->\t\t\t\t<\/div>\n\t\t\t\t<\/div>\n\t\t\t\t\t<\/div>\n\t\t<\/div>\n\t\t\t\t<div class=\"elementor-column elementor-col-33 elementor-inner-column elementor-element elementor-element-24b1076\" data-id=\"24b1076\" data-element_type=\"column\">\n\t\t\t<div class=\"elementor-widget-wrap\">\n\t\t\t\t\t\t\t<\/div>\n\t\t<\/div>\n\t\t\t\t\t<\/div>\n\t\t<\/section>\n\t\t\t\t\t<\/div>\n\t\t<\/div>\n\t\t\t\t\t<\/div>\n\t\t<\/section>\n\t\t\t\t<\/div>\n\t\t","protected":false},"excerpt":{"rendered":"<p>5 billards pool am\u00e9ricain venez tester votre dext\u00e9rit\u00e9 au billard Venez d\u00e9fier vos amis AU BILLARD Am\u00e9ricain ! 5 billards Pool Am\u00e9ricain sont \u00e0 votre disposition pour profiter d\u2019un moment convivial entre amis. nos tarifs CARTE DE FID\u00c9LIT\u00c9 tarif tarif au prorata 0,25\u20ac la minute* *soit 7,50\u20ac les 30 minutesD\u00e9p\u00f4t d\u2019un bien personnel en garantie<\/p>\n","protected":false},"author":1,"featured_media":0,"parent":0,"menu_order":0,"comment_status":"closed","ping_status":"closed","template":"","meta":{"inline_featured_image":false,"site-sidebar-layout":"no-sidebar","site-content-layout":"page-builder","ast-site-content-layout":"","site-content-style":"default","site-sidebar-style":"default","ast-global-header-display":"","ast-banner-title-visibility":"","ast-main-header-display":"","ast-hfb-above-header-display":"","ast-hfb-below-header-display":"","ast-hfb-mobile-header-display":"","site-post-title":"disabled","ast-breadcrumbs-content":"","ast-featured-img":"disabled","footer-sml-layout":"","theme-transparent-header-meta":"default","adv-header-id-meta":"","stick-header-meta":"","header-above-stick-meta":"","header-main-stick-meta":"","header-below-stick-meta":"","astra-migrate-meta-layouts":"default","ast-page-background-enabled":"default","ast-page-background-meta":{"desktop":{"background-color":"","background-image":"","background-repeat":"repeat","background-position":"center center","background-size":"auto","background-attachment":"scroll","background-type":"","background-media":"","overlay-type":"","overlay-color":"","overlay-opacity":"","overlay-gradient":""},"tablet":{"background-color":"","background-image":"","background-repeat":"repeat","background-position":"center center","background-size":"auto","background-attachment":"scroll","background-type":"","background-media":"","overlay-type":"","overlay-color":"","overlay-opacity":"","overlay-gradient":""},"mobile":{"background-color":"","background-image":"","background-repeat":"repeat","background-position":"center center","background-size":"auto","background-attachment":"scroll","background-type":"","background-media":"","overlay-type":"","overlay-color":"","overlay-opacity":"","overlay-gradient":""}},"ast-content-background-meta":{"desktop":{"background-color":"var(--ast-global-color-5)","background-image":"","background-repeat":"repeat","background-position":"center center","background-size":"auto","background-attachment":"scroll","background-type":"","background-media":"","overlay-type":"","overlay-color":"","overlay-opacity":"","overlay-gradient":""},"tablet":{"background-color":"var(--ast-global-color-5)","background-image":"","background-repeat":"repeat","background-position":"center center","background-size":"auto","background-attachment":"scroll","background-type":"","background-media":"","overlay-type":"","overlay-color":"","overlay-opacity":"","overlay-gradient":""},"mobile":{"background-color":"var(--ast-global-color-5)","background-image":"","background-repeat":"repeat","background-position":"center center","background-size":"auto","background-attachment":"scroll","background-type":"","background-media":"","overlay-type":"","overlay-color":"","overlay-opacity":"","overlay-gradient":""}},"footnotes":""},"class_list":["post-199","page","type-page","status-publish","hentry"],"yoast_head":"<!-- This site is optimized with the Yoast SEO plugin v24.6 - https:\/\/yoast.com\/wordpress\/plugins\/seo\/ -->\n<title>Billard - Games Factory Reims<\/title>\n<meta name=\"robots\" content=\"index, follow, max-snippet:-1, max-image-preview:large, max-video-preview:-1\" \/>\n<link rel=\"canonical\" href=\"https:\/\/gamesfactory.fr\/reims\/billard\/\" \/>\n<meta property=\"og:locale\" content=\"fr_FR\" \/>\n<meta property=\"og:type\" content=\"article\" \/>\n<meta property=\"og:title\" content=\"Billard - Games Factory Reims\" \/>\n<meta property=\"og:description\" content=\"5 billards pool am\u00e9ricain venez tester votre dext\u00e9rit\u00e9 au billard Venez d\u00e9fier vos amis AU BILLARD Am\u00e9ricain ! 5 billards Pool Am\u00e9ricain sont \u00e0 votre disposition pour profiter d\u2019un moment convivial entre amis. nos tarifs CARTE DE FID\u00c9LIT\u00c9 tarif tarif au prorata 0,25\u20ac la minute* *soit 7,50\u20ac les 30 minutesD\u00e9p\u00f4t d\u2019un bien personnel en garantie\" \/>\n<meta property=\"og:url\" content=\"https:\/\/gamesfactory.fr\/reims\/billard\/\" \/>\n<meta property=\"og:site_name\" content=\"Games Factory Reims\" \/>\n<meta property=\"article:modified_time\" content=\"2026-04-14T09:23:29+00:00\" \/>\n<meta name=\"twitter:card\" content=\"summary_large_image\" \/>\n<meta name=\"twitter:label1\" content=\"Dur\u00e9e de lecture estim\u00e9e\" \/>\n\t<meta name=\"twitter:data1\" content=\"1 minute\" \/>\n<script type=\"application\/ld+json\" class=\"yoast-schema-graph\">{\"@context\":\"https:\/\/schema.org\",\"@graph\":[{\"@type\":\"WebPage\",\"@id\":\"https:\/\/gamesfactory.fr\/reims\/billard\/\",\"url\":\"https:\/\/gamesfactory.fr\/reims\/billard\/\",\"name\":\"Billard - Games Factory Reims\",\"isPartOf\":{\"@id\":\"https:\/\/gamesfactory.fr\/reims\/#website\"},\"datePublished\":\"2020-09-09T08:22:42+00:00\",\"dateModified\":\"2026-04-14T09:23:29+00:00\",\"breadcrumb\":{\"@id\":\"https:\/\/gamesfactory.fr\/reims\/billard\/#breadcrumb\"},\"inLanguage\":\"fr-FR\",\"potentialAction\":[{\"@type\":\"ReadAction\",\"target\":[\"https:\/\/gamesfactory.fr\/reims\/billard\/\"]}]},{\"@type\":\"BreadcrumbList\",\"@id\":\"https:\/\/gamesfactory.fr\/reims\/billard\/#breadcrumb\",\"itemListElement\":[{\"@type\":\"ListItem\",\"position\":1,\"name\":\"Accueil\",\"item\":\"https:\/\/gamesfactory.fr\/reims\/\"},{\"@type\":\"ListItem\",\"position\":2,\"name\":\"Billard\"}]},{\"@type\":\"WebSite\",\"@id\":\"https:\/\/gamesfactory.fr\/reims\/#website\",\"url\":\"https:\/\/gamesfactory.fr\/reims\/\",\"name\":\"Games Factory Reims\",\"description\":\"Votre complexe de loisirs \u00e0 Reims\",\"potentialAction\":[{\"@type\":\"SearchAction\",\"target\":{\"@type\":\"EntryPoint\",\"urlTemplate\":\"https:\/\/gamesfactory.fr\/reims\/?s={search_term_string}\"},\"query-input\":{\"@type\":\"PropertyValueSpecification\",\"valueRequired\":true,\"valueName\":\"search_term_string\"}}],\"inLanguage\":\"fr-FR\"}]}<\/script>\n<!-- \/ Yoast SEO plugin. -->","yoast_head_json":{"title":"Billard - Games Factory Reims","robots":{"index":"index","follow":"follow","max-snippet":"max-snippet:-1","max-image-preview":"max-image-preview:large","max-video-preview":"max-video-preview:-1"},"canonical":"https:\/\/gamesfactory.fr\/reims\/billard\/","og_locale":"fr_FR","og_type":"article","og_title":"Billard - Games Factory Reims","og_description":"5 billards pool am\u00e9ricain venez tester votre dext\u00e9rit\u00e9 au billard Venez d\u00e9fier vos amis AU BILLARD Am\u00e9ricain ! 5 billards Pool Am\u00e9ricain sont \u00e0 votre disposition pour profiter d\u2019un moment convivial entre amis. nos tarifs CARTE DE FID\u00c9LIT\u00c9 tarif tarif au prorata 0,25\u20ac la minute* *soit 7,50\u20ac les 30 minutesD\u00e9p\u00f4t d\u2019un bien personnel en garantie","og_url":"https:\/\/gamesfactory.fr\/reims\/billard\/","og_site_name":"Games Factory Reims","article_modified_time":"2026-04-14T09:23:29+00:00","twitter_card":"summary_large_image","twitter_misc":{"Dur\u00e9e de lecture estim\u00e9e":"1 minute"},"schema":{"@context":"https:\/\/schema.org","@graph":[{"@type":"WebPage","@id":"https:\/\/gamesfactory.fr\/reims\/billard\/","url":"https:\/\/gamesfactory.fr\/reims\/billard\/","name":"Billard - Games Factory Reims","isPartOf":{"@id":"https:\/\/gamesfactory.fr\/reims\/#website"},"datePublished":"2020-09-09T08:22:42+00:00","dateModified":"2026-04-14T09:23:29+00:00","breadcrumb":{"@id":"https:\/\/gamesfactory.fr\/reims\/billard\/#breadcrumb"},"inLanguage":"fr-FR","potentialAction":[{"@type":"ReadAction","target":["https:\/\/gamesfactory.fr\/reims\/billard\/"]}]},{"@type":"BreadcrumbList","@id":"https:\/\/gamesfactory.fr\/reims\/billard\/#breadcrumb","itemListElement":[{"@type":"ListItem","position":1,"name":"Accueil","item":"https:\/\/gamesfactory.fr\/reims\/"},{"@type":"ListItem","position":2,"name":"Billard"}]},{"@type":"WebSite","@id":"https:\/\/gamesfactory.fr\/reims\/#website","url":"https:\/\/gamesfactory.fr\/reims\/","name":"Games Factory Reims","description":"Votre complexe de loisirs \u00e0 Reims","potentialAction":[{"@type":"SearchAction","target":{"@type":"EntryPoint","urlTemplate":"https:\/\/gamesfactory.fr\/reims\/?s={search_term_string}"},"query-input":{"@type":"PropertyValueSpecification","valueRequired":true,"valueName":"search_term_string"}}],"inLanguage":"fr-FR"}]}},"_links":{"self":[{"href":"https:\/\/gamesfactory.fr\/reims\/wp-json\/wp\/v2\/pages\/199","targetHints":{"allow":["GET"]}}],"collection":[{"href":"https:\/\/gamesfactory.fr\/reims\/wp-json\/wp\/v2\/pages"}],"about":[{"href":"https:\/\/gamesfactory.fr\/reims\/wp-json\/wp\/v2\/types\/page"}],"author":[{"embeddable":true,"href":"https:\/\/gamesfactory.fr\/reims\/wp-json\/wp\/v2\/users\/1"}],"replies":[{"embeddable":true,"href":"https:\/\/gamesfactory.fr\/reims\/wp-json\/wp\/v2\/comments?post=199"}],"version-history":[{"count":94,"href":"https:\/\/gamesfactory.fr\/reims\/wp-json\/wp\/v2\/pages\/199\/revisions"}],"predecessor-version":[{"id":7594,"href":"https:\/\/gamesfactory.fr\/reims\/wp-json\/wp\/v2\/pages\/199\/revisions\/7594"}],"wp:attachment":[{"href":"https:\/\/gamesfactory.fr\/reims\/wp-json\/wp\/v2\/media?parent=199"}],"curies":[{"name":"wp","href":"https:\/\/api.w.org\/{rel}","templated":true}]}}