{"id":76,"date":"2020-09-03T11:24:58","date_gmt":"2020-09-03T09:24:58","guid":{"rendered":"https:\/\/gamesfactory.fr\/reims\/?page_id=76"},"modified":"2026-02-20T08:59:19","modified_gmt":"2026-02-20T07:59:19","slug":"anniversaire","status":"publish","type":"page","link":"https:\/\/gamesfactory.fr\/reims\/anniversaire\/","title":{"rendered":"Anniversaire"},"content":{"rendered":"\t\t<div data-elementor-type=\"wp-page\" data-elementor-id=\"76\" class=\"elementor elementor-76\">\n\t\t\t\t\t\t<section class=\"elementor-section elementor-top-section elementor-element elementor-element-29e36f89 elementor-section-full_width elementor-section-height-default elementor-section-height-default\" data-id=\"29e36f89\" data-element_type=\"section\">\n\t\t\t\t\t\t<div class=\"elementor-container elementor-column-gap-default\">\n\t\t\t\t\t<div class=\"elementor-column elementor-col-100 elementor-top-column elementor-element elementor-element-4dd43229\" data-id=\"4dd43229\" data-element_type=\"column\">\n\t\t\t<div class=\"elementor-widget-wrap elementor-element-populated\">\n\t\t\t\t\t\t<section class=\"elementor-section elementor-inner-section elementor-element elementor-element-1cfd59c1 elementor-section-full_width elementor-reverse-mobile elementor-section-height-default elementor-section-height-default\" data-id=\"1cfd59c1\" data-element_type=\"section\">\n\t\t\t\t\t\t<div class=\"elementor-container elementor-column-gap-default\">\n\t\t\t\t\t<div class=\"elementor-column elementor-col-50 elementor-inner-column elementor-element elementor-element-5b38b9de\" data-id=\"5b38b9de\" data-element_type=\"column\">\n\t\t\t<div class=\"elementor-widget-wrap elementor-element-populated\">\n\t\t\t\t\t\t<div class=\"elementor-element elementor-element-31fc2d60 elementor-widget elementor-widget-ucaddon_block_image\" data-id=\"31fc2d60\" data-element_type=\"widget\" data-widget_type=\"ucaddon_block_image.default\">\n\t\t\t\t<div class=\"elementor-widget-container\">\n\t\t\t\t\t\n<!-- start Block image -->\n\t\t<link id='uc_ac_assets_file_block_image_css_912-css' href='https:\/\/gamesfactory.fr\/reims\/wp-content\/uploads\/sites\/18\/ac_assets\/custom\/block-image.css' type='text\/css' rel='stylesheet' >\n\n\n<div class=\"block-image\">\n  <div class=\"bg\" style=\"background-image: url('https:\/\/gamesfactory.fr\/reims\/wp-content\/uploads\/sites\/18\/2025\/04\/photos-enfants.jpg'); \"><\/div>\n<\/div>\n<!-- end Block image -->\t\t\t\t<\/div>\n\t\t\t\t<\/div>\n\t\t\t\t\t<\/div>\n\t\t<\/div>\n\t\t\t\t<div class=\"elementor-column elementor-col-50 elementor-inner-column elementor-element elementor-element-10e4ae5b\" data-id=\"10e4ae5b\" data-element_type=\"column\">\n\t\t\t<div class=\"elementor-widget-wrap elementor-element-populated\">\n\t\t\t\t\t\t<div class=\"elementor-element elementor-element-433a3ec elementor-widget elementor-widget-ucaddon_block_rouge_titre\" data-id=\"433a3ec\" data-element_type=\"widget\" data-widget_type=\"ucaddon_block_rouge_titre.default\">\n\t\t\t\t<div class=\"elementor-widget-container\">\n\t\t\t\t\t\n<!-- start Block titre -->\n\t\t<link id='uc_ac_assets_file_block_titre_css_1681-css' href='https:\/\/gamesfactory.fr\/reims\/wp-content\/uploads\/sites\/18\/ac_assets\/custom\/block-titre.css' type='text\/css' rel='stylesheet' >\n\n\n<div class=\"block-titre\">\n\n  <div class=\"content\">\n\n          <h2 class=\"titre\">Transformez son anniversaire<\/h2>\n      <h3 class=\"sous-titre\">En un moment inoubliable !<\/h3>\n    \n\n\n    \n    \n  <\/div>\t\n\n<\/div>\n<!-- end Block titre -->\t\t\t\t<\/div>\n\t\t\t\t<\/div>\n\t\t\t\t\t<\/div>\n\t\t<\/div>\n\t\t\t\t\t<\/div>\n\t\t<\/section>\n\t\t\t\t<section class=\"elementor-section elementor-inner-section elementor-element elementor-element-1699fa2a elementor-section-full_width elementor-section-height-default elementor-section-height-default\" data-id=\"1699fa2a\" data-element_type=\"section\">\n\t\t\t\t\t\t<div class=\"elementor-container elementor-column-gap-default\">\n\t\t\t\t\t<div class=\"elementor-column elementor-col-50 elementor-inner-column elementor-element elementor-element-6554ea58\" data-id=\"6554ea58\" data-element_type=\"column\">\n\t\t\t<div class=\"elementor-widget-wrap elementor-element-populated\">\n\t\t\t\t\t\t<div class=\"elementor-element elementor-element-655e4cf elementor-widget__width-inherit elementor-widget elementor-widget-ucaddon_block_rouge_titre\" data-id=\"655e4cf\" data-element_type=\"widget\" data-widget_type=\"ucaddon_block_rouge_titre.default\">\n\t\t\t\t<div class=\"elementor-widget-container\">\n\t\t\t\t\t\n<!-- start Block titre -->\n\n\n<div class=\"block-titre\">\n\n  <div class=\"content\">\n\n          <h2 class=\"titre\">T\u00e9l\u00e9charge, imprime et invite tes amis \u00e0 f\u00eater ton anniversaire<\/h2>\n      <h3 class=\"sous-titre\">Je t\u00e9l\u00e9charge mon carton d'invitation<\/h3>\n    \n\n\n        \t<a href=\"https:\/\/gamesfactory.fr\/wp-content\/uploads\/2026\/01\/GF-Carton-invitation-anniversaire-A4-VERSO-Reims.pdf\" class=\"lien\"><\/a>\n    \n    \n  <\/div>\t\n\n<\/div>\n<!-- end Block titre -->\t\t\t\t<\/div>\n\t\t\t\t<\/div>\n\t\t\t\t\t<\/div>\n\t\t<\/div>\n\t\t\t\t<div class=\"elementor-column elementor-col-50 elementor-inner-column elementor-element elementor-element-638fa999\" data-id=\"638fa999\" data-element_type=\"column\">\n\t\t\t<div class=\"elementor-widget-wrap elementor-element-populated\">\n\t\t\t\t\t\t<div class=\"elementor-element elementor-element-435ad3a4 elementor-widget elementor-widget-ucaddon_block_text_titre\" data-id=\"435ad3a4\" data-element_type=\"widget\" data-widget_type=\"ucaddon_block_text_titre.default\">\n\t\t\t\t<div class=\"elementor-widget-container\">\n\t\t\t\t\t\n<!-- start Block text -->\n\t\t<link id='uc_ac_assets_file_block_text_css_925-css' href='https:\/\/gamesfactory.fr\/reims\/wp-content\/uploads\/sites\/18\/ac_assets\/custom\/block-text.css' type='text\/css' rel='stylesheet' >\n\n\n<div class=\"block-text-titre\">\n  <h2 class=\"titre\">\u00c0 partir de 3 ans jusqu\u2019\u00e0 17 ans.<\/h2>\n  <h3 class=\"sous-titre\">Viens f\u00eater ton anniversaire \u00e0 Games Factory !<\/h3>\n  <p class=\"description\"><p>Pour les plus jeunes, nous mettons \u00e0 votre disposition des boules l\u00e9g\u00e8res et des barri\u00e8res automatiques afin d\u2019\u00e9viter que les boules ne tombent dans les goutti\u00e8res.<\/p><p>Ainsi votre enfant r\u00e9alisera le plus beau\u00a0score\u00a0!<\/p><p>Si vous avez un doute concernant le nombre d\u2019enfants pr\u00e9sents, merci d\u2019indiquer le nombre d\u2019enfants maximum invit\u00e9s.\u00a0Merci de nous contacter 24 heures \u00e0 l\u2019avance afin de nous donner le nombre exact d\u2019enfants.<\/p><\/p>\n<\/div>\n<!-- end Block text -->\t\t\t\t<\/div>\n\t\t\t\t<\/div>\n\t\t\t\t<div class=\"elementor-element elementor-element-c19d049 elementor-align-justify elementor-hidden-desktop elementor-hidden-tablet elementor-hidden-mobile elementor-widget elementor-widget-button\" data-id=\"c19d049\" data-element_type=\"widget\" data-widget_type=\"button.default\">\n\t\t\t\t<div class=\"elementor-widget-container\">\n\t\t\t\t\t\t\t\t\t<div class=\"elementor-button-wrapper\">\n\t\t\t\t\t<a class=\"elementor-button elementor-button-link elementor-size-md\" href=\"https:\/\/gamesfactory.fr\/salaise-sur-sanne\/reservations\/\">\n\t\t\t\t\t\t<span class=\"elementor-button-content-wrapper\">\n\t\t\t\t\t\t\t\t\t<span class=\"elementor-button-text\">R\u00e9servation<\/span>\n\t\t\t\t\t<\/span>\n\t\t\t\t\t<\/a>\n\t\t\t\t<\/div>\n\t\t\t\t\t\t\t\t<\/div>\n\t\t\t\t<\/div>\n\t\t\t\t\t<\/div>\n\t\t<\/div>\n\t\t\t\t\t<\/div>\n\t\t<\/section>\n\t\t\t\t<section class=\"elementor-section elementor-inner-section elementor-element elementor-element-76d8be19 elementor-section-full_width elementor-section-height-default elementor-section-height-default\" data-id=\"76d8be19\" data-element_type=\"section\">\n\t\t\t\t\t\t<div class=\"elementor-container elementor-column-gap-default\">\n\t\t\t\t\t<div class=\"elementor-column elementor-col-33 elementor-inner-column elementor-element elementor-element-81e9d44\" data-id=\"81e9d44\" data-element_type=\"column\">\n\t\t\t<div class=\"elementor-widget-wrap elementor-element-populated\">\n\t\t\t\t\t\t<div class=\"elementor-element elementor-element-4b09f205 elementor-widget elementor-widget-ucaddon_block_image\" data-id=\"4b09f205\" data-element_type=\"widget\" data-widget_type=\"ucaddon_block_image.default\">\n\t\t\t\t<div class=\"elementor-widget-container\">\n\t\t\t\t\t\n<!-- start Block image -->\n\n\n<div class=\"block-image\">\n  <div class=\"bg\" style=\"background-image: url('https:\/\/gamesfactory.fr\/reims\/wp-content\/uploads\/sites\/18\/2022\/08\/Sans-titre-81.png'); \"><\/div>\n<\/div>\n<!-- end Block image -->\t\t\t\t<\/div>\n\t\t\t\t<\/div>\n\t\t\t\t\t<\/div>\n\t\t<\/div>\n\t\t\t\t<div class=\"elementor-column elementor-col-33 elementor-inner-column elementor-element elementor-element-60c504ec\" data-id=\"60c504ec\" data-element_type=\"column\">\n\t\t\t<div class=\"elementor-widget-wrap elementor-element-populated\">\n\t\t\t\t\t\t<div class=\"elementor-element elementor-element-54e51479 elementor-widget elementor-widget-ucaddon_block_rouge_titre\" data-id=\"54e51479\" data-element_type=\"widget\" data-widget_type=\"ucaddon_block_rouge_titre.default\">\n\t\t\t\t<div class=\"elementor-widget-container\">\n\t\t\t\t\t\n<!-- start Block titre -->\n\n\n<div class=\"block-titre\">\n\n  <div class=\"content\">\n\n          <h2 class=\"titre\">Choisissez la formule qui vous convient <\/h2>\n      <h3 class=\"sous-titre\">Laser, Bowling, Karting, Prison Island ou karaok\u00e9 box !<\/h3>\n    \n\n\n    \n    \n  <\/div>\t\n\n<\/div>\n<!-- end Block titre -->\t\t\t\t<\/div>\n\t\t\t\t<\/div>\n\t\t\t\t\t<\/div>\n\t\t<\/div>\n\t\t\t\t<div class=\"elementor-column elementor-col-33 elementor-inner-column elementor-element elementor-element-5822b973\" data-id=\"5822b973\" data-element_type=\"column\">\n\t\t\t<div class=\"elementor-widget-wrap elementor-element-populated\">\n\t\t\t\t\t\t<div class=\"elementor-element elementor-element-4802d2a4 elementor-widget elementor-widget-ucaddon_block_image\" data-id=\"4802d2a4\" data-element_type=\"widget\" data-widget_type=\"ucaddon_block_image.default\">\n\t\t\t\t<div class=\"elementor-widget-container\">\n\t\t\t\t\t\n<!-- start Block image -->\n\n\n<div class=\"block-image\">\n  <div class=\"bg\" style=\"background-image: url('https:\/\/gamesfactory.fr\/reims\/wp-content\/uploads\/sites\/18\/2023\/02\/PHOTO-2022-12-09-12-30-54.jpg'); \"><\/div>\n<\/div>\n<!-- end Block image -->\t\t\t\t<\/div>\n\t\t\t\t<\/div>\n\t\t\t\t\t<\/div>\n\t\t<\/div>\n\t\t\t\t\t<\/div>\n\t\t<\/section>\n\t\t\t\t\t<\/div>\n\t\t<\/div>\n\t\t\t\t\t<\/div>\n\t\t<\/section>\n\t\t\t\t<section class=\"elementor-section elementor-top-section elementor-element elementor-element-f328b7b elementor-section-boxed elementor-section-height-default elementor-section-height-default\" data-id=\"f328b7b\" data-element_type=\"section\">\n\t\t\t\t\t\t<div class=\"elementor-container elementor-column-gap-default\">\n\t\t\t\t\t<div class=\"elementor-column elementor-col-100 elementor-top-column elementor-element elementor-element-60e6119\" data-id=\"60e6119\" data-element_type=\"column\">\n\t\t\t<div class=\"elementor-widget-wrap elementor-element-populated\">\n\t\t\t\t\t\t<div class=\"elementor-element elementor-element-93b0460 elementor-widget elementor-widget-heading\" data-id=\"93b0460\" data-element_type=\"widget\" data-widget_type=\"heading.default\">\n\t\t\t\t<div class=\"elementor-widget-container\">\n\t\t\t\t\t<h2 class=\"elementor-heading-title elementor-size-default\">CHOISISSEZ VOTRE ACTIVIT\u00c9 ET AJOUTEZ LE PACK GO\u00dbTER [OBLIGATOIRE]<\/h2>\t\t\t\t<\/div>\n\t\t\t\t<\/div>\n\t\t\t\t<div class=\"elementor-element elementor-element-01561b2 elementor-widget elementor-widget-ucaddon_block_text_titre\" data-id=\"01561b2\" data-element_type=\"widget\" data-widget_type=\"ucaddon_block_text_titre.default\">\n\t\t\t\t<div class=\"elementor-widget-container\">\n\t\t\t\t\t\n<!-- start Block text -->\n\n\n<div class=\"block-text-titre\">\n  <h2 class=\"titre\"><\/h2>\n  <h3 class=\"sous-titre\"><\/h3>\n  <p class=\"description\"><p>Consultez les prix de nos activit\u00e9s \u2013 bowling, laser game, VR, karaok\u00e9, karting et Prison Island \u2013 directement en bas de chaque page activit\u00e9 pour choisir la formule qui vous correspond le mieux.<\/p><\/p>\n<\/div>\n<!-- end Block text -->\t\t\t\t<\/div>\n\t\t\t\t<\/div>\n\t\t\t\t<section class=\"elementor-section elementor-inner-section elementor-element elementor-element-8ad64d6 elementor-section-full_width elementor-section-height-default elementor-section-height-default\" data-id=\"8ad64d6\" data-element_type=\"section\">\n\t\t\t\t\t\t<div class=\"elementor-container elementor-column-gap-default\">\n\t\t\t\t\t<div class=\"elementor-column elementor-col-50 elementor-inner-column elementor-element elementor-element-e216f96\" data-id=\"e216f96\" data-element_type=\"column\">\n\t\t\t<div class=\"elementor-widget-wrap elementor-element-populated\">\n\t\t\t\t\t\t<div class=\"elementor-element elementor-element-9cc3bbe elementor-widget elementor-widget-ucaddon_block_prix\" data-id=\"9cc3bbe\" data-element_type=\"widget\" data-widget_type=\"ucaddon_block_prix.default\">\n\t\t\t\t<div class=\"elementor-widget-container\">\n\t\t\t\t\t\n<!-- start Block prix -->\n\t\t<link id='uc_ac_assets_file_block_prix_css_1259-css' href='https:\/\/gamesfactory.fr\/reims\/wp-content\/uploads\/sites\/18\/ac_assets\/custom\/block-prix.css' type='text\/css' rel='stylesheet' >\n\n\n<div class=\"block-prix\">\n\t\n\t<div class=\"cont-titre\">\n\t\t<h2 class=\"titre\">pack sucr\u00e9 enfant (4-12 ans inclus)<\/h2>\n\t<\/div>\n\n\t<div class=\"cont-prix\">\n\t\t<h3 class=\"prix\">3\u20ac<\/h3>\n\t\t<span class=\"prix-detail\">\/ enfant<\/span>\n\t<\/div>\n\t\n          <div class=\"cont-description\">\n        <ul><li><span style=\"font-size: 16px;\">2 minis donuts + 1 sachet de bonbons + boissons (Pepsi, sirop \u00e0 l'eau, eau \u00e0 volont\u00e9)\u00a0<\/span><\/li><li>1\u00a0activit\u00e9 au choix offerte \u00e0 l'enfant qui f\u00eate son anniversaire\u00a0<\/li><\/ul>\n      <\/div>\n    \n  \t  \n<\/div>\n<!-- end Block prix -->\t\t\t\t<\/div>\n\t\t\t\t<\/div>\n\t\t\t\t<div class=\"elementor-element elementor-element-af2407a elementor-widget elementor-widget-ucaddon_block_prix\" data-id=\"af2407a\" data-element_type=\"widget\" data-widget_type=\"ucaddon_block_prix.default\">\n\t\t\t\t<div class=\"elementor-widget-container\">\n\t\t\t\t\t\n<!-- start Block prix -->\n\n\n<div class=\"block-prix\">\n\t\n\t<div class=\"cont-titre\">\n\t\t<h2 class=\"titre\">pack sal\u00e9 enfant et ado<\/h2>\n\t<\/div>\n\n\t<div class=\"cont-prix\">\n\t\t<h3 class=\"prix\">13\u20ac<\/h3>\n\t\t<span class=\"prix-detail\">pour 2 <\/span>\n\t<\/div>\n\t\n          <div class=\"cont-description\">\n        <ul><li><span style=\"font-size: 16px;\">1 pizza + 4 minis donuts + 2 sachets de bonbons + boissons (Pepsi, sirop \u00e0 l'eau, eau \u00e0 volont\u00e9)\u00a0<\/span><\/li><li>1 activit\u00e9 au choix offerte \u00e0 l'enfant ou ado qui f\u00eate son anniversaire<\/li><\/ul><p><u style=\"font-style: inherit; font-weight: inherit;\"><strong>Ne peut pas \u00eatre command\u00e9 pour un nombre impair<\/strong><\/u><\/p>\n      <\/div>\n    \n  \t      <div class=\"cont-info-important\">\n        * Valable le matin et en fin d'apr\u00e8s-midi\n      <\/div>\n      \n<\/div>\n<!-- end Block prix -->\t\t\t\t<\/div>\n\t\t\t\t<\/div>\n\t\t\t\t\t<\/div>\n\t\t<\/div>\n\t\t\t\t<div class=\"elementor-column elementor-col-50 elementor-inner-column elementor-element elementor-element-1453404\" data-id=\"1453404\" data-element_type=\"column\">\n\t\t\t<div class=\"elementor-widget-wrap elementor-element-populated\">\n\t\t\t\t\t\t<div class=\"elementor-element elementor-element-0a80396 elementor-widget elementor-widget-ucaddon_block_prix\" data-id=\"0a80396\" data-element_type=\"widget\" data-widget_type=\"ucaddon_block_prix.default\">\n\t\t\t\t<div class=\"elementor-widget-container\">\n\t\t\t\t\t\n<!-- start Block prix -->\n\n\n<div class=\"block-prix\">\n\t\n\t<div class=\"cont-titre\">\n\t\t<h2 class=\"titre\">pack sucr\u00e9 ado (13-16 ans inclus)<\/h2>\n\t<\/div>\n\n\t<div class=\"cont-prix\">\n\t\t<h3 class=\"prix\">5\u20ac<\/h3>\n\t\t<span class=\"prix-detail\">\/ ado<\/span>\n\t<\/div>\n\t\n          <div class=\"cont-description\">\n        <ul><li>1 gaufre nutella + 1 sachet de bonbons + boissons (Pepsi, sirop \u00e0 l'eau, eau \u00e0 volont\u00e9)<\/li><li>1\u00a0activit\u00e9 au choix offerte \u00e0 l'ado qui f\u00eate son anniversaire\u00a0<\/li><\/ul>\n      <\/div>\n    \n  \t  \n<\/div>\n<!-- end Block prix -->\t\t\t\t<\/div>\n\t\t\t\t<\/div>\n\t\t\t\t\t<\/div>\n\t\t<\/div>\n\t\t\t\t\t<\/div>\n\t\t<\/section>\n\t\t\t\t<div class=\"elementor-element elementor-element-2788a1f elementor-widget elementor-widget-spacer\" data-id=\"2788a1f\" data-element_type=\"widget\" data-widget_type=\"spacer.default\">\n\t\t\t\t<div class=\"elementor-widget-container\">\n\t\t\t\t\t\t\t<div class=\"elementor-spacer\">\n\t\t\t<div class=\"elementor-spacer-inner\"><\/div>\n\t\t<\/div>\n\t\t\t\t\t\t<\/div>\n\t\t\t\t<\/div>\n\t\t\t\t\t<\/div>\n\t\t<\/div>\n\t\t\t\t\t<\/div>\n\t\t<\/section>\n\t\t\t\t<\/div>\n\t\t","protected":false},"excerpt":{"rendered":"<p>Transformez son anniversaire En un moment inoubliable ! T\u00e9l\u00e9charge, imprime et invite tes amis \u00e0 f\u00eater ton anniversaire Je t\u00e9l\u00e9charge mon carton d&#8217;invitation \u00c0 partir de 3 ans jusqu\u2019\u00e0 17 ans. Viens f\u00eater ton anniversaire \u00e0 Games Factory ! Pour les plus jeunes, nous mettons \u00e0 votre disposition des boules l\u00e9g\u00e8res et des barri\u00e8res automatiques [&hellip;]<\/p>\n","protected":false},"author":1,"featured_media":0,"parent":0,"menu_order":0,"comment_status":"closed","ping_status":"closed","template":"","meta":{"inline_featured_image":false,"site-sidebar-layout":"no-sidebar","site-content-layout":"page-builder","ast-site-content-layout":"","site-content-style":"default","site-sidebar-style":"default","ast-global-header-display":"","ast-banner-title-visibility":"","ast-main-header-display":"","ast-hfb-above-header-display":"","ast-hfb-below-header-display":"","ast-hfb-mobile-header-display":"","site-post-title":"disabled","ast-breadcrumbs-content":"","ast-featured-img":"disabled","footer-sml-layout":"","theme-transparent-header-meta":"default","adv-header-id-meta":"","stick-header-meta":"","header-above-stick-meta":"","header-main-stick-meta":"","header-below-stick-meta":"","astra-migrate-meta-layouts":"default","ast-page-background-enabled":"default","ast-page-background-meta":{"desktop":{"background-color":"","background-image":"","background-repeat":"repeat","background-position":"center center","background-size":"auto","background-attachment":"scroll","background-type":"","background-media":"","overlay-type":"","overlay-color":"","overlay-opacity":"","overlay-gradient":""},"tablet":{"background-color":"","background-image":"","background-repeat":"repeat","background-position":"center center","background-size":"auto","background-attachment":"scroll","background-type":"","background-media":"","overlay-type":"","overlay-color":"","overlay-opacity":"","overlay-gradient":""},"mobile":{"background-color":"","background-image":"","background-repeat":"repeat","background-position":"center center","background-size":"auto","background-attachment":"scroll","background-type":"","background-media":"","overlay-type":"","overlay-color":"","overlay-opacity":"","overlay-gradient":""}},"ast-content-background-meta":{"desktop":{"background-color":"var(--ast-global-color-5)","background-image":"","background-repeat":"repeat","background-position":"center center","background-size":"auto","background-attachment":"scroll","background-type":"","background-media":"","overlay-type":"","overlay-color":"","overlay-opacity":"","overlay-gradient":""},"tablet":{"background-color":"var(--ast-global-color-5)","background-image":"","background-repeat":"repeat","background-position":"center center","background-size":"auto","background-attachment":"scroll","background-type":"","background-media":"","overlay-type":"","overlay-color":"","overlay-opacity":"","overlay-gradient":""},"mobile":{"background-color":"var(--ast-global-color-5)","background-image":"","background-repeat":"repeat","background-position":"center center","background-size":"auto","background-attachment":"scroll","background-type":"","background-media":"","overlay-type":"","overlay-color":"","overlay-opacity":"","overlay-gradient":""}},"footnotes":""},"class_list":["post-76","page","type-page","status-publish","hentry"],"yoast_head":"<!-- This site is optimized with the Yoast SEO plugin v24.6 - https:\/\/yoast.com\/wordpress\/plugins\/seo\/ -->\n<title>Anniversaire - Games Factory Reims<\/title>\n<meta name=\"robots\" content=\"index, follow, max-snippet:-1, max-image-preview:large, max-video-preview:-1\" \/>\n<link rel=\"canonical\" href=\"https:\/\/gamesfactory.fr\/reims\/anniversaire\/\" \/>\n<meta property=\"og:locale\" content=\"fr_FR\" \/>\n<meta property=\"og:type\" content=\"article\" \/>\n<meta property=\"og:title\" content=\"Anniversaire - Games Factory Reims\" \/>\n<meta property=\"og:description\" content=\"Transformez son anniversaire En un moment inoubliable ! T\u00e9l\u00e9charge, imprime et invite tes amis \u00e0 f\u00eater ton anniversaire Je t\u00e9l\u00e9charge mon carton d&#8217;invitation \u00c0 partir de 3 ans jusqu\u2019\u00e0 17 ans. Viens f\u00eater ton anniversaire \u00e0 Games Factory ! Pour les plus jeunes, nous mettons \u00e0 votre disposition des boules l\u00e9g\u00e8res et des barri\u00e8res automatiques [&hellip;]\" \/>\n<meta property=\"og:url\" content=\"https:\/\/gamesfactory.fr\/reims\/anniversaire\/\" \/>\n<meta property=\"og:site_name\" content=\"Games Factory Reims\" \/>\n<meta property=\"article:modified_time\" content=\"2026-02-20T07:59:19+00:00\" \/>\n<meta name=\"twitter:card\" content=\"summary_large_image\" \/>\n<meta name=\"twitter:label1\" content=\"Dur\u00e9e de lecture estim\u00e9e\" \/>\n\t<meta name=\"twitter:data1\" content=\"2 minutes\" \/>\n<script type=\"application\/ld+json\" class=\"yoast-schema-graph\">{\"@context\":\"https:\/\/schema.org\",\"@graph\":[{\"@type\":\"WebPage\",\"@id\":\"https:\/\/gamesfactory.fr\/reims\/anniversaire\/\",\"url\":\"https:\/\/gamesfactory.fr\/reims\/anniversaire\/\",\"name\":\"Anniversaire - Games Factory Reims\",\"isPartOf\":{\"@id\":\"https:\/\/gamesfactory.fr\/reims\/#website\"},\"datePublished\":\"2020-09-03T09:24:58+00:00\",\"dateModified\":\"2026-02-20T07:59:19+00:00\",\"breadcrumb\":{\"@id\":\"https:\/\/gamesfactory.fr\/reims\/anniversaire\/#breadcrumb\"},\"inLanguage\":\"fr-FR\",\"potentialAction\":[{\"@type\":\"ReadAction\",\"target\":[\"https:\/\/gamesfactory.fr\/reims\/anniversaire\/\"]}]},{\"@type\":\"BreadcrumbList\",\"@id\":\"https:\/\/gamesfactory.fr\/reims\/anniversaire\/#breadcrumb\",\"itemListElement\":[{\"@type\":\"ListItem\",\"position\":1,\"name\":\"Accueil\",\"item\":\"https:\/\/gamesfactory.fr\/reims\/\"},{\"@type\":\"ListItem\",\"position\":2,\"name\":\"Anniversaire\"}]},{\"@type\":\"WebSite\",\"@id\":\"https:\/\/gamesfactory.fr\/reims\/#website\",\"url\":\"https:\/\/gamesfactory.fr\/reims\/\",\"name\":\"Games Factory Reims\",\"description\":\"Votre complexe de loisirs \u00e0 Reims\",\"potentialAction\":[{\"@type\":\"SearchAction\",\"target\":{\"@type\":\"EntryPoint\",\"urlTemplate\":\"https:\/\/gamesfactory.fr\/reims\/?s={search_term_string}\"},\"query-input\":{\"@type\":\"PropertyValueSpecification\",\"valueRequired\":true,\"valueName\":\"search_term_string\"}}],\"inLanguage\":\"fr-FR\"}]}<\/script>\n<!-- \/ Yoast SEO plugin. -->","yoast_head_json":{"title":"Anniversaire - Games Factory Reims","robots":{"index":"index","follow":"follow","max-snippet":"max-snippet:-1","max-image-preview":"max-image-preview:large","max-video-preview":"max-video-preview:-1"},"canonical":"https:\/\/gamesfactory.fr\/reims\/anniversaire\/","og_locale":"fr_FR","og_type":"article","og_title":"Anniversaire - Games Factory Reims","og_description":"Transformez son anniversaire En un moment inoubliable ! T\u00e9l\u00e9charge, imprime et invite tes amis \u00e0 f\u00eater ton anniversaire Je t\u00e9l\u00e9charge mon carton d&#8217;invitation \u00c0 partir de 3 ans jusqu\u2019\u00e0 17 ans. Viens f\u00eater ton anniversaire \u00e0 Games Factory ! Pour les plus jeunes, nous mettons \u00e0 votre disposition des boules l\u00e9g\u00e8res et des barri\u00e8res automatiques [&hellip;]","og_url":"https:\/\/gamesfactory.fr\/reims\/anniversaire\/","og_site_name":"Games Factory Reims","article_modified_time":"2026-02-20T07:59:19+00:00","twitter_card":"summary_large_image","twitter_misc":{"Dur\u00e9e de lecture estim\u00e9e":"2 minutes"},"schema":{"@context":"https:\/\/schema.org","@graph":[{"@type":"WebPage","@id":"https:\/\/gamesfactory.fr\/reims\/anniversaire\/","url":"https:\/\/gamesfactory.fr\/reims\/anniversaire\/","name":"Anniversaire - Games Factory Reims","isPartOf":{"@id":"https:\/\/gamesfactory.fr\/reims\/#website"},"datePublished":"2020-09-03T09:24:58+00:00","dateModified":"2026-02-20T07:59:19+00:00","breadcrumb":{"@id":"https:\/\/gamesfactory.fr\/reims\/anniversaire\/#breadcrumb"},"inLanguage":"fr-FR","potentialAction":[{"@type":"ReadAction","target":["https:\/\/gamesfactory.fr\/reims\/anniversaire\/"]}]},{"@type":"BreadcrumbList","@id":"https:\/\/gamesfactory.fr\/reims\/anniversaire\/#breadcrumb","itemListElement":[{"@type":"ListItem","position":1,"name":"Accueil","item":"https:\/\/gamesfactory.fr\/reims\/"},{"@type":"ListItem","position":2,"name":"Anniversaire"}]},{"@type":"WebSite","@id":"https:\/\/gamesfactory.fr\/reims\/#website","url":"https:\/\/gamesfactory.fr\/reims\/","name":"Games Factory Reims","description":"Votre complexe de loisirs \u00e0 Reims","potentialAction":[{"@type":"SearchAction","target":{"@type":"EntryPoint","urlTemplate":"https:\/\/gamesfactory.fr\/reims\/?s={search_term_string}"},"query-input":{"@type":"PropertyValueSpecification","valueRequired":true,"valueName":"search_term_string"}}],"inLanguage":"fr-FR"}]}},"_links":{"self":[{"href":"https:\/\/gamesfactory.fr\/reims\/wp-json\/wp\/v2\/pages\/76","targetHints":{"allow":["GET"]}}],"collection":[{"href":"https:\/\/gamesfactory.fr\/reims\/wp-json\/wp\/v2\/pages"}],"about":[{"href":"https:\/\/gamesfactory.fr\/reims\/wp-json\/wp\/v2\/types\/page"}],"author":[{"embeddable":true,"href":"https:\/\/gamesfactory.fr\/reims\/wp-json\/wp\/v2\/users\/1"}],"replies":[{"embeddable":true,"href":"https:\/\/gamesfactory.fr\/reims\/wp-json\/wp\/v2\/comments?post=76"}],"version-history":[{"count":247,"href":"https:\/\/gamesfactory.fr\/reims\/wp-json\/wp\/v2\/pages\/76\/revisions"}],"predecessor-version":[{"id":6771,"href":"https:\/\/gamesfactory.fr\/reims\/wp-json\/wp\/v2\/pages\/76\/revisions\/6771"}],"wp:attachment":[{"href":"https:\/\/gamesfactory.fr\/reims\/wp-json\/wp\/v2\/media?parent=76"}],"curies":[{"name":"wp","href":"https:\/\/api.w.org\/{rel}","templated":true}]}}