{"id":126,"date":"2020-09-09T11:10:54","date_gmt":"2020-09-09T09:10:54","guid":{"rendered":"https:\/\/gamesfactory.fr\/saint-etienne\/?page_id=126"},"modified":"2025-02-11T15:00:25","modified_gmt":"2025-02-11T14:00:25","slug":"centre-de-loisirs","status":"publish","type":"page","link":"https:\/\/gamesfactory.fr\/saint-etienne\/centre-de-loisirs\/","title":{"rendered":"Centre de loisirs"},"content":{"rendered":"\t\t<div data-elementor-type=\"wp-page\" data-elementor-id=\"126\" class=\"elementor elementor-126\">\n\t\t\t\t\t\t<section class=\"elementor-section elementor-top-section elementor-element elementor-element-1a4afa99 elementor-section-full_width elementor-section-height-default elementor-section-height-default\" data-id=\"1a4afa99\" data-element_type=\"section\">\n\t\t\t\t\t\t<div class=\"elementor-container elementor-column-gap-default\">\n\t\t\t\t\t<div class=\"elementor-column elementor-col-100 elementor-top-column elementor-element elementor-element-4b2e0118\" data-id=\"4b2e0118\" data-element_type=\"column\">\n\t\t\t<div class=\"elementor-widget-wrap elementor-element-populated\">\n\t\t\t\t\t\t<section class=\"elementor-section elementor-inner-section elementor-element elementor-element-738ae013 elementor-section-full_width elementor-section-content-middle elementor-section-height-default elementor-section-height-default\" data-id=\"738ae013\" data-element_type=\"section\">\n\t\t\t\t\t\t<div class=\"elementor-container elementor-column-gap-default\">\n\t\t\t\t\t<div class=\"elementor-column elementor-col-50 elementor-inner-column elementor-element elementor-element-74321bbe\" data-id=\"74321bbe\" data-element_type=\"column\">\n\t\t\t<div class=\"elementor-widget-wrap elementor-element-populated\">\n\t\t\t\t\t\t<div class=\"elementor-element elementor-element-74d9019c elementor-widget elementor-widget-ucaddon_block_text_titre\" data-id=\"74d9019c\" data-element_type=\"widget\" data-widget_type=\"ucaddon_block_text_titre.default\">\n\t\t\t\t<div class=\"elementor-widget-container\">\n\t\t\t\t\t\n<!-- start Block text -->\n\t\t<link id='uc_ac_assets_file_block_text_css_861-css' href='https:\/\/gamesfactory.fr\/saint-etienne\/wp-content\/uploads\/sites\/9\/ac_assets\/custom\/block-text.css' type='text\/css' rel='stylesheet' >\n\n\n<div class=\"block-text-titre\">\n  <h2 class=\"titre\">Un super moment<\/h2>\n  <h3 class=\"sous-titre\">au Prison Island saint-\u00c9tienne !<\/h3>\n  <p class=\"description\"><\/p>\n<\/div>\n<!-- end Block text -->\t\t\t\t<\/div>\n\t\t\t\t<\/div>\n\t\t\t\t<div class=\"elementor-element elementor-element-3bd4daab elementor-align-center gf-btn elementor-widget elementor-widget-button\" data-id=\"3bd4daab\" data-element_type=\"widget\" data-widget_type=\"button.default\">\n\t\t\t\t<div class=\"elementor-widget-container\">\n\t\t\t\t\t\t\t\t\t<div class=\"elementor-button-wrapper\">\n\t\t\t\t\t<a class=\"elementor-button elementor-button-link elementor-size-md\" href=\"https:\/\/gamesfactory.fr\/saint-etienne\/wp-content\/uploads\/sites\/9\/2025\/02\/Formule-centre-de-loisirs-PI-compress-site-web.pdf\">\n\t\t\t\t\t\t<span class=\"elementor-button-content-wrapper\">\n\t\t\t\t\t\t<span class=\"elementor-button-icon\">\n\t\t\t\t<i aria-hidden=\"true\" class=\"far fa-save\"><\/i>\t\t\t<\/span>\n\t\t\t\t\t\t\t\t\t<span class=\"elementor-button-text\">Nos tarifs centre de loisirs<\/span>\n\t\t\t\t\t<\/span>\n\t\t\t\t\t<\/a>\n\t\t\t\t<\/div>\n\t\t\t\t\t\t\t\t<\/div>\n\t\t\t\t<\/div>\n\t\t\t\t\t<\/div>\n\t\t<\/div>\n\t\t\t\t<div class=\"elementor-column elementor-col-50 elementor-inner-column elementor-element elementor-element-468c887b\" data-id=\"468c887b\" data-element_type=\"column\">\n\t\t\t<div class=\"elementor-widget-wrap elementor-element-populated\">\n\t\t\t\t\t\t<div class=\"elementor-element elementor-element-38969cfb elementor-widget elementor-widget-ucaddon_block_image\" data-id=\"38969cfb\" data-element_type=\"widget\" data-widget_type=\"ucaddon_block_image.default\">\n\t\t\t\t<div class=\"elementor-widget-container\">\n\t\t\t\t\t\n<!-- start Block image -->\n\t\t<link id='uc_ac_assets_file_block_image_css_912-css' href='https:\/\/gamesfactory.fr\/saint-etienne\/wp-content\/uploads\/sites\/9\/ac_assets\/custom\/block-image.css' type='text\/css' rel='stylesheet' >\n\n\n<div class=\"block-image\">\n  <div class=\"bg\" style=\"background-image: url('https:\/\/gamesfactory.fr\/saint-etienne\/wp-content\/uploads\/sites\/9\/2022\/05\/SAINT-ETIENNE.png'); \"><\/div>\n<\/div>\n<!-- end Block image -->\t\t\t\t<\/div>\n\t\t\t\t<\/div>\n\t\t\t\t\t<\/div>\n\t\t<\/div>\n\t\t\t\t\t<\/div>\n\t\t<\/section>\n\t\t\t\t<section class=\"elementor-section elementor-inner-section elementor-element elementor-element-237f951f elementor-section-full_width elementor-reverse-mobile elementor-section-height-default elementor-section-height-default\" data-id=\"237f951f\" data-element_type=\"section\">\n\t\t\t\t\t\t<div class=\"elementor-container elementor-column-gap-default\">\n\t\t\t\t\t<div class=\"elementor-column elementor-col-50 elementor-inner-column elementor-element elementor-element-4d8d105b\" data-id=\"4d8d105b\" data-element_type=\"column\">\n\t\t\t<div class=\"elementor-widget-wrap elementor-element-populated\">\n\t\t\t\t\t\t<div class=\"elementor-element elementor-element-7b2f196b elementor-widget elementor-widget-ucaddon_block_image\" data-id=\"7b2f196b\" data-element_type=\"widget\" data-widget_type=\"ucaddon_block_image.default\">\n\t\t\t\t<div class=\"elementor-widget-container\">\n\t\t\t\t\t\n<!-- start Block image -->\n\n\n<div class=\"block-image\">\n  <div class=\"bg\" style=\"background-image: url('https:\/\/gamesfactory.fr\/saint-etienne\/wp-content\/uploads\/sites\/9\/2022\/08\/30.png'); \"><\/div>\n<\/div>\n<!-- end Block image -->\t\t\t\t<\/div>\n\t\t\t\t<\/div>\n\t\t\t\t\t<\/div>\n\t\t<\/div>\n\t\t\t\t<div class=\"elementor-column elementor-col-50 elementor-inner-column elementor-element elementor-element-1a420723\" data-id=\"1a420723\" data-element_type=\"column\">\n\t\t\t<div class=\"elementor-widget-wrap elementor-element-populated\">\n\t\t\t\t\t\t<div class=\"elementor-element elementor-element-23012f4c elementor-widget elementor-widget-ucaddon_block_rouge_titre\" data-id=\"23012f4c\" data-element_type=\"widget\" data-widget_type=\"ucaddon_block_rouge_titre.default\">\n\t\t\t\t<div class=\"elementor-widget-container\">\n\t\t\t\t\t\n<!-- start Block titre -->\n\t\t<link id='uc_ac_assets_file_block_titre_css_1681-css' href='https:\/\/gamesfactory.fr\/saint-etienne\/wp-content\/uploads\/sites\/9\/ac_assets\/custom\/block-titre.css' type='text\/css' rel='stylesheet' >\n\n\n<div class=\"block-titre\">\n\n  <div class=\"content\">\n    <h2 class=\"titre\"><\/h2>\n    <h3 class=\"sous-titre\">L'endroit id\u00e9al pour s'amuser !<\/h3>\n    \n        \n          <div class=\"bg\" style=\"background-image: url('https:\/\/gamesfactory.fr\/saint-etienne\/wp-content\/uploads\/sites\/9\/2022\/05\/image-grise.png'); \"><\/div>\n        \n  <\/div>\t\n\n<\/div>\n<!-- end Block titre -->\t\t\t\t<\/div>\n\t\t\t\t<\/div>\n\t\t\t\t\t<\/div>\n\t\t<\/div>\n\t\t\t\t\t<\/div>\n\t\t<\/section>\n\t\t\t\t<section class=\"elementor-section elementor-inner-section elementor-element elementor-element-66ba1159 elementor-section-full_width elementor-section-height-default elementor-section-height-default\" data-id=\"66ba1159\" data-element_type=\"section\">\n\t\t\t\t\t\t<div class=\"elementor-container elementor-column-gap-default\">\n\t\t\t\t\t<div class=\"elementor-column elementor-col-100 elementor-inner-column elementor-element elementor-element-11f01a43\" data-id=\"11f01a43\" data-element_type=\"column\">\n\t\t\t<div class=\"elementor-widget-wrap elementor-element-populated\">\n\t\t\t\t\t\t<div class=\"elementor-element elementor-element-7b7e6e5 elementor-widget elementor-widget-ucaddon_block_text_titre\" data-id=\"7b7e6e5\" data-element_type=\"widget\" data-widget_type=\"ucaddon_block_text_titre.default\">\n\t\t\t\t<div class=\"elementor-widget-container\">\n\t\t\t\t\t\n<!-- start Block text -->\n\n\n<div class=\"block-text-titre\">\n  <h2 class=\"titre\">Prison Island<\/h2>\n  <h3 class=\"sous-titre\">Est l'endroit id\u00e9al !<\/h3>\n  <p class=\"description\"><p><span style=\"font-size: 16px\">Pour vos sorties les enfants doivent \u00eatre accompagn\u00e9 jusqu'\u00e0 12 ans. ( 1 accompagnateur pour 4 enfants)<\/span><\/p><\/p>\n<\/div>\n<!-- end Block text -->\t\t\t\t<\/div>\n\t\t\t\t<\/div>\n\t\t\t\t\t<\/div>\n\t\t<\/div>\n\t\t\t\t\t<\/div>\n\t\t<\/section>\n\t\t\t\t<section class=\"elementor-section elementor-inner-section elementor-element elementor-element-2fa0c9d7 elementor-section-full_width elementor-section-height-default elementor-section-height-default\" data-id=\"2fa0c9d7\" data-element_type=\"section\">\n\t\t\t\t\t\t<div class=\"elementor-container elementor-column-gap-default\">\n\t\t\t\t\t<div class=\"elementor-column elementor-col-100 elementor-inner-column elementor-element elementor-element-425c58ec\" data-id=\"425c58ec\" data-element_type=\"column\">\n\t\t\t<div class=\"elementor-widget-wrap elementor-element-populated\">\n\t\t\t\t\t\t<div class=\"elementor-element elementor-element-4996b7b7 elementor-widget elementor-widget-heading\" data-id=\"4996b7b7\" data-element_type=\"widget\" data-widget_type=\"heading.default\">\n\t\t\t\t<div class=\"elementor-widget-container\">\n\t\t\t\t\t<h2 class=\"elementor-heading-title elementor-size-default\">R\u00e8glement : les bons administratifs sont accept\u00e9s<\/h2>\t\t\t\t<\/div>\n\t\t\t\t<\/div>\n\t\t\t\t<div class=\"elementor-element elementor-element-14c51f0d elementor-widget elementor-widget-heading\" data-id=\"14c51f0d\" data-element_type=\"widget\" data-widget_type=\"heading.default\">\n\t\t\t\t<div class=\"elementor-widget-container\">\n\t\t\t\t\t<h2 class=\"elementor-heading-title elementor-size-default\">Les tarifs sont valables uniquement en semaine de 10h \u00e0 19h hors jours et veilles de f\u00e9ri\u00e9s. Nous mettons \u00e9galement \u00e0 votre disposition de l\u2019eau \u00e0 volont\u00e9.<\/h2>\t\t\t\t<\/div>\n\t\t\t\t<\/div>\n\t\t\t\t\t<\/div>\n\t\t<\/div>\n\t\t\t\t\t<\/div>\n\t\t<\/section>\n\t\t\t\t<div class=\"elementor-element elementor-element-4015e204 elementor-widget elementor-widget-heading\" data-id=\"4015e204\" data-element_type=\"widget\" data-widget_type=\"heading.default\">\n\t\t\t\t<div class=\"elementor-widget-container\">\n\t\t\t\t\t<h2 class=\"elementor-heading-title elementor-size-default\">formules centre de loisirs<\/h2>\t\t\t\t<\/div>\n\t\t\t\t<\/div>\n\t\t\t\t<section class=\"elementor-section elementor-inner-section elementor-element elementor-element-574cbf28 elementor-section-full_width elementor-section-height-default elementor-section-height-default\" data-id=\"574cbf28\" data-element_type=\"section\">\n\t\t\t\t\t\t<div class=\"elementor-container elementor-column-gap-default\">\n\t\t\t\t\t<div class=\"elementor-column elementor-col-100 elementor-inner-column elementor-element elementor-element-5043ad54\" data-id=\"5043ad54\" data-element_type=\"column\">\n\t\t\t<div class=\"elementor-widget-wrap elementor-element-populated\">\n\t\t\t\t\t\t<div class=\"elementor-element elementor-element-5165e728 elementor-widget elementor-widget-ucaddon_block_prix\" data-id=\"5165e728\" data-element_type=\"widget\" data-widget_type=\"ucaddon_block_prix.default\">\n\t\t\t\t<div class=\"elementor-widget-container\">\n\t\t\t\t\t\n<!-- start Block prix -->\n\t\t<link id='uc_ac_assets_file_block_prix_css_1179-css' href='https:\/\/gamesfactory.fr\/saint-etienne\/wp-content\/uploads\/sites\/9\/ac_assets\/custom\/block-prix.css' type='text\/css' rel='stylesheet' >\n\n\n<div class=\"block-prix\">\n\t\n\t<div class=\"cont-titre\">\n\t\t<h2 class=\"titre\">Prison Island (1h)<\/h2>\n\t<\/div>\n\n\t<div class=\"cont-prix\">\n\t\t<h3 class=\"prix\">14\u20ac<\/h3>\n\t\t<span class=\"prix-detail\"> \/ enfant<\/span>\n\t<\/div>\n\t\n          <div class=\"cont-description\">\n        <ul><li>Forfait\u00a0<strong>1h30\u00a0<\/strong>- 18\u20ac<\/li><\/ul>\n      <\/div>\n    \n  \t      <div class=\"cont-info-important\">\n        Tarif valable jusqu'\u00e0 17 ans (1 accompagnateur obligatoire dans chaque \u00e9quipe pour les -12ans)\n      <\/div>\n      \n<\/div>\n<!-- end Block prix -->\t\t\t\t<\/div>\n\t\t\t\t<\/div>\n\t\t\t\t\t<\/div>\n\t\t<\/div>\n\t\t\t\t\t<\/div>\n\t\t<\/section>\n\t\t\t\t\t<\/div>\n\t\t<\/div>\n\t\t\t\t\t<\/div>\n\t\t<\/section>\n\t\t\t\t<\/div>\n\t\t","protected":false},"excerpt":{"rendered":"<p>Un super moment au Prison Island saint-\u00c9tienne ! Nos tarifs centre de loisirs L&#8217;endroit id\u00e9al pour s&#8217;amuser ! Prison Island [&hellip;]<\/p>\n","protected":false},"author":1,"featured_media":0,"parent":0,"menu_order":0,"comment_status":"closed","ping_status":"closed","template":"","meta":{"inline_featured_image":false,"site-sidebar-layout":"no-sidebar","site-content-layout":"page-builder","ast-site-content-layout":"","site-content-style":"default","site-sidebar-style":"default","ast-global-header-display":"","ast-banner-title-visibility":"","ast-main-header-display":"","ast-hfb-above-header-display":"","ast-hfb-below-header-display":"","ast-hfb-mobile-header-display":"","site-post-title":"disabled","ast-breadcrumbs-content":"","ast-featured-img":"disabled","footer-sml-layout":"","theme-transparent-header-meta":"default","adv-header-id-meta":"","stick-header-meta":"","header-above-stick-meta":"","header-main-stick-meta":"","header-below-stick-meta":"","astra-migrate-meta-layouts":"default","ast-page-background-enabled":"default","ast-page-background-meta":{"desktop":{"background-color":"","background-image":"","background-repeat":"repeat","background-position":"center center","background-size":"auto","background-attachment":"scroll","background-type":"","background-media":"","overlay-type":"","overlay-color":"","overlay-opacity":"","overlay-gradient":""},"tablet":{"background-color":"","background-image":"","background-repeat":"repeat","background-position":"center center","background-size":"auto","background-attachment":"scroll","background-type":"","background-media":"","overlay-type":"","overlay-color":"","overlay-opacity":"","overlay-gradient":""},"mobile":{"background-color":"","background-image":"","background-repeat":"repeat","background-position":"center center","background-size":"auto","background-attachment":"scroll","background-type":"","background-media":"","overlay-type":"","overlay-color":"","overlay-opacity":"","overlay-gradient":""}},"ast-content-background-meta":{"desktop":{"background-color":"var(--ast-global-color-5)","background-image":"","background-repeat":"repeat","background-position":"center center","background-size":"auto","background-attachment":"scroll","background-type":"","background-media":"","overlay-type":"","overlay-color":"","overlay-opacity":"","overlay-gradient":""},"tablet":{"background-color":"var(--ast-global-color-5)","background-image":"","background-repeat":"repeat","background-position":"center center","background-size":"auto","background-attachment":"scroll","background-type":"","background-media":"","overlay-type":"","overlay-color":"","overlay-opacity":"","overlay-gradient":""},"mobile":{"background-color":"var(--ast-global-color-5)","background-image":"","background-repeat":"repeat","background-position":"center center","background-size":"auto","background-attachment":"scroll","background-type":"","background-media":"","overlay-type":"","overlay-color":"","overlay-opacity":"","overlay-gradient":""}},"footnotes":""},"class_list":["post-126","page","type-page","status-publish","hentry"],"yoast_head":"<!-- This site is optimized with the Yoast SEO plugin v24.6 - https:\/\/yoast.com\/wordpress\/plugins\/seo\/ -->\n<title>Centre de loisirs - Prison Island Saint-\u00c9tienne<\/title>\n<meta name=\"robots\" content=\"index, follow, max-snippet:-1, max-image-preview:large, max-video-preview:-1\" \/>\n<link rel=\"canonical\" href=\"https:\/\/gamesfactory.fr\/saint-etienne\/centre-de-loisirs\/\" \/>\n<meta property=\"og:locale\" content=\"fr_FR\" \/>\n<meta property=\"og:type\" content=\"article\" \/>\n<meta property=\"og:title\" content=\"Centre de loisirs - Prison Island Saint-\u00c9tienne\" \/>\n<meta property=\"og:description\" content=\"Un super moment au Prison Island saint-\u00c9tienne ! Nos tarifs centre de loisirs L&#8217;endroit id\u00e9al pour s&#8217;amuser ! Prison Island [&hellip;]\" \/>\n<meta property=\"og:url\" content=\"https:\/\/gamesfactory.fr\/saint-etienne\/centre-de-loisirs\/\" \/>\n<meta property=\"og:site_name\" content=\"Prison Island Saint-\u00c9tienne\" \/>\n<meta property=\"article:modified_time\" content=\"2025-02-11T14:00:25+00:00\" \/>\n<meta name=\"twitter:card\" content=\"summary_large_image\" \/>\n<meta name=\"twitter:label1\" content=\"Dur\u00e9e de lecture estim\u00e9e\" \/>\n\t<meta name=\"twitter:data1\" content=\"1 minute\" \/>\n<script type=\"application\/ld+json\" class=\"yoast-schema-graph\">{\"@context\":\"https:\/\/schema.org\",\"@graph\":[{\"@type\":\"WebPage\",\"@id\":\"https:\/\/gamesfactory.fr\/saint-etienne\/centre-de-loisirs\/\",\"url\":\"https:\/\/gamesfactory.fr\/saint-etienne\/centre-de-loisirs\/\",\"name\":\"Centre de loisirs - Prison Island Saint-\u00c9tienne\",\"isPartOf\":{\"@id\":\"https:\/\/gamesfactory.fr\/saint-etienne\/#website\"},\"datePublished\":\"2020-09-09T09:10:54+00:00\",\"dateModified\":\"2025-02-11T14:00:25+00:00\",\"breadcrumb\":{\"@id\":\"https:\/\/gamesfactory.fr\/saint-etienne\/centre-de-loisirs\/#breadcrumb\"},\"inLanguage\":\"fr-FR\",\"potentialAction\":[{\"@type\":\"ReadAction\",\"target\":[\"https:\/\/gamesfactory.fr\/saint-etienne\/centre-de-loisirs\/\"]}]},{\"@type\":\"BreadcrumbList\",\"@id\":\"https:\/\/gamesfactory.fr\/saint-etienne\/centre-de-loisirs\/#breadcrumb\",\"itemListElement\":[{\"@type\":\"ListItem\",\"position\":1,\"name\":\"Accueil\",\"item\":\"https:\/\/gamesfactory.fr\/saint-etienne\/\"},{\"@type\":\"ListItem\",\"position\":2,\"name\":\"Centre de loisirs\"}]},{\"@type\":\"WebSite\",\"@id\":\"https:\/\/gamesfactory.fr\/saint-etienne\/#website\",\"url\":\"https:\/\/gamesfactory.fr\/saint-etienne\/\",\"name\":\"Prison Island Saint-\u00c9tienne\",\"description\":\"Votre complexe de loisirs \u00e0 Saint-\u00c9tienne\",\"potentialAction\":[{\"@type\":\"SearchAction\",\"target\":{\"@type\":\"EntryPoint\",\"urlTemplate\":\"https:\/\/gamesfactory.fr\/saint-etienne\/?s={search_term_string}\"},\"query-input\":{\"@type\":\"PropertyValueSpecification\",\"valueRequired\":true,\"valueName\":\"search_term_string\"}}],\"inLanguage\":\"fr-FR\"}]}<\/script>\n<!-- \/ Yoast SEO plugin. -->","yoast_head_json":{"title":"Centre de loisirs - Prison Island Saint-\u00c9tienne","robots":{"index":"index","follow":"follow","max-snippet":"max-snippet:-1","max-image-preview":"max-image-preview:large","max-video-preview":"max-video-preview:-1"},"canonical":"https:\/\/gamesfactory.fr\/saint-etienne\/centre-de-loisirs\/","og_locale":"fr_FR","og_type":"article","og_title":"Centre de loisirs - Prison Island Saint-\u00c9tienne","og_description":"Un super moment au Prison Island saint-\u00c9tienne ! Nos tarifs centre de loisirs L&#8217;endroit id\u00e9al pour s&#8217;amuser ! Prison Island [&hellip;]","og_url":"https:\/\/gamesfactory.fr\/saint-etienne\/centre-de-loisirs\/","og_site_name":"Prison Island Saint-\u00c9tienne","article_modified_time":"2025-02-11T14:00:25+00:00","twitter_card":"summary_large_image","twitter_misc":{"Dur\u00e9e de lecture estim\u00e9e":"1 minute"},"schema":{"@context":"https:\/\/schema.org","@graph":[{"@type":"WebPage","@id":"https:\/\/gamesfactory.fr\/saint-etienne\/centre-de-loisirs\/","url":"https:\/\/gamesfactory.fr\/saint-etienne\/centre-de-loisirs\/","name":"Centre de loisirs - Prison Island Saint-\u00c9tienne","isPartOf":{"@id":"https:\/\/gamesfactory.fr\/saint-etienne\/#website"},"datePublished":"2020-09-09T09:10:54+00:00","dateModified":"2025-02-11T14:00:25+00:00","breadcrumb":{"@id":"https:\/\/gamesfactory.fr\/saint-etienne\/centre-de-loisirs\/#breadcrumb"},"inLanguage":"fr-FR","potentialAction":[{"@type":"ReadAction","target":["https:\/\/gamesfactory.fr\/saint-etienne\/centre-de-loisirs\/"]}]},{"@type":"BreadcrumbList","@id":"https:\/\/gamesfactory.fr\/saint-etienne\/centre-de-loisirs\/#breadcrumb","itemListElement":[{"@type":"ListItem","position":1,"name":"Accueil","item":"https:\/\/gamesfactory.fr\/saint-etienne\/"},{"@type":"ListItem","position":2,"name":"Centre de loisirs"}]},{"@type":"WebSite","@id":"https:\/\/gamesfactory.fr\/saint-etienne\/#website","url":"https:\/\/gamesfactory.fr\/saint-etienne\/","name":"Prison Island Saint-\u00c9tienne","description":"Votre complexe de loisirs \u00e0 Saint-\u00c9tienne","potentialAction":[{"@type":"SearchAction","target":{"@type":"EntryPoint","urlTemplate":"https:\/\/gamesfactory.fr\/saint-etienne\/?s={search_term_string}"},"query-input":{"@type":"PropertyValueSpecification","valueRequired":true,"valueName":"search_term_string"}}],"inLanguage":"fr-FR"}]}},"_links":{"self":[{"href":"https:\/\/gamesfactory.fr\/saint-etienne\/wp-json\/wp\/v2\/pages\/126","targetHints":{"allow":["GET"]}}],"collection":[{"href":"https:\/\/gamesfactory.fr\/saint-etienne\/wp-json\/wp\/v2\/pages"}],"about":[{"href":"https:\/\/gamesfactory.fr\/saint-etienne\/wp-json\/wp\/v2\/types\/page"}],"author":[{"embeddable":true,"href":"https:\/\/gamesfactory.fr\/saint-etienne\/wp-json\/wp\/v2\/users\/1"}],"replies":[{"embeddable":true,"href":"https:\/\/gamesfactory.fr\/saint-etienne\/wp-json\/wp\/v2\/comments?post=126"}],"version-history":[{"count":66,"href":"https:\/\/gamesfactory.fr\/saint-etienne\/wp-json\/wp\/v2\/pages\/126\/revisions"}],"predecessor-version":[{"id":2652,"href":"https:\/\/gamesfactory.fr\/saint-etienne\/wp-json\/wp\/v2\/pages\/126\/revisions\/2652"}],"wp:attachment":[{"href":"https:\/\/gamesfactory.fr\/saint-etienne\/wp-json\/wp\/v2\/media?parent=126"}],"curies":[{"name":"wp","href":"https:\/\/api.w.org\/{rel}","templated":true}]}}