{"id":148,"date":"2020-09-09T11:14:25","date_gmt":"2020-09-09T09:14:25","guid":{"rendered":"https:\/\/gamesfactory.fr\/saint-etienne\/?page_id=148"},"modified":"2022-01-07T13:46:25","modified_gmt":"2022-01-07T12:46:25","slug":"vr-realite-virtuelle","status":"publish","type":"page","link":"https:\/\/gamesfactory.fr\/saint-etienne\/vr-realite-virtuelle\/","title":{"rendered":"VR R\u00e9alit\u00e9 virtuelle"},"content":{"rendered":"\t\t<div data-elementor-type=\"wp-page\" data-elementor-id=\"148\" class=\"elementor elementor-148\">\n\t\t\t\t\t\t<section class=\"elementor-section elementor-top-section elementor-element elementor-element-36a7ff6a elementor-section-full_width elementor-section-height-default elementor-section-height-default\" data-id=\"36a7ff6a\" data-element_type=\"section\">\n\t\t\t\t\t\t<div class=\"elementor-container elementor-column-gap-default\">\n\t\t\t\t\t<div class=\"elementor-column elementor-col-100 elementor-top-column elementor-element elementor-element-54c960e4\" data-id=\"54c960e4\" data-element_type=\"column\">\n\t\t\t<div class=\"elementor-widget-wrap elementor-element-populated\">\n\t\t\t\t\t\t<section class=\"elementor-section elementor-inner-section elementor-element elementor-element-752990cd elementor-section-full_width elementor-reverse-mobile elementor-section-height-default elementor-section-height-default\" data-id=\"752990cd\" data-element_type=\"section\">\n\t\t\t\t\t\t<div class=\"elementor-container elementor-column-gap-default\">\n\t\t\t\t\t<div class=\"elementor-column elementor-col-50 elementor-inner-column elementor-element elementor-element-4d04321c\" data-id=\"4d04321c\" data-element_type=\"column\">\n\t\t\t<div class=\"elementor-widget-wrap elementor-element-populated\">\n\t\t\t\t\t\t<div class=\"elementor-element elementor-element-7c294ac7 elementor-widget elementor-widget-ucaddon_block_rouge_titre\" data-id=\"7c294ac7\" data-element_type=\"widget\" data-widget_type=\"ucaddon_block_rouge_titre.default\">\n\t\t\t\t<div class=\"elementor-widget-container\">\n\t\t\t\t\t\n<!-- start Block titre -->\n\t\t<link id='uc_ac_assets_file_block_titre_css_1681-css' href='https:\/\/gamesfactory.fr\/saint-etienne\/wp-content\/uploads\/sites\/9\/ac_assets\/custom\/block-titre.css' type='text\/css' rel='stylesheet' >\n\n\n<div class=\"block-titre\">\n\n  <div class=\"content\">\n    <h2 class=\"titre\">Pr\u00eat pour<\/h2>\n    <h3 class=\"sous-titre\">Une immersion dans le futur ?<\/h3>\n    \n        \n        \n  <\/div>\t\n\n<\/div>\n<!-- end Block titre -->\t\t\t\t<\/div>\n\t\t\t\t<\/div>\n\t\t\t\t\t<\/div>\n\t\t<\/div>\n\t\t\t\t<div class=\"elementor-column elementor-col-50 elementor-inner-column elementor-element elementor-element-58103d13\" data-id=\"58103d13\" data-element_type=\"column\">\n\t\t\t<div class=\"elementor-widget-wrap elementor-element-populated\">\n\t\t\t\t\t\t<div class=\"elementor-element elementor-element-7a9c55e0 elementor-widget elementor-widget-ucaddon_block_image\" data-id=\"7a9c55e0\" data-element_type=\"widget\" data-widget_type=\"ucaddon_block_image.default\">\n\t\t\t\t<div class=\"elementor-widget-container\">\n\t\t\t\t\t\n<!-- start Block image -->\n\t\t<link id='uc_ac_assets_file_block_image_css_912-css' href='https:\/\/gamesfactory.fr\/saint-etienne\/wp-content\/uploads\/sites\/9\/ac_assets\/custom\/block-image.css' type='text\/css' rel='stylesheet' >\n\n\n<div class=\"block-image\">\n  <div class=\"bg\" style=\"background-image: url('https:\/\/gamesfactory.fr\/saint-etienne\/wp-content\/uploads\/sites\/9\/2020\/11\/VR.jpg'); \"><\/div>\n<\/div>\n<!-- end Block image -->\t\t\t\t<\/div>\n\t\t\t\t<\/div>\n\t\t\t\t\t<\/div>\n\t\t<\/div>\n\t\t\t\t\t<\/div>\n\t\t<\/section>\n\t\t\t\t<section class=\"elementor-section elementor-inner-section elementor-element elementor-element-6ece70a3 elementor-section-full_width elementor-reverse-tablet elementor-reverse-mobile elementor-section-height-default elementor-section-height-default\" data-id=\"6ece70a3\" data-element_type=\"section\">\n\t\t\t\t\t\t<div class=\"elementor-container elementor-column-gap-default\">\n\t\t\t\t\t<div class=\"elementor-column elementor-col-50 elementor-inner-column elementor-element elementor-element-2ee0d2af\" data-id=\"2ee0d2af\" data-element_type=\"column\">\n\t\t\t<div class=\"elementor-widget-wrap elementor-element-populated\">\n\t\t\t\t\t\t<div class=\"elementor-element elementor-element-ea232f3 elementor-widget elementor-widget-video\" data-id=\"ea232f3\" data-element_type=\"widget\" data-settings=\"{&quot;show_image_overlay&quot;:&quot;yes&quot;,&quot;image_overlay&quot;:{&quot;url&quot;:&quot;https:\\\/\\\/gamesfactory.fr\\\/marsannay\\\/wp-content\\\/uploads\\\/sites\\\/6\\\/2020\\\/09\\\/realite-virtuelle-gf.jpg&quot;,&quot;id&quot;:&quot;142&quot;,&quot;size&quot;:&quot;&quot;},&quot;video_type&quot;:&quot;hosted&quot;,&quot;controls&quot;:&quot;yes&quot;}\" data-widget_type=\"video.default\">\n\t\t\t\t<div class=\"elementor-widget-container\">\n\t\t\t\t\t\t\t<div class=\"e-hosted-video elementor-wrapper elementor-open-inline\">\n\t\t\t\t\t<video class=\"elementor-video\" src=\"https:\/\/gamesfactory.fr\/marsannay\/wp-content\/uploads\/sites\/6\/2020\/11\/2020-08-courte-video-VR-GF-besnacon-version40secondes.mp4\" controls=\"\" preload=\"metadata\" controlsList=\"nodownload\"><\/video>\n\t\t\t\t\t\t<div class=\"elementor-custom-embed-image-overlay\" style=\"background-image: url(https:\/\/gamesfactory.fr\/saint-etienne\/wp-content\/uploads\/sites\/9\/2020\/09\/realite-virtuelle-gf.jpg);\">\n\t\t\t\t\t\t\t\t\t\t\t\t\t\t\t\t<div class=\"elementor-custom-embed-play\" role=\"button\" aria-label=\"Lire la vid\u00e9o\" tabindex=\"0\">\n\t\t\t\t\t\t\t<i aria-hidden=\"true\" class=\"eicon-play\"><\/i>\t\t\t\t\t\t<\/div>\n\t\t\t\t\t\t\t\t\t<\/div>\n\t\t\t\t\t<\/div>\n\t\t\t\t\t\t<\/div>\n\t\t\t\t<\/div>\n\t\t\t\t<div class=\"elementor-element elementor-element-573b5d08 elementor-widget elementor-widget-ucaddon_block_text_titre\" data-id=\"573b5d08\" data-element_type=\"widget\" data-widget_type=\"ucaddon_block_text_titre.default\">\n\t\t\t\t<div class=\"elementor-widget-container\">\n\t\t\t\t\t\n<!-- start Block text -->\n\t\t<link id='uc_ac_assets_file_block_text_css_861-css' href='https:\/\/gamesfactory.fr\/saint-etienne\/wp-content\/uploads\/sites\/9\/ac_assets\/custom\/block-text.css' type='text\/css' rel='stylesheet' >\n\n\n<div class=\"block-text-titre\">\n  <h2 class=\"titre\">L\u2019exp\u00e9rience dure entre 15 et 20min.<\/h2>\n  <h3 class=\"sous-titre\">Votre mission ?<\/h3>\n  <p class=\"description\"><p>Plusieurs sc\u00e9narios sont disponibles !!<\/p><p>Que vous soyez chasseur de zombies ou magicien, l'exp\u00e9rience est faite pour vous !!<\/p><p>constituez votre \u00e9quipe (de 1 \u00e0 6 joueurs) parmi vos plus fid\u00e8les comp\u00e8res et partez \u00e0 votre tour sauver l'avenir du monde!<\/p><p>Attention, le temp vous est compt\u00e9!<\/p><p>Ne vous faite pas pi\u00e9ger, vous \u00eates le dernier espoir de l'humanit\u00e9!<\/p><\/p>\n<\/div>\n<!-- end Block text -->\t\t\t\t<\/div>\n\t\t\t\t<\/div>\n\t\t\t\t\t<\/div>\n\t\t<\/div>\n\t\t\t\t<div class=\"elementor-column elementor-col-50 elementor-inner-column elementor-element elementor-element-5edacc96\" data-id=\"5edacc96\" data-element_type=\"column\">\n\t\t\t<div class=\"elementor-widget-wrap elementor-element-populated\">\n\t\t\t\t\t\t<div class=\"elementor-element elementor-element-4f972a3b elementor-widget elementor-widget-ucaddon_block_text_titre\" data-id=\"4f972a3b\" data-element_type=\"widget\" data-widget_type=\"ucaddon_block_text_titre.default\">\n\t\t\t\t<div class=\"elementor-widget-container\">\n\t\t\t\t\t\n<!-- start Block text -->\n\n\n<div class=\"block-text-titre\">\n  <h2 class=\"titre\">La r\u00e9alit\u00e9 virtuelle<\/h2>\n  <h3 class=\"sous-titre\">Qu'est-ce que la vr ?<\/h3>\n  <p class=\"description\"><p>Un ordinateur dans le dos, un casque de VR sur la t\u00eate, un pistolet dans les mains et c'est parti... \u00c7a, c\u2019est pour l\u2019\u00e9quipement\u2026<br \/>Et c\u2019est surtout une v\u00e9ritable immersion en r\u00e9alit\u00e9 virtuelle collaborative ! Une exp\u00e9rience unique !<br \/>Ne jouez plus seul mais en coop\u00e9ration avec vos amis.<br \/>V\u00e9ritable jeu d\u2019\u00e9quipe, vous devrez faire preuve d\u2019ing\u00e9niosit\u00e9, d\u2019agilit\u00e9 et d\u2019inventivit\u00e9 pour combattre les zombies !<\/p><\/p>\n<\/div>\n<!-- end Block text -->\t\t\t\t<\/div>\n\t\t\t\t<\/div>\n\t\t\t\t<div class=\"elementor-element elementor-element-831389e elementor-widget elementor-widget-heading\" data-id=\"831389e\" data-element_type=\"widget\" data-widget_type=\"heading.default\">\n\t\t\t\t<div class=\"elementor-widget-container\">\n\t\t\t\t\t<h2 class=\"elementor-heading-title elementor-size-default\">Attention, restez attentif ! D\u2019autres scenarios vont progressivement \u00eatre ajout\u00e9s au cours de l\u2019ann\u00e9e\u2026.<\/h2>\t\t\t\t<\/div>\n\t\t\t\t<\/div>\n\t\t\t\t<div class=\"elementor-element elementor-element-3dd37dcc elementor-widget elementor-widget-ucaddon_block_text_titre\" data-id=\"3dd37dcc\" data-element_type=\"widget\" data-widget_type=\"ucaddon_block_text_titre.default\">\n\t\t\t\t<div class=\"elementor-widget-container\">\n\t\t\t\t\t\n<!-- start Block text -->\n\n\n<div class=\"block-text-titre\">\n  <h2 class=\"titre\">Contrairement \u00e0 d\u2019autres exp\u00e9riences VR<\/h2>\n  <h3 class=\"sous-titre\">EST-CE QUE CETTE EXP\u00c9RIENCE DONNE MAL AU C\u0152UR ?<\/h3>\n  <p class=\"description\"><p>Celle-ci a \u00e9t\u00e9 d\u00e9velopp\u00e9e sp\u00e9cialement pour vous \u00e9viter toute g\u00eane. Que ce soit naus\u00e9e ou maux de t\u00eate gr\u00e2ce \u00e0 la qualit\u00e9 du casque et de l\u2019\u00e9quipement et la libert\u00e9 de mouvement des joueurs.<\/p><\/p>\n<\/div>\n<!-- end Block text -->\t\t\t\t<\/div>\n\t\t\t\t<\/div>\n\t\t\t\t\t<\/div>\n\t\t<\/div>\n\t\t\t\t\t<\/div>\n\t\t<\/section>\n\t\t\t\t<section class=\"elementor-section elementor-inner-section elementor-element elementor-element-64526828 elementor-section-full_width elementor-reverse-tablet elementor-reverse-mobile elementor-section-height-default elementor-section-height-default\" data-id=\"64526828\" data-element_type=\"section\">\n\t\t\t\t\t\t<div class=\"elementor-container elementor-column-gap-default\">\n\t\t\t\t\t<div class=\"elementor-column elementor-col-50 elementor-inner-column elementor-element elementor-element-2f6ffa61\" data-id=\"2f6ffa61\" data-element_type=\"column\">\n\t\t\t<div class=\"elementor-widget-wrap elementor-element-populated\">\n\t\t\t\t\t\t<div class=\"elementor-element elementor-element-58fdef0b elementor-widget elementor-widget-ucaddon_block_text_titre\" data-id=\"58fdef0b\" data-element_type=\"widget\" data-widget_type=\"ucaddon_block_text_titre.default\">\n\t\t\t\t<div class=\"elementor-widget-container\">\n\t\t\t\t\t\n<!-- start Block text -->\n\n\n<div class=\"block-text-titre\">\n  <h2 class=\"titre\">L\u2019aventure est jouable \u00e0 1, 2, 3,  4, 5 ou 6.<\/h2>\n  <h3 class=\"sous-titre\">Qui peux participer ?<\/h3>\n  <p class=\"description\"><p>L\u2019immersion virtuelle a ainsi \u00e9t\u00e9 pens\u00e9e et con\u00e7ue avec soin par les d\u00e9veloppeurs du jeu afin de garantir une exp\u00e9rience qui soit \u00e0 la fois longue, amusante mais surtout ouverte \u00e0 tous !<br \/>Tout le monde peut participer \u00e0 la mission et tenter \u00e0 son tour de lib\u00e9rer le vaisseau des attaques ! L\u2019exp\u00e9rience est cependant d\u00e9conseill\u00e9e au moins\u00a0<strong>de 12 ans<\/strong>\u00a0et\u00a0<strong>interdite aux moins de 10 ans.<\/strong><br \/>Vous pouvez \u00e9galement jouer seul, mais pour plus d\u2019adr\u00e9naline et de fun, nous vous conseillons des \u00e9quipes de 6 personnes.<br \/>L\u2019exp\u00e9rience est \u00e9galement id\u00e9ale pour les enterrements de vie de gar\u00e7on\/jeune fille.<\/p><\/p>\n<\/div>\n<!-- end Block text -->\t\t\t\t<\/div>\n\t\t\t\t<\/div>\n\t\t\t\t\t<\/div>\n\t\t<\/div>\n\t\t\t\t<div class=\"elementor-column elementor-col-50 elementor-inner-column elementor-element elementor-element-10129129\" data-id=\"10129129\" data-element_type=\"column\">\n\t\t\t<div class=\"elementor-widget-wrap elementor-element-populated\">\n\t\t\t\t\t\t<div class=\"elementor-element elementor-element-503ca3d elementor-widget elementor-widget-ucaddon_block_rouge_titre\" data-id=\"503ca3d\" data-element_type=\"widget\" data-widget_type=\"ucaddon_block_rouge_titre.default\">\n\t\t\t\t<div class=\"elementor-widget-container\">\n\t\t\t\t\t\n<!-- start Block titre -->\n\n\n<div class=\"block-titre\">\n\n  <div class=\"content\">\n    <h2 class=\"titre\">Vente en ligne<\/h2>\n    <h3 class=\"sous-titre\">Offrez un bon cadeau \u00e0 vos proches<\/h3>\n    \n          <a href=\"https:\/\/gamesfactory.fr\/boutique-en-ligne\/\" class=\"lien\"><\/a>\n        \n          <div class=\"bg\" style=\"background-image: url('https:\/\/gamesfactory.fr\/saint-etienne\/wp-content\/uploads\/sites\/9\/2020\/11\/Image1.png'); \"><\/div>\n        \n  <\/div>\t\n\n<\/div>\n<!-- end Block titre -->\t\t\t\t<\/div>\n\t\t\t\t<\/div>\n\t\t\t\t\t<\/div>\n\t\t<\/div>\n\t\t\t\t\t<\/div>\n\t\t<\/section>\n\t\t\t\t<div class=\"elementor-element elementor-element-13450e4b elementor-widget elementor-widget-heading\" data-id=\"13450e4b\" data-element_type=\"widget\" data-widget_type=\"heading.default\">\n\t\t\t\t<div class=\"elementor-widget-container\">\n\t\t\t\t\t<h2 class=\"elementor-heading-title elementor-size-default\">Nos tarifs vr<\/h2>\t\t\t\t<\/div>\n\t\t\t\t<\/div>\n\t\t\t\t<section class=\"elementor-section elementor-inner-section elementor-element elementor-element-6faef473 elementor-section-full_width elementor-section-height-default elementor-section-height-default\" data-id=\"6faef473\" data-element_type=\"section\">\n\t\t\t\t\t\t<div class=\"elementor-container elementor-column-gap-default\">\n\t\t\t\t\t<div class=\"elementor-column elementor-col-50 elementor-inner-column elementor-element elementor-element-350bd738\" data-id=\"350bd738\" data-element_type=\"column\">\n\t\t\t<div class=\"elementor-widget-wrap elementor-element-populated\">\n\t\t\t\t\t\t<div class=\"elementor-element elementor-element-48e7c5e3 elementor-widget elementor-widget-ucaddon_block_prix\" data-id=\"48e7c5e3\" data-element_type=\"widget\" data-widget_type=\"ucaddon_block_prix.default\">\n\t\t\t\t<div class=\"elementor-widget-container\">\n\t\t\t\t\t\n<!-- start Block prix -->\n\t\t<link id='uc_ac_assets_file_block_prix_css_1179-css' href='https:\/\/gamesfactory.fr\/saint-etienne\/wp-content\/uploads\/sites\/9\/ac_assets\/custom\/block-prix.css' type='text\/css' rel='stylesheet' >\n\n\n<div class=\"block-prix\">\n\t\n\t<div class=\"cont-titre\">\n\t\t<h2 class=\"titre\">Immersion de 15 min<\/h2>\n\t<\/div>\n\n\t<div class=\"cont-prix\">\n\t\t<h3 class=\"prix\">12\u20ac<\/h3>\n\t\t<span class=\"prix-detail\">\/ pers<\/span>\n\t<\/div>\n\t\n    \n  \t  \n<\/div>\n<!-- end Block prix -->\t\t\t\t<\/div>\n\t\t\t\t<\/div>\n\t\t\t\t\t<\/div>\n\t\t<\/div>\n\t\t\t\t<div class=\"elementor-column elementor-col-50 elementor-inner-column elementor-element elementor-element-1691b53c\" data-id=\"1691b53c\" data-element_type=\"column\">\n\t\t\t<div class=\"elementor-widget-wrap elementor-element-populated\">\n\t\t\t\t\t\t<div class=\"elementor-element elementor-element-3dbdd1fd elementor-widget elementor-widget-ucaddon_block_prix\" data-id=\"3dbdd1fd\" data-element_type=\"widget\" data-widget_type=\"ucaddon_block_prix.default\">\n\t\t\t\t<div class=\"elementor-widget-container\">\n\t\t\t\t\t\n<!-- start Block prix -->\n\n\n<div class=\"block-prix\">\n\t\n\t<div class=\"cont-titre\">\n\t\t<h2 class=\"titre\">2 immersions de 15 min<\/h2>\n\t<\/div>\n\n\t<div class=\"cont-prix\">\n\t\t<h3 class=\"prix\">22\u20ac<\/h3>\n\t\t<span class=\"prix-detail\">\/ pers<\/span>\n\t<\/div>\n\t\n    \n  \t  \n<\/div>\n<!-- end Block prix -->\t\t\t\t<\/div>\n\t\t\t\t<\/div>\n\t\t\t\t\t<\/div>\n\t\t<\/div>\n\t\t\t\t\t<\/div>\n\t\t<\/section>\n\t\t\t\t<div class=\"elementor-element elementor-element-2a537f6b elementor-align-center gf-btn elementor-widget elementor-widget-button\" data-id=\"2a537f6b\" data-element_type=\"widget\" data-widget_type=\"button.default\">\n\t\t\t\t<div class=\"elementor-widget-container\">\n\t\t\t\t\t\t\t\t\t<div class=\"elementor-button-wrapper\">\n\t\t\t\t\t<a class=\"elementor-button elementor-button-link elementor-size-md\" href=\"https:\/\/gamesfactory.fr\/wp-content\/uploads\/2022\/01\/GF-DEPLIANT-TARIFS.pdf\">\n\t\t\t\t\t\t<span class=\"elementor-button-content-wrapper\">\n\t\t\t\t\t\t<span class=\"elementor-button-icon\">\n\t\t\t\t<i aria-hidden=\"true\" class=\"far fa-save\"><\/i>\t\t\t<\/span>\n\t\t\t\t\t\t\t\t\t<span class=\"elementor-button-text\">Nos tarifs<\/span>\n\t\t\t\t\t<\/span>\n\t\t\t\t\t<\/a>\n\t\t\t\t<\/div>\n\t\t\t\t\t\t\t\t<\/div>\n\t\t\t\t<\/div>\n\t\t\t\t\t<\/div>\n\t\t<\/div>\n\t\t\t\t\t<\/div>\n\t\t<\/section>\n\t\t\t\t<\/div>\n\t\t","protected":false},"excerpt":{"rendered":"<p>Pr\u00eat pour Une immersion dans le futur ? https:\/\/gamesfactory.fr\/saint-etienne\/wp-content\/uploads\/sites\/9\/2020\/11\/2020-08-courte-video-VR-GF-besnacon-version40secondes.mp4 L\u2019exp\u00e9rience dure entre 15 et 20min. Votre mission ? Plusieurs sc\u00e9narios [&hellip;]<\/p>\n","protected":false},"author":1,"featured_media":0,"parent":0,"menu_order":0,"comment_status":"closed","ping_status":"closed","template":"","meta":{"inline_featured_image":false,"site-sidebar-layout":"no-sidebar","site-content-layout":"page-builder","ast-site-content-layout":"","site-content-style":"default","site-sidebar-style":"default","ast-global-header-display":"","ast-banner-title-visibility":"","ast-main-header-display":"","ast-hfb-above-header-display":"","ast-hfb-below-header-display":"","ast-hfb-mobile-header-display":"","site-post-title":"disabled","ast-breadcrumbs-content":"","ast-featured-img":"disabled","footer-sml-layout":"","theme-transparent-header-meta":"default","adv-header-id-meta":"","stick-header-meta":"","header-above-stick-meta":"","header-main-stick-meta":"","header-below-stick-meta":"","astra-migrate-meta-layouts":"default","ast-page-background-enabled":"default","ast-page-background-meta":{"desktop":{"background-color":"","background-image":"","background-repeat":"repeat","background-position":"center center","background-size":"auto","background-attachment":"scroll","background-type":"","background-media":"","overlay-type":"","overlay-color":"","overlay-opacity":"","overlay-gradient":""},"tablet":{"background-color":"","background-image":"","background-repeat":"repeat","background-position":"center center","background-size":"auto","background-attachment":"scroll","background-type":"","background-media":"","overlay-type":"","overlay-color":"","overlay-opacity":"","overlay-gradient":""},"mobile":{"background-color":"","background-image":"","background-repeat":"repeat","background-position":"center center","background-size":"auto","background-attachment":"scroll","background-type":"","background-media":"","overlay-type":"","overlay-color":"","overlay-opacity":"","overlay-gradient":""}},"ast-content-background-meta":{"desktop":{"background-color":"var(--ast-global-color-5)","background-image":"","background-repeat":"repeat","background-position":"center center","background-size":"auto","background-attachment":"scroll","background-type":"","background-media":"","overlay-type":"","overlay-color":"","overlay-opacity":"","overlay-gradient":""},"tablet":{"background-color":"var(--ast-global-color-5)","background-image":"","background-repeat":"repeat","background-position":"center center","background-size":"auto","background-attachment":"scroll","background-type":"","background-media":"","overlay-type":"","overlay-color":"","overlay-opacity":"","overlay-gradient":""},"mobile":{"background-color":"var(--ast-global-color-5)","background-image":"","background-repeat":"repeat","background-position":"center center","background-size":"auto","background-attachment":"scroll","background-type":"","background-media":"","overlay-type":"","overlay-color":"","overlay-opacity":"","overlay-gradient":""}},"footnotes":""},"class_list":["post-148","page","type-page","status-publish","hentry"],"yoast_head":"<!-- This site is optimized with the Yoast SEO plugin v24.6 - https:\/\/yoast.com\/wordpress\/plugins\/seo\/ -->\n<title>VR R\u00e9alit\u00e9 virtuelle - Prison Island Saint-\u00c9tienne<\/title>\n<meta name=\"robots\" content=\"index, follow, max-snippet:-1, max-image-preview:large, max-video-preview:-1\" \/>\n<link rel=\"canonical\" href=\"https:\/\/gamesfactory.fr\/saint-etienne\/vr-realite-virtuelle\/\" \/>\n<meta property=\"og:locale\" content=\"fr_FR\" \/>\n<meta property=\"og:type\" content=\"article\" \/>\n<meta property=\"og:title\" content=\"VR R\u00e9alit\u00e9 virtuelle - Prison Island Saint-\u00c9tienne\" \/>\n<meta property=\"og:description\" content=\"Pr\u00eat pour Une immersion dans le futur ? https:\/\/gamesfactory.fr\/saint-etienne\/wp-content\/uploads\/sites\/9\/2020\/11\/2020-08-courte-video-VR-GF-besnacon-version40secondes.mp4 L\u2019exp\u00e9rience dure entre 15 et 20min. Votre mission ? Plusieurs sc\u00e9narios [&hellip;]\" \/>\n<meta property=\"og:url\" content=\"https:\/\/gamesfactory.fr\/saint-etienne\/vr-realite-virtuelle\/\" \/>\n<meta property=\"og:site_name\" content=\"Prison Island Saint-\u00c9tienne\" \/>\n<meta property=\"article:modified_time\" content=\"2022-01-07T12:46:25+00:00\" \/>\n<meta name=\"twitter:card\" content=\"summary_large_image\" \/>\n<meta name=\"twitter:label1\" content=\"Dur\u00e9e de lecture estim\u00e9e\" \/>\n\t<meta name=\"twitter:data1\" content=\"2 minutes\" \/>\n<script type=\"application\/ld+json\" class=\"yoast-schema-graph\">{\"@context\":\"https:\/\/schema.org\",\"@graph\":[{\"@type\":\"WebPage\",\"@id\":\"https:\/\/gamesfactory.fr\/saint-etienne\/vr-realite-virtuelle\/\",\"url\":\"https:\/\/gamesfactory.fr\/saint-etienne\/vr-realite-virtuelle\/\",\"name\":\"VR R\u00e9alit\u00e9 virtuelle - Prison Island Saint-\u00c9tienne\",\"isPartOf\":{\"@id\":\"https:\/\/gamesfactory.fr\/saint-etienne\/#website\"},\"datePublished\":\"2020-09-09T09:14:25+00:00\",\"dateModified\":\"2022-01-07T12:46:25+00:00\",\"breadcrumb\":{\"@id\":\"https:\/\/gamesfactory.fr\/saint-etienne\/vr-realite-virtuelle\/#breadcrumb\"},\"inLanguage\":\"fr-FR\",\"potentialAction\":[{\"@type\":\"ReadAction\",\"target\":[\"https:\/\/gamesfactory.fr\/saint-etienne\/vr-realite-virtuelle\/\"]}]},{\"@type\":\"BreadcrumbList\",\"@id\":\"https:\/\/gamesfactory.fr\/saint-etienne\/vr-realite-virtuelle\/#breadcrumb\",\"itemListElement\":[{\"@type\":\"ListItem\",\"position\":1,\"name\":\"Accueil\",\"item\":\"https:\/\/gamesfactory.fr\/saint-etienne\/\"},{\"@type\":\"ListItem\",\"position\":2,\"name\":\"VR R\u00e9alit\u00e9 virtuelle\"}]},{\"@type\":\"WebSite\",\"@id\":\"https:\/\/gamesfactory.fr\/saint-etienne\/#website\",\"url\":\"https:\/\/gamesfactory.fr\/saint-etienne\/\",\"name\":\"Prison Island Saint-\u00c9tienne\",\"description\":\"Votre complexe de loisirs \u00e0 Saint-\u00c9tienne\",\"potentialAction\":[{\"@type\":\"SearchAction\",\"target\":{\"@type\":\"EntryPoint\",\"urlTemplate\":\"https:\/\/gamesfactory.fr\/saint-etienne\/?s={search_term_string}\"},\"query-input\":{\"@type\":\"PropertyValueSpecification\",\"valueRequired\":true,\"valueName\":\"search_term_string\"}}],\"inLanguage\":\"fr-FR\"}]}<\/script>\n<!-- \/ Yoast SEO plugin. -->","yoast_head_json":{"title":"VR R\u00e9alit\u00e9 virtuelle - Prison Island Saint-\u00c9tienne","robots":{"index":"index","follow":"follow","max-snippet":"max-snippet:-1","max-image-preview":"max-image-preview:large","max-video-preview":"max-video-preview:-1"},"canonical":"https:\/\/gamesfactory.fr\/saint-etienne\/vr-realite-virtuelle\/","og_locale":"fr_FR","og_type":"article","og_title":"VR R\u00e9alit\u00e9 virtuelle - Prison Island Saint-\u00c9tienne","og_description":"Pr\u00eat pour Une immersion dans le futur ? https:\/\/gamesfactory.fr\/saint-etienne\/wp-content\/uploads\/sites\/9\/2020\/11\/2020-08-courte-video-VR-GF-besnacon-version40secondes.mp4 L\u2019exp\u00e9rience dure entre 15 et 20min. Votre mission ? Plusieurs sc\u00e9narios [&hellip;]","og_url":"https:\/\/gamesfactory.fr\/saint-etienne\/vr-realite-virtuelle\/","og_site_name":"Prison Island Saint-\u00c9tienne","article_modified_time":"2022-01-07T12:46:25+00:00","twitter_card":"summary_large_image","twitter_misc":{"Dur\u00e9e de lecture estim\u00e9e":"2 minutes"},"schema":{"@context":"https:\/\/schema.org","@graph":[{"@type":"WebPage","@id":"https:\/\/gamesfactory.fr\/saint-etienne\/vr-realite-virtuelle\/","url":"https:\/\/gamesfactory.fr\/saint-etienne\/vr-realite-virtuelle\/","name":"VR R\u00e9alit\u00e9 virtuelle - Prison Island Saint-\u00c9tienne","isPartOf":{"@id":"https:\/\/gamesfactory.fr\/saint-etienne\/#website"},"datePublished":"2020-09-09T09:14:25+00:00","dateModified":"2022-01-07T12:46:25+00:00","breadcrumb":{"@id":"https:\/\/gamesfactory.fr\/saint-etienne\/vr-realite-virtuelle\/#breadcrumb"},"inLanguage":"fr-FR","potentialAction":[{"@type":"ReadAction","target":["https:\/\/gamesfactory.fr\/saint-etienne\/vr-realite-virtuelle\/"]}]},{"@type":"BreadcrumbList","@id":"https:\/\/gamesfactory.fr\/saint-etienne\/vr-realite-virtuelle\/#breadcrumb","itemListElement":[{"@type":"ListItem","position":1,"name":"Accueil","item":"https:\/\/gamesfactory.fr\/saint-etienne\/"},{"@type":"ListItem","position":2,"name":"VR R\u00e9alit\u00e9 virtuelle"}]},{"@type":"WebSite","@id":"https:\/\/gamesfactory.fr\/saint-etienne\/#website","url":"https:\/\/gamesfactory.fr\/saint-etienne\/","name":"Prison Island Saint-\u00c9tienne","description":"Votre complexe de loisirs \u00e0 Saint-\u00c9tienne","potentialAction":[{"@type":"SearchAction","target":{"@type":"EntryPoint","urlTemplate":"https:\/\/gamesfactory.fr\/saint-etienne\/?s={search_term_string}"},"query-input":{"@type":"PropertyValueSpecification","valueRequired":true,"valueName":"search_term_string"}}],"inLanguage":"fr-FR"}]}},"_links":{"self":[{"href":"https:\/\/gamesfactory.fr\/saint-etienne\/wp-json\/wp\/v2\/pages\/148","targetHints":{"allow":["GET"]}}],"collection":[{"href":"https:\/\/gamesfactory.fr\/saint-etienne\/wp-json\/wp\/v2\/pages"}],"about":[{"href":"https:\/\/gamesfactory.fr\/saint-etienne\/wp-json\/wp\/v2\/types\/page"}],"author":[{"embeddable":true,"href":"https:\/\/gamesfactory.fr\/saint-etienne\/wp-json\/wp\/v2\/users\/1"}],"replies":[{"embeddable":true,"href":"https:\/\/gamesfactory.fr\/saint-etienne\/wp-json\/wp\/v2\/comments?post=148"}],"version-history":[{"count":46,"href":"https:\/\/gamesfactory.fr\/saint-etienne\/wp-json\/wp\/v2\/pages\/148\/revisions"}],"predecessor-version":[{"id":948,"href":"https:\/\/gamesfactory.fr\/saint-etienne\/wp-json\/wp\/v2\/pages\/148\/revisions\/948"}],"wp:attachment":[{"href":"https:\/\/gamesfactory.fr\/saint-etienne\/wp-json\/wp\/v2\/media?parent=148"}],"curies":[{"name":"wp","href":"https:\/\/api.w.org\/{rel}","templated":true}]}}