{"id":152,"date":"2020-09-09T11:15:01","date_gmt":"2020-09-09T09:15:01","guid":{"rendered":"https:\/\/gamesfactory.fr\/saint-etienne\/?page_id=152"},"modified":"2022-08-08T16:29:44","modified_gmt":"2022-08-08T14:29:44","slug":"jeux-darcade","status":"publish","type":"page","link":"https:\/\/gamesfactory.fr\/saint-etienne\/jeux-darcade\/","title":{"rendered":"Jeux d&#8217;Arcade"},"content":{"rendered":"\t\t<div data-elementor-type=\"wp-page\" data-elementor-id=\"152\" class=\"elementor elementor-152\">\n\t\t\t\t\t\t<section class=\"elementor-section elementor-top-section elementor-element elementor-element-791d00a0 elementor-section-full_width elementor-section-height-default elementor-section-height-default\" data-id=\"791d00a0\" data-element_type=\"section\">\n\t\t\t\t\t\t<div class=\"elementor-container elementor-column-gap-default\">\n\t\t\t\t\t<div class=\"elementor-column elementor-col-100 elementor-top-column elementor-element elementor-element-53076caf\" data-id=\"53076caf\" data-element_type=\"column\">\n\t\t\t<div class=\"elementor-widget-wrap elementor-element-populated\">\n\t\t\t\t\t\t<section class=\"elementor-section elementor-inner-section elementor-element elementor-element-4fd30777 elementor-section-full_width elementor-reverse-mobile elementor-section-content-middle elementor-section-height-default elementor-section-height-default\" data-id=\"4fd30777\" data-element_type=\"section\">\n\t\t\t\t\t\t<div class=\"elementor-container elementor-column-gap-default\">\n\t\t\t\t\t<div class=\"elementor-column elementor-col-50 elementor-inner-column elementor-element elementor-element-7a55952f\" data-id=\"7a55952f\" data-element_type=\"column\">\n\t\t\t<div class=\"elementor-widget-wrap elementor-element-populated\">\n\t\t\t\t\t\t<div class=\"elementor-element elementor-element-dad1313 elementor-widget elementor-widget-ucaddon_block_rouge_titre\" data-id=\"dad1313\" data-element_type=\"widget\" data-widget_type=\"ucaddon_block_rouge_titre.default\">\n\t\t\t\t<div class=\"elementor-widget-container\">\n\t\t\t\t\t\n<!-- start Block titre -->\n\t\t<link id='uc_ac_assets_file_block_titre_css_1681-css' href='https:\/\/gamesfactory.fr\/saint-etienne\/wp-content\/uploads\/sites\/9\/ac_assets\/custom\/block-titre.css' type='text\/css' rel='stylesheet' >\n\n\n<div class=\"block-titre\">\n\n  <div class=\"content\">\n    <h2 class=\"titre\">Venez d\u00e9fier vos amis<\/h2>\n    <h3 class=\"sous-titre\">aux jeux d'arcade<\/h3>\n    \n        \n          <div class=\"bg\" style=\"background-image: url('https:\/\/gamesfactory.fr\/saint-etienne\/wp-content\/uploads\/sites\/9\/2022\/05\/image-grise.png'); \"><\/div>\n        \n  <\/div>\t\n\n<\/div>\n<!-- end Block titre -->\t\t\t\t<\/div>\n\t\t\t\t<\/div>\n\t\t\t\t\t<\/div>\n\t\t<\/div>\n\t\t\t\t<div class=\"elementor-column elementor-col-50 elementor-inner-column elementor-element elementor-element-4fef6e7f\" data-id=\"4fef6e7f\" data-element_type=\"column\">\n\t\t\t<div class=\"elementor-widget-wrap elementor-element-populated\">\n\t\t\t\t\t\t<div class=\"elementor-element elementor-element-6b6c200e elementor-widget elementor-widget-ucaddon_block_image\" data-id=\"6b6c200e\" data-element_type=\"widget\" data-widget_type=\"ucaddon_block_image.default\">\n\t\t\t\t<div class=\"elementor-widget-container\">\n\t\t\t\t\t\n<!-- start Block image -->\n\t\t<link id='uc_ac_assets_file_block_image_css_912-css' href='https:\/\/gamesfactory.fr\/saint-etienne\/wp-content\/uploads\/sites\/9\/ac_assets\/custom\/block-image.css' type='text\/css' rel='stylesheet' >\n\n\n<div class=\"block-image\">\n  <div class=\"bg\" style=\"background-image: url('https:\/\/gamesfactory.fr\/saint-etienne\/wp-content\/uploads\/sites\/9\/2022\/08\/35.png'); \"><\/div>\n<\/div>\n<!-- end Block image -->\t\t\t\t<\/div>\n\t\t\t\t<\/div>\n\t\t\t\t\t<\/div>\n\t\t<\/div>\n\t\t\t\t\t<\/div>\n\t\t<\/section>\n\t\t\t\t<div class=\"elementor-element elementor-element-93f88ed elementor-widget elementor-widget-spacer\" data-id=\"93f88ed\" data-element_type=\"widget\" data-widget_type=\"spacer.default\">\n\t\t\t\t<div class=\"elementor-widget-container\">\n\t\t\t\t\t\t\t<div class=\"elementor-spacer\">\n\t\t\t<div class=\"elementor-spacer-inner\"><\/div>\n\t\t<\/div>\n\t\t\t\t\t\t<\/div>\n\t\t\t\t<\/div>\n\t\t\t\t<div class=\"elementor-element elementor-element-9b22bad elementor-widget elementor-widget-heading\" data-id=\"9b22bad\" data-element_type=\"widget\" data-widget_type=\"heading.default\">\n\t\t\t\t<div class=\"elementor-widget-container\">\n\t\t\t\t\t<h2 class=\"elementor-heading-title elementor-size-default\">Tarifs jetons<\/h2>\t\t\t\t<\/div>\n\t\t\t\t<\/div>\n\t\t\t\t<div class=\"elementor-element elementor-element-891511c elementor-widget elementor-widget-heading\" data-id=\"891511c\" data-element_type=\"widget\" data-widget_type=\"heading.default\">\n\t\t\t\t<div class=\"elementor-widget-container\">\n\t\t\t\t\t<h2 class=\"elementor-heading-title elementor-size-default\">Borne arcade,  palets\u2026<\/h2>\t\t\t\t<\/div>\n\t\t\t\t<\/div>\n\t\t\t\t\t<\/div>\n\t\t<\/div>\n\t\t\t\t\t<\/div>\n\t\t<\/section>\n\t\t\t\t<section class=\"elementor-section elementor-top-section elementor-element elementor-element-dac4e95 elementor-section-boxed elementor-section-height-default elementor-section-height-default\" data-id=\"dac4e95\" data-element_type=\"section\">\n\t\t\t\t\t\t<div class=\"elementor-container elementor-column-gap-default\">\n\t\t\t\t\t<div class=\"elementor-column elementor-col-33 elementor-top-column elementor-element elementor-element-5dddf4d\" data-id=\"5dddf4d\" data-element_type=\"column\">\n\t\t\t<div class=\"elementor-widget-wrap elementor-element-populated\">\n\t\t\t\t\t\t<div class=\"elementor-element elementor-element-34be30b elementor-widget elementor-widget-ucaddon_block_prix\" data-id=\"34be30b\" data-element_type=\"widget\" data-widget_type=\"ucaddon_block_prix.default\">\n\t\t\t\t<div class=\"elementor-widget-container\">\n\t\t\t\t\t\n<!-- start Block prix -->\n\t\t<link id='uc_ac_assets_file_block_prix_css_1179-css' href='https:\/\/gamesfactory.fr\/saint-etienne\/wp-content\/uploads\/sites\/9\/ac_assets\/custom\/block-prix.css' type='text\/css' rel='stylesheet' >\n\n\n<div class=\"block-prix\">\n\t\n\t<div class=\"cont-titre\">\n\t\t<h2 class=\"titre\">1 jeton<\/h2>\n\t<\/div>\n\n\t<div class=\"cont-prix\">\n\t\t<h3 class=\"prix\">2\u20ac<\/h3>\n\t\t<span class=\"prix-detail\"><\/span>\n\t<\/div>\n\t\n    \n  \t  \n<\/div>\n<!-- end Block prix -->\t\t\t\t<\/div>\n\t\t\t\t<\/div>\n\t\t\t\t\t<\/div>\n\t\t<\/div>\n\t\t\t\t<div class=\"elementor-column elementor-col-33 elementor-top-column elementor-element elementor-element-f95f9cf\" data-id=\"f95f9cf\" data-element_type=\"column\">\n\t\t\t<div class=\"elementor-widget-wrap elementor-element-populated\">\n\t\t\t\t\t\t<div class=\"elementor-element elementor-element-afb28c8 elementor-widget elementor-widget-ucaddon_block_prix\" data-id=\"afb28c8\" data-element_type=\"widget\" data-widget_type=\"ucaddon_block_prix.default\">\n\t\t\t\t<div class=\"elementor-widget-container\">\n\t\t\t\t\t\n<!-- start Block prix -->\n\n\n<div class=\"block-prix\">\n\t\n\t<div class=\"cont-titre\">\n\t\t<h2 class=\"titre\">3 jetons<\/h2>\n\t<\/div>\n\n\t<div class=\"cont-prix\">\n\t\t<h3 class=\"prix\">5\u20ac<\/h3>\n\t\t<span class=\"prix-detail\"><\/span>\n\t<\/div>\n\t\n    \n  \t  \n<\/div>\n<!-- end Block prix -->\t\t\t\t<\/div>\n\t\t\t\t<\/div>\n\t\t\t\t\t<\/div>\n\t\t<\/div>\n\t\t\t\t<div class=\"elementor-column elementor-col-33 elementor-top-column elementor-element elementor-element-38b86d3\" data-id=\"38b86d3\" data-element_type=\"column\">\n\t\t\t<div class=\"elementor-widget-wrap elementor-element-populated\">\n\t\t\t\t\t\t<div class=\"elementor-element elementor-element-e82ef5b elementor-widget elementor-widget-ucaddon_block_prix\" data-id=\"e82ef5b\" data-element_type=\"widget\" data-widget_type=\"ucaddon_block_prix.default\">\n\t\t\t\t<div class=\"elementor-widget-container\">\n\t\t\t\t\t\n<!-- start Block prix -->\n\n\n<div class=\"block-prix\">\n\t\n\t<div class=\"cont-titre\">\n\t\t<h2 class=\"titre\">6 jetons<\/h2>\n\t<\/div>\n\n\t<div class=\"cont-prix\">\n\t\t<h3 class=\"prix\">10\u20ac<\/h3>\n\t\t<span class=\"prix-detail\"><\/span>\n\t<\/div>\n\t\n    \n  \t  \n<\/div>\n<!-- end Block prix -->\t\t\t\t<\/div>\n\t\t\t\t<\/div>\n\t\t\t\t\t<\/div>\n\t\t<\/div>\n\t\t\t\t\t<\/div>\n\t\t<\/section>\n\t\t\t\t<section class=\"elementor-section elementor-top-section elementor-element elementor-element-254bb49 elementor-section-boxed elementor-section-height-default elementor-section-height-default\" data-id=\"254bb49\" data-element_type=\"section\">\n\t\t\t\t\t\t<div class=\"elementor-container elementor-column-gap-default\">\n\t\t\t\t\t<div class=\"elementor-column elementor-col-100 elementor-top-column elementor-element elementor-element-e419a3b\" data-id=\"e419a3b\" data-element_type=\"column\">\n\t\t\t<div class=\"elementor-widget-wrap elementor-element-populated\">\n\t\t\t\t\t\t<div class=\"elementor-element elementor-element-e76aac4 elementor-widget elementor-widget-spacer\" data-id=\"e76aac4\" data-element_type=\"widget\" data-widget_type=\"spacer.default\">\n\t\t\t\t<div class=\"elementor-widget-container\">\n\t\t\t\t\t\t\t<div class=\"elementor-spacer\">\n\t\t\t<div class=\"elementor-spacer-inner\"><\/div>\n\t\t<\/div>\n\t\t\t\t\t\t<\/div>\n\t\t\t\t<\/div>\n\t\t\t\t\t<\/div>\n\t\t<\/div>\n\t\t\t\t\t<\/div>\n\t\t<\/section>\n\t\t\t\t<\/div>\n\t\t","protected":false},"excerpt":{"rendered":"<p>Venez d\u00e9fier vos amis aux jeux d&#8217;arcade Tarifs jetons Borne arcade, palets\u2026 1 jeton 2\u20ac 3 jetons 5\u20ac 6 jetons [&hellip;]<\/p>\n","protected":false},"author":1,"featured_media":0,"parent":0,"menu_order":0,"comment_status":"closed","ping_status":"closed","template":"","meta":{"inline_featured_image":false,"site-sidebar-layout":"no-sidebar","site-content-layout":"page-builder","ast-site-content-layout":"","site-content-style":"default","site-sidebar-style":"default","ast-global-header-display":"","ast-banner-title-visibility":"","ast-main-header-display":"","ast-hfb-above-header-display":"","ast-hfb-below-header-display":"","ast-hfb-mobile-header-display":"","site-post-title":"disabled","ast-breadcrumbs-content":"","ast-featured-img":"disabled","footer-sml-layout":"","theme-transparent-header-meta":"default","adv-header-id-meta":"","stick-header-meta":"","header-above-stick-meta":"","header-main-stick-meta":"","header-below-stick-meta":"","astra-migrate-meta-layouts":"default","ast-page-background-enabled":"default","ast-page-background-meta":{"desktop":{"background-color":"","background-image":"","background-repeat":"repeat","background-position":"center center","background-size":"auto","background-attachment":"scroll","background-type":"","background-media":"","overlay-type":"","overlay-color":"","overlay-opacity":"","overlay-gradient":""},"tablet":{"background-color":"","background-image":"","background-repeat":"repeat","background-position":"center center","background-size":"auto","background-attachment":"scroll","background-type":"","background-media":"","overlay-type":"","overlay-color":"","overlay-opacity":"","overlay-gradient":""},"mobile":{"background-color":"","background-image":"","background-repeat":"repeat","background-position":"center center","background-size":"auto","background-attachment":"scroll","background-type":"","background-media":"","overlay-type":"","overlay-color":"","overlay-opacity":"","overlay-gradient":""}},"ast-content-background-meta":{"desktop":{"background-color":"var(--ast-global-color-5)","background-image":"","background-repeat":"repeat","background-position":"center center","background-size":"auto","background-attachment":"scroll","background-type":"","background-media":"","overlay-type":"","overlay-color":"","overlay-opacity":"","overlay-gradient":""},"tablet":{"background-color":"var(--ast-global-color-5)","background-image":"","background-repeat":"repeat","background-position":"center center","background-size":"auto","background-attachment":"scroll","background-type":"","background-media":"","overlay-type":"","overlay-color":"","overlay-opacity":"","overlay-gradient":""},"mobile":{"background-color":"var(--ast-global-color-5)","background-image":"","background-repeat":"repeat","background-position":"center center","background-size":"auto","background-attachment":"scroll","background-type":"","background-media":"","overlay-type":"","overlay-color":"","overlay-opacity":"","overlay-gradient":""}},"footnotes":""},"class_list":["post-152","page","type-page","status-publish","hentry"],"yoast_head":"<!-- This site is optimized with the Yoast SEO plugin v24.6 - https:\/\/yoast.com\/wordpress\/plugins\/seo\/ -->\n<title>Jeux d&#039;Arcade - Prison Island Saint-\u00c9tienne<\/title>\n<meta name=\"robots\" content=\"index, follow, max-snippet:-1, max-image-preview:large, max-video-preview:-1\" \/>\n<link rel=\"canonical\" href=\"https:\/\/gamesfactory.fr\/saint-etienne\/jeux-darcade\/\" \/>\n<meta property=\"og:locale\" content=\"fr_FR\" \/>\n<meta property=\"og:type\" content=\"article\" \/>\n<meta property=\"og:title\" content=\"Jeux d&#039;Arcade - Prison Island Saint-\u00c9tienne\" \/>\n<meta property=\"og:description\" content=\"Venez d\u00e9fier vos amis aux jeux d&#8217;arcade Tarifs jetons Borne arcade, palets\u2026 1 jeton 2\u20ac 3 jetons 5\u20ac 6 jetons [&hellip;]\" \/>\n<meta property=\"og:url\" content=\"https:\/\/gamesfactory.fr\/saint-etienne\/jeux-darcade\/\" \/>\n<meta property=\"og:site_name\" content=\"Prison Island Saint-\u00c9tienne\" \/>\n<meta property=\"article:modified_time\" content=\"2022-08-08T14:29:44+00:00\" \/>\n<meta name=\"twitter:card\" content=\"summary_large_image\" \/>\n<meta name=\"twitter:label1\" content=\"Dur\u00e9e de lecture estim\u00e9e\" \/>\n\t<meta name=\"twitter:data1\" content=\"1 minute\" \/>\n<script type=\"application\/ld+json\" class=\"yoast-schema-graph\">{\"@context\":\"https:\/\/schema.org\",\"@graph\":[{\"@type\":\"WebPage\",\"@id\":\"https:\/\/gamesfactory.fr\/saint-etienne\/jeux-darcade\/\",\"url\":\"https:\/\/gamesfactory.fr\/saint-etienne\/jeux-darcade\/\",\"name\":\"Jeux d'Arcade - Prison Island Saint-\u00c9tienne\",\"isPartOf\":{\"@id\":\"https:\/\/gamesfactory.fr\/saint-etienne\/#website\"},\"datePublished\":\"2020-09-09T09:15:01+00:00\",\"dateModified\":\"2022-08-08T14:29:44+00:00\",\"breadcrumb\":{\"@id\":\"https:\/\/gamesfactory.fr\/saint-etienne\/jeux-darcade\/#breadcrumb\"},\"inLanguage\":\"fr-FR\",\"potentialAction\":[{\"@type\":\"ReadAction\",\"target\":[\"https:\/\/gamesfactory.fr\/saint-etienne\/jeux-darcade\/\"]}]},{\"@type\":\"BreadcrumbList\",\"@id\":\"https:\/\/gamesfactory.fr\/saint-etienne\/jeux-darcade\/#breadcrumb\",\"itemListElement\":[{\"@type\":\"ListItem\",\"position\":1,\"name\":\"Accueil\",\"item\":\"https:\/\/gamesfactory.fr\/saint-etienne\/\"},{\"@type\":\"ListItem\",\"position\":2,\"name\":\"Jeux d&rsquo;Arcade\"}]},{\"@type\":\"WebSite\",\"@id\":\"https:\/\/gamesfactory.fr\/saint-etienne\/#website\",\"url\":\"https:\/\/gamesfactory.fr\/saint-etienne\/\",\"name\":\"Prison Island Saint-\u00c9tienne\",\"description\":\"Votre complexe de loisirs \u00e0 Saint-\u00c9tienne\",\"potentialAction\":[{\"@type\":\"SearchAction\",\"target\":{\"@type\":\"EntryPoint\",\"urlTemplate\":\"https:\/\/gamesfactory.fr\/saint-etienne\/?s={search_term_string}\"},\"query-input\":{\"@type\":\"PropertyValueSpecification\",\"valueRequired\":true,\"valueName\":\"search_term_string\"}}],\"inLanguage\":\"fr-FR\"}]}<\/script>\n<!-- \/ Yoast SEO plugin. -->","yoast_head_json":{"title":"Jeux d'Arcade - Prison Island Saint-\u00c9tienne","robots":{"index":"index","follow":"follow","max-snippet":"max-snippet:-1","max-image-preview":"max-image-preview:large","max-video-preview":"max-video-preview:-1"},"canonical":"https:\/\/gamesfactory.fr\/saint-etienne\/jeux-darcade\/","og_locale":"fr_FR","og_type":"article","og_title":"Jeux d'Arcade - Prison Island Saint-\u00c9tienne","og_description":"Venez d\u00e9fier vos amis aux jeux d&#8217;arcade Tarifs jetons Borne arcade, palets\u2026 1 jeton 2\u20ac 3 jetons 5\u20ac 6 jetons [&hellip;]","og_url":"https:\/\/gamesfactory.fr\/saint-etienne\/jeux-darcade\/","og_site_name":"Prison Island Saint-\u00c9tienne","article_modified_time":"2022-08-08T14:29:44+00:00","twitter_card":"summary_large_image","twitter_misc":{"Dur\u00e9e de lecture estim\u00e9e":"1 minute"},"schema":{"@context":"https:\/\/schema.org","@graph":[{"@type":"WebPage","@id":"https:\/\/gamesfactory.fr\/saint-etienne\/jeux-darcade\/","url":"https:\/\/gamesfactory.fr\/saint-etienne\/jeux-darcade\/","name":"Jeux d'Arcade - Prison Island Saint-\u00c9tienne","isPartOf":{"@id":"https:\/\/gamesfactory.fr\/saint-etienne\/#website"},"datePublished":"2020-09-09T09:15:01+00:00","dateModified":"2022-08-08T14:29:44+00:00","breadcrumb":{"@id":"https:\/\/gamesfactory.fr\/saint-etienne\/jeux-darcade\/#breadcrumb"},"inLanguage":"fr-FR","potentialAction":[{"@type":"ReadAction","target":["https:\/\/gamesfactory.fr\/saint-etienne\/jeux-darcade\/"]}]},{"@type":"BreadcrumbList","@id":"https:\/\/gamesfactory.fr\/saint-etienne\/jeux-darcade\/#breadcrumb","itemListElement":[{"@type":"ListItem","position":1,"name":"Accueil","item":"https:\/\/gamesfactory.fr\/saint-etienne\/"},{"@type":"ListItem","position":2,"name":"Jeux d&rsquo;Arcade"}]},{"@type":"WebSite","@id":"https:\/\/gamesfactory.fr\/saint-etienne\/#website","url":"https:\/\/gamesfactory.fr\/saint-etienne\/","name":"Prison Island Saint-\u00c9tienne","description":"Votre complexe de loisirs \u00e0 Saint-\u00c9tienne","potentialAction":[{"@type":"SearchAction","target":{"@type":"EntryPoint","urlTemplate":"https:\/\/gamesfactory.fr\/saint-etienne\/?s={search_term_string}"},"query-input":{"@type":"PropertyValueSpecification","valueRequired":true,"valueName":"search_term_string"}}],"inLanguage":"fr-FR"}]}},"_links":{"self":[{"href":"https:\/\/gamesfactory.fr\/saint-etienne\/wp-json\/wp\/v2\/pages\/152","targetHints":{"allow":["GET"]}}],"collection":[{"href":"https:\/\/gamesfactory.fr\/saint-etienne\/wp-json\/wp\/v2\/pages"}],"about":[{"href":"https:\/\/gamesfactory.fr\/saint-etienne\/wp-json\/wp\/v2\/types\/page"}],"author":[{"embeddable":true,"href":"https:\/\/gamesfactory.fr\/saint-etienne\/wp-json\/wp\/v2\/users\/1"}],"replies":[{"embeddable":true,"href":"https:\/\/gamesfactory.fr\/saint-etienne\/wp-json\/wp\/v2\/comments?post=152"}],"version-history":[{"count":20,"href":"https:\/\/gamesfactory.fr\/saint-etienne\/wp-json\/wp\/v2\/pages\/152\/revisions"}],"predecessor-version":[{"id":1534,"href":"https:\/\/gamesfactory.fr\/saint-etienne\/wp-json\/wp\/v2\/pages\/152\/revisions\/1534"}],"wp:attachment":[{"href":"https:\/\/gamesfactory.fr\/saint-etienne\/wp-json\/wp\/v2\/media?parent=152"}],"curies":[{"name":"wp","href":"https:\/\/api.w.org\/{rel}","templated":true}]}}