{"id":1821,"date":"2023-01-03T15:19:59","date_gmt":"2023-01-03T14:19:59","guid":{"rendered":"https:\/\/gamesfactory.fr\/saint-etienne\/?page_id=1821"},"modified":"2025-12-01T14:37:51","modified_gmt":"2025-12-01T13:37:51","slug":"quiz-box","status":"publish","type":"page","link":"https:\/\/gamesfactory.fr\/saint-etienne\/quiz-box\/","title":{"rendered":"Quiz Box"},"content":{"rendered":"\t\t<div data-elementor-type=\"wp-page\" data-elementor-id=\"1821\" class=\"elementor elementor-1821\">\n\t\t\t\t\t\t<section class=\"elementor-section elementor-top-section elementor-element elementor-element-ce2c724 elementor-section-boxed elementor-section-height-default elementor-section-height-default\" data-id=\"ce2c724\" data-element_type=\"section\">\n\t\t\t\t\t\t<div class=\"elementor-container elementor-column-gap-default\">\n\t\t\t\t\t<div class=\"elementor-column elementor-col-50 elementor-top-column elementor-element elementor-element-e643912\" data-id=\"e643912\" data-element_type=\"column\">\n\t\t\t<div class=\"elementor-widget-wrap elementor-element-populated\">\n\t\t\t\t\t\t<div class=\"elementor-element elementor-element-b8e82b9 elementor-widget elementor-widget-spacer\" data-id=\"b8e82b9\" data-element_type=\"widget\" data-widget_type=\"spacer.default\">\n\t\t\t\t<div class=\"elementor-widget-container\">\n\t\t\t\t\t\t\t<div class=\"elementor-spacer\">\n\t\t\t<div class=\"elementor-spacer-inner\"><\/div>\n\t\t<\/div>\n\t\t\t\t\t\t<\/div>\n\t\t\t\t<\/div>\n\t\t\t\t<section class=\"elementor-section elementor-inner-section elementor-element elementor-element-eb48518 elementor-section-full_width elementor-reverse-mobile elementor-section-height-default elementor-section-height-default\" data-id=\"eb48518\" data-element_type=\"section\">\n\t\t\t\t\t\t<div class=\"elementor-container elementor-column-gap-default\">\n\t\t\t\t\t<div class=\"elementor-column elementor-col-100 elementor-inner-column elementor-element elementor-element-a274d27\" data-id=\"a274d27\" data-element_type=\"column\">\n\t\t\t<div class=\"elementor-widget-wrap elementor-element-populated\">\n\t\t\t\t\t\t<div class=\"elementor-element elementor-element-d6b0153 elementor-widget elementor-widget-ucaddon_block_rouge_titre\" data-id=\"d6b0153\" data-element_type=\"widget\" data-widget_type=\"ucaddon_block_rouge_titre.default\">\n\t\t\t\t<div class=\"elementor-widget-container\">\n\t\t\t\t\t\n<!-- start Block titre -->\n\t\t<link id='uc_ac_assets_file_block_titre_css_1681-css' href='https:\/\/gamesfactory.fr\/saint-etienne\/wp-content\/uploads\/sites\/9\/ac_assets\/custom\/block-titre.css' type='text\/css' rel='stylesheet' >\n\n\n<div class=\"block-titre\">\n\n  <div class=\"content\">\n    <h2 class=\"titre\">Pr\u00eat \u00e0<\/h2>\n    <h3 class=\"sous-titre\">combattre vos adversaires ?<\/h3>\n    \n        \n          <div class=\"bg\" style=\"background-image: url('https:\/\/gamesfactory.fr\/saint-etienne\/wp-content\/uploads\/sites\/9\/2022\/05\/image-grise.png'); \"><\/div>\n        \n  <\/div>\t\n\n<\/div>\n<!-- end Block titre -->\t\t\t\t<\/div>\n\t\t\t\t<\/div>\n\t\t\t\t\t<\/div>\n\t\t<\/div>\n\t\t\t\t\t<\/div>\n\t\t<\/section>\n\t\t\t\t<div class=\"elementor-element elementor-element-249dc28 elementor-widget elementor-widget-spacer\" data-id=\"249dc28\" data-element_type=\"widget\" data-widget_type=\"spacer.default\">\n\t\t\t\t<div class=\"elementor-widget-container\">\n\t\t\t\t\t\t\t<div class=\"elementor-spacer\">\n\t\t\t<div class=\"elementor-spacer-inner\"><\/div>\n\t\t<\/div>\n\t\t\t\t\t\t<\/div>\n\t\t\t\t<\/div>\n\t\t\t\t\t<\/div>\n\t\t<\/div>\n\t\t\t\t<div class=\"elementor-column elementor-col-50 elementor-top-column elementor-element elementor-element-3d58893\" data-id=\"3d58893\" data-element_type=\"column\">\n\t\t\t<div class=\"elementor-widget-wrap elementor-element-populated\">\n\t\t\t\t\t\t<div class=\"elementor-element elementor-element-f6cda7e elementor-widget elementor-widget-spacer\" data-id=\"f6cda7e\" data-element_type=\"widget\" data-widget_type=\"spacer.default\">\n\t\t\t\t<div class=\"elementor-widget-container\">\n\t\t\t\t\t\t\t<div class=\"elementor-spacer\">\n\t\t\t<div class=\"elementor-spacer-inner\"><\/div>\n\t\t<\/div>\n\t\t\t\t\t\t<\/div>\n\t\t\t\t<\/div>\n\t\t\t\t<div class=\"elementor-element elementor-element-f2da39d elementor-widget elementor-widget-image\" data-id=\"f2da39d\" data-element_type=\"widget\" data-widget_type=\"image.default\">\n\t\t\t\t<div class=\"elementor-widget-container\">\n\t\t\t\t\t\t\t\t\t\t\t\t\t\t\t<img fetchpriority=\"high\" decoding=\"async\" width=\"1536\" height=\"1024\" src=\"https:\/\/gamesfactory.fr\/saint-etienne\/wp-content\/uploads\/sites\/9\/2024\/02\/469A3325-min-1536x1024.jpg\" class=\"attachment-1536x1536 size-1536x1536 wp-image-2413\" alt=\"\" srcset=\"https:\/\/gamesfactory.fr\/saint-etienne\/wp-content\/uploads\/sites\/9\/2024\/02\/469A3325-min-1536x1024.jpg 1536w, https:\/\/gamesfactory.fr\/saint-etienne\/wp-content\/uploads\/sites\/9\/2024\/02\/469A3325-min-300x200.jpg 300w, https:\/\/gamesfactory.fr\/saint-etienne\/wp-content\/uploads\/sites\/9\/2024\/02\/469A3325-min-1024x683.jpg 1024w, https:\/\/gamesfactory.fr\/saint-etienne\/wp-content\/uploads\/sites\/9\/2024\/02\/469A3325-min-768x512.jpg 768w, https:\/\/gamesfactory.fr\/saint-etienne\/wp-content\/uploads\/sites\/9\/2024\/02\/469A3325-min-2048x1365.jpg 2048w\" sizes=\"(max-width: 1536px) 100vw, 1536px\" \/>\t\t\t\t\t\t\t\t\t\t\t\t\t\t\t<\/div>\n\t\t\t\t<\/div>\n\t\t\t\t<div class=\"elementor-element elementor-element-79c2e6d elementor-align-justify elementor-widget elementor-widget-button\" data-id=\"79c2e6d\" data-element_type=\"widget\" data-widget_type=\"button.default\">\n\t\t\t\t<div class=\"elementor-widget-container\">\n\t\t\t\t\t\t\t\t\t<div class=\"elementor-button-wrapper\">\n\t\t\t\t\t<a class=\"elementor-button elementor-button-link elementor-size-md\" href=\"https:\/\/gamesfactory.fr\/saint-etienne\/tarifs\/\">\n\t\t\t\t\t\t<span class=\"elementor-button-content-wrapper\">\n\t\t\t\t\t\t\t\t\t<span class=\"elementor-button-text\">NOS TARIFS<\/span>\n\t\t\t\t\t<\/span>\n\t\t\t\t\t<\/a>\n\t\t\t\t<\/div>\n\t\t\t\t\t\t\t\t<\/div>\n\t\t\t\t<\/div>\n\t\t\t\t<div class=\"elementor-element elementor-element-dabea64 elementor-align-justify elementor-widget__width-inherit elementor-widget elementor-widget-button\" data-id=\"dabea64\" data-element_type=\"widget\" data-widget_type=\"button.default\">\n\t\t\t\t<div class=\"elementor-widget-container\">\n\t\t\t\t\t\t\t\t\t<div class=\"elementor-button-wrapper\">\n\t\t\t\t\t<a class=\"elementor-button elementor-button-link elementor-size-md\" href=\"https:\/\/gamesfactory.fr\/saint-etienne\/reservations\/\">\n\t\t\t\t\t\t<span class=\"elementor-button-content-wrapper\">\n\t\t\t\t\t\t\t\t\t<span class=\"elementor-button-text\">R\u00c9SERVEZ<\/span>\n\t\t\t\t\t<\/span>\n\t\t\t\t\t<\/a>\n\t\t\t\t<\/div>\n\t\t\t\t\t\t\t\t<\/div>\n\t\t\t\t<\/div>\n\t\t\t\t\t<\/div>\n\t\t<\/div>\n\t\t\t\t\t<\/div>\n\t\t<\/section>\n\t\t\t\t<section class=\"elementor-section elementor-top-section elementor-element elementor-element-7aacf5c elementor-section-boxed elementor-section-height-default elementor-section-height-default\" data-id=\"7aacf5c\" data-element_type=\"section\">\n\t\t\t\t\t\t<div class=\"elementor-container elementor-column-gap-default\">\n\t\t\t\t\t<div class=\"elementor-column elementor-col-66 elementor-top-column elementor-element elementor-element-d8ea8f9\" data-id=\"d8ea8f9\" data-element_type=\"column\">\n\t\t\t<div class=\"elementor-widget-wrap elementor-element-populated\">\n\t\t\t\t\t\t<div class=\"elementor-element elementor-element-f52346a elementor-widget elementor-widget-image\" data-id=\"f52346a\" data-element_type=\"widget\" data-widget_type=\"image.default\">\n\t\t\t\t<div class=\"elementor-widget-container\">\n\t\t\t\t\t\t\t\t\t\t\t\t\t\t\t<img decoding=\"async\" src=\"https:\/\/gamesfactory.fr\/troyes\/wp-content\/uploads\/sites\/10\/2022\/07\/gallery_06.jpg\" title=\"\" alt=\"\" loading=\"lazy\" \/>\t\t\t\t\t\t\t\t\t\t\t\t\t\t\t<\/div>\n\t\t\t\t<\/div>\n\t\t\t\t\t<\/div>\n\t\t<\/div>\n\t\t\t\t<div class=\"elementor-column elementor-col-33 elementor-top-column elementor-element elementor-element-5296e2f\" data-id=\"5296e2f\" data-element_type=\"column\">\n\t\t\t<div class=\"elementor-widget-wrap elementor-element-populated\">\n\t\t\t\t\t\t<div class=\"elementor-element elementor-element-fd549cb elementor-widget elementor-widget-ucaddon_block_text_titre\" data-id=\"fd549cb\" data-element_type=\"widget\" data-widget_type=\"ucaddon_block_text_titre.default\">\n\t\t\t\t<div class=\"elementor-widget-container\">\n\t\t\t\t\t\n<!-- start Block text -->\n\t\t<link id='uc_ac_assets_file_block_text_css_861-css' href='https:\/\/gamesfactory.fr\/saint-etienne\/wp-content\/uploads\/sites\/9\/ac_assets\/custom\/block-text.css' type='text\/css' rel='stylesheet' >\n\n\n<div class=\"block-text-titre\">\n  <h2 class=\"titre\">Que les <\/h2>\n  <h3 class=\"sous-titre\">questions commencent<\/h3>\n  <p class=\"description\"><div class=\"elementor-element elementor-element-770579e elementor-widget elementor-widget-text-editor\" data-id=\"770579e\" data-element_type=\"widget\" data-widget_type=\"text-editor.default\"><div class=\"elementor-widget-container\"><p>Le Quiz Box est une nouvelle discipline tr\u00e8s \u00e0 la mode ! Contrairement \u00e0 un Escape Game o\u00f9 l\u2019on vous demande de collaborer avec vos amis, cette fois-ci on vous propose de vous affronter !<\/p><p>\u00a0<\/p><p>Chacun dispose de sa borne de combat et vous devez gagner des points \u00e0 travers diff\u00e9rents rounds (quiz,blind test\u2026) dans une ar\u00e8ne survolt\u00e9e.<\/p><p>\u00a0<\/p><p>Et pas de panique si vous ne connaissez pas les r\u00e9ponses, vous avez m\u00eame des jokers pour tricher !\u00a0<\/p><\/div><\/div><\/p>\n<\/div>\n<!-- end Block text -->\t\t\t\t<\/div>\n\t\t\t\t<\/div>\n\t\t\t\t\t<\/div>\n\t\t<\/div>\n\t\t\t\t\t<\/div>\n\t\t<\/section>\n\t\t\t\t<section class=\"elementor-section elementor-top-section elementor-element elementor-element-6851290 elementor-section-boxed elementor-section-height-default elementor-section-height-default\" data-id=\"6851290\" data-element_type=\"section\">\n\t\t\t\t\t\t<div class=\"elementor-container elementor-column-gap-default\">\n\t\t\t\t\t<div class=\"elementor-column elementor-col-100 elementor-top-column elementor-element elementor-element-ab885ba\" data-id=\"ab885ba\" data-element_type=\"column\">\n\t\t\t<div class=\"elementor-widget-wrap elementor-element-populated\">\n\t\t\t\t\t\t<div class=\"elementor-element elementor-element-719d8f6 elementor-widget elementor-widget-video\" data-id=\"719d8f6\" data-element_type=\"widget\" data-settings=\"{&quot;youtube_url&quot;:&quot;https:\\\/\\\/www.youtube.com\\\/watch?v=2ByqLdTPt0w&quot;,&quot;autoplay&quot;:&quot;yes&quot;,&quot;loop&quot;:&quot;yes&quot;,&quot;play_on_mobile&quot;:&quot;yes&quot;,&quot;mute&quot;:&quot;yes&quot;,&quot;video_type&quot;:&quot;youtube&quot;,&quot;controls&quot;:&quot;yes&quot;}\" data-widget_type=\"video.default\">\n\t\t\t\t<div class=\"elementor-widget-container\">\n\t\t\t\t\t\t\t<div class=\"elementor-wrapper elementor-open-inline\">\n\t\t\t<div class=\"elementor-video\"><\/div>\t\t<\/div>\n\t\t\t\t\t\t<\/div>\n\t\t\t\t<\/div>\n\t\t\t\t<div class=\"elementor-element elementor-element-8164a6b elementor-widget elementor-widget-spacer\" data-id=\"8164a6b\" data-element_type=\"widget\" data-widget_type=\"spacer.default\">\n\t\t\t\t<div class=\"elementor-widget-container\">\n\t\t\t\t\t\t\t<div class=\"elementor-spacer\">\n\t\t\t<div class=\"elementor-spacer-inner\"><\/div>\n\t\t<\/div>\n\t\t\t\t\t\t<\/div>\n\t\t\t\t<\/div>\n\t\t\t\t\t<\/div>\n\t\t<\/div>\n\t\t\t\t\t<\/div>\n\t\t<\/section>\n\t\t\t\t<section class=\"elementor-section elementor-top-section elementor-element elementor-element-8b0c446 elementor-section-boxed elementor-section-height-default elementor-section-height-default\" data-id=\"8b0c446\" data-element_type=\"section\">\n\t\t\t\t\t\t<div class=\"elementor-container elementor-column-gap-default\">\n\t\t\t\t\t<div class=\"elementor-column elementor-col-50 elementor-top-column elementor-element elementor-element-6e4a21b\" data-id=\"6e4a21b\" data-element_type=\"column\">\n\t\t\t<div class=\"elementor-widget-wrap elementor-element-populated\">\n\t\t\t\t\t\t<div class=\"elementor-element elementor-element-e2c4252 elementor-widget elementor-widget-ucaddon_block_rouge_titre\" data-id=\"e2c4252\" data-element_type=\"widget\" data-widget_type=\"ucaddon_block_rouge_titre.default\">\n\t\t\t\t<div class=\"elementor-widget-container\">\n\t\t\t\t\t\n<!-- start Block titre -->\n\n\n<div class=\"block-titre\">\n\n  <div class=\"content\">\n    <h2 class=\"titre\">Infos<\/h2>\n    <h3 class=\"sous-titre\">PRATIQUES<\/h3>\n    \n        \n          <div class=\"bg\" style=\"background-image: url('https:\/\/gamesfactory.fr\/saint-etienne\/wp-content\/uploads\/sites\/9\/2022\/05\/image-grise.png'); \"><\/div>\n        \n  <\/div>\t\n\n<\/div>\n<!-- end Block titre -->\t\t\t\t<\/div>\n\t\t\t\t<\/div>\n\t\t\t\t\t<\/div>\n\t\t<\/div>\n\t\t\t\t<div class=\"elementor-column elementor-col-50 elementor-top-column elementor-element elementor-element-0951b3f\" data-id=\"0951b3f\" data-element_type=\"column\">\n\t\t\t<div class=\"elementor-widget-wrap elementor-element-populated\">\n\t\t\t\t\t\t<div class=\"elementor-element elementor-element-92bc960 elementor-widget elementor-widget-ucaddon_block_text_titre\" data-id=\"92bc960\" data-element_type=\"widget\" data-widget_type=\"ucaddon_block_text_titre.default\">\n\t\t\t\t<div class=\"elementor-widget-container\">\n\t\t\t\t\t\n<!-- start Block text -->\n\n\n<div class=\"block-text-titre\">\n  <h2 class=\"titre\"><\/h2>\n  <h3 class=\"sous-titre\"><\/h3>\n  <p class=\"description\"><p>2 salles avec 6 pupitres<\/p><p>\u00a0<\/p><p>1 personne \/ pupitre<\/p><p>\u00a0<\/p><p>Au del\u00e0 de 6 : 2 personnes \/ pupitre<\/p><p>\u00a0<\/p><p>Nombre de joueurs :<\/p><p>1 \u00e0 12 joueurs (\u00e0 partir de 12 ans)<\/p><p>\u00a0<\/p><p>Dur\u00e9e : 60 min<\/p><p>\u00a0<\/p><p>Difficult\u00e9 et th\u00e8me adaptable.<\/p><\/p>\n<\/div>\n<!-- end Block text -->\t\t\t\t<\/div>\n\t\t\t\t<\/div>\n\t\t\t\t\t<\/div>\n\t\t<\/div>\n\t\t\t\t\t<\/div>\n\t\t<\/section>\n\t\t\t\t<section class=\"elementor-section elementor-top-section elementor-element elementor-element-0f66502 elementor-section-boxed elementor-section-height-default elementor-section-height-default\" data-id=\"0f66502\" data-element_type=\"section\">\n\t\t\t\t\t\t<div class=\"elementor-container elementor-column-gap-default\">\n\t\t\t\t\t<div class=\"elementor-column elementor-col-100 elementor-top-column elementor-element elementor-element-8cf994d\" data-id=\"8cf994d\" data-element_type=\"column\">\n\t\t\t<div class=\"elementor-widget-wrap elementor-element-populated\">\n\t\t\t\t\t\t<div class=\"elementor-element elementor-element-8250493 elementor-widget elementor-widget-spacer\" data-id=\"8250493\" data-element_type=\"widget\" data-widget_type=\"spacer.default\">\n\t\t\t\t<div class=\"elementor-widget-container\">\n\t\t\t\t\t\t\t<div class=\"elementor-spacer\">\n\t\t\t<div class=\"elementor-spacer-inner\"><\/div>\n\t\t<\/div>\n\t\t\t\t\t\t<\/div>\n\t\t\t\t<\/div>\n\t\t\t\t\t<\/div>\n\t\t<\/div>\n\t\t\t\t\t<\/div>\n\t\t<\/section>\n\t\t\t\t<\/div>\n\t\t","protected":false},"excerpt":{"rendered":"<p>Pr\u00eat \u00e0 combattre vos adversaires ? NOS TARIFS R\u00c9SERVEZ Que les questions commencent Le Quiz Box est une nouvelle discipline [&hellip;]<\/p>\n","protected":false},"author":2,"featured_media":0,"parent":0,"menu_order":0,"comment_status":"closed","ping_status":"closed","template":"","meta":{"inline_featured_image":false,"site-sidebar-layout":"no-sidebar","site-content-layout":"page-builder","ast-site-content-layout":"","site-content-style":"default","site-sidebar-style":"default","ast-global-header-display":"","ast-banner-title-visibility":"","ast-main-header-display":"","ast-hfb-above-header-display":"","ast-hfb-below-header-display":"","ast-hfb-mobile-header-display":"","site-post-title":"disabled","ast-breadcrumbs-content":"","ast-featured-img":"disabled","footer-sml-layout":"","theme-transparent-header-meta":"","adv-header-id-meta":"","stick-header-meta":"","header-above-stick-meta":"","header-main-stick-meta":"","header-below-stick-meta":"","astra-migrate-meta-layouts":"default","ast-page-background-enabled":"default","ast-page-background-meta":{"desktop":{"background-color":"","background-image":"","background-repeat":"repeat","background-position":"center center","background-size":"auto","background-attachment":"scroll","background-type":"","background-media":"","overlay-type":"","overlay-color":"","overlay-opacity":"","overlay-gradient":""},"tablet":{"background-color":"","background-image":"","background-repeat":"repeat","background-position":"center center","background-size":"auto","background-attachment":"scroll","background-type":"","background-media":"","overlay-type":"","overlay-color":"","overlay-opacity":"","overlay-gradient":""},"mobile":{"background-color":"","background-image":"","background-repeat":"repeat","background-position":"center center","background-size":"auto","background-attachment":"scroll","background-type":"","background-media":"","overlay-type":"","overlay-color":"","overlay-opacity":"","overlay-gradient":""}},"ast-content-background-meta":{"desktop":{"background-color":"var(--ast-global-color-5)","background-image":"","background-repeat":"repeat","background-position":"center center","background-size":"auto","background-attachment":"scroll","background-type":"","background-media":"","overlay-type":"","overlay-color":"","overlay-opacity":"","overlay-gradient":""},"tablet":{"background-color":"var(--ast-global-color-5)","background-image":"","background-repeat":"repeat","background-position":"center center","background-size":"auto","background-attachment":"scroll","background-type":"","background-media":"","overlay-type":"","overlay-color":"","overlay-opacity":"","overlay-gradient":""},"mobile":{"background-color":"var(--ast-global-color-5)","background-image":"","background-repeat":"repeat","background-position":"center center","background-size":"auto","background-attachment":"scroll","background-type":"","background-media":"","overlay-type":"","overlay-color":"","overlay-opacity":"","overlay-gradient":""}},"footnotes":""},"class_list":["post-1821","page","type-page","status-publish","hentry"],"yoast_head":"<!-- This site is optimized with the Yoast SEO plugin v24.6 - https:\/\/yoast.com\/wordpress\/plugins\/seo\/ -->\n<title>Quiz Box - Prison Island Saint-\u00c9tienne<\/title>\n<meta name=\"robots\" content=\"index, follow, max-snippet:-1, max-image-preview:large, max-video-preview:-1\" \/>\n<link rel=\"canonical\" href=\"https:\/\/gamesfactory.fr\/saint-etienne\/quiz-box\/\" \/>\n<meta property=\"og:locale\" content=\"fr_FR\" \/>\n<meta property=\"og:type\" content=\"article\" \/>\n<meta property=\"og:title\" content=\"Quiz Box - Prison Island Saint-\u00c9tienne\" \/>\n<meta property=\"og:description\" content=\"Pr\u00eat \u00e0 combattre vos adversaires ? NOS TARIFS R\u00c9SERVEZ Que les questions commencent Le Quiz Box est une nouvelle discipline [&hellip;]\" \/>\n<meta property=\"og:url\" content=\"https:\/\/gamesfactory.fr\/saint-etienne\/quiz-box\/\" \/>\n<meta property=\"og:site_name\" content=\"Prison Island Saint-\u00c9tienne\" \/>\n<meta property=\"article:modified_time\" content=\"2025-12-01T13:37:51+00:00\" \/>\n<meta property=\"og:image\" content=\"https:\/\/gamesfactory.fr\/saint-etienne\/wp-content\/uploads\/sites\/9\/2024\/02\/469A3325-min-scaled.jpg\" \/>\n\t<meta property=\"og:image:width\" content=\"2560\" \/>\n\t<meta property=\"og:image:height\" content=\"1707\" \/>\n\t<meta property=\"og:image:type\" content=\"image\/jpeg\" \/>\n<meta name=\"twitter:card\" content=\"summary_large_image\" \/>\n<meta name=\"twitter:label1\" content=\"Dur\u00e9e de lecture estim\u00e9e\" \/>\n\t<meta name=\"twitter:data1\" content=\"2 minutes\" \/>\n<script type=\"application\/ld+json\" class=\"yoast-schema-graph\">{\"@context\":\"https:\/\/schema.org\",\"@graph\":[{\"@type\":\"WebPage\",\"@id\":\"https:\/\/gamesfactory.fr\/saint-etienne\/quiz-box\/\",\"url\":\"https:\/\/gamesfactory.fr\/saint-etienne\/quiz-box\/\",\"name\":\"Quiz Box - Prison Island Saint-\u00c9tienne\",\"isPartOf\":{\"@id\":\"https:\/\/gamesfactory.fr\/saint-etienne\/#website\"},\"primaryImageOfPage\":{\"@id\":\"https:\/\/gamesfactory.fr\/saint-etienne\/quiz-box\/#primaryimage\"},\"image\":{\"@id\":\"https:\/\/gamesfactory.fr\/saint-etienne\/quiz-box\/#primaryimage\"},\"thumbnailUrl\":\"https:\/\/gamesfactory.fr\/saint-etienne\/wp-content\/uploads\/sites\/9\/2024\/02\/469A3325-min-1536x1024.jpg\",\"datePublished\":\"2023-01-03T14:19:59+00:00\",\"dateModified\":\"2025-12-01T13:37:51+00:00\",\"breadcrumb\":{\"@id\":\"https:\/\/gamesfactory.fr\/saint-etienne\/quiz-box\/#breadcrumb\"},\"inLanguage\":\"fr-FR\",\"potentialAction\":[{\"@type\":\"ReadAction\",\"target\":[\"https:\/\/gamesfactory.fr\/saint-etienne\/quiz-box\/\"]}]},{\"@type\":\"ImageObject\",\"inLanguage\":\"fr-FR\",\"@id\":\"https:\/\/gamesfactory.fr\/saint-etienne\/quiz-box\/#primaryimage\",\"url\":\"https:\/\/gamesfactory.fr\/saint-etienne\/wp-content\/uploads\/sites\/9\/2024\/02\/469A3325-min-scaled.jpg\",\"contentUrl\":\"https:\/\/gamesfactory.fr\/saint-etienne\/wp-content\/uploads\/sites\/9\/2024\/02\/469A3325-min-scaled.jpg\",\"width\":2560,\"height\":1707},{\"@type\":\"BreadcrumbList\",\"@id\":\"https:\/\/gamesfactory.fr\/saint-etienne\/quiz-box\/#breadcrumb\",\"itemListElement\":[{\"@type\":\"ListItem\",\"position\":1,\"name\":\"Accueil\",\"item\":\"https:\/\/gamesfactory.fr\/saint-etienne\/\"},{\"@type\":\"ListItem\",\"position\":2,\"name\":\"Quiz Box\"}]},{\"@type\":\"WebSite\",\"@id\":\"https:\/\/gamesfactory.fr\/saint-etienne\/#website\",\"url\":\"https:\/\/gamesfactory.fr\/saint-etienne\/\",\"name\":\"Prison Island Saint-\u00c9tienne\",\"description\":\"Votre complexe de loisirs \u00e0 Saint-\u00c9tienne\",\"potentialAction\":[{\"@type\":\"SearchAction\",\"target\":{\"@type\":\"EntryPoint\",\"urlTemplate\":\"https:\/\/gamesfactory.fr\/saint-etienne\/?s={search_term_string}\"},\"query-input\":{\"@type\":\"PropertyValueSpecification\",\"valueRequired\":true,\"valueName\":\"search_term_string\"}}],\"inLanguage\":\"fr-FR\"}]}<\/script>\n<!-- \/ Yoast SEO plugin. -->","yoast_head_json":{"title":"Quiz Box - Prison Island Saint-\u00c9tienne","robots":{"index":"index","follow":"follow","max-snippet":"max-snippet:-1","max-image-preview":"max-image-preview:large","max-video-preview":"max-video-preview:-1"},"canonical":"https:\/\/gamesfactory.fr\/saint-etienne\/quiz-box\/","og_locale":"fr_FR","og_type":"article","og_title":"Quiz Box - Prison Island Saint-\u00c9tienne","og_description":"Pr\u00eat \u00e0 combattre vos adversaires ? NOS TARIFS R\u00c9SERVEZ Que les questions commencent Le Quiz Box est une nouvelle discipline [&hellip;]","og_url":"https:\/\/gamesfactory.fr\/saint-etienne\/quiz-box\/","og_site_name":"Prison Island Saint-\u00c9tienne","article_modified_time":"2025-12-01T13:37:51+00:00","og_image":[{"width":2560,"height":1707,"url":"https:\/\/gamesfactory.fr\/saint-etienne\/wp-content\/uploads\/sites\/9\/2024\/02\/469A3325-min-scaled.jpg","type":"image\/jpeg"}],"twitter_card":"summary_large_image","twitter_misc":{"Dur\u00e9e de lecture estim\u00e9e":"2 minutes"},"schema":{"@context":"https:\/\/schema.org","@graph":[{"@type":"WebPage","@id":"https:\/\/gamesfactory.fr\/saint-etienne\/quiz-box\/","url":"https:\/\/gamesfactory.fr\/saint-etienne\/quiz-box\/","name":"Quiz Box - Prison Island Saint-\u00c9tienne","isPartOf":{"@id":"https:\/\/gamesfactory.fr\/saint-etienne\/#website"},"primaryImageOfPage":{"@id":"https:\/\/gamesfactory.fr\/saint-etienne\/quiz-box\/#primaryimage"},"image":{"@id":"https:\/\/gamesfactory.fr\/saint-etienne\/quiz-box\/#primaryimage"},"thumbnailUrl":"https:\/\/gamesfactory.fr\/saint-etienne\/wp-content\/uploads\/sites\/9\/2024\/02\/469A3325-min-1536x1024.jpg","datePublished":"2023-01-03T14:19:59+00:00","dateModified":"2025-12-01T13:37:51+00:00","breadcrumb":{"@id":"https:\/\/gamesfactory.fr\/saint-etienne\/quiz-box\/#breadcrumb"},"inLanguage":"fr-FR","potentialAction":[{"@type":"ReadAction","target":["https:\/\/gamesfactory.fr\/saint-etienne\/quiz-box\/"]}]},{"@type":"ImageObject","inLanguage":"fr-FR","@id":"https:\/\/gamesfactory.fr\/saint-etienne\/quiz-box\/#primaryimage","url":"https:\/\/gamesfactory.fr\/saint-etienne\/wp-content\/uploads\/sites\/9\/2024\/02\/469A3325-min-scaled.jpg","contentUrl":"https:\/\/gamesfactory.fr\/saint-etienne\/wp-content\/uploads\/sites\/9\/2024\/02\/469A3325-min-scaled.jpg","width":2560,"height":1707},{"@type":"BreadcrumbList","@id":"https:\/\/gamesfactory.fr\/saint-etienne\/quiz-box\/#breadcrumb","itemListElement":[{"@type":"ListItem","position":1,"name":"Accueil","item":"https:\/\/gamesfactory.fr\/saint-etienne\/"},{"@type":"ListItem","position":2,"name":"Quiz Box"}]},{"@type":"WebSite","@id":"https:\/\/gamesfactory.fr\/saint-etienne\/#website","url":"https:\/\/gamesfactory.fr\/saint-etienne\/","name":"Prison Island Saint-\u00c9tienne","description":"Votre complexe de loisirs \u00e0 Saint-\u00c9tienne","potentialAction":[{"@type":"SearchAction","target":{"@type":"EntryPoint","urlTemplate":"https:\/\/gamesfactory.fr\/saint-etienne\/?s={search_term_string}"},"query-input":{"@type":"PropertyValueSpecification","valueRequired":true,"valueName":"search_term_string"}}],"inLanguage":"fr-FR"}]}},"_links":{"self":[{"href":"https:\/\/gamesfactory.fr\/saint-etienne\/wp-json\/wp\/v2\/pages\/1821","targetHints":{"allow":["GET"]}}],"collection":[{"href":"https:\/\/gamesfactory.fr\/saint-etienne\/wp-json\/wp\/v2\/pages"}],"about":[{"href":"https:\/\/gamesfactory.fr\/saint-etienne\/wp-json\/wp\/v2\/types\/page"}],"author":[{"embeddable":true,"href":"https:\/\/gamesfactory.fr\/saint-etienne\/wp-json\/wp\/v2\/users\/2"}],"replies":[{"embeddable":true,"href":"https:\/\/gamesfactory.fr\/saint-etienne\/wp-json\/wp\/v2\/comments?post=1821"}],"version-history":[{"count":49,"href":"https:\/\/gamesfactory.fr\/saint-etienne\/wp-json\/wp\/v2\/pages\/1821\/revisions"}],"predecessor-version":[{"id":2917,"href":"https:\/\/gamesfactory.fr\/saint-etienne\/wp-json\/wp\/v2\/pages\/1821\/revisions\/2917"}],"wp:attachment":[{"href":"https:\/\/gamesfactory.fr\/saint-etienne\/wp-json\/wp\/v2\/media?parent=1821"}],"curies":[{"name":"wp","href":"https:\/\/api.w.org\/{rel}","templated":true}]}}