{"id":2361,"date":"2024-01-05T12:12:48","date_gmt":"2024-01-05T11:12:48","guid":{"rendered":"https:\/\/gamesfactory.fr\/saint-etienne\/?page_id=2361"},"modified":"2026-01-07T10:23:03","modified_gmt":"2026-01-07T09:23:03","slug":"tarifs","status":"publish","type":"page","link":"https:\/\/gamesfactory.fr\/saint-etienne\/tarifs\/","title":{"rendered":"Tarifs"},"content":{"rendered":"\t\t<div data-elementor-type=\"wp-page\" data-elementor-id=\"2361\" class=\"elementor elementor-2361\">\n\t\t\t\t\t\t<section class=\"elementor-section elementor-top-section elementor-element elementor-element-db69f29 elementor-section-boxed elementor-section-height-default elementor-section-height-default\" data-id=\"db69f29\" data-element_type=\"section\">\n\t\t\t\t\t\t<div class=\"elementor-container elementor-column-gap-default\">\n\t\t\t\t\t<div class=\"elementor-column elementor-col-100 elementor-top-column elementor-element elementor-element-ffe6863\" data-id=\"ffe6863\" data-element_type=\"column\">\n\t\t\t<div class=\"elementor-widget-wrap elementor-element-populated\">\n\t\t\t\t\t\t<div class=\"elementor-element elementor-element-00194ac elementor-widget elementor-widget-spacer\" data-id=\"00194ac\" data-element_type=\"widget\" data-widget_type=\"spacer.default\">\n\t\t\t\t<div class=\"elementor-widget-container\">\n\t\t\t\t\t\t\t<div class=\"elementor-spacer\">\n\t\t\t<div class=\"elementor-spacer-inner\"><\/div>\n\t\t<\/div>\n\t\t\t\t\t\t<\/div>\n\t\t\t\t<\/div>\n\t\t\t\t\t<\/div>\n\t\t<\/div>\n\t\t\t\t\t<\/div>\n\t\t<\/section>\n\t\t\t\t<section class=\"elementor-section elementor-top-section elementor-element elementor-element-cb9248e elementor-section-boxed elementor-section-height-default elementor-section-height-default\" data-id=\"cb9248e\" data-element_type=\"section\">\n\t\t\t\t\t\t<div class=\"elementor-container elementor-column-gap-default\">\n\t\t\t\t\t<div class=\"elementor-column elementor-col-100 elementor-top-column elementor-element elementor-element-3f9c75e\" data-id=\"3f9c75e\" data-element_type=\"column\">\n\t\t\t<div class=\"elementor-widget-wrap elementor-element-populated\">\n\t\t\t\t\t\t<div class=\"elementor-element elementor-element-d92d756 elementor-widget elementor-widget-heading\" data-id=\"d92d756\" data-element_type=\"widget\" data-widget_type=\"heading.default\">\n\t\t\t\t<div class=\"elementor-widget-container\">\n\t\t\t\t\t<h2 class=\"elementor-heading-title elementor-size-xl\">NOS TARIFS<\/h2>\t\t\t\t<\/div>\n\t\t\t\t<\/div>\n\t\t\t\t<div class=\"elementor-element elementor-element-09bc2c7 elementor-widget elementor-widget-text-editor\" data-id=\"09bc2c7\" data-element_type=\"widget\" data-widget_type=\"text-editor.default\">\n\t\t\t\t<div class=\"elementor-widget-container\">\n\t\t\t\t\t\t\t\t\t<p>Trouvez la formule ou l&#8217;activit\u00e9 qui vous convient !<\/p>\t\t\t\t\t\t\t\t<\/div>\n\t\t\t\t<\/div>\n\t\t\t\t\t<\/div>\n\t\t<\/div>\n\t\t\t\t\t<\/div>\n\t\t<\/section>\n\t\t\t\t<section class=\"elementor-section elementor-top-section elementor-element elementor-element-df07fff elementor-section-boxed elementor-section-height-default elementor-section-height-default\" data-id=\"df07fff\" data-element_type=\"section\">\n\t\t\t\t\t\t<div class=\"elementor-container elementor-column-gap-default\">\n\t\t\t\t\t<div class=\"elementor-column elementor-col-100 elementor-top-column elementor-element elementor-element-013555a\" data-id=\"013555a\" data-element_type=\"column\">\n\t\t\t<div class=\"elementor-widget-wrap elementor-element-populated\">\n\t\t\t\t\t\t<div class=\"elementor-element elementor-element-708e720 elementor-widget elementor-widget-image\" data-id=\"708e720\" data-element_type=\"widget\" data-widget_type=\"image.default\">\n\t\t\t\t<div class=\"elementor-widget-container\">\n\t\t\t\t\t\t\t\t\t\t\t\t\t\t\t<img fetchpriority=\"high\" decoding=\"async\" width=\"1024\" height=\"756\" src=\"https:\/\/gamesfactory.fr\/saint-etienne\/wp-content\/uploads\/sites\/9\/2026\/01\/GF-SAINT-ETIENNE-TARIFS-WEB-1024x756.jpg\" class=\"attachment-large size-large wp-image-2947\" alt=\"\" srcset=\"https:\/\/gamesfactory.fr\/saint-etienne\/wp-content\/uploads\/sites\/9\/2026\/01\/GF-SAINT-ETIENNE-TARIFS-WEB-1024x756.jpg 1024w, https:\/\/gamesfactory.fr\/saint-etienne\/wp-content\/uploads\/sites\/9\/2026\/01\/GF-SAINT-ETIENNE-TARIFS-WEB-300x222.jpg 300w, https:\/\/gamesfactory.fr\/saint-etienne\/wp-content\/uploads\/sites\/9\/2026\/01\/GF-SAINT-ETIENNE-TARIFS-WEB-768x567.jpg 768w, https:\/\/gamesfactory.fr\/saint-etienne\/wp-content\/uploads\/sites\/9\/2026\/01\/GF-SAINT-ETIENNE-TARIFS-WEB.jpg 1476w\" sizes=\"(max-width: 1024px) 100vw, 1024px\" \/>\t\t\t\t\t\t\t\t\t\t\t\t\t\t\t<\/div>\n\t\t\t\t<\/div>\n\t\t\t\t\t<\/div>\n\t\t<\/div>\n\t\t\t\t\t<\/div>\n\t\t<\/section>\n\t\t\t\t<section class=\"elementor-section elementor-top-section elementor-element elementor-element-a3a56c4 elementor-section-boxed elementor-section-height-default elementor-section-height-default\" data-id=\"a3a56c4\" data-element_type=\"section\">\n\t\t\t\t\t\t<div class=\"elementor-container elementor-column-gap-default\">\n\t\t\t\t\t<div class=\"elementor-column elementor-col-100 elementor-top-column elementor-element elementor-element-b009378\" data-id=\"b009378\" data-element_type=\"column\">\n\t\t\t<div class=\"elementor-widget-wrap elementor-element-populated\">\n\t\t\t\t\t\t<div class=\"elementor-element elementor-element-cfd7507 elementor-widget elementor-widget-spacer\" data-id=\"cfd7507\" data-element_type=\"widget\" data-widget_type=\"spacer.default\">\n\t\t\t\t<div class=\"elementor-widget-container\">\n\t\t\t\t\t\t\t<div class=\"elementor-spacer\">\n\t\t\t<div class=\"elementor-spacer-inner\"><\/div>\n\t\t<\/div>\n\t\t\t\t\t\t<\/div>\n\t\t\t\t<\/div>\n\t\t\t\t\t<\/div>\n\t\t<\/div>\n\t\t\t\t\t<\/div>\n\t\t<\/section>\n\t\t\t\t<\/div>\n\t\t","protected":false},"excerpt":{"rendered":"<p>NOS TARIFS Trouvez la formule ou l&#8217;activit\u00e9 qui vous convient !<\/p>\n","protected":false},"author":2,"featured_media":0,"parent":0,"menu_order":0,"comment_status":"closed","ping_status":"closed","template":"","meta":{"inline_featured_image":false,"site-sidebar-layout":"no-sidebar","site-content-layout":"page-builder","ast-site-content-layout":"full-width-container","site-content-style":"default","site-sidebar-style":"default","ast-global-header-display":"","ast-banner-title-visibility":"","ast-main-header-display":"","ast-hfb-above-header-display":"","ast-hfb-below-header-display":"","ast-hfb-mobile-header-display":"","site-post-title":"disabled","ast-breadcrumbs-content":"","ast-featured-img":"disabled","footer-sml-layout":"","theme-transparent-header-meta":"","adv-header-id-meta":"","stick-header-meta":"","header-above-stick-meta":"","header-main-stick-meta":"","header-below-stick-meta":"","astra-migrate-meta-layouts":"set","ast-page-background-enabled":"default","ast-page-background-meta":{"desktop":{"background-color":"","background-image":"","background-repeat":"repeat","background-position":"center center","background-size":"auto","background-attachment":"scroll","background-type":"","background-media":"","overlay-type":"","overlay-color":"","overlay-opacity":"","overlay-gradient":""},"tablet":{"background-color":"","background-image":"","background-repeat":"repeat","background-position":"center center","background-size":"auto","background-attachment":"scroll","background-type":"","background-media":"","overlay-type":"","overlay-color":"","overlay-opacity":"","overlay-gradient":""},"mobile":{"background-color":"","background-image":"","background-repeat":"repeat","background-position":"center center","background-size":"auto","background-attachment":"scroll","background-type":"","background-media":"","overlay-type":"","overlay-color":"","overlay-opacity":"","overlay-gradient":""}},"ast-content-background-meta":{"desktop":{"background-color":"var(--ast-global-color-5)","background-image":"","background-repeat":"repeat","background-position":"center center","background-size":"auto","background-attachment":"scroll","background-type":"","background-media":"","overlay-type":"","overlay-color":"","overlay-opacity":"","overlay-gradient":""},"tablet":{"background-color":"var(--ast-global-color-5)","background-image":"","background-repeat":"repeat","background-position":"center center","background-size":"auto","background-attachment":"scroll","background-type":"","background-media":"","overlay-type":"","overlay-color":"","overlay-opacity":"","overlay-gradient":""},"mobile":{"background-color":"var(--ast-global-color-5)","background-image":"","background-repeat":"repeat","background-position":"center center","background-size":"auto","background-attachment":"scroll","background-type":"","background-media":"","overlay-type":"","overlay-color":"","overlay-opacity":"","overlay-gradient":""}},"footnotes":""},"class_list":["post-2361","page","type-page","status-publish","hentry"],"yoast_head":"<!-- This site is optimized with the Yoast SEO plugin v24.6 - https:\/\/yoast.com\/wordpress\/plugins\/seo\/ -->\n<title>Tarifs - Prison Island Saint-\u00c9tienne<\/title>\n<meta name=\"robots\" content=\"index, follow, max-snippet:-1, max-image-preview:large, max-video-preview:-1\" \/>\n<link rel=\"canonical\" href=\"https:\/\/gamesfactory.fr\/saint-etienne\/tarifs\/\" \/>\n<meta property=\"og:locale\" content=\"fr_FR\" \/>\n<meta property=\"og:type\" content=\"article\" \/>\n<meta property=\"og:title\" content=\"Tarifs - Prison Island Saint-\u00c9tienne\" \/>\n<meta property=\"og:description\" content=\"NOS TARIFS Trouvez la formule ou l&#8217;activit\u00e9 qui vous convient !\" \/>\n<meta property=\"og:url\" content=\"https:\/\/gamesfactory.fr\/saint-etienne\/tarifs\/\" \/>\n<meta property=\"og:site_name\" content=\"Prison Island Saint-\u00c9tienne\" \/>\n<meta property=\"article:modified_time\" content=\"2026-01-07T09:23:03+00:00\" \/>\n<meta property=\"og:image\" content=\"https:\/\/gamesfactory.fr\/saint-etienne\/wp-content\/uploads\/sites\/9\/2026\/01\/GF-SAINT-ETIENNE-TARIFS-WEB.jpg\" \/>\n\t<meta property=\"og:image:width\" content=\"1476\" \/>\n\t<meta property=\"og:image:height\" content=\"1090\" \/>\n\t<meta property=\"og:image:type\" content=\"image\/jpeg\" \/>\n<meta name=\"twitter:card\" content=\"summary_large_image\" \/>\n<meta name=\"twitter:label1\" content=\"Dur\u00e9e de lecture estim\u00e9e\" \/>\n\t<meta name=\"twitter:data1\" content=\"1 minute\" \/>\n<script type=\"application\/ld+json\" class=\"yoast-schema-graph\">{\"@context\":\"https:\/\/schema.org\",\"@graph\":[{\"@type\":\"WebPage\",\"@id\":\"https:\/\/gamesfactory.fr\/saint-etienne\/tarifs\/\",\"url\":\"https:\/\/gamesfactory.fr\/saint-etienne\/tarifs\/\",\"name\":\"Tarifs - Prison Island Saint-\u00c9tienne\",\"isPartOf\":{\"@id\":\"https:\/\/gamesfactory.fr\/saint-etienne\/#website\"},\"primaryImageOfPage\":{\"@id\":\"https:\/\/gamesfactory.fr\/saint-etienne\/tarifs\/#primaryimage\"},\"image\":{\"@id\":\"https:\/\/gamesfactory.fr\/saint-etienne\/tarifs\/#primaryimage\"},\"thumbnailUrl\":\"https:\/\/gamesfactory.fr\/saint-etienne\/wp-content\/uploads\/sites\/9\/2026\/01\/GF-SAINT-ETIENNE-TARIFS-WEB-1024x756.jpg\",\"datePublished\":\"2024-01-05T11:12:48+00:00\",\"dateModified\":\"2026-01-07T09:23:03+00:00\",\"breadcrumb\":{\"@id\":\"https:\/\/gamesfactory.fr\/saint-etienne\/tarifs\/#breadcrumb\"},\"inLanguage\":\"fr-FR\",\"potentialAction\":[{\"@type\":\"ReadAction\",\"target\":[\"https:\/\/gamesfactory.fr\/saint-etienne\/tarifs\/\"]}]},{\"@type\":\"ImageObject\",\"inLanguage\":\"fr-FR\",\"@id\":\"https:\/\/gamesfactory.fr\/saint-etienne\/tarifs\/#primaryimage\",\"url\":\"https:\/\/gamesfactory.fr\/saint-etienne\/wp-content\/uploads\/sites\/9\/2026\/01\/GF-SAINT-ETIENNE-TARIFS-WEB.jpg\",\"contentUrl\":\"https:\/\/gamesfactory.fr\/saint-etienne\/wp-content\/uploads\/sites\/9\/2026\/01\/GF-SAINT-ETIENNE-TARIFS-WEB.jpg\",\"width\":1476,\"height\":1090},{\"@type\":\"BreadcrumbList\",\"@id\":\"https:\/\/gamesfactory.fr\/saint-etienne\/tarifs\/#breadcrumb\",\"itemListElement\":[{\"@type\":\"ListItem\",\"position\":1,\"name\":\"Accueil\",\"item\":\"https:\/\/gamesfactory.fr\/saint-etienne\/\"},{\"@type\":\"ListItem\",\"position\":2,\"name\":\"Tarifs\"}]},{\"@type\":\"WebSite\",\"@id\":\"https:\/\/gamesfactory.fr\/saint-etienne\/#website\",\"url\":\"https:\/\/gamesfactory.fr\/saint-etienne\/\",\"name\":\"Prison Island Saint-\u00c9tienne\",\"description\":\"Votre complexe de loisirs \u00e0 Saint-\u00c9tienne\",\"potentialAction\":[{\"@type\":\"SearchAction\",\"target\":{\"@type\":\"EntryPoint\",\"urlTemplate\":\"https:\/\/gamesfactory.fr\/saint-etienne\/?s={search_term_string}\"},\"query-input\":{\"@type\":\"PropertyValueSpecification\",\"valueRequired\":true,\"valueName\":\"search_term_string\"}}],\"inLanguage\":\"fr-FR\"}]}<\/script>\n<!-- \/ Yoast SEO plugin. -->","yoast_head_json":{"title":"Tarifs - Prison Island Saint-\u00c9tienne","robots":{"index":"index","follow":"follow","max-snippet":"max-snippet:-1","max-image-preview":"max-image-preview:large","max-video-preview":"max-video-preview:-1"},"canonical":"https:\/\/gamesfactory.fr\/saint-etienne\/tarifs\/","og_locale":"fr_FR","og_type":"article","og_title":"Tarifs - Prison Island Saint-\u00c9tienne","og_description":"NOS TARIFS Trouvez la formule ou l&#8217;activit\u00e9 qui vous convient !","og_url":"https:\/\/gamesfactory.fr\/saint-etienne\/tarifs\/","og_site_name":"Prison Island Saint-\u00c9tienne","article_modified_time":"2026-01-07T09:23:03+00:00","og_image":[{"width":1476,"height":1090,"url":"https:\/\/gamesfactory.fr\/saint-etienne\/wp-content\/uploads\/sites\/9\/2026\/01\/GF-SAINT-ETIENNE-TARIFS-WEB.jpg","type":"image\/jpeg"}],"twitter_card":"summary_large_image","twitter_misc":{"Dur\u00e9e de lecture estim\u00e9e":"1 minute"},"schema":{"@context":"https:\/\/schema.org","@graph":[{"@type":"WebPage","@id":"https:\/\/gamesfactory.fr\/saint-etienne\/tarifs\/","url":"https:\/\/gamesfactory.fr\/saint-etienne\/tarifs\/","name":"Tarifs - Prison Island Saint-\u00c9tienne","isPartOf":{"@id":"https:\/\/gamesfactory.fr\/saint-etienne\/#website"},"primaryImageOfPage":{"@id":"https:\/\/gamesfactory.fr\/saint-etienne\/tarifs\/#primaryimage"},"image":{"@id":"https:\/\/gamesfactory.fr\/saint-etienne\/tarifs\/#primaryimage"},"thumbnailUrl":"https:\/\/gamesfactory.fr\/saint-etienne\/wp-content\/uploads\/sites\/9\/2026\/01\/GF-SAINT-ETIENNE-TARIFS-WEB-1024x756.jpg","datePublished":"2024-01-05T11:12:48+00:00","dateModified":"2026-01-07T09:23:03+00:00","breadcrumb":{"@id":"https:\/\/gamesfactory.fr\/saint-etienne\/tarifs\/#breadcrumb"},"inLanguage":"fr-FR","potentialAction":[{"@type":"ReadAction","target":["https:\/\/gamesfactory.fr\/saint-etienne\/tarifs\/"]}]},{"@type":"ImageObject","inLanguage":"fr-FR","@id":"https:\/\/gamesfactory.fr\/saint-etienne\/tarifs\/#primaryimage","url":"https:\/\/gamesfactory.fr\/saint-etienne\/wp-content\/uploads\/sites\/9\/2026\/01\/GF-SAINT-ETIENNE-TARIFS-WEB.jpg","contentUrl":"https:\/\/gamesfactory.fr\/saint-etienne\/wp-content\/uploads\/sites\/9\/2026\/01\/GF-SAINT-ETIENNE-TARIFS-WEB.jpg","width":1476,"height":1090},{"@type":"BreadcrumbList","@id":"https:\/\/gamesfactory.fr\/saint-etienne\/tarifs\/#breadcrumb","itemListElement":[{"@type":"ListItem","position":1,"name":"Accueil","item":"https:\/\/gamesfactory.fr\/saint-etienne\/"},{"@type":"ListItem","position":2,"name":"Tarifs"}]},{"@type":"WebSite","@id":"https:\/\/gamesfactory.fr\/saint-etienne\/#website","url":"https:\/\/gamesfactory.fr\/saint-etienne\/","name":"Prison Island Saint-\u00c9tienne","description":"Votre complexe de loisirs \u00e0 Saint-\u00c9tienne","potentialAction":[{"@type":"SearchAction","target":{"@type":"EntryPoint","urlTemplate":"https:\/\/gamesfactory.fr\/saint-etienne\/?s={search_term_string}"},"query-input":{"@type":"PropertyValueSpecification","valueRequired":true,"valueName":"search_term_string"}}],"inLanguage":"fr-FR"}]}},"_links":{"self":[{"href":"https:\/\/gamesfactory.fr\/saint-etienne\/wp-json\/wp\/v2\/pages\/2361","targetHints":{"allow":["GET"]}}],"collection":[{"href":"https:\/\/gamesfactory.fr\/saint-etienne\/wp-json\/wp\/v2\/pages"}],"about":[{"href":"https:\/\/gamesfactory.fr\/saint-etienne\/wp-json\/wp\/v2\/types\/page"}],"author":[{"embeddable":true,"href":"https:\/\/gamesfactory.fr\/saint-etienne\/wp-json\/wp\/v2\/users\/2"}],"replies":[{"embeddable":true,"href":"https:\/\/gamesfactory.fr\/saint-etienne\/wp-json\/wp\/v2\/comments?post=2361"}],"version-history":[{"count":20,"href":"https:\/\/gamesfactory.fr\/saint-etienne\/wp-json\/wp\/v2\/pages\/2361\/revisions"}],"predecessor-version":[{"id":2950,"href":"https:\/\/gamesfactory.fr\/saint-etienne\/wp-json\/wp\/v2\/pages\/2361\/revisions\/2950"}],"wp:attachment":[{"href":"https:\/\/gamesfactory.fr\/saint-etienne\/wp-json\/wp\/v2\/media?parent=2361"}],"curies":[{"name":"wp","href":"https:\/\/api.w.org\/{rel}","templated":true}]}}