{"id":8,"date":"2020-09-01T11:33:13","date_gmt":"2020-09-01T09:33:13","guid":{"rendered":"https:\/\/gamesfactory.fr\/saint-etienne\/?page_id=8"},"modified":"2025-04-09T11:52:08","modified_gmt":"2025-04-09T09:52:08","slug":"prison-island-saint-etienne","status":"publish","type":"page","link":"https:\/\/gamesfactory.fr\/saint-etienne\/","title":{"rendered":"Prison Island Saint-\u00c9tienne"},"content":{"rendered":"\t\t<div data-elementor-type=\"wp-page\" data-elementor-id=\"8\" class=\"elementor elementor-8\">\n\t\t\t\t\t\t<section class=\"elementor-section elementor-top-section elementor-element elementor-element-26a950c elementor-section-full_width elementor-section-height-full elementor-section-height-default elementor-section-items-middle\" data-id=\"26a950c\" data-element_type=\"section\" data-settings=\"{&quot;background_background&quot;:&quot;video&quot;,&quot;background_video_link&quot;:&quot;https:\\\/\\\/www.youtube.com\\\/watch?v=Db6jbo4t-As&quot;,&quot;background_video_start&quot;:3,&quot;background_play_on_mobile&quot;:&quot;yes&quot;}\">\n\t\t\t\t\t\t\t\t<div class=\"elementor-background-video-container\">\n\t\t\t\t\t\t\t\t\t\t\t\t\t<div class=\"elementor-background-video-embed\"><\/div>\n\t\t\t\t\t\t\t\t\t\t\t\t<\/div>\n\t\t\t\t\t\t\t\t<div class=\"elementor-container elementor-column-gap-default\">\n\t\t\t\t\t<div class=\"elementor-column elementor-col-100 elementor-top-column elementor-element elementor-element-2f6dd27\" data-id=\"2f6dd27\" data-element_type=\"column\">\n\t\t\t<div class=\"elementor-widget-wrap elementor-element-populated\">\n\t\t\t\t\t\t<div class=\"elementor-element elementor-element-2f0251f elementor-widget elementor-widget-heading\" data-id=\"2f0251f\" data-element_type=\"widget\" data-widget_type=\"heading.default\">\n\t\t\t\t<div class=\"elementor-widget-container\">\n\t\t\t\t\t<h2 class=\"elementor-heading-title elementor-size-xl\">D\u00c9COUVREZ L'ACTION GAME PRISON ISLAND<\/h2>\t\t\t\t<\/div>\n\t\t\t\t<\/div>\n\t\t\t\t<div class=\"elementor-element elementor-element-ccc5744 elementor-align-center elementor-widget elementor-widget-button\" data-id=\"ccc5744\" data-element_type=\"widget\" data-widget_type=\"button.default\">\n\t\t\t\t<div class=\"elementor-widget-container\">\n\t\t\t\t\t\t\t\t\t<div class=\"elementor-button-wrapper\">\n\t\t\t\t\t<a class=\"elementor-button elementor-button-link elementor-size-sm\" href=\"https:\/\/gamesfactory.fr\/saint-etienne\/reservations\/\">\n\t\t\t\t\t\t<span class=\"elementor-button-content-wrapper\">\n\t\t\t\t\t\t\t\t\t<span class=\"elementor-button-text\">R\u00e9servation<\/span>\n\t\t\t\t\t<\/span>\n\t\t\t\t\t<\/a>\n\t\t\t\t<\/div>\n\t\t\t\t\t\t\t\t<\/div>\n\t\t\t\t<\/div>\n\t\t\t\t\t<\/div>\n\t\t<\/div>\n\t\t\t\t\t<\/div>\n\t\t<\/section>\n\t\t\t\t<section class=\"elementor-section elementor-top-section elementor-element elementor-element-fdfa3aa elementor-section-boxed elementor-section-height-default elementor-section-height-default\" data-id=\"fdfa3aa\" data-element_type=\"section\">\n\t\t\t\t\t\t<div class=\"elementor-container elementor-column-gap-default\">\n\t\t\t\t\t<div class=\"elementor-column elementor-col-100 elementor-top-column elementor-element elementor-element-4065da5\" data-id=\"4065da5\" data-element_type=\"column\">\n\t\t\t<div class=\"elementor-widget-wrap elementor-element-populated\">\n\t\t\t\t\t\t<div class=\"elementor-element elementor-element-ebce0d7 elementor-widget elementor-widget-spacer\" data-id=\"ebce0d7\" data-element_type=\"widget\" data-widget_type=\"spacer.default\">\n\t\t\t\t<div class=\"elementor-widget-container\">\n\t\t\t\t\t\t\t<div class=\"elementor-spacer\">\n\t\t\t<div class=\"elementor-spacer-inner\"><\/div>\n\t\t<\/div>\n\t\t\t\t\t\t<\/div>\n\t\t\t\t<\/div>\n\t\t\t\t<div class=\"elementor-element elementor-element-3fca298 elementor-widget elementor-widget-heading\" data-id=\"3fca298\" data-element_type=\"widget\" data-widget_type=\"heading.default\">\n\t\t\t\t<div class=\"elementor-widget-container\">\n\t\t\t\t\t<h2 class=\"elementor-heading-title elementor-size-xl\">D\u00c9COUVREZ NOS <FONT color=\"#e30613\"> activit\u00e9s <\/FONT><\/h2>\t\t\t\t<\/div>\n\t\t\t\t<\/div>\n\t\t\t\t\t<\/div>\n\t\t<\/div>\n\t\t\t\t\t<\/div>\n\t\t<\/section>\n\t\t\t\t<section class=\"elementor-section elementor-top-section elementor-element elementor-element-f7ff9e2 elementor-section-boxed elementor-section-height-default elementor-section-height-default\" data-id=\"f7ff9e2\" data-element_type=\"section\">\n\t\t\t\t\t\t<div class=\"elementor-container elementor-column-gap-default\">\n\t\t\t\t\t<div class=\"elementor-column elementor-col-100 elementor-top-column elementor-element elementor-element-a02dc91\" data-id=\"a02dc91\" data-element_type=\"column\" data-settings=\"{&quot;background_background&quot;:&quot;classic&quot;}\">\n\t\t\t<div class=\"elementor-widget-wrap elementor-element-populated\">\n\t\t\t\t\t<div class=\"elementor-background-overlay\"><\/div>\n\t\t\t\t\t\t<div class=\"elementor-element elementor-element-1d32ee01 elementor-widget elementor-widget-heading\" data-id=\"1d32ee01\" data-element_type=\"widget\" data-widget_type=\"heading.default\">\n\t\t\t\t<div class=\"elementor-widget-container\">\n\t\t\t\t\t<h2 class=\"elementor-heading-title elementor-size-default\">Prison island<br>\n1 cellule = 1 \u00e9preuve<\/h2>\t\t\t\t<\/div>\n\t\t\t\t<\/div>\n\t\t\t\t<div class=\"elementor-element elementor-element-70d3c555 elementor-widget elementor-widget-heading\" data-id=\"70d3c555\" data-element_type=\"widget\" data-widget_type=\"heading.default\">\n\t\t\t\t<div class=\"elementor-widget-container\">\n\t\t\t\t\t<h2 class=\"elementor-heading-title elementor-size-default\"> Formez votre \u00e9quipe et venez \u00e0 bout des diff\u00e9rents d\u00e9fis dans les cellules de la prison. Mais attention, l\u2019horloge tourne\u2026<\/h2>\t\t\t\t<\/div>\n\t\t\t\t<\/div>\n\t\t\t\t<div class=\"elementor-element elementor-element-66224eb0 gf-btn elementor-widget elementor-widget-button\" data-id=\"66224eb0\" data-element_type=\"widget\" data-widget_type=\"button.default\">\n\t\t\t\t<div class=\"elementor-widget-container\">\n\t\t\t\t\t\t\t\t\t<div class=\"elementor-button-wrapper\">\n\t\t\t\t\t<a class=\"elementor-button elementor-button-link elementor-size-md\" href=\"https:\/\/gamesfactory.fr\/saint-etienne\/prison-island\/\">\n\t\t\t\t\t\t<span class=\"elementor-button-content-wrapper\">\n\t\t\t\t\t\t\t\t\t<span class=\"elementor-button-text\">En savoir +<\/span>\n\t\t\t\t\t<\/span>\n\t\t\t\t\t<\/a>\n\t\t\t\t<\/div>\n\t\t\t\t\t\t\t\t<\/div>\n\t\t\t\t<\/div>\n\t\t\t\t\t<\/div>\n\t\t<\/div>\n\t\t\t\t\t<\/div>\n\t\t<\/section>\n\t\t\t\t<section class=\"elementor-section elementor-top-section elementor-element elementor-element-6f918fe elementor-section-boxed elementor-section-height-default elementor-section-height-default\" data-id=\"6f918fe\" data-element_type=\"section\">\n\t\t\t\t\t\t<div class=\"elementor-container elementor-column-gap-default\">\n\t\t\t\t\t<div class=\"elementor-column elementor-col-100 elementor-top-column elementor-element elementor-element-f51f577\" data-id=\"f51f577\" data-element_type=\"column\" data-settings=\"{&quot;background_background&quot;:&quot;classic&quot;}\">\n\t\t\t<div class=\"elementor-widget-wrap elementor-element-populated\">\n\t\t\t\t\t<div class=\"elementor-background-overlay\"><\/div>\n\t\t\t\t\t\t<div class=\"elementor-element elementor-element-695505e elementor-widget elementor-widget-heading\" data-id=\"695505e\" data-element_type=\"widget\" data-widget_type=\"heading.default\">\n\t\t\t\t<div class=\"elementor-widget-container\">\n\t\t\t\t\t<h2 class=\"elementor-heading-title elementor-size-default\">JEU TV, GRANDEUR NATURE !<\/h2>\t\t\t\t<\/div>\n\t\t\t\t<\/div>\n\t\t\t\t<div class=\"elementor-element elementor-element-f3b85cd elementor-widget elementor-widget-heading\" data-id=\"f3b85cd\" data-element_type=\"widget\" data-widget_type=\"heading.default\">\n\t\t\t\t<div class=\"elementor-widget-container\">\n\t\t\t\t\t<h2 class=\"elementor-heading-title elementor-size-default\">Au programme : Cin\u00e9ma, S\u00e9rie TV, Jeux vid\u00e9os, Sport, Culture Pop', Blindtest...<\/h2>\t\t\t\t<\/div>\n\t\t\t\t<\/div>\n\t\t\t\t<div class=\"elementor-element elementor-element-1306931 gf-btn elementor-widget elementor-widget-button\" data-id=\"1306931\" data-element_type=\"widget\" data-widget_type=\"button.default\">\n\t\t\t\t<div class=\"elementor-widget-container\">\n\t\t\t\t\t\t\t\t\t<div class=\"elementor-button-wrapper\">\n\t\t\t\t\t<a class=\"elementor-button elementor-button-link elementor-size-md\" href=\"https:\/\/gamesfactory.fr\/saint-etienne\/quiz-box\/\">\n\t\t\t\t\t\t<span class=\"elementor-button-content-wrapper\">\n\t\t\t\t\t\t\t\t\t<span class=\"elementor-button-text\">En savoir +<\/span>\n\t\t\t\t\t<\/span>\n\t\t\t\t\t<\/a>\n\t\t\t\t<\/div>\n\t\t\t\t\t\t\t\t<\/div>\n\t\t\t\t<\/div>\n\t\t\t\t\t<\/div>\n\t\t<\/div>\n\t\t\t\t\t<\/div>\n\t\t<\/section>\n\t\t\t\t<section class=\"elementor-section elementor-top-section elementor-element elementor-element-a03a0f0 elementor-section-boxed elementor-section-height-default elementor-section-height-default\" data-id=\"a03a0f0\" data-element_type=\"section\">\n\t\t\t\t\t\t<div class=\"elementor-container elementor-column-gap-default\">\n\t\t\t\t\t<div class=\"elementor-column elementor-col-100 elementor-top-column elementor-element elementor-element-250dbbd\" data-id=\"250dbbd\" data-element_type=\"column\">\n\t\t\t<div class=\"elementor-widget-wrap elementor-element-populated\">\n\t\t\t\t\t\t<div class=\"elementor-element elementor-element-4d873e1 elementor-widget elementor-widget-spacer\" data-id=\"4d873e1\" data-element_type=\"widget\" data-widget_type=\"spacer.default\">\n\t\t\t\t<div class=\"elementor-widget-container\">\n\t\t\t\t\t\t\t<div class=\"elementor-spacer\">\n\t\t\t<div class=\"elementor-spacer-inner\"><\/div>\n\t\t<\/div>\n\t\t\t\t\t\t<\/div>\n\t\t\t\t<\/div>\n\t\t\t\t\t<\/div>\n\t\t<\/div>\n\t\t\t\t\t<\/div>\n\t\t<\/section>\n\t\t\t\t<\/div>\n\t\t","protected":false},"excerpt":{"rendered":"<p>D\u00c9COUVREZ L&#8217;ACTION GAME PRISON ISLAND R\u00e9servation D\u00c9COUVREZ NOS activit\u00e9s Prison island 1 cellule = 1 \u00e9preuve Formez votre \u00e9quipe et [&hellip;]<\/p>\n","protected":false},"author":1,"featured_media":0,"parent":0,"menu_order":0,"comment_status":"closed","ping_status":"closed","template":"","meta":{"inline_featured_image":false,"site-sidebar-layout":"no-sidebar","site-content-layout":"page-builder","ast-site-content-layout":"","site-content-style":"default","site-sidebar-style":"default","ast-global-header-display":"","ast-banner-title-visibility":"","ast-main-header-display":"","ast-hfb-above-header-display":"","ast-hfb-below-header-display":"","ast-hfb-mobile-header-display":"","site-post-title":"disabled","ast-breadcrumbs-content":"","ast-featured-img":"disabled","footer-sml-layout":"","theme-transparent-header-meta":"default","adv-header-id-meta":"","stick-header-meta":"","header-above-stick-meta":"","header-main-stick-meta":"","header-below-stick-meta":"","astra-migrate-meta-layouts":"default","ast-page-background-enabled":"default","ast-page-background-meta":{"desktop":{"background-color":"","background-image":"","background-repeat":"repeat","background-position":"center center","background-size":"auto","background-attachment":"scroll","background-type":"","background-media":"","overlay-type":"","overlay-color":"","overlay-opacity":"","overlay-gradient":""},"tablet":{"background-color":"","background-image":"","background-repeat":"repeat","background-position":"center center","background-size":"auto","background-attachment":"scroll","background-type":"","background-media":"","overlay-type":"","overlay-color":"","overlay-opacity":"","overlay-gradient":""},"mobile":{"background-color":"","background-image":"","background-repeat":"repeat","background-position":"center center","background-size":"auto","background-attachment":"scroll","background-type":"","background-media":"","overlay-type":"","overlay-color":"","overlay-opacity":"","overlay-gradient":""}},"ast-content-background-meta":{"desktop":{"background-color":"var(--ast-global-color-5)","background-image":"","background-repeat":"repeat","background-position":"center center","background-size":"auto","background-attachment":"scroll","background-type":"","background-media":"","overlay-type":"","overlay-color":"","overlay-opacity":"","overlay-gradient":""},"tablet":{"background-color":"var(--ast-global-color-5)","background-image":"","background-repeat":"repeat","background-position":"center center","background-size":"auto","background-attachment":"scroll","background-type":"","background-media":"","overlay-type":"","overlay-color":"","overlay-opacity":"","overlay-gradient":""},"mobile":{"background-color":"var(--ast-global-color-5)","background-image":"","background-repeat":"repeat","background-position":"center center","background-size":"auto","background-attachment":"scroll","background-type":"","background-media":"","overlay-type":"","overlay-color":"","overlay-opacity":"","overlay-gradient":""}},"footnotes":""},"class_list":["post-8","page","type-page","status-publish","hentry"],"yoast_head":"<!-- This site is optimized with the Yoast SEO plugin v24.6 - https:\/\/yoast.com\/wordpress\/plugins\/seo\/ -->\n<title>Prison Island Saint-\u00c9tienne - Prison Island Saint-\u00c9tienne<\/title>\n<meta name=\"robots\" content=\"index, follow, max-snippet:-1, max-image-preview:large, max-video-preview:-1\" \/>\n<link rel=\"canonical\" href=\"https:\/\/gamesfactory.fr\/saint-etienne\/\" \/>\n<meta property=\"og:locale\" content=\"fr_FR\" \/>\n<meta property=\"og:type\" content=\"article\" \/>\n<meta property=\"og:title\" content=\"Prison Island Saint-\u00c9tienne - Prison Island Saint-\u00c9tienne\" \/>\n<meta property=\"og:description\" content=\"D\u00c9COUVREZ L&#8217;ACTION GAME PRISON ISLAND R\u00e9servation D\u00c9COUVREZ NOS activit\u00e9s Prison island 1 cellule = 1 \u00e9preuve Formez votre \u00e9quipe et [&hellip;]\" \/>\n<meta property=\"og:url\" content=\"https:\/\/gamesfactory.fr\/saint-etienne\/\" \/>\n<meta property=\"og:site_name\" content=\"Prison Island Saint-\u00c9tienne\" \/>\n<meta property=\"article:modified_time\" content=\"2025-04-09T09:52:08+00:00\" \/>\n<meta name=\"twitter:card\" content=\"summary_large_image\" \/>\n<meta name=\"twitter:label1\" content=\"Dur\u00e9e de lecture estim\u00e9e\" \/>\n\t<meta name=\"twitter:data1\" content=\"1 minute\" \/>\n<script type=\"application\/ld+json\" class=\"yoast-schema-graph\">{\"@context\":\"https:\/\/schema.org\",\"@graph\":[{\"@type\":\"WebPage\",\"@id\":\"https:\/\/gamesfactory.fr\/saint-etienne\/\",\"url\":\"https:\/\/gamesfactory.fr\/saint-etienne\/\",\"name\":\"Prison Island Saint-\u00c9tienne - Prison Island Saint-\u00c9tienne\",\"isPartOf\":{\"@id\":\"https:\/\/gamesfactory.fr\/saint-etienne\/#website\"},\"datePublished\":\"2020-09-01T09:33:13+00:00\",\"dateModified\":\"2025-04-09T09:52:08+00:00\",\"breadcrumb\":{\"@id\":\"https:\/\/gamesfactory.fr\/saint-etienne\/#breadcrumb\"},\"inLanguage\":\"fr-FR\",\"potentialAction\":[{\"@type\":\"ReadAction\",\"target\":[\"https:\/\/gamesfactory.fr\/saint-etienne\/\"]}]},{\"@type\":\"BreadcrumbList\",\"@id\":\"https:\/\/gamesfactory.fr\/saint-etienne\/#breadcrumb\",\"itemListElement\":[{\"@type\":\"ListItem\",\"position\":1,\"name\":\"Accueil\",\"item\":\"https:\/\/gamesfactory.fr\/saint-etienne\/\"},{\"@type\":\"ListItem\",\"position\":2,\"name\":\"Prison Island Saint-\u00c9tienne\"}]},{\"@type\":\"WebSite\",\"@id\":\"https:\/\/gamesfactory.fr\/saint-etienne\/#website\",\"url\":\"https:\/\/gamesfactory.fr\/saint-etienne\/\",\"name\":\"Prison Island Saint-\u00c9tienne\",\"description\":\"Votre complexe de loisirs \u00e0 Saint-\u00c9tienne\",\"potentialAction\":[{\"@type\":\"SearchAction\",\"target\":{\"@type\":\"EntryPoint\",\"urlTemplate\":\"https:\/\/gamesfactory.fr\/saint-etienne\/?s={search_term_string}\"},\"query-input\":{\"@type\":\"PropertyValueSpecification\",\"valueRequired\":true,\"valueName\":\"search_term_string\"}}],\"inLanguage\":\"fr-FR\"}]}<\/script>\n<!-- \/ Yoast SEO plugin. -->","yoast_head_json":{"title":"Prison Island Saint-\u00c9tienne - Prison Island Saint-\u00c9tienne","robots":{"index":"index","follow":"follow","max-snippet":"max-snippet:-1","max-image-preview":"max-image-preview:large","max-video-preview":"max-video-preview:-1"},"canonical":"https:\/\/gamesfactory.fr\/saint-etienne\/","og_locale":"fr_FR","og_type":"article","og_title":"Prison Island Saint-\u00c9tienne - Prison Island Saint-\u00c9tienne","og_description":"D\u00c9COUVREZ L&#8217;ACTION GAME PRISON ISLAND R\u00e9servation D\u00c9COUVREZ NOS activit\u00e9s Prison island 1 cellule = 1 \u00e9preuve Formez votre \u00e9quipe et [&hellip;]","og_url":"https:\/\/gamesfactory.fr\/saint-etienne\/","og_site_name":"Prison Island Saint-\u00c9tienne","article_modified_time":"2025-04-09T09:52:08+00:00","twitter_card":"summary_large_image","twitter_misc":{"Dur\u00e9e de lecture estim\u00e9e":"1 minute"},"schema":{"@context":"https:\/\/schema.org","@graph":[{"@type":"WebPage","@id":"https:\/\/gamesfactory.fr\/saint-etienne\/","url":"https:\/\/gamesfactory.fr\/saint-etienne\/","name":"Prison Island Saint-\u00c9tienne - Prison Island Saint-\u00c9tienne","isPartOf":{"@id":"https:\/\/gamesfactory.fr\/saint-etienne\/#website"},"datePublished":"2020-09-01T09:33:13+00:00","dateModified":"2025-04-09T09:52:08+00:00","breadcrumb":{"@id":"https:\/\/gamesfactory.fr\/saint-etienne\/#breadcrumb"},"inLanguage":"fr-FR","potentialAction":[{"@type":"ReadAction","target":["https:\/\/gamesfactory.fr\/saint-etienne\/"]}]},{"@type":"BreadcrumbList","@id":"https:\/\/gamesfactory.fr\/saint-etienne\/#breadcrumb","itemListElement":[{"@type":"ListItem","position":1,"name":"Accueil","item":"https:\/\/gamesfactory.fr\/saint-etienne\/"},{"@type":"ListItem","position":2,"name":"Prison Island Saint-\u00c9tienne"}]},{"@type":"WebSite","@id":"https:\/\/gamesfactory.fr\/saint-etienne\/#website","url":"https:\/\/gamesfactory.fr\/saint-etienne\/","name":"Prison Island Saint-\u00c9tienne","description":"Votre complexe de loisirs \u00e0 Saint-\u00c9tienne","potentialAction":[{"@type":"SearchAction","target":{"@type":"EntryPoint","urlTemplate":"https:\/\/gamesfactory.fr\/saint-etienne\/?s={search_term_string}"},"query-input":{"@type":"PropertyValueSpecification","valueRequired":true,"valueName":"search_term_string"}}],"inLanguage":"fr-FR"}]}},"_links":{"self":[{"href":"https:\/\/gamesfactory.fr\/saint-etienne\/wp-json\/wp\/v2\/pages\/8","targetHints":{"allow":["GET"]}}],"collection":[{"href":"https:\/\/gamesfactory.fr\/saint-etienne\/wp-json\/wp\/v2\/pages"}],"about":[{"href":"https:\/\/gamesfactory.fr\/saint-etienne\/wp-json\/wp\/v2\/types\/page"}],"author":[{"embeddable":true,"href":"https:\/\/gamesfactory.fr\/saint-etienne\/wp-json\/wp\/v2\/users\/1"}],"replies":[{"embeddable":true,"href":"https:\/\/gamesfactory.fr\/saint-etienne\/wp-json\/wp\/v2\/comments?post=8"}],"version-history":[{"count":90,"href":"https:\/\/gamesfactory.fr\/saint-etienne\/wp-json\/wp\/v2\/pages\/8\/revisions"}],"predecessor-version":[{"id":2737,"href":"https:\/\/gamesfactory.fr\/saint-etienne\/wp-json\/wp\/v2\/pages\/8\/revisions\/2737"}],"wp:attachment":[{"href":"https:\/\/gamesfactory.fr\/saint-etienne\/wp-json\/wp\/v2\/media?parent=8"}],"curies":[{"name":"wp","href":"https:\/\/api.w.org\/{rel}","templated":true}]}}