{"id":1350,"date":"2022-08-04T15:44:17","date_gmt":"2022-08-04T13:44:17","guid":{"rendered":"https:\/\/gamesfactory.fr\/troyes\/?page_id=1350"},"modified":"2026-01-09T12:07:56","modified_gmt":"2026-01-09T11:07:56","slug":"karaoke-box","status":"publish","type":"page","link":"https:\/\/gamesfactory.fr\/troyes\/karaoke-box\/","title":{"rendered":"Karaok\u00e9 box"},"content":{"rendered":"\t\t<div data-elementor-type=\"wp-page\" data-elementor-id=\"1350\" class=\"elementor elementor-1350\">\n\t\t\t\t\t\t<section class=\"elementor-section elementor-top-section elementor-element elementor-element-63c07e1 elementor-section-boxed elementor-section-height-default elementor-section-height-default\" data-id=\"63c07e1\" data-element_type=\"section\">\n\t\t\t\t\t\t<div class=\"elementor-container elementor-column-gap-default\">\n\t\t\t\t\t<div class=\"elementor-column elementor-col-100 elementor-top-column elementor-element elementor-element-fb0c47c\" data-id=\"fb0c47c\" data-element_type=\"column\">\n\t\t\t<div class=\"elementor-widget-wrap elementor-element-populated\">\n\t\t\t\t\t\t<div class=\"elementor-element elementor-element-91ec2c1 elementor-widget elementor-widget-spacer\" data-id=\"91ec2c1\" data-element_type=\"widget\" data-widget_type=\"spacer.default\">\n\t\t\t\t<div class=\"elementor-widget-container\">\n\t\t\t\t\t\t\t<div class=\"elementor-spacer\">\n\t\t\t<div class=\"elementor-spacer-inner\"><\/div>\n\t\t<\/div>\n\t\t\t\t\t\t<\/div>\n\t\t\t\t<\/div>\n\t\t\t\t\t<\/div>\n\t\t<\/div>\n\t\t\t\t\t<\/div>\n\t\t<\/section>\n\t\t\t\t<section class=\"elementor-section elementor-top-section elementor-element elementor-element-b0c4d9b elementor-section-boxed elementor-section-height-default elementor-section-height-default\" data-id=\"b0c4d9b\" data-element_type=\"section\">\n\t\t\t\t\t\t<div class=\"elementor-container elementor-column-gap-default\">\n\t\t\t\t\t<div class=\"elementor-column elementor-col-50 elementor-top-column elementor-element elementor-element-aa97671\" data-id=\"aa97671\" data-element_type=\"column\" data-settings=\"{&quot;background_background&quot;:&quot;classic&quot;}\">\n\t\t\t<div class=\"elementor-widget-wrap elementor-element-populated\">\n\t\t\t\t\t\t<div class=\"elementor-element elementor-element-88f5977 elementor-widget elementor-widget-ucaddon_block_rouge_titre\" data-id=\"88f5977\" data-element_type=\"widget\" data-widget_type=\"ucaddon_block_rouge_titre.default\">\n\t\t\t\t<div class=\"elementor-widget-container\">\n\t\t\t\t\t\n<!-- start Block titre -->\n\t\t<link id='uc_ac_assets_file_block_titre_css_1681-css' href='https:\/\/gamesfactory.fr\/troyes\/wp-content\/uploads\/sites\/10\/ac_assets\/custom\/block-titre.css' type='text\/css' rel='stylesheet' >\n\n\n<div class=\"block-titre\">\n\n  <div class=\"content\">\n    <h2 class=\"titre\">Pr\u00eat pour<\/h2>\n    <h3 class=\"sous-titre\">Une immersion musicale ?<\/h3>\n    \n        \n        \n  <\/div>\t\n\n<\/div>\n<!-- end Block titre -->\t\t\t\t<\/div>\n\t\t\t\t<\/div>\n\t\t\t\t\t<\/div>\n\t\t<\/div>\n\t\t\t\t<div class=\"elementor-column elementor-col-50 elementor-top-column elementor-element elementor-element-2c52b26\" data-id=\"2c52b26\" data-element_type=\"column\">\n\t\t\t<div class=\"elementor-widget-wrap elementor-element-populated\">\n\t\t\t\t\t\t<div class=\"elementor-element elementor-element-40e2fda elementor-widget elementor-widget-image\" data-id=\"40e2fda\" data-element_type=\"widget\" data-widget_type=\"image.default\">\n\t\t\t\t<div class=\"elementor-widget-container\">\n\t\t\t\t\t\t\t\t\t\t\t\t\t\t\t<img fetchpriority=\"high\" decoding=\"async\" width=\"768\" height=\"576\" src=\"https:\/\/gamesfactory.fr\/troyes\/wp-content\/uploads\/sites\/10\/2023\/04\/karaoke-box-768x576.png\" class=\"attachment-medium_large size-medium_large wp-image-2523\" alt=\"\" srcset=\"https:\/\/gamesfactory.fr\/troyes\/wp-content\/uploads\/sites\/10\/2023\/04\/karaoke-box-768x576.png 768w, https:\/\/gamesfactory.fr\/troyes\/wp-content\/uploads\/sites\/10\/2023\/04\/karaoke-box-300x225.png 300w, https:\/\/gamesfactory.fr\/troyes\/wp-content\/uploads\/sites\/10\/2023\/04\/karaoke-box.png 800w\" sizes=\"(max-width: 768px) 100vw, 768px\" \/>\t\t\t\t\t\t\t\t\t\t\t\t\t\t\t<\/div>\n\t\t\t\t<\/div>\n\t\t\t\t<section class=\"elementor-section elementor-inner-section elementor-element elementor-element-fc9c6dd elementor-section-boxed elementor-section-height-default elementor-section-height-default\" data-id=\"fc9c6dd\" data-element_type=\"section\">\n\t\t\t\t\t\t<div class=\"elementor-container elementor-column-gap-default\">\n\t\t\t\t\t<div class=\"elementor-column elementor-col-50 elementor-inner-column elementor-element elementor-element-5dac038\" data-id=\"5dac038\" data-element_type=\"column\">\n\t\t\t<div class=\"elementor-widget-wrap elementor-element-populated\">\n\t\t\t\t\t\t<div class=\"elementor-element elementor-element-9e8da87 elementor-align-justify elementor-widget elementor-widget-button\" data-id=\"9e8da87\" data-element_type=\"widget\" data-widget_type=\"button.default\">\n\t\t\t\t<div class=\"elementor-widget-container\">\n\t\t\t\t\t\t\t\t\t<div class=\"elementor-button-wrapper\">\n\t\t\t\t\t<a class=\"elementor-button elementor-button-link elementor-size-md\" href=\"https:\/\/gamesfactory.fr\/troyes\/reservations\/\">\n\t\t\t\t\t\t<span class=\"elementor-button-content-wrapper\">\n\t\t\t\t\t\t\t\t\t<span class=\"elementor-button-text\">R\u00e9servation<\/span>\n\t\t\t\t\t<\/span>\n\t\t\t\t\t<\/a>\n\t\t\t\t<\/div>\n\t\t\t\t\t\t\t\t<\/div>\n\t\t\t\t<\/div>\n\t\t\t\t\t<\/div>\n\t\t<\/div>\n\t\t\t\t<div class=\"elementor-column elementor-col-50 elementor-inner-column elementor-element elementor-element-c537800\" data-id=\"c537800\" data-element_type=\"column\">\n\t\t\t<div class=\"elementor-widget-wrap elementor-element-populated\">\n\t\t\t\t\t\t<div class=\"elementor-element elementor-element-020c8eb elementor-align-justify elementor-widget elementor-widget-button\" data-id=\"020c8eb\" data-element_type=\"widget\" data-widget_type=\"button.default\">\n\t\t\t\t<div class=\"elementor-widget-container\">\n\t\t\t\t\t\t\t\t\t<div class=\"elementor-button-wrapper\">\n\t\t\t\t\t<a class=\"elementor-button elementor-button-link elementor-size-md\" href=\"https:\/\/gamesfactory.fr\/troyes\/tarifs\/\">\n\t\t\t\t\t\t<span class=\"elementor-button-content-wrapper\">\n\t\t\t\t\t\t\t\t\t<span class=\"elementor-button-text\">nos tarifs<\/span>\n\t\t\t\t\t<\/span>\n\t\t\t\t\t<\/a>\n\t\t\t\t<\/div>\n\t\t\t\t\t\t\t\t<\/div>\n\t\t\t\t<\/div>\n\t\t\t\t\t<\/div>\n\t\t<\/div>\n\t\t\t\t\t<\/div>\n\t\t<\/section>\n\t\t\t\t\t<\/div>\n\t\t<\/div>\n\t\t\t\t\t<\/div>\n\t\t<\/section>\n\t\t\t\t<section class=\"elementor-section elementor-top-section elementor-element elementor-element-db07d8a elementor-section-boxed elementor-section-height-default elementor-section-height-default\" data-id=\"db07d8a\" data-element_type=\"section\">\n\t\t\t\t\t\t<div class=\"elementor-container elementor-column-gap-default\">\n\t\t\t\t\t<div class=\"elementor-column elementor-col-100 elementor-top-column elementor-element elementor-element-0a1e6ad\" data-id=\"0a1e6ad\" data-element_type=\"column\">\n\t\t\t<div class=\"elementor-widget-wrap elementor-element-populated\">\n\t\t\t\t\t\t<div class=\"elementor-element elementor-element-9267008 elementor-widget elementor-widget-spacer\" data-id=\"9267008\" data-element_type=\"widget\" data-widget_type=\"spacer.default\">\n\t\t\t\t<div class=\"elementor-widget-container\">\n\t\t\t\t\t\t\t<div class=\"elementor-spacer\">\n\t\t\t<div class=\"elementor-spacer-inner\"><\/div>\n\t\t<\/div>\n\t\t\t\t\t\t<\/div>\n\t\t\t\t<\/div>\n\t\t\t\t\t<\/div>\n\t\t<\/div>\n\t\t\t\t\t<\/div>\n\t\t<\/section>\n\t\t\t\t<section class=\"elementor-section elementor-top-section elementor-element elementor-element-78d3c82 elementor-section-boxed elementor-section-height-default elementor-section-height-default\" data-id=\"78d3c82\" data-element_type=\"section\">\n\t\t\t\t\t\t<div class=\"elementor-container elementor-column-gap-default\">\n\t\t\t\t\t<div class=\"elementor-column elementor-col-50 elementor-top-column elementor-element elementor-element-e2ceb2a\" data-id=\"e2ceb2a\" data-element_type=\"column\">\n\t\t\t<div class=\"elementor-widget-wrap elementor-element-populated\">\n\t\t\t\t\t\t<div class=\"elementor-element elementor-element-052ecad elementor-widget elementor-widget-image\" data-id=\"052ecad\" data-element_type=\"widget\" data-widget_type=\"image.default\">\n\t\t\t\t<div class=\"elementor-widget-container\">\n\t\t\t\t\t\t\t\t\t\t\t\t\t\t\t<img decoding=\"async\" width=\"800\" height=\"600\" src=\"https:\/\/gamesfactory.fr\/troyes\/wp-content\/uploads\/sites\/10\/2023\/04\/mezzanine.png\" class=\"attachment-large size-large wp-image-2525\" alt=\"\" srcset=\"https:\/\/gamesfactory.fr\/troyes\/wp-content\/uploads\/sites\/10\/2023\/04\/mezzanine.png 800w, https:\/\/gamesfactory.fr\/troyes\/wp-content\/uploads\/sites\/10\/2023\/04\/mezzanine-300x225.png 300w, https:\/\/gamesfactory.fr\/troyes\/wp-content\/uploads\/sites\/10\/2023\/04\/mezzanine-768x576.png 768w\" sizes=\"(max-width: 800px) 100vw, 800px\" \/>\t\t\t\t\t\t\t\t\t\t\t\t\t\t\t<\/div>\n\t\t\t\t<\/div>\n\t\t\t\t\t<\/div>\n\t\t<\/div>\n\t\t\t\t<div class=\"elementor-column elementor-col-50 elementor-top-column elementor-element elementor-element-f01340d\" data-id=\"f01340d\" data-element_type=\"column\">\n\t\t\t<div class=\"elementor-widget-wrap elementor-element-populated\">\n\t\t\t\t\t\t<div class=\"elementor-element elementor-element-cbd2a6d elementor-widget elementor-widget-ucaddon_block_text_titre\" data-id=\"cbd2a6d\" data-element_type=\"widget\" data-widget_type=\"ucaddon_block_text_titre.default\">\n\t\t\t\t<div class=\"elementor-widget-container\">\n\t\t\t\t\t\n<!-- start Block text -->\n\t\t<link id='uc_ac_assets_file_block_text_css_925-css' href='https:\/\/gamesfactory.fr\/troyes\/wp-content\/uploads\/sites\/10\/ac_assets\/custom\/block-text.css' type='text\/css' rel='stylesheet' >\n\n\n<div class=\"block-text-titre\">\n  <h2 class=\"titre\">Que les <\/h2>\n  <h3 class=\"sous-titre\">auditions commencent !<\/h3>\n  <p class=\"description\"><p class=\"\" data-start=\"73\" data-end=\"168\"><strong data-start=\"73\" data-end=\"166\">D\u00e9couvrez nos deux salles priv\u00e9es de karaok\u00e9, disponibles \u00e0 la location d\u00e8s 4 personnes !<\/strong><\/p><p data-start=\"73\" data-end=\"168\">\u00a0<\/p><ul data-start=\"169\" data-end=\"355\"><li class=\"\" data-start=\"169\" data-end=\"244\"><p class=\"\" data-start=\"171\" data-end=\"244\">Une premi\u00e8re salle intime, parfaite pour un groupe jusqu\u2019\u00e0 <strong>4 personnes.<\/strong><\/p><\/li><li class=\"\" data-start=\"245\" data-end=\"355\"><p class=\"\" data-start=\"247\" data-end=\"355\">Une seconde salle plus spacieuse, pouvant accueillir jusqu\u2019\u00e0 <strong>12 participants<\/strong> pour des soir\u00e9es inoubliables !<\/p><\/li><\/ul><p class=\"font_7\"><span class=\"color_11\">Entre amis, en famille ou m\u00eame dans un cadre team building; ces box sont id\u00e9als pour passer un bon moment de rigolade.<\/span><\/p><p class=\"font_7\"><span class=\"color_11\">N'ayez pas peur de pousser la chansonnette car les salles sont totalement insonoris\u00e9es.\u00a0<\/span><\/p><\/p>\n<\/div>\n<!-- end Block text -->\t\t\t\t<\/div>\n\t\t\t\t<\/div>\n\t\t\t\t<div class=\"elementor-element elementor-element-193d6ea elementor-button-info elementor-align-justify elementor-widget elementor-widget-button\" data-id=\"193d6ea\" data-element_type=\"widget\" data-widget_type=\"button.default\">\n\t\t\t\t<div class=\"elementor-widget-container\">\n\t\t\t\t\t\t\t\t\t<div class=\"elementor-button-wrapper\">\n\t\t\t\t\t<a class=\"elementor-button elementor-button-link elementor-size-md\" href=\"https:\/\/gamesfactory.fr\/wp-content\/uploads\/2026\/01\/GF-A4-Carte-fidelite-Site-Web-JPG.jpg\">\n\t\t\t\t\t\t<span class=\"elementor-button-content-wrapper\">\n\t\t\t\t\t\t\t\t\t<span class=\"elementor-button-text\">CARTE DE FID\u00c9LIT\u00c9<\/span>\n\t\t\t\t\t<\/span>\n\t\t\t\t\t<\/a>\n\t\t\t\t<\/div>\n\t\t\t\t\t\t\t\t<\/div>\n\t\t\t\t<\/div>\n\t\t\t\t\t<\/div>\n\t\t<\/div>\n\t\t\t\t\t<\/div>\n\t\t<\/section>\n\t\t\t\t<\/div>\n\t\t","protected":false},"excerpt":{"rendered":"<p>Pr\u00eat pour Une immersion musicale ? R\u00e9servation nos tarifs Que les auditions commencent ! D\u00e9couvrez nos deux salles priv\u00e9es de karaok\u00e9, disponibles \u00e0 la location d\u00e8s 4 personnes ! \u00a0 Une premi\u00e8re salle intime, parfaite pour un groupe jusqu\u2019\u00e0 4 personnes. Une seconde salle plus spacieuse, pouvant accueillir jusqu\u2019\u00e0 12 participants pour des soir\u00e9es inoubliables [&hellip;]<\/p>\n","protected":false},"author":2,"featured_media":0,"parent":0,"menu_order":0,"comment_status":"closed","ping_status":"closed","template":"","meta":{"inline_featured_image":false,"site-sidebar-layout":"no-sidebar","site-content-layout":"page-builder","ast-site-content-layout":"","site-content-style":"default","site-sidebar-style":"default","ast-global-header-display":"","ast-banner-title-visibility":"","ast-main-header-display":"","ast-hfb-above-header-display":"","ast-hfb-below-header-display":"","ast-hfb-mobile-header-display":"","site-post-title":"disabled","ast-breadcrumbs-content":"","ast-featured-img":"disabled","footer-sml-layout":"","theme-transparent-header-meta":"","adv-header-id-meta":"","stick-header-meta":"","header-above-stick-meta":"","header-main-stick-meta":"","header-below-stick-meta":"","astra-migrate-meta-layouts":"default","ast-page-background-enabled":"default","ast-page-background-meta":{"desktop":{"background-color":"","background-image":"","background-repeat":"repeat","background-position":"center center","background-size":"auto","background-attachment":"scroll","background-type":"","background-media":"","overlay-type":"","overlay-color":"","overlay-opacity":"","overlay-gradient":""},"tablet":{"background-color":"","background-image":"","background-repeat":"repeat","background-position":"center center","background-size":"auto","background-attachment":"scroll","background-type":"","background-media":"","overlay-type":"","overlay-color":"","overlay-opacity":"","overlay-gradient":""},"mobile":{"background-color":"","background-image":"","background-repeat":"repeat","background-position":"center center","background-size":"auto","background-attachment":"scroll","background-type":"","background-media":"","overlay-type":"","overlay-color":"","overlay-opacity":"","overlay-gradient":""}},"ast-content-background-meta":{"desktop":{"background-color":"var(--ast-global-color-5)","background-image":"","background-repeat":"repeat","background-position":"center center","background-size":"auto","background-attachment":"scroll","background-type":"","background-media":"","overlay-type":"","overlay-color":"","overlay-opacity":"","overlay-gradient":""},"tablet":{"background-color":"var(--ast-global-color-5)","background-image":"","background-repeat":"repeat","background-position":"center center","background-size":"auto","background-attachment":"scroll","background-type":"","background-media":"","overlay-type":"","overlay-color":"","overlay-opacity":"","overlay-gradient":""},"mobile":{"background-color":"var(--ast-global-color-5)","background-image":"","background-repeat":"repeat","background-position":"center center","background-size":"auto","background-attachment":"scroll","background-type":"","background-media":"","overlay-type":"","overlay-color":"","overlay-opacity":"","overlay-gradient":""}},"footnotes":""},"class_list":["post-1350","page","type-page","status-publish","hentry"],"yoast_head":"<!-- This site is optimized with the Yoast SEO plugin v24.6 - https:\/\/yoast.com\/wordpress\/plugins\/seo\/ -->\n<title>Karaok\u00e9 box - Games Factory Troyes<\/title>\n<meta name=\"robots\" content=\"index, follow, max-snippet:-1, max-image-preview:large, max-video-preview:-1\" \/>\n<link rel=\"canonical\" href=\"https:\/\/gamesfactory.fr\/troyes\/karaoke-box\/\" \/>\n<meta property=\"og:locale\" content=\"fr_FR\" \/>\n<meta property=\"og:type\" content=\"article\" \/>\n<meta property=\"og:title\" content=\"Karaok\u00e9 box - Games Factory Troyes\" \/>\n<meta property=\"og:description\" content=\"Pr\u00eat pour Une immersion musicale ? R\u00e9servation nos tarifs Que les auditions commencent ! D\u00e9couvrez nos deux salles priv\u00e9es de karaok\u00e9, disponibles \u00e0 la location d\u00e8s 4 personnes ! \u00a0 Une premi\u00e8re salle intime, parfaite pour un groupe jusqu\u2019\u00e0 4 personnes. Une seconde salle plus spacieuse, pouvant accueillir jusqu\u2019\u00e0 12 participants pour des soir\u00e9es inoubliables [&hellip;]\" \/>\n<meta property=\"og:url\" content=\"https:\/\/gamesfactory.fr\/troyes\/karaoke-box\/\" \/>\n<meta property=\"og:site_name\" content=\"Games Factory Troyes\" \/>\n<meta property=\"article:modified_time\" content=\"2026-01-09T11:07:56+00:00\" \/>\n<meta property=\"og:image\" content=\"https:\/\/gamesfactory.fr\/troyes\/wp-content\/uploads\/sites\/10\/2023\/04\/karaoke-box.png\" \/>\n\t<meta property=\"og:image:width\" content=\"800\" \/>\n\t<meta property=\"og:image:height\" content=\"600\" \/>\n\t<meta property=\"og:image:type\" content=\"image\/png\" \/>\n<meta name=\"twitter:card\" content=\"summary_large_image\" \/>\n<meta name=\"twitter:label1\" content=\"Dur\u00e9e de lecture estim\u00e9e\" \/>\n\t<meta name=\"twitter:data1\" content=\"1 minute\" \/>\n<script type=\"application\/ld+json\" class=\"yoast-schema-graph\">{\"@context\":\"https:\/\/schema.org\",\"@graph\":[{\"@type\":\"WebPage\",\"@id\":\"https:\/\/gamesfactory.fr\/troyes\/karaoke-box\/\",\"url\":\"https:\/\/gamesfactory.fr\/troyes\/karaoke-box\/\",\"name\":\"Karaok\u00e9 box - Games Factory Troyes\",\"isPartOf\":{\"@id\":\"https:\/\/gamesfactory.fr\/troyes\/#website\"},\"primaryImageOfPage\":{\"@id\":\"https:\/\/gamesfactory.fr\/troyes\/karaoke-box\/#primaryimage\"},\"image\":{\"@id\":\"https:\/\/gamesfactory.fr\/troyes\/karaoke-box\/#primaryimage\"},\"thumbnailUrl\":\"https:\/\/gamesfactory.fr\/troyes\/wp-content\/uploads\/sites\/10\/2023\/04\/karaoke-box-768x576.png\",\"datePublished\":\"2022-08-04T13:44:17+00:00\",\"dateModified\":\"2026-01-09T11:07:56+00:00\",\"breadcrumb\":{\"@id\":\"https:\/\/gamesfactory.fr\/troyes\/karaoke-box\/#breadcrumb\"},\"inLanguage\":\"fr-FR\",\"potentialAction\":[{\"@type\":\"ReadAction\",\"target\":[\"https:\/\/gamesfactory.fr\/troyes\/karaoke-box\/\"]}]},{\"@type\":\"ImageObject\",\"inLanguage\":\"fr-FR\",\"@id\":\"https:\/\/gamesfactory.fr\/troyes\/karaoke-box\/#primaryimage\",\"url\":\"https:\/\/gamesfactory.fr\/troyes\/wp-content\/uploads\/sites\/10\/2023\/04\/karaoke-box.png\",\"contentUrl\":\"https:\/\/gamesfactory.fr\/troyes\/wp-content\/uploads\/sites\/10\/2023\/04\/karaoke-box.png\",\"width\":800,\"height\":600},{\"@type\":\"BreadcrumbList\",\"@id\":\"https:\/\/gamesfactory.fr\/troyes\/karaoke-box\/#breadcrumb\",\"itemListElement\":[{\"@type\":\"ListItem\",\"position\":1,\"name\":\"Accueil\",\"item\":\"https:\/\/gamesfactory.fr\/troyes\/\"},{\"@type\":\"ListItem\",\"position\":2,\"name\":\"Karaok\u00e9 box\"}]},{\"@type\":\"WebSite\",\"@id\":\"https:\/\/gamesfactory.fr\/troyes\/#website\",\"url\":\"https:\/\/gamesfactory.fr\/troyes\/\",\"name\":\"Games Factory Troyes\",\"description\":\"Votre complexe de loisirs \u00e0 Qu\u00e9tigny\",\"potentialAction\":[{\"@type\":\"SearchAction\",\"target\":{\"@type\":\"EntryPoint\",\"urlTemplate\":\"https:\/\/gamesfactory.fr\/troyes\/?s={search_term_string}\"},\"query-input\":{\"@type\":\"PropertyValueSpecification\",\"valueRequired\":true,\"valueName\":\"search_term_string\"}}],\"inLanguage\":\"fr-FR\"}]}<\/script>\n<!-- \/ Yoast SEO plugin. -->","yoast_head_json":{"title":"Karaok\u00e9 box - Games Factory Troyes","robots":{"index":"index","follow":"follow","max-snippet":"max-snippet:-1","max-image-preview":"max-image-preview:large","max-video-preview":"max-video-preview:-1"},"canonical":"https:\/\/gamesfactory.fr\/troyes\/karaoke-box\/","og_locale":"fr_FR","og_type":"article","og_title":"Karaok\u00e9 box - Games Factory Troyes","og_description":"Pr\u00eat pour Une immersion musicale ? R\u00e9servation nos tarifs Que les auditions commencent ! D\u00e9couvrez nos deux salles priv\u00e9es de karaok\u00e9, disponibles \u00e0 la location d\u00e8s 4 personnes ! \u00a0 Une premi\u00e8re salle intime, parfaite pour un groupe jusqu\u2019\u00e0 4 personnes. Une seconde salle plus spacieuse, pouvant accueillir jusqu\u2019\u00e0 12 participants pour des soir\u00e9es inoubliables [&hellip;]","og_url":"https:\/\/gamesfactory.fr\/troyes\/karaoke-box\/","og_site_name":"Games Factory Troyes","article_modified_time":"2026-01-09T11:07:56+00:00","og_image":[{"width":800,"height":600,"url":"https:\/\/gamesfactory.fr\/troyes\/wp-content\/uploads\/sites\/10\/2023\/04\/karaoke-box.png","type":"image\/png"}],"twitter_card":"summary_large_image","twitter_misc":{"Dur\u00e9e de lecture estim\u00e9e":"1 minute"},"schema":{"@context":"https:\/\/schema.org","@graph":[{"@type":"WebPage","@id":"https:\/\/gamesfactory.fr\/troyes\/karaoke-box\/","url":"https:\/\/gamesfactory.fr\/troyes\/karaoke-box\/","name":"Karaok\u00e9 box - Games Factory Troyes","isPartOf":{"@id":"https:\/\/gamesfactory.fr\/troyes\/#website"},"primaryImageOfPage":{"@id":"https:\/\/gamesfactory.fr\/troyes\/karaoke-box\/#primaryimage"},"image":{"@id":"https:\/\/gamesfactory.fr\/troyes\/karaoke-box\/#primaryimage"},"thumbnailUrl":"https:\/\/gamesfactory.fr\/troyes\/wp-content\/uploads\/sites\/10\/2023\/04\/karaoke-box-768x576.png","datePublished":"2022-08-04T13:44:17+00:00","dateModified":"2026-01-09T11:07:56+00:00","breadcrumb":{"@id":"https:\/\/gamesfactory.fr\/troyes\/karaoke-box\/#breadcrumb"},"inLanguage":"fr-FR","potentialAction":[{"@type":"ReadAction","target":["https:\/\/gamesfactory.fr\/troyes\/karaoke-box\/"]}]},{"@type":"ImageObject","inLanguage":"fr-FR","@id":"https:\/\/gamesfactory.fr\/troyes\/karaoke-box\/#primaryimage","url":"https:\/\/gamesfactory.fr\/troyes\/wp-content\/uploads\/sites\/10\/2023\/04\/karaoke-box.png","contentUrl":"https:\/\/gamesfactory.fr\/troyes\/wp-content\/uploads\/sites\/10\/2023\/04\/karaoke-box.png","width":800,"height":600},{"@type":"BreadcrumbList","@id":"https:\/\/gamesfactory.fr\/troyes\/karaoke-box\/#breadcrumb","itemListElement":[{"@type":"ListItem","position":1,"name":"Accueil","item":"https:\/\/gamesfactory.fr\/troyes\/"},{"@type":"ListItem","position":2,"name":"Karaok\u00e9 box"}]},{"@type":"WebSite","@id":"https:\/\/gamesfactory.fr\/troyes\/#website","url":"https:\/\/gamesfactory.fr\/troyes\/","name":"Games Factory Troyes","description":"Votre complexe de loisirs \u00e0 Qu\u00e9tigny","potentialAction":[{"@type":"SearchAction","target":{"@type":"EntryPoint","urlTemplate":"https:\/\/gamesfactory.fr\/troyes\/?s={search_term_string}"},"query-input":{"@type":"PropertyValueSpecification","valueRequired":true,"valueName":"search_term_string"}}],"inLanguage":"fr-FR"}]}},"_links":{"self":[{"href":"https:\/\/gamesfactory.fr\/troyes\/wp-json\/wp\/v2\/pages\/1350","targetHints":{"allow":["GET"]}}],"collection":[{"href":"https:\/\/gamesfactory.fr\/troyes\/wp-json\/wp\/v2\/pages"}],"about":[{"href":"https:\/\/gamesfactory.fr\/troyes\/wp-json\/wp\/v2\/types\/page"}],"author":[{"embeddable":true,"href":"https:\/\/gamesfactory.fr\/troyes\/wp-json\/wp\/v2\/users\/2"}],"replies":[{"embeddable":true,"href":"https:\/\/gamesfactory.fr\/troyes\/wp-json\/wp\/v2\/comments?post=1350"}],"version-history":[{"count":91,"href":"https:\/\/gamesfactory.fr\/troyes\/wp-json\/wp\/v2\/pages\/1350\/revisions"}],"predecessor-version":[{"id":3788,"href":"https:\/\/gamesfactory.fr\/troyes\/wp-json\/wp\/v2\/pages\/1350\/revisions\/3788"}],"wp:attachment":[{"href":"https:\/\/gamesfactory.fr\/troyes\/wp-json\/wp\/v2\/media?parent=1350"}],"curies":[{"name":"wp","href":"https:\/\/api.w.org\/{rel}","templated":true}]}}