{"id":1354,"date":"2022-08-04T15:46:32","date_gmt":"2022-08-04T13:46:32","guid":{"rendered":"https:\/\/gamesfactory.fr\/troyes\/?page_id=1354"},"modified":"2026-01-09T12:08:25","modified_gmt":"2026-01-09T11:08:25","slug":"billiards-babyfoot","status":"publish","type":"page","link":"https:\/\/gamesfactory.fr\/troyes\/billiards-babyfoot\/","title":{"rendered":"Billiards \/ Baby foot"},"content":{"rendered":"\t\t<div data-elementor-type=\"wp-page\" data-elementor-id=\"1354\" class=\"elementor elementor-1354\">\n\t\t\t\t\t\t<section class=\"elementor-section elementor-top-section elementor-element elementor-element-757acc7 elementor-section-boxed elementor-section-height-default elementor-section-height-default\" data-id=\"757acc7\" data-element_type=\"section\">\n\t\t\t\t\t\t<div class=\"elementor-container elementor-column-gap-default\">\n\t\t\t\t\t<div class=\"elementor-column elementor-col-100 elementor-top-column elementor-element elementor-element-3f8fe57\" data-id=\"3f8fe57\" data-element_type=\"column\">\n\t\t\t<div class=\"elementor-widget-wrap elementor-element-populated\">\n\t\t\t\t\t\t<div class=\"elementor-element elementor-element-4e669a0 elementor-widget elementor-widget-spacer\" data-id=\"4e669a0\" data-element_type=\"widget\" data-widget_type=\"spacer.default\">\n\t\t\t\t<div class=\"elementor-widget-container\">\n\t\t\t\t\t\t\t<div class=\"elementor-spacer\">\n\t\t\t<div class=\"elementor-spacer-inner\"><\/div>\n\t\t<\/div>\n\t\t\t\t\t\t<\/div>\n\t\t\t\t<\/div>\n\t\t\t\t\t<\/div>\n\t\t<\/div>\n\t\t\t\t\t<\/div>\n\t\t<\/section>\n\t\t\t\t<section class=\"elementor-section elementor-top-section elementor-element elementor-element-a3e8224 elementor-section-full_width elementor-section-height-default elementor-section-height-default\" data-id=\"a3e8224\" data-element_type=\"section\">\n\t\t\t\t\t\t<div class=\"elementor-container elementor-column-gap-default\">\n\t\t\t\t\t<div class=\"elementor-column elementor-col-50 elementor-top-column elementor-element elementor-element-0f6991f\" data-id=\"0f6991f\" data-element_type=\"column\">\n\t\t\t<div class=\"elementor-widget-wrap elementor-element-populated\">\n\t\t\t\t\t\t<div class=\"elementor-element elementor-element-f252046 elementor-widget elementor-widget-ucaddon_block_text_titre\" data-id=\"f252046\" data-element_type=\"widget\" data-widget_type=\"ucaddon_block_text_titre.default\">\n\t\t\t\t<div class=\"elementor-widget-container\">\n\t\t\t\t\t\n<!-- start Block text -->\n\t\t<link id='uc_ac_assets_file_block_text_css_925-css' href='https:\/\/gamesfactory.fr\/troyes\/wp-content\/uploads\/sites\/10\/ac_assets\/custom\/block-text.css' type='text\/css' rel='stylesheet' >\n\n\n<div class=\"block-text-titre\">\n  <h2 class=\"titre\">Venez d\u00e9fier vos amis<\/h2>\n  <h3 class=\"sous-titre\">AU BILLARD AM\u00c9RICAIN!<\/h3>\n  <p class=\"description\"><p>5 billards am\u00e9ricains sont \u00e0 votre disposition pour profiter d\u2019un moment convivial entre amis.<\/p><\/p>\n<\/div>\n<!-- end Block text -->\t\t\t\t<\/div>\n\t\t\t\t<\/div>\n\t\t\t\t<div class=\"elementor-element elementor-element-693b120 elementor-widget elementor-widget-ucaddon_block_image\" data-id=\"693b120\" data-element_type=\"widget\" data-widget_type=\"ucaddon_block_image.default\">\n\t\t\t\t<div class=\"elementor-widget-container\">\n\t\t\t\t\t\n<!-- start Block image -->\n\t\t<link id='uc_ac_assets_file_block_image_css_912-css' href='https:\/\/gamesfactory.fr\/troyes\/wp-content\/uploads\/sites\/10\/ac_assets\/custom\/block-image.css' type='text\/css' rel='stylesheet' >\n\n\n<div class=\"block-image\">\n  <div class=\"bg\" style=\"background-image: url('https:\/\/gamesfactory.fr\/troyes\/wp-content\/uploads\/sites\/10\/2020\/10\/billard.png'); \"><\/div>\n<\/div>\n<!-- end Block image -->\t\t\t\t<\/div>\n\t\t\t\t<\/div>\n\t\t\t\t<div class=\"elementor-element elementor-element-d15c24c elementor-widget elementor-widget-ucaddon_block_text_titre\" data-id=\"d15c24c\" data-element_type=\"widget\" data-widget_type=\"ucaddon_block_text_titre.default\">\n\t\t\t\t<div class=\"elementor-widget-container\">\n\t\t\t\t\t\n<!-- start Block text -->\n\n\n<div class=\"block-text-titre\">\n  <h2 class=\"titre\">Venez d\u00e9fier vos amis<\/h2>\n  <h3 class=\"sous-titre\">AU BABY FOOT !<\/h3>\n  <p class=\"description\"><p>2 baby foot sont \u00e0 votre disposition pour profiter d\u2019un moment convivial entre amis.<\/p><\/p>\n<\/div>\n<!-- end Block text -->\t\t\t\t<\/div>\n\t\t\t\t<\/div>\n\t\t\t\t<div class=\"elementor-element elementor-element-9e1eb57 elementor-align-justify gf-btn elementor-widget elementor-widget-button\" data-id=\"9e1eb57\" data-element_type=\"widget\" data-widget_type=\"button.default\">\n\t\t\t\t<div class=\"elementor-widget-container\">\n\t\t\t\t\t\t\t\t\t<div class=\"elementor-button-wrapper\">\n\t\t\t\t\t<a class=\"elementor-button elementor-button-link elementor-size-md\" href=\"https:\/\/gamesfactory.fr\/troyes\/tarifs\/\">\n\t\t\t\t\t\t<span class=\"elementor-button-content-wrapper\">\n\t\t\t\t\t\t\t\t\t<span class=\"elementor-button-text\">nos tarifs<\/span>\n\t\t\t\t\t<\/span>\n\t\t\t\t\t<\/a>\n\t\t\t\t<\/div>\n\t\t\t\t\t\t\t\t<\/div>\n\t\t\t\t<\/div>\n\t\t\t\t<div class=\"elementor-element elementor-element-b698f50 elementor-button-info elementor-align-justify elementor-widget elementor-widget-button\" data-id=\"b698f50\" data-element_type=\"widget\" data-widget_type=\"button.default\">\n\t\t\t\t<div class=\"elementor-widget-container\">\n\t\t\t\t\t\t\t\t\t<div class=\"elementor-button-wrapper\">\n\t\t\t\t\t<a class=\"elementor-button elementor-button-link elementor-size-md\" href=\"https:\/\/gamesfactory.fr\/wp-content\/uploads\/2026\/01\/GF-A4-Carte-fidelite-Site-Web-JPG.jpg\">\n\t\t\t\t\t\t<span class=\"elementor-button-content-wrapper\">\n\t\t\t\t\t\t\t\t\t<span class=\"elementor-button-text\">CARTE DE FID\u00c9LIT\u00c9<\/span>\n\t\t\t\t\t<\/span>\n\t\t\t\t\t<\/a>\n\t\t\t\t<\/div>\n\t\t\t\t\t\t\t\t<\/div>\n\t\t\t\t<\/div>\n\t\t\t\t\t<\/div>\n\t\t<\/div>\n\t\t\t\t<div class=\"elementor-column elementor-col-50 elementor-top-column elementor-element elementor-element-e3f9829\" data-id=\"e3f9829\" data-element_type=\"column\">\n\t\t\t<div class=\"elementor-widget-wrap elementor-element-populated\">\n\t\t\t\t\t\t<div class=\"elementor-element elementor-element-48eaf84 elementor-widget elementor-widget-ucaddon_block_image\" data-id=\"48eaf84\" data-element_type=\"widget\" data-widget_type=\"ucaddon_block_image.default\">\n\t\t\t\t<div class=\"elementor-widget-container\">\n\t\t\t\t\t\n<!-- start Block image -->\n\n\n<div class=\"block-image\">\n  <div class=\"bg\" style=\"background-image: url('https:\/\/gamesfactory.fr\/troyes\/wp-content\/uploads\/sites\/10\/2023\/04\/hall.png'); \"><\/div>\n<\/div>\n<!-- end Block image -->\t\t\t\t<\/div>\n\t\t\t\t<\/div>\n\t\t\t\t<div class=\"elementor-element elementor-element-d394e70 elementor-widget elementor-widget-spacer\" data-id=\"d394e70\" data-element_type=\"widget\" data-widget_type=\"spacer.default\">\n\t\t\t\t<div class=\"elementor-widget-container\">\n\t\t\t\t\t\t\t<div class=\"elementor-spacer\">\n\t\t\t<div class=\"elementor-spacer-inner\"><\/div>\n\t\t<\/div>\n\t\t\t\t\t\t<\/div>\n\t\t\t\t<\/div>\n\t\t\t\t<div class=\"elementor-element elementor-element-96a2f25 elementor-widget elementor-widget-ucaddon_block_rouge_titre\" data-id=\"96a2f25\" data-element_type=\"widget\" data-widget_type=\"ucaddon_block_rouge_titre.default\">\n\t\t\t\t<div class=\"elementor-widget-container\">\n\t\t\t\t\t\n<!-- start Block titre -->\n\t\t<link id='uc_ac_assets_file_block_titre_css_1681-css' href='https:\/\/gamesfactory.fr\/troyes\/wp-content\/uploads\/sites\/10\/ac_assets\/custom\/block-titre.css' type='text\/css' rel='stylesheet' >\n\n\n<div class=\"block-titre\">\n\n  <div class=\"content\">\n    <h2 class=\"titre\">D\u00e9couvrez le baby foot<\/h2>\n    <h3 class=\"sous-titre\">Derni\u00e8re g\u00e9n\u00e9ration<\/h3>\n    \n        \n          <div class=\"bg\" style=\"background-image: url('https:\/\/gamesfactory.fr\/troyes\/wp-content\/uploads\/sites\/10\/2023\/04\/baby-foot.png'); \"><\/div>\n        \n  <\/div>\t\n\n<\/div>\n<!-- end Block titre -->\t\t\t\t<\/div>\n\t\t\t\t<\/div>\n\t\t\t\t\t<\/div>\n\t\t<\/div>\n\t\t\t\t\t<\/div>\n\t\t<\/section>\n\t\t\t\t<section class=\"elementor-section elementor-top-section elementor-element elementor-element-9e226ff elementor-section-boxed elementor-section-height-default elementor-section-height-default\" data-id=\"9e226ff\" data-element_type=\"section\">\n\t\t\t\t\t\t<div class=\"elementor-container elementor-column-gap-default\">\n\t\t\t\t\t<div class=\"elementor-column elementor-col-100 elementor-top-column elementor-element elementor-element-f3354a4\" data-id=\"f3354a4\" data-element_type=\"column\">\n\t\t\t<div class=\"elementor-widget-wrap elementor-element-populated\">\n\t\t\t\t\t\t<div class=\"elementor-element elementor-element-73a5a83 elementor-widget elementor-widget-spacer\" data-id=\"73a5a83\" data-element_type=\"widget\" data-widget_type=\"spacer.default\">\n\t\t\t\t<div class=\"elementor-widget-container\">\n\t\t\t\t\t\t\t<div class=\"elementor-spacer\">\n\t\t\t<div class=\"elementor-spacer-inner\"><\/div>\n\t\t<\/div>\n\t\t\t\t\t\t<\/div>\n\t\t\t\t<\/div>\n\t\t\t\t\t<\/div>\n\t\t<\/div>\n\t\t\t\t\t<\/div>\n\t\t<\/section>\n\t\t\t\t<\/div>\n\t\t","protected":false},"excerpt":{"rendered":"<p>Venez d\u00e9fier vos amis AU BILLARD AM\u00c9RICAIN! 5 billards am\u00e9ricains sont \u00e0 votre disposition pour profiter d\u2019un moment convivial entre amis. Venez d\u00e9fier vos amis AU BABY FOOT ! 2 baby foot sont \u00e0 votre disposition pour profiter d\u2019un moment convivial entre amis. nos tarifs CARTE DE FID\u00c9LIT\u00c9 D\u00e9couvrez le baby foot Derni\u00e8re g\u00e9n\u00e9ration<\/p>\n","protected":false},"author":2,"featured_media":0,"parent":0,"menu_order":0,"comment_status":"closed","ping_status":"closed","template":"","meta":{"inline_featured_image":false,"site-sidebar-layout":"no-sidebar","site-content-layout":"page-builder","ast-site-content-layout":"","site-content-style":"default","site-sidebar-style":"default","ast-global-header-display":"","ast-banner-title-visibility":"","ast-main-header-display":"","ast-hfb-above-header-display":"","ast-hfb-below-header-display":"","ast-hfb-mobile-header-display":"","site-post-title":"disabled","ast-breadcrumbs-content":"","ast-featured-img":"disabled","footer-sml-layout":"","theme-transparent-header-meta":"","adv-header-id-meta":"","stick-header-meta":"","header-above-stick-meta":"","header-main-stick-meta":"","header-below-stick-meta":"","astra-migrate-meta-layouts":"default","ast-page-background-enabled":"default","ast-page-background-meta":{"desktop":{"background-color":"","background-image":"","background-repeat":"repeat","background-position":"center center","background-size":"auto","background-attachment":"scroll","background-type":"","background-media":"","overlay-type":"","overlay-color":"","overlay-opacity":"","overlay-gradient":""},"tablet":{"background-color":"","background-image":"","background-repeat":"repeat","background-position":"center center","background-size":"auto","background-attachment":"scroll","background-type":"","background-media":"","overlay-type":"","overlay-color":"","overlay-opacity":"","overlay-gradient":""},"mobile":{"background-color":"","background-image":"","background-repeat":"repeat","background-position":"center center","background-size":"auto","background-attachment":"scroll","background-type":"","background-media":"","overlay-type":"","overlay-color":"","overlay-opacity":"","overlay-gradient":""}},"ast-content-background-meta":{"desktop":{"background-color":"var(--ast-global-color-5)","background-image":"","background-repeat":"repeat","background-position":"center center","background-size":"auto","background-attachment":"scroll","background-type":"","background-media":"","overlay-type":"","overlay-color":"","overlay-opacity":"","overlay-gradient":""},"tablet":{"background-color":"var(--ast-global-color-5)","background-image":"","background-repeat":"repeat","background-position":"center center","background-size":"auto","background-attachment":"scroll","background-type":"","background-media":"","overlay-type":"","overlay-color":"","overlay-opacity":"","overlay-gradient":""},"mobile":{"background-color":"var(--ast-global-color-5)","background-image":"","background-repeat":"repeat","background-position":"center center","background-size":"auto","background-attachment":"scroll","background-type":"","background-media":"","overlay-type":"","overlay-color":"","overlay-opacity":"","overlay-gradient":""}},"footnotes":""},"class_list":["post-1354","page","type-page","status-publish","hentry"],"yoast_head":"<!-- This site is optimized with the Yoast SEO plugin v24.6 - https:\/\/yoast.com\/wordpress\/plugins\/seo\/ -->\n<title>Billiards \/ Baby foot - Games Factory Troyes<\/title>\n<meta name=\"robots\" content=\"index, follow, max-snippet:-1, max-image-preview:large, max-video-preview:-1\" \/>\n<link rel=\"canonical\" href=\"https:\/\/gamesfactory.fr\/troyes\/billiards-babyfoot\/\" \/>\n<meta property=\"og:locale\" content=\"fr_FR\" \/>\n<meta property=\"og:type\" content=\"article\" \/>\n<meta property=\"og:title\" content=\"Billiards \/ Baby foot - Games Factory Troyes\" \/>\n<meta property=\"og:description\" content=\"Venez d\u00e9fier vos amis AU BILLARD AM\u00c9RICAIN! 5 billards am\u00e9ricains sont \u00e0 votre disposition pour profiter d\u2019un moment convivial entre amis. Venez d\u00e9fier vos amis AU BABY FOOT ! 2 baby foot sont \u00e0 votre disposition pour profiter d\u2019un moment convivial entre amis. nos tarifs CARTE DE FID\u00c9LIT\u00c9 D\u00e9couvrez le baby foot Derni\u00e8re g\u00e9n\u00e9ration\" \/>\n<meta property=\"og:url\" content=\"https:\/\/gamesfactory.fr\/troyes\/billiards-babyfoot\/\" \/>\n<meta property=\"og:site_name\" content=\"Games Factory Troyes\" \/>\n<meta property=\"article:modified_time\" content=\"2026-01-09T11:08:25+00:00\" \/>\n<meta name=\"twitter:card\" content=\"summary_large_image\" \/>\n<meta name=\"twitter:label1\" content=\"Dur\u00e9e de lecture estim\u00e9e\" \/>\n\t<meta name=\"twitter:data1\" content=\"1 minute\" \/>\n<script type=\"application\/ld+json\" class=\"yoast-schema-graph\">{\"@context\":\"https:\/\/schema.org\",\"@graph\":[{\"@type\":\"WebPage\",\"@id\":\"https:\/\/gamesfactory.fr\/troyes\/billiards-babyfoot\/\",\"url\":\"https:\/\/gamesfactory.fr\/troyes\/billiards-babyfoot\/\",\"name\":\"Billiards \/ Baby foot - Games Factory Troyes\",\"isPartOf\":{\"@id\":\"https:\/\/gamesfactory.fr\/troyes\/#website\"},\"datePublished\":\"2022-08-04T13:46:32+00:00\",\"dateModified\":\"2026-01-09T11:08:25+00:00\",\"breadcrumb\":{\"@id\":\"https:\/\/gamesfactory.fr\/troyes\/billiards-babyfoot\/#breadcrumb\"},\"inLanguage\":\"fr-FR\",\"potentialAction\":[{\"@type\":\"ReadAction\",\"target\":[\"https:\/\/gamesfactory.fr\/troyes\/billiards-babyfoot\/\"]}]},{\"@type\":\"BreadcrumbList\",\"@id\":\"https:\/\/gamesfactory.fr\/troyes\/billiards-babyfoot\/#breadcrumb\",\"itemListElement\":[{\"@type\":\"ListItem\",\"position\":1,\"name\":\"Accueil\",\"item\":\"https:\/\/gamesfactory.fr\/troyes\/\"},{\"@type\":\"ListItem\",\"position\":2,\"name\":\"Billiards \/ Baby foot\"}]},{\"@type\":\"WebSite\",\"@id\":\"https:\/\/gamesfactory.fr\/troyes\/#website\",\"url\":\"https:\/\/gamesfactory.fr\/troyes\/\",\"name\":\"Games Factory Troyes\",\"description\":\"Votre complexe de loisirs \u00e0 Qu\u00e9tigny\",\"potentialAction\":[{\"@type\":\"SearchAction\",\"target\":{\"@type\":\"EntryPoint\",\"urlTemplate\":\"https:\/\/gamesfactory.fr\/troyes\/?s={search_term_string}\"},\"query-input\":{\"@type\":\"PropertyValueSpecification\",\"valueRequired\":true,\"valueName\":\"search_term_string\"}}],\"inLanguage\":\"fr-FR\"}]}<\/script>\n<!-- \/ Yoast SEO plugin. -->","yoast_head_json":{"title":"Billiards \/ Baby foot - Games Factory Troyes","robots":{"index":"index","follow":"follow","max-snippet":"max-snippet:-1","max-image-preview":"max-image-preview:large","max-video-preview":"max-video-preview:-1"},"canonical":"https:\/\/gamesfactory.fr\/troyes\/billiards-babyfoot\/","og_locale":"fr_FR","og_type":"article","og_title":"Billiards \/ Baby foot - Games Factory Troyes","og_description":"Venez d\u00e9fier vos amis AU BILLARD AM\u00c9RICAIN! 5 billards am\u00e9ricains sont \u00e0 votre disposition pour profiter d\u2019un moment convivial entre amis. Venez d\u00e9fier vos amis AU BABY FOOT ! 2 baby foot sont \u00e0 votre disposition pour profiter d\u2019un moment convivial entre amis. nos tarifs CARTE DE FID\u00c9LIT\u00c9 D\u00e9couvrez le baby foot Derni\u00e8re g\u00e9n\u00e9ration","og_url":"https:\/\/gamesfactory.fr\/troyes\/billiards-babyfoot\/","og_site_name":"Games Factory Troyes","article_modified_time":"2026-01-09T11:08:25+00:00","twitter_card":"summary_large_image","twitter_misc":{"Dur\u00e9e de lecture estim\u00e9e":"1 minute"},"schema":{"@context":"https:\/\/schema.org","@graph":[{"@type":"WebPage","@id":"https:\/\/gamesfactory.fr\/troyes\/billiards-babyfoot\/","url":"https:\/\/gamesfactory.fr\/troyes\/billiards-babyfoot\/","name":"Billiards \/ Baby foot - Games Factory Troyes","isPartOf":{"@id":"https:\/\/gamesfactory.fr\/troyes\/#website"},"datePublished":"2022-08-04T13:46:32+00:00","dateModified":"2026-01-09T11:08:25+00:00","breadcrumb":{"@id":"https:\/\/gamesfactory.fr\/troyes\/billiards-babyfoot\/#breadcrumb"},"inLanguage":"fr-FR","potentialAction":[{"@type":"ReadAction","target":["https:\/\/gamesfactory.fr\/troyes\/billiards-babyfoot\/"]}]},{"@type":"BreadcrumbList","@id":"https:\/\/gamesfactory.fr\/troyes\/billiards-babyfoot\/#breadcrumb","itemListElement":[{"@type":"ListItem","position":1,"name":"Accueil","item":"https:\/\/gamesfactory.fr\/troyes\/"},{"@type":"ListItem","position":2,"name":"Billiards \/ Baby foot"}]},{"@type":"WebSite","@id":"https:\/\/gamesfactory.fr\/troyes\/#website","url":"https:\/\/gamesfactory.fr\/troyes\/","name":"Games Factory Troyes","description":"Votre complexe de loisirs \u00e0 Qu\u00e9tigny","potentialAction":[{"@type":"SearchAction","target":{"@type":"EntryPoint","urlTemplate":"https:\/\/gamesfactory.fr\/troyes\/?s={search_term_string}"},"query-input":{"@type":"PropertyValueSpecification","valueRequired":true,"valueName":"search_term_string"}}],"inLanguage":"fr-FR"}]}},"_links":{"self":[{"href":"https:\/\/gamesfactory.fr\/troyes\/wp-json\/wp\/v2\/pages\/1354","targetHints":{"allow":["GET"]}}],"collection":[{"href":"https:\/\/gamesfactory.fr\/troyes\/wp-json\/wp\/v2\/pages"}],"about":[{"href":"https:\/\/gamesfactory.fr\/troyes\/wp-json\/wp\/v2\/types\/page"}],"author":[{"embeddable":true,"href":"https:\/\/gamesfactory.fr\/troyes\/wp-json\/wp\/v2\/users\/2"}],"replies":[{"embeddable":true,"href":"https:\/\/gamesfactory.fr\/troyes\/wp-json\/wp\/v2\/comments?post=1354"}],"version-history":[{"count":34,"href":"https:\/\/gamesfactory.fr\/troyes\/wp-json\/wp\/v2\/pages\/1354\/revisions"}],"predecessor-version":[{"id":3794,"href":"https:\/\/gamesfactory.fr\/troyes\/wp-json\/wp\/v2\/pages\/1354\/revisions\/3794"}],"wp:attachment":[{"href":"https:\/\/gamesfactory.fr\/troyes\/wp-json\/wp\/v2\/media?parent=1354"}],"curies":[{"name":"wp","href":"https:\/\/api.w.org\/{rel}","templated":true}]}}