{"id":84,"date":"2020-09-03T15:24:11","date_gmt":"2020-09-03T13:24:11","guid":{"rendered":"https:\/\/gamesfactory.fr\/troyes\/?page_id=84"},"modified":"2026-01-09T12:07:05","modified_gmt":"2026-01-09T11:07:05","slug":"laser-games","status":"publish","type":"page","link":"https:\/\/gamesfactory.fr\/troyes\/laser-games\/","title":{"rendered":"Laser games"},"content":{"rendered":"\t\t<div data-elementor-type=\"wp-page\" data-elementor-id=\"84\" class=\"elementor elementor-84\">\n\t\t\t\t\t\t<section class=\"elementor-section elementor-top-section elementor-element elementor-element-80e271b elementor-section-full_width elementor-section-height-default elementor-section-height-default\" data-id=\"80e271b\" data-element_type=\"section\">\n\t\t\t\t\t\t<div class=\"elementor-container elementor-column-gap-default\">\n\t\t\t\t\t<div class=\"elementor-column elementor-col-100 elementor-top-column elementor-element elementor-element-1223c464\" data-id=\"1223c464\" data-element_type=\"column\">\n\t\t\t<div class=\"elementor-widget-wrap elementor-element-populated\">\n\t\t\t\t\t\t<section class=\"elementor-section elementor-inner-section elementor-element elementor-element-23622de8 elementor-section-full_width elementor-reverse-mobile elementor-section-height-default elementor-section-height-default\" data-id=\"23622de8\" data-element_type=\"section\">\n\t\t\t\t\t\t<div class=\"elementor-container elementor-column-gap-default\">\n\t\t\t\t\t<div class=\"elementor-column elementor-col-50 elementor-inner-column elementor-element elementor-element-12671665\" data-id=\"12671665\" data-element_type=\"column\">\n\t\t\t<div class=\"elementor-widget-wrap elementor-element-populated\">\n\t\t\t\t\t\t<div class=\"elementor-element elementor-element-7792e6ae elementor-widget elementor-widget-ucaddon_block_rouge_titre\" data-id=\"7792e6ae\" data-element_type=\"widget\" data-widget_type=\"ucaddon_block_rouge_titre.default\">\n\t\t\t\t<div class=\"elementor-widget-container\">\n\t\t\t\t\t\n<!-- start Block titre -->\n\t\t<link id='uc_ac_assets_file_block_titre_css_1681-css' href='https:\/\/gamesfactory.fr\/troyes\/wp-content\/uploads\/sites\/10\/ac_assets\/custom\/block-titre.css' type='text\/css' rel='stylesheet' >\n\n\n<div class=\"block-titre\">\n\n  <div class=\"content\">\n    <h2 class=\"titre\"><br> Pour la m\u00eame personne, hors vacances scolaires, jours et veilles de jours f\u00e9ri\u00e9s<\/h2>\n    <h3 class=\"sous-titre\">Les mercredis et dimanches de 14h \u00e0 19h <br>     \n2 PARTIES ACHET\u00c9ES<br> = <br>1 PARTIE OFFERTE<\/h3>\n    \n          <a href=\"#\" class=\"lien\"><\/a>\n        \n        \n  <\/div>\t\n\n<\/div>\n<!-- end Block titre -->\t\t\t\t<\/div>\n\t\t\t\t<\/div>\n\t\t\t\t<div class=\"elementor-element elementor-element-396a9e03 elementor-widget elementor-widget-ucaddon_block_image\" data-id=\"396a9e03\" data-element_type=\"widget\" data-widget_type=\"ucaddon_block_image.default\">\n\t\t\t\t<div class=\"elementor-widget-container\">\n\t\t\t\t\t\n<!-- start Block image -->\n\t\t<link id='uc_ac_assets_file_block_image_css_912-css' href='https:\/\/gamesfactory.fr\/troyes\/wp-content\/uploads\/sites\/10\/ac_assets\/custom\/block-image.css' type='text\/css' rel='stylesheet' >\n\n\n<div class=\"block-image\">\n  <div class=\"bg\" style=\"background-image: url('https:\/\/gamesfactory.fr\/troyes\/wp-content\/uploads\/sites\/10\/2023\/04\/bus-laser.png'); \"><\/div>\n<\/div>\n<!-- end Block image -->\t\t\t\t<\/div>\n\t\t\t\t<\/div>\n\t\t\t\t\t<\/div>\n\t\t<\/div>\n\t\t\t\t<div class=\"elementor-column elementor-col-50 elementor-inner-column elementor-element elementor-element-32477ae7\" data-id=\"32477ae7\" data-element_type=\"column\">\n\t\t\t<div class=\"elementor-widget-wrap elementor-element-populated\">\n\t\t\t\t\t\t<div class=\"elementor-element elementor-element-167b59d5 elementor-widget elementor-widget-ucaddon_block_rouge_titre\" data-id=\"167b59d5\" data-element_type=\"widget\" data-widget_type=\"ucaddon_block_rouge_titre.default\">\n\t\t\t\t<div class=\"elementor-widget-container\">\n\t\t\t\t\t\n<!-- start Block titre -->\n\n\n<div class=\"block-titre\">\n\n  <div class=\"content\">\n    <h2 class=\"titre\">Venez d\u00e9fier vos amis dans le<\/h2>\n    <h3 class=\"sous-titre\">plus grand laser games de Troyes sur plus de 700m2<\/h3>\n    \n        \n          <div class=\"bg\" style=\"background-image: url('https:\/\/gamesfactory.fr\/troyes\/wp-content\/uploads\/sites\/10\/2023\/04\/salle-laser.png'); \"><\/div>\n        \n  <\/div>\t\n\n<\/div>\n<!-- end Block titre -->\t\t\t\t<\/div>\n\t\t\t\t<\/div>\n\t\t\t\t<div class=\"elementor-element elementor-element-2c7c2a36 elementor-widget elementor-widget-ucaddon_block_text_titre\" data-id=\"2c7c2a36\" data-element_type=\"widget\" data-widget_type=\"ucaddon_block_text_titre.default\">\n\t\t\t\t<div class=\"elementor-widget-container\">\n\t\t\t\t\t\n<!-- start Block text -->\n\t\t<link id='uc_ac_assets_file_block_text_css_925-css' href='https:\/\/gamesfactory.fr\/troyes\/wp-content\/uploads\/sites\/10\/ac_assets\/custom\/block-text.css' type='text\/css' rel='stylesheet' >\n\n\n<div class=\"block-text-titre\">\n  <h2 class=\"titre\">Venant tout droit des USA!<\/h2>\n  <h3 class=\"sous-titre\">UN PEU D\u2019HISTOIRE<\/h3>\n  <p class=\"description\"><p>Le Laser-Tag nous vient des Etats-Unis. L\u2019histoire nous dit que l\u2019inventeur de ce concept, Georges Carter, aurait eu l\u2019id\u00e9e de ces batailles laser en allant voir StarWars en 1977. Carter ouvre la premi\u00e8re salle de laser-tag en 1984 au Texas et la baptise Photon. Le succ\u00e8s devient alors fulgurant aux Etats-Unis. Cette technologie de tir est grandement inspir\u00e9e par le militaire : en 1980 l\u2019arm\u00e9e am\u00e9ricaine d\u00e9veloppe un programme d\u2019entra\u00eenement militaire qui utilise un tir infrarouge coupl\u00e9 \u00e0 une vis\u00e9e laser. Le score de chaque joueur est enregistr\u00e9 lorsqu\u2019il atteint une cible sur son adversaire.<\/p><\/p>\n<\/div>\n<!-- end Block text -->\t\t\t\t<\/div>\n\t\t\t\t<\/div>\n\t\t\t\t<section class=\"elementor-section elementor-inner-section elementor-element elementor-element-3d3de94 elementor-section-boxed elementor-section-height-default elementor-section-height-default\" data-id=\"3d3de94\" data-element_type=\"section\">\n\t\t\t\t\t\t<div class=\"elementor-container elementor-column-gap-default\">\n\t\t\t\t\t<div class=\"elementor-column elementor-col-50 elementor-inner-column elementor-element elementor-element-98fcd64\" data-id=\"98fcd64\" data-element_type=\"column\">\n\t\t\t<div class=\"elementor-widget-wrap elementor-element-populated\">\n\t\t\t\t\t\t<div class=\"elementor-element elementor-element-add5161 elementor-align-justify elementor-widget elementor-widget-button\" data-id=\"add5161\" data-element_type=\"widget\" data-widget_type=\"button.default\">\n\t\t\t\t<div class=\"elementor-widget-container\">\n\t\t\t\t\t\t\t\t\t<div class=\"elementor-button-wrapper\">\n\t\t\t\t\t<a class=\"elementor-button elementor-button-link elementor-size-md\" href=\"https:\/\/gamesfactory.fr\/troyes\/reservations\/\">\n\t\t\t\t\t\t<span class=\"elementor-button-content-wrapper\">\n\t\t\t\t\t\t\t\t\t<span class=\"elementor-button-text\">R\u00e9servation<\/span>\n\t\t\t\t\t<\/span>\n\t\t\t\t\t<\/a>\n\t\t\t\t<\/div>\n\t\t\t\t\t\t\t\t<\/div>\n\t\t\t\t<\/div>\n\t\t\t\t\t<\/div>\n\t\t<\/div>\n\t\t\t\t<div class=\"elementor-column elementor-col-50 elementor-inner-column elementor-element elementor-element-91e8174\" data-id=\"91e8174\" data-element_type=\"column\">\n\t\t\t<div class=\"elementor-widget-wrap elementor-element-populated\">\n\t\t\t\t\t\t<div class=\"elementor-element elementor-element-af97b32 elementor-align-justify elementor-widget elementor-widget-button\" data-id=\"af97b32\" data-element_type=\"widget\" data-widget_type=\"button.default\">\n\t\t\t\t<div class=\"elementor-widget-container\">\n\t\t\t\t\t\t\t\t\t<div class=\"elementor-button-wrapper\">\n\t\t\t\t\t<a class=\"elementor-button elementor-button-link elementor-size-md\" href=\"https:\/\/gamesfactory.fr\/troyes\/tarifs\/\">\n\t\t\t\t\t\t<span class=\"elementor-button-content-wrapper\">\n\t\t\t\t\t\t\t\t\t<span class=\"elementor-button-text\">nos tarifs<\/span>\n\t\t\t\t\t<\/span>\n\t\t\t\t\t<\/a>\n\t\t\t\t<\/div>\n\t\t\t\t\t\t\t\t<\/div>\n\t\t\t\t<\/div>\n\t\t\t\t\t<\/div>\n\t\t<\/div>\n\t\t\t\t\t<\/div>\n\t\t<\/section>\n\t\t\t\t\t<\/div>\n\t\t<\/div>\n\t\t\t\t\t<\/div>\n\t\t<\/section>\n\t\t\t\t\t<\/div>\n\t\t<\/div>\n\t\t\t\t\t<\/div>\n\t\t<\/section>\n\t\t\t\t<section class=\"elementor-section elementor-top-section elementor-element elementor-element-25974477 elementor-section-full_width elementor-section-content-middle elementor-section-height-default elementor-section-height-default\" data-id=\"25974477\" data-element_type=\"section\">\n\t\t\t\t\t\t<div class=\"elementor-container elementor-column-gap-default\">\n\t\t\t\t\t<div class=\"elementor-column elementor-col-50 elementor-top-column elementor-element elementor-element-7bfa62\" data-id=\"7bfa62\" data-element_type=\"column\">\n\t\t\t<div class=\"elementor-widget-wrap elementor-element-populated\">\n\t\t\t\t\t\t<div class=\"elementor-element elementor-element-64298301 elementor-widget elementor-widget-ucaddon_block_text_titre\" data-id=\"64298301\" data-element_type=\"widget\" data-widget_type=\"ucaddon_block_text_titre.default\">\n\t\t\t\t<div class=\"elementor-widget-container\">\n\t\t\t\t\t\n<!-- start Block text -->\n\n\n<div class=\"block-text-titre\">\n  <h2 class=\"titre\">Venez d\u00e9fier vos amis, coll\u00e8gues de boulot, famille\u2026<\/h2>\n  <h3 class=\"sous-titre\">AU LASER GAMEs!<\/h3>\n  <p class=\"description\"><p>Qui n\u2019a jamais connu cette situation qui consiste \u00e0 faire un choix de sortie avec pour terrible imp\u00e9ratif de satisfaire tout le monde le temps d\u2019une journ\u00e9e ou de quelques heures en soir\u00e9e ? Pourtant depuis une dizaine d\u2019ann\u00e9es en Europe, la mode est au Laser games.<\/p><\/p>\n<\/div>\n<!-- end Block text -->\t\t\t\t<\/div>\n\t\t\t\t<\/div>\n\t\t\t\t<div class=\"elementor-element elementor-element-96f3a7e elementor-button-info elementor-align-justify elementor-widget elementor-widget-button\" data-id=\"96f3a7e\" data-element_type=\"widget\" data-widget_type=\"button.default\">\n\t\t\t\t<div class=\"elementor-widget-container\">\n\t\t\t\t\t\t\t\t\t<div class=\"elementor-button-wrapper\">\n\t\t\t\t\t<a class=\"elementor-button elementor-button-link elementor-size-md\" href=\"https:\/\/gamesfactory.fr\/wp-content\/uploads\/2026\/01\/GF-A4-Carte-fidelite-Site-Web-JPG.jpg\">\n\t\t\t\t\t\t<span class=\"elementor-button-content-wrapper\">\n\t\t\t\t\t\t\t\t\t<span class=\"elementor-button-text\">CARTE DE FID\u00c9LIT\u00c9<\/span>\n\t\t\t\t\t<\/span>\n\t\t\t\t\t<\/a>\n\t\t\t\t<\/div>\n\t\t\t\t\t\t\t\t<\/div>\n\t\t\t\t<\/div>\n\t\t\t\t<div class=\"elementor-element elementor-element-0e9e53d elementor-widget elementor-widget-spacer\" data-id=\"0e9e53d\" data-element_type=\"widget\" data-widget_type=\"spacer.default\">\n\t\t\t\t<div class=\"elementor-widget-container\">\n\t\t\t\t\t\t\t<div class=\"elementor-spacer\">\n\t\t\t<div class=\"elementor-spacer-inner\"><\/div>\n\t\t<\/div>\n\t\t\t\t\t\t<\/div>\n\t\t\t\t<\/div>\n\t\t\t\t\t<\/div>\n\t\t<\/div>\n\t\t\t\t<div class=\"elementor-column elementor-col-50 elementor-top-column elementor-element elementor-element-7d65d3f2\" data-id=\"7d65d3f2\" data-element_type=\"column\">\n\t\t\t<div class=\"elementor-widget-wrap elementor-element-populated\">\n\t\t\t\t\t\t<div class=\"elementor-element elementor-element-47cb7e9 elementor-widget elementor-widget-ucaddon_block_rouge_titre\" data-id=\"47cb7e9\" data-element_type=\"widget\" data-widget_type=\"ucaddon_block_rouge_titre.default\">\n\t\t\t\t<div class=\"elementor-widget-container\">\n\t\t\t\t\t\n<!-- start Block titre -->\n\n\n<div class=\"block-titre\">\n\n  <div class=\"content\">\n    <h2 class=\"titre\">Parties illimit\u00e9es tous les mercredis et vendredis de 20h \u00e0 minuit, valable toute l'ann\u00e9e<\/h2>\n    <h3 class=\"sous-titre\">LASER \u00c0 GOGO : 17\u20ac \/PERS<\/h3>\n    \n        \n        \n  <\/div>\t\n\n<\/div>\n<!-- end Block titre -->\t\t\t\t<\/div>\n\t\t\t\t<\/div>\n\t\t\t\t\t<\/div>\n\t\t<\/div>\n\t\t\t\t\t<\/div>\n\t\t<\/section>\n\t\t\t\t<section class=\"elementor-section elementor-top-section elementor-element elementor-element-4c36e5a3 elementor-section-full_width elementor-section-height-default elementor-section-height-default\" data-id=\"4c36e5a3\" data-element_type=\"section\">\n\t\t\t\t\t\t<div class=\"elementor-container elementor-column-gap-default\">\n\t\t\t\t\t<div class=\"elementor-column elementor-col-50 elementor-top-column elementor-element elementor-element-73f0e6d5\" data-id=\"73f0e6d5\" data-element_type=\"column\">\n\t\t\t<div class=\"elementor-widget-wrap elementor-element-populated\">\n\t\t\t\t\t\t<div class=\"elementor-element elementor-element-7435ee1c elementor-widget elementor-widget-ucaddon_block_rouge_titre\" data-id=\"7435ee1c\" data-element_type=\"widget\" data-widget_type=\"ucaddon_block_rouge_titre.default\">\n\t\t\t\t<div class=\"elementor-widget-container\">\n\t\t\t\t\t\n<!-- start Block titre -->\n\n\n<div class=\"block-titre\">\n\n  <div class=\"content\">\n    <h2 class=\"titre\">Venez f\u00eater l'anniversaire de votre enfant <\/h2>\n    <h3 class=\"sous-titre\">AU Games factory<\/h3>\n    \n          <a href=\"https:\/\/gamesfactory.fr\/troyes\/anniversaire\/\" class=\"lien\"><\/a>\n        \n          <div class=\"bg\" style=\"background-image: url('https:\/\/gamesfactory.fr\/troyes\/wp-content\/uploads\/sites\/10\/2023\/04\/anni-enfant.png'); \"><\/div>\n        \n  <\/div>\t\n\n<\/div>\n<!-- end Block titre -->\t\t\t\t<\/div>\n\t\t\t\t<\/div>\n\t\t\t\t\t<\/div>\n\t\t<\/div>\n\t\t\t\t<div class=\"elementor-column elementor-col-50 elementor-top-column elementor-element elementor-element-76add0cf\" data-id=\"76add0cf\" data-element_type=\"column\">\n\t\t\t<div class=\"elementor-widget-wrap elementor-element-populated\">\n\t\t\t\t\t\t<div class=\"elementor-element elementor-element-64f24027 elementor-widget elementor-widget-ucaddon_block_rouge_titre\" data-id=\"64f24027\" data-element_type=\"widget\" data-widget_type=\"ucaddon_block_rouge_titre.default\">\n\t\t\t\t<div class=\"elementor-widget-container\">\n\t\t\t\t\t\n<!-- start Block titre -->\n\n\n<div class=\"block-titre\">\n\n  <div class=\"content\">\n    <h2 class=\"titre\">Offrez un bon cadeau \u00e0 vos proches<\/h2>\n    <h3 class=\"sous-titre\">Vente en ligne<\/h3>\n    \n          <a href=\"\/boutique-en-ligne\" class=\"lien\"><\/a>\n        \n          <div class=\"bg\" style=\"background-image: url('https:\/\/gamesfactory.fr\/troyes\/wp-content\/uploads\/sites\/10\/2020\/11\/Image1-1.png'); \"><\/div>\n        \n  <\/div>\t\n\n<\/div>\n<!-- end Block titre -->\t\t\t\t<\/div>\n\t\t\t\t<\/div>\n\t\t\t\t\t<\/div>\n\t\t<\/div>\n\t\t\t\t\t<\/div>\n\t\t<\/section>\n\t\t\t\t<section class=\"elementor-section elementor-top-section elementor-element elementor-element-7009e98 elementor-section-boxed elementor-section-height-default elementor-section-height-default\" data-id=\"7009e98\" data-element_type=\"section\">\n\t\t\t\t\t\t<div class=\"elementor-container elementor-column-gap-default\">\n\t\t\t\t\t<div class=\"elementor-column elementor-col-100 elementor-top-column elementor-element elementor-element-1e12d2f\" data-id=\"1e12d2f\" data-element_type=\"column\">\n\t\t\t<div class=\"elementor-widget-wrap elementor-element-populated\">\n\t\t\t\t\t\t<div class=\"elementor-element elementor-element-6c4bd6c elementor-widget elementor-widget-spacer\" data-id=\"6c4bd6c\" data-element_type=\"widget\" data-widget_type=\"spacer.default\">\n\t\t\t\t<div class=\"elementor-widget-container\">\n\t\t\t\t\t\t\t<div class=\"elementor-spacer\">\n\t\t\t<div class=\"elementor-spacer-inner\"><\/div>\n\t\t<\/div>\n\t\t\t\t\t\t<\/div>\n\t\t\t\t<\/div>\n\t\t\t\t\t<\/div>\n\t\t<\/div>\n\t\t\t\t\t<\/div>\n\t\t<\/section>\n\t\t\t\t<\/div>\n\t\t","protected":false},"excerpt":{"rendered":"<p>Pour la m\u00eame personne, hors vacances scolaires, jours et veilles de jours f\u00e9ri\u00e9s Les mercredis et dimanches de 14h \u00e0 19h 2 PARTIES ACHET\u00c9ES = 1 PARTIE OFFERTE Venez d\u00e9fier vos amis dans le plus grand laser games de Troyes sur plus de 700m2 Venant tout droit des USA! UN PEU D\u2019HISTOIRE Le Laser-Tag nous [&hellip;]<\/p>\n","protected":false},"author":1,"featured_media":0,"parent":0,"menu_order":0,"comment_status":"closed","ping_status":"closed","template":"","meta":{"inline_featured_image":false,"site-sidebar-layout":"no-sidebar","site-content-layout":"page-builder","ast-site-content-layout":"","site-content-style":"default","site-sidebar-style":"default","ast-global-header-display":"","ast-banner-title-visibility":"","ast-main-header-display":"","ast-hfb-above-header-display":"","ast-hfb-below-header-display":"","ast-hfb-mobile-header-display":"","site-post-title":"disabled","ast-breadcrumbs-content":"","ast-featured-img":"disabled","footer-sml-layout":"","theme-transparent-header-meta":"default","adv-header-id-meta":"","stick-header-meta":"","header-above-stick-meta":"","header-main-stick-meta":"","header-below-stick-meta":"","astra-migrate-meta-layouts":"default","ast-page-background-enabled":"default","ast-page-background-meta":{"desktop":{"background-color":"","background-image":"","background-repeat":"repeat","background-position":"center center","background-size":"auto","background-attachment":"scroll","background-type":"","background-media":"","overlay-type":"","overlay-color":"","overlay-opacity":"","overlay-gradient":""},"tablet":{"background-color":"","background-image":"","background-repeat":"repeat","background-position":"center center","background-size":"auto","background-attachment":"scroll","background-type":"","background-media":"","overlay-type":"","overlay-color":"","overlay-opacity":"","overlay-gradient":""},"mobile":{"background-color":"","background-image":"","background-repeat":"repeat","background-position":"center center","background-size":"auto","background-attachment":"scroll","background-type":"","background-media":"","overlay-type":"","overlay-color":"","overlay-opacity":"","overlay-gradient":""}},"ast-content-background-meta":{"desktop":{"background-color":"var(--ast-global-color-5)","background-image":"","background-repeat":"repeat","background-position":"center center","background-size":"auto","background-attachment":"scroll","background-type":"","background-media":"","overlay-type":"","overlay-color":"","overlay-opacity":"","overlay-gradient":""},"tablet":{"background-color":"var(--ast-global-color-5)","background-image":"","background-repeat":"repeat","background-position":"center center","background-size":"auto","background-attachment":"scroll","background-type":"","background-media":"","overlay-type":"","overlay-color":"","overlay-opacity":"","overlay-gradient":""},"mobile":{"background-color":"var(--ast-global-color-5)","background-image":"","background-repeat":"repeat","background-position":"center center","background-size":"auto","background-attachment":"scroll","background-type":"","background-media":"","overlay-type":"","overlay-color":"","overlay-opacity":"","overlay-gradient":""}},"footnotes":""},"class_list":["post-84","page","type-page","status-publish","hentry"],"yoast_head":"<!-- This site is optimized with the Yoast SEO plugin v24.6 - https:\/\/yoast.com\/wordpress\/plugins\/seo\/ -->\n<title>Laser games - Games Factory Troyes<\/title>\n<meta name=\"robots\" content=\"index, follow, max-snippet:-1, max-image-preview:large, max-video-preview:-1\" \/>\n<link rel=\"canonical\" href=\"https:\/\/gamesfactory.fr\/troyes\/laser-games\/\" \/>\n<meta property=\"og:locale\" content=\"fr_FR\" \/>\n<meta property=\"og:type\" content=\"article\" \/>\n<meta property=\"og:title\" content=\"Laser games - Games Factory Troyes\" \/>\n<meta property=\"og:description\" content=\"Pour la m\u00eame personne, hors vacances scolaires, jours et veilles de jours f\u00e9ri\u00e9s Les mercredis et dimanches de 14h \u00e0 19h 2 PARTIES ACHET\u00c9ES = 1 PARTIE OFFERTE Venez d\u00e9fier vos amis dans le plus grand laser games de Troyes sur plus de 700m2 Venant tout droit des USA! UN PEU D\u2019HISTOIRE Le Laser-Tag nous [&hellip;]\" \/>\n<meta property=\"og:url\" content=\"https:\/\/gamesfactory.fr\/troyes\/laser-games\/\" \/>\n<meta property=\"og:site_name\" content=\"Games Factory Troyes\" \/>\n<meta property=\"article:modified_time\" content=\"2026-01-09T11:07:05+00:00\" \/>\n<meta name=\"twitter:card\" content=\"summary_large_image\" \/>\n<meta name=\"twitter:label1\" content=\"Dur\u00e9e de lecture estim\u00e9e\" \/>\n\t<meta name=\"twitter:data1\" content=\"2 minutes\" \/>\n<script type=\"application\/ld+json\" class=\"yoast-schema-graph\">{\"@context\":\"https:\/\/schema.org\",\"@graph\":[{\"@type\":\"WebPage\",\"@id\":\"https:\/\/gamesfactory.fr\/troyes\/laser-games\/\",\"url\":\"https:\/\/gamesfactory.fr\/troyes\/laser-games\/\",\"name\":\"Laser games - Games Factory Troyes\",\"isPartOf\":{\"@id\":\"https:\/\/gamesfactory.fr\/troyes\/#website\"},\"datePublished\":\"2020-09-03T13:24:11+00:00\",\"dateModified\":\"2026-01-09T11:07:05+00:00\",\"breadcrumb\":{\"@id\":\"https:\/\/gamesfactory.fr\/troyes\/laser-games\/#breadcrumb\"},\"inLanguage\":\"fr-FR\",\"potentialAction\":[{\"@type\":\"ReadAction\",\"target\":[\"https:\/\/gamesfactory.fr\/troyes\/laser-games\/\"]}]},{\"@type\":\"BreadcrumbList\",\"@id\":\"https:\/\/gamesfactory.fr\/troyes\/laser-games\/#breadcrumb\",\"itemListElement\":[{\"@type\":\"ListItem\",\"position\":1,\"name\":\"Accueil\",\"item\":\"https:\/\/gamesfactory.fr\/troyes\/\"},{\"@type\":\"ListItem\",\"position\":2,\"name\":\"Laser games\"}]},{\"@type\":\"WebSite\",\"@id\":\"https:\/\/gamesfactory.fr\/troyes\/#website\",\"url\":\"https:\/\/gamesfactory.fr\/troyes\/\",\"name\":\"Games Factory Troyes\",\"description\":\"Votre complexe de loisirs \u00e0 Qu\u00e9tigny\",\"potentialAction\":[{\"@type\":\"SearchAction\",\"target\":{\"@type\":\"EntryPoint\",\"urlTemplate\":\"https:\/\/gamesfactory.fr\/troyes\/?s={search_term_string}\"},\"query-input\":{\"@type\":\"PropertyValueSpecification\",\"valueRequired\":true,\"valueName\":\"search_term_string\"}}],\"inLanguage\":\"fr-FR\"}]}<\/script>\n<!-- \/ Yoast SEO plugin. -->","yoast_head_json":{"title":"Laser games - Games Factory Troyes","robots":{"index":"index","follow":"follow","max-snippet":"max-snippet:-1","max-image-preview":"max-image-preview:large","max-video-preview":"max-video-preview:-1"},"canonical":"https:\/\/gamesfactory.fr\/troyes\/laser-games\/","og_locale":"fr_FR","og_type":"article","og_title":"Laser games - Games Factory Troyes","og_description":"Pour la m\u00eame personne, hors vacances scolaires, jours et veilles de jours f\u00e9ri\u00e9s Les mercredis et dimanches de 14h \u00e0 19h 2 PARTIES ACHET\u00c9ES = 1 PARTIE OFFERTE Venez d\u00e9fier vos amis dans le plus grand laser games de Troyes sur plus de 700m2 Venant tout droit des USA! UN PEU D\u2019HISTOIRE Le Laser-Tag nous [&hellip;]","og_url":"https:\/\/gamesfactory.fr\/troyes\/laser-games\/","og_site_name":"Games Factory Troyes","article_modified_time":"2026-01-09T11:07:05+00:00","twitter_card":"summary_large_image","twitter_misc":{"Dur\u00e9e de lecture estim\u00e9e":"2 minutes"},"schema":{"@context":"https:\/\/schema.org","@graph":[{"@type":"WebPage","@id":"https:\/\/gamesfactory.fr\/troyes\/laser-games\/","url":"https:\/\/gamesfactory.fr\/troyes\/laser-games\/","name":"Laser games - Games Factory Troyes","isPartOf":{"@id":"https:\/\/gamesfactory.fr\/troyes\/#website"},"datePublished":"2020-09-03T13:24:11+00:00","dateModified":"2026-01-09T11:07:05+00:00","breadcrumb":{"@id":"https:\/\/gamesfactory.fr\/troyes\/laser-games\/#breadcrumb"},"inLanguage":"fr-FR","potentialAction":[{"@type":"ReadAction","target":["https:\/\/gamesfactory.fr\/troyes\/laser-games\/"]}]},{"@type":"BreadcrumbList","@id":"https:\/\/gamesfactory.fr\/troyes\/laser-games\/#breadcrumb","itemListElement":[{"@type":"ListItem","position":1,"name":"Accueil","item":"https:\/\/gamesfactory.fr\/troyes\/"},{"@type":"ListItem","position":2,"name":"Laser games"}]},{"@type":"WebSite","@id":"https:\/\/gamesfactory.fr\/troyes\/#website","url":"https:\/\/gamesfactory.fr\/troyes\/","name":"Games Factory Troyes","description":"Votre complexe de loisirs \u00e0 Qu\u00e9tigny","potentialAction":[{"@type":"SearchAction","target":{"@type":"EntryPoint","urlTemplate":"https:\/\/gamesfactory.fr\/troyes\/?s={search_term_string}"},"query-input":{"@type":"PropertyValueSpecification","valueRequired":true,"valueName":"search_term_string"}}],"inLanguage":"fr-FR"}]}},"_links":{"self":[{"href":"https:\/\/gamesfactory.fr\/troyes\/wp-json\/wp\/v2\/pages\/84","targetHints":{"allow":["GET"]}}],"collection":[{"href":"https:\/\/gamesfactory.fr\/troyes\/wp-json\/wp\/v2\/pages"}],"about":[{"href":"https:\/\/gamesfactory.fr\/troyes\/wp-json\/wp\/v2\/types\/page"}],"author":[{"embeddable":true,"href":"https:\/\/gamesfactory.fr\/troyes\/wp-json\/wp\/v2\/users\/1"}],"replies":[{"embeddable":true,"href":"https:\/\/gamesfactory.fr\/troyes\/wp-json\/wp\/v2\/comments?post=84"}],"version-history":[{"count":123,"href":"https:\/\/gamesfactory.fr\/troyes\/wp-json\/wp\/v2\/pages\/84\/revisions"}],"predecessor-version":[{"id":3779,"href":"https:\/\/gamesfactory.fr\/troyes\/wp-json\/wp\/v2\/pages\/84\/revisions\/3779"}],"wp:attachment":[{"href":"https:\/\/gamesfactory.fr\/troyes\/wp-json\/wp\/v2\/media?parent=84"}],"curies":[{"name":"wp","href":"https:\/\/api.w.org\/{rel}","templated":true}]}}